{"id":280828,"date":"2024-01-04T12:30:15","date_gmt":"2024-01-04T10:30:15","guid":{"rendered":"https:\/\/www.huntersfriend.eu\/product\/swarovski-nl-pure-10x42\/"},"modified":"2025-06-23T10:18:37","modified_gmt":"2025-06-23T08:18:37","slug":"swarovski-nl-pure-10x42","status":"publish","type":"product","link":"https:\/\/www.huntersfriend.eu\/de\/produkt\/swarovski-nl-pure-10x42\/","title":{"rendered":"Swarovski NL pure 10&#215;42"},"content":{"rendered":"<p><strong>Swarovski NL pure 10&#215;42<\/strong><\/p>\n<p>Erleben Sie mehr in jeder Situation. Dank seiner perfekten Handhabung und des scheinbar endlosen Sichtfelds wird das NL Pure 10&#215;42 noch vielseitiger einsetzbar. <\/p>\n<div class=\"swo-css-1xx1tln\">\n<div class=\"swo-css-6kz1wu\">\n<div class=\"swo-css-1l1yy35\"><strong><span class=\"swo-css-1loh2bb\">VERGR\u00d6SSERUNG<\/span><\/strong><\/div>\n<div class=\"swo-css-1yqjybo\">\n<p class=\"first-rt-node last-rt-node swo-css-1i9vogi\">Die Vergr\u00f6\u00dferung gibt an, um welchen Faktor ein Objekt im Vergleich zur tats\u00e4chlichen Entfernung n\u00e4her erscheint. Je h\u00f6her die Vergr\u00f6\u00dferung, desto n\u00e4her scheint das Objekt zu sein. Eine h\u00f6here Vergr\u00f6\u00dferung bedeutet jedoch auch ein kleineres Sehfeld. \u00dcberpr\u00fcfen Sie die genaue Produktbezeichnung, da die Zahl vor dem \u201ex\u201c die Vergr\u00f6\u00dferung angibt. Beispielsweise handelt es sich bei 10\u00d742 um ein Ger\u00e4t mit 10-facher Vergr\u00f6\u00dferung.    <\/p>\n<\/div>\n<\/div>\n<\/div>\n<div class=\"swo-css-1xx1tln\">\n<div class=\"swo-css-6kz1wu\">\n<div class=\"swo-css-1l1yy35\"><strong><span class=\"swo-css-1loh2bb\">SEHFELD<\/span><\/strong><\/div>\n<div class=\"swo-css-1yqjybo\">\n<p class=\"first-rt-node last-rt-node swo-css-1i9vogi\">Das Sehfeld beschreibt die Gr\u00f6\u00dfe des Bildausschnitts, der durch die Optik betrachtet werden kann. Dies wird entweder in Metern (Breite) bei einer Entfernung von 1000 Metern (m\/1000m), in Fu\u00df (Breite) bei einer Entfernung von 1000 Yards (ft\/1000 yds) oder als Winkel (Grad) angegeben. Je h\u00f6her die Vergr\u00f6\u00dferung, desto kleiner das Sehfeld.<br \/>\nFerngl\u00e4ser haben ein gro\u00dfes Sehfeld, was bedeutet, dass Sie einen weiten Bereich \u00fcberblicken k\u00f6nnen. Spektive haben eine h\u00f6here Vergr\u00f6\u00dferung, was das Sehfeld deutlich verkleinert, aber mehr Details sichtbar macht.   <\/p>\n<\/div>\n<\/div>\n<\/div>\n<div class=\"swo-css-1xx1tln\">\n<div class=\"swo-css-6kz1wu\">\n<div class=\"swo-css-1l1yy35\"><strong><span class=\"swo-css-1loh2bb\">DURCHMESSER DES OBJEKTIVS<\/span><\/strong><\/div>\n<div class=\"swo-css-1yqjybo\">\n<p class=\"first-rt-node last-rt-node swo-css-1i9vogi\">Der Durchmesser des Objektivs bestimmt, wie viel Licht in die Optik eindringen kann. Dies macht ihn zu einem entscheidenden Faktor f\u00fcr die Leistungsf\u00e4higkeit eines Instruments, beispielsweise in der D\u00e4mmerung. Je gr\u00f6\u00dfer der Objektivdurchmesser, desto mehr Licht kann das Objektiv einfangen. Je dunkler die Umgebung, desto gr\u00f6\u00dfer muss der Objektivdurchmesser sein. \u00dcberpr\u00fcfen Sie die genaue Produktbezeichnung, da die Zahl nach dem \u201ex\u201c den Objektivdurchmesser in Millimetern angibt. Ein Ger\u00e4t mit der Bezeichnung 10\u00d742 hat beispielsweise ein Objektiv mit einem Durchmesser von 42 mm.     <\/p>\n<\/div>\n<\/div>\n<\/div>\n<div class=\"swo-css-1xx1tln\">\n<div class=\"swo-css-6kz1wu\">\n<div class=\"swo-css-1l1yy35\"><strong><span class=\"swo-css-1loh2bb\">K\u00dcRZESTE FOKUSSIERENTFERNUNG<\/span><\/strong><\/div>\n<div class=\"swo-css-1yqjybo\">\n<p class=\"first-rt-node last-rt-node swo-css-1i9vogi\">Die k\u00fcrzeste Fokussierentfernung gibt an, wie nahe sich ein Objekt befinden muss, um es mit der Optik scharf sehen zu k\u00f6nnen. Zwischen diesem Wert und Unendlich ist es m\u00f6glich, das Bild zu fokussieren. <\/p>\n<p><strong><span class=\"swo-css-1im26ic\">LIEFERUMFANG:<\/span><\/strong><\/p>\n<ul>\n<li class=\"swo-css-hrolav\">FSB Funktionsseitentasche<\/li>\n<li class=\"swo-css-hrolav\">UCS Universal-Komfortriemen<\/li>\n<li class=\"swo-css-hrolav\">Okularabdeckung<\/li>\n<li class=\"swo-css-hrolav\">Objektivlinsenabdeckung<\/li>\n<li class=\"swo-css-hrolav\">Seife &amp; B\u00fcrste<\/li>\n<\/ul>\n<p><strong>TECHNISCHE SPEZIFIKATIONEN:<\/strong><\/p>\n<p><strong>OBJEKTIV:<\/strong><\/p>\n<div class=\"swo-css-wvbtny\">\n<div class=\"swo-css-1r6uwks\">\n<ul>\n<li class=\"swo-css-1fttcpj\"><span class=\"swo-css-okagfm\">10-fache <\/span>Vergr\u00f6\u00dferung<\/li>\n<li class=\"swo-css-1fttcpj\">42 mm Effektiver Objektivdurchmesser<\/li>\n<li class=\"swo-css-1fttcpj\">4,2 mm Austrittspupillendurchmesser<\/li>\n<li class=\"swo-css-1fttcpj\">18 mm Austrittspupillen-L\u00e4ngsabstand<\/li>\n<li class=\"swo-css-1fttcpj\">133 m\/1000m Sehfeld m auf 1000m \/ ft auf 1.000yds<\/li>\n<li class=\"swo-css-1fttcpj\">7,6 \u00b0 Sehfeld in Grad<\/li>\n<li class=\"swo-css-1fttcpj\">7,6 \u00b0 Sehfeld mit Brille (\u00b0)<\/li>\n<li class=\"swo-css-1fttcpj\">70 \u00b0 Scheinbares Sehfeld<\/li>\n<li class=\"swo-css-1fttcpj\">2 m K\u00fcrzeste Fokussierentfernung<\/li>\n<li class=\"swo-css-1fttcpj\">\u00b1 4 dpt Dioptrienausgleich<\/li>\n<li class=\"swo-css-1fttcpj\">5 dpt Dioptrienkorrektur bei \u221e<\/li>\n<li class=\"swo-css-1fttcpj\">91 % Lichtdurchl\u00e4ssigkeit<\/li>\n<li class=\"swo-css-1fttcpj\">56-74 mm Pupillendistanz<\/li>\n<li class=\"swo-css-1fttcpj\">20,5 D\u00e4mmerungszahl nach ISO 14132-1 <\/li>\n<\/ul>\n<p><strong>GR\u00d6SSE UND GEWICHT:<\/strong><\/p>\n<div class=\"swo-css-wvbtny\">\n<div class=\"swo-css-1r6uwks\">\n<ul>\n<li class=\"swo-css-1fttcpj\"><span class=\"swo-css-okagfm\">158 mm <\/span>L\u00e4nge in mm.<\/li>\n<li class=\"swo-css-1fttcpj\">131 mm Breite in mm.<\/li>\n<li class=\"swo-css-1fttcpj\">71 mm H\u00f6he in mm.<\/li>\n<li class=\"swo-css-1fttcpj\">850 g Gewicht<\/li>\n<\/ul>\n<div class=\"selected swo-css-1cs9xox\"><strong><span class=\"swo-css-11ogcw2\">UMGEBUNG  BEDINGUNGEN:<\/span><\/strong><\/div>\n<div class=\"is-selected swo-css-3uk7ts\">\n<div class=\"swo-css-1fn4ol2\">\n<div class=\"swo-css-wvbtny\">\n<div class=\"swo-css-1r6uwks\">\n<ul>\n<li class=\"swo-css-1fttcpj\"><span class=\"swo-css-okagfm\">-25 bis +55 \u00b0C <\/span>Funktionstemperatur<\/li>\n<li class=\"swo-css-1fttcpj\">-30 bis +70 \u00b0C Lagertemperatur<\/li>\n<li class=\"swo-css-1fttcpj\">13 ft \/ 4 m Wassertiefe (Inertgasf\u00fcllung) Wasserdichtigkeit<\/li>\n<\/ul>\n<\/div>\n<\/div>\n<\/div>\n<\/div>\n<\/div>\n<\/div>\n<\/div>\n<\/div>\n<\/div>\n<\/div>\n<\/div>\n","protected":false},"excerpt":{"rendered":"<p>Swarovski NL pure 10&#215;42 Erleben Sie mehr in jeder Situation. Dank seiner perfekten Handhabung und des scheinbar endlosen Sichtfelds wird das NL Pure 10&#215;42 noch vielseitiger einsetzbar. VERGR\u00d6SSERUNG Die Vergr\u00f6\u00dferung gibt an, um welchen Faktor ein Objekt im Vergleich zur tats\u00e4chlichen Entfernung n\u00e4her erscheint. Je h\u00f6her die Vergr\u00f6\u00dferung, desto n\u00e4her scheint das Objekt zu sein. [&#8230;]\n","protected":false},"featured_media":260269,"comment_status":"open","ping_status":"closed","template":"","meta":[],"product_brand":[],"product_cat":[1145],"product_tag":[],"class_list":{"0":"post-280828","1":"product","2":"type-product","3":"status-publish","4":"has-post-thumbnail","6":"product_cat-sonstiges","8":"first","9":"outofstock","10":"taxable","11":"shipping-taxable","12":"purchasable","13":"product-type-simple"},"composite_virtual":false,"composite_layout":"","composite_add_to_cart_form_location":"","composite_editable_in_cart":false,"composite_sold_individually_context":"","composite_shop_price_calc":"","composite_components":[],"composite_scenarios":[],"group_of_quantity":0,"min_quantity":0,"max_quantity":"","exclude_order_quantity_value_rules":"no","exclude_category_quantity_rules":"no","combine_variations":"no","exclude_global_add_ons":[],"addons":[],"_links":{"self":[{"href":"https:\/\/www.huntersfriend.eu\/de\/wp-json\/wp\/v2\/product\/280828","targetHints":{"allow":["GET"]}}],"collection":[{"href":"https:\/\/www.huntersfriend.eu\/de\/wp-json\/wp\/v2\/product"}],"about":[{"href":"https:\/\/www.huntersfriend.eu\/de\/wp-json\/wp\/v2\/types\/product"}],"replies":[{"embeddable":true,"href":"https:\/\/www.huntersfriend.eu\/de\/wp-json\/wp\/v2\/comments?post=280828"}],"wp:featuredmedia":[{"embeddable":true,"href":"https:\/\/www.huntersfriend.eu\/de\/wp-json\/wp\/v2\/media\/260269"}],"wp:attachment":[{"href":"https:\/\/www.huntersfriend.eu\/de\/wp-json\/wp\/v2\/media?parent=280828"}],"wp:term":[{"taxonomy":"product_brand","embeddable":true,"href":"https:\/\/www.huntersfriend.eu\/de\/wp-json\/wp\/v2\/product_brand?post=280828"},{"taxonomy":"product_cat","embeddable":true,"href":"https:\/\/www.huntersfriend.eu\/de\/wp-json\/wp\/v2\/product_cat?post=280828"},{"taxonomy":"product_tag","embeddable":true,"href":"https:\/\/www.huntersfriend.eu\/de\/wp-json\/wp\/v2\/product_tag?post=280828"}],"curies":[{"name":"wp","href":"https:\/\/api.w.org\/{rel}","templated":true}]}}