{"id":280825,"date":"2024-01-04T12:29:38","date_gmt":"2025-06-23T08:18:35","guid":{"rendered":"https:\/\/www.huntersfriend.eu\/product\/mjoelner-jagdschalldaempfer-abdeckung\/"},"modified":"2026-02-25T10:35:39","modified_gmt":"2026-02-25T08:35:39","slug":"mjoelner-jagdschalldaempfer-abdeckung","status":"publish","type":"product","link":"https:\/\/www.huntersfriend.eu\/de\/produkt\/mjoelner-jagdschalldaempfer-abdeckung\/","title":{"rendered":"Mjoelner Jagdschalld\u00e4mpfer-Abdeckung"},"content":{"rendered":"<p>Die Schalld\u00e4mpferabdeckung besteht aus 5 mm dehnbarem Neopren mit laminierten N\u00e4hten. Die Abdeckung ist 30 cm lang und kann ohne N\u00e4hen in der L\u00e4nge gek\u00fcrzt werden. Sie passt f\u00fcr Schalld\u00e4mpfer mit einem Durchmesser von 40-55 mm. Zum Aufrollen.   <\/p>\n","protected":false},"excerpt":{"rendered":"<p>Die Schalld\u00e4mpferabdeckung besteht aus 5 mm dehnbarem Neopren mit laminierten N\u00e4hten. Die Abdeckung ist 30 cm lang und kann ohne N\u00e4hen in der L\u00e4nge gek\u00fcrzt werden. Sie passt f\u00fcr Schalld\u00e4mpfer mit einem Durchmesser von 40-55 mm. Zum Aufrollen.<\/p>\n","protected":false},"featured_media":260158,"comment_status":"open","ping_status":"closed","template":"","meta":[],"product_brand":[],"product_cat":[2564],"product_tag":[],"class_list":{"0":"post-280825","1":"product","2":"type-product","3":"status-publish","4":"has-post-thumbnail","6":"product_cat-remmar-tillbehor","8":"first","9":"instock","10":"taxable","11":"shipping-taxable","12":"purchasable","13":"product-type-simple"},"composite_virtual":false,"composite_layout":"","composite_add_to_cart_form_location":"","composite_editable_in_cart":false,"composite_sold_individually_context":"","composite_shop_price_calc":"","composite_components":[],"composite_scenarios":[],"group_of_quantity":0,"min_quantity":0,"max_quantity":"","exclude_order_quantity_value_rules":"no","exclude_category_quantity_rules":"no","combine_variations":"no","exclude_global_add_ons":[],"addons":[],"_links":{"self":[{"href":"https:\/\/www.huntersfriend.eu\/de\/wp-json\/wp\/v2\/product\/280825","targetHints":{"allow":["GET"]}}],"collection":[{"href":"https:\/\/www.huntersfriend.eu\/de\/wp-json\/wp\/v2\/product"}],"about":[{"href":"https:\/\/www.huntersfriend.eu\/de\/wp-json\/wp\/v2\/types\/product"}],"replies":[{"embeddable":true,"href":"https:\/\/www.huntersfriend.eu\/de\/wp-json\/wp\/v2\/comments?post=280825"}],"wp:featuredmedia":[{"embeddable":true,"href":"https:\/\/www.huntersfriend.eu\/de\/wp-json\/wp\/v2\/media\/260158"}],"wp:attachment":[{"href":"https:\/\/www.huntersfriend.eu\/de\/wp-json\/wp\/v2\/media?parent=280825"}],"wp:term":[{"taxonomy":"product_brand","embeddable":true,"href":"https:\/\/www.huntersfriend.eu\/de\/wp-json\/wp\/v2\/product_brand?post=280825"},{"taxonomy":"product_cat","embeddable":true,"href":"https:\/\/www.huntersfriend.eu\/de\/wp-json\/wp\/v2\/product_cat?post=280825"},{"taxonomy":"product_tag","embeddable":true,"href":"https:\/\/www.huntersfriend.eu\/de\/wp-json\/wp\/v2\/product_tag?post=280825"}],"curies":[{"name":"wp","href":"https:\/\/api.w.org\/{rel}","templated":true}]}}