{"id":280823,"date":"2024-01-04T12:29:36","date_gmt":"2025-06-23T08:18:34","guid":{"rendered":"https:\/\/www.huntersfriend.eu\/product\/futterspiralen-fuer-voegel\/"},"modified":"2025-06-23T10:18:34","modified_gmt":"2025-06-23T08:18:34","slug":"futterspiralen-fuer-voegel","status":"publish","type":"product","link":"https:\/\/www.huntersfriend.eu\/de\/produkt\/futterspiralen-fuer-voegel\/","title":{"rendered":"Futterspiralen f\u00fcr V\u00f6gel"},"content":{"rendered":"<p>Futterspiralen z\u00e4hlen zu den am h\u00e4ufigsten verwendeten F\u00fctterungsvorrichtungen f\u00fcr Wildv\u00f6gel. Sie k\u00f6nnen an den meisten Arten von Trommel- oder Fassautomaten montiert werden. <\/p>\n","protected":false},"excerpt":{"rendered":"<p>Futterspiralen z\u00e4hlen zu den am h\u00e4ufigsten verwendeten F\u00fctterungsvorrichtungen f\u00fcr Wildv\u00f6gel. Sie k\u00f6nnen an den meisten Arten von Trommel- oder Fassautomaten montiert werden.<\/p>\n","protected":false},"featured_media":260176,"comment_status":"open","ping_status":"closed","template":"","meta":[],"product_brand":[],"product_cat":[1397],"product_tag":[],"class_list":{"0":"post-280823","1":"product","2":"type-product","3":"status-publish","4":"has-post-thumbnail","6":"product_cat-futterautomaten-zubehor","8":"first","9":"onbackorder","10":"taxable","11":"shipping-taxable","12":"purchasable","13":"product-type-simple"},"composite_virtual":false,"composite_layout":"","composite_add_to_cart_form_location":"","composite_editable_in_cart":false,"composite_sold_individually_context":"","composite_shop_price_calc":"","composite_components":[],"composite_scenarios":[],"group_of_quantity":0,"min_quantity":0,"max_quantity":"","exclude_order_quantity_value_rules":"no","exclude_category_quantity_rules":"no","combine_variations":"no","exclude_global_add_ons":[],"addons":[],"_links":{"self":[{"href":"https:\/\/www.huntersfriend.eu\/de\/wp-json\/wp\/v2\/product\/280823","targetHints":{"allow":["GET"]}}],"collection":[{"href":"https:\/\/www.huntersfriend.eu\/de\/wp-json\/wp\/v2\/product"}],"about":[{"href":"https:\/\/www.huntersfriend.eu\/de\/wp-json\/wp\/v2\/types\/product"}],"replies":[{"embeddable":true,"href":"https:\/\/www.huntersfriend.eu\/de\/wp-json\/wp\/v2\/comments?post=280823"}],"wp:featuredmedia":[{"embeddable":true,"href":"https:\/\/www.huntersfriend.eu\/de\/wp-json\/wp\/v2\/media\/260176"}],"wp:attachment":[{"href":"https:\/\/www.huntersfriend.eu\/de\/wp-json\/wp\/v2\/media?parent=280823"}],"wp:term":[{"taxonomy":"product_brand","embeddable":true,"href":"https:\/\/www.huntersfriend.eu\/de\/wp-json\/wp\/v2\/product_brand?post=280823"},{"taxonomy":"product_cat","embeddable":true,"href":"https:\/\/www.huntersfriend.eu\/de\/wp-json\/wp\/v2\/product_cat?post=280823"},{"taxonomy":"product_tag","embeddable":true,"href":"https:\/\/www.huntersfriend.eu\/de\/wp-json\/wp\/v2\/product_tag?post=280823"}],"curies":[{"name":"wp","href":"https:\/\/api.w.org\/{rel}","templated":true}]}}