{"id":280821,"date":"2024-01-04T12:29:35","date_gmt":"2025-06-23T08:18:33","guid":{"rendered":"https:\/\/www.huntersfriend.eu\/product\/anar-flame-500-ml-thermoskanne\/"},"modified":"2025-08-26T11:41:31","modified_gmt":"2025-08-26T09:41:31","slug":"anar-flame-500-ml-thermoskanne","status":"publish","type":"product","link":"https:\/\/www.huntersfriend.eu\/de\/produkt\/anar-flame-500-ml-thermoskanne\/","title":{"rendered":"Anar flame 500 ml Thermoskanne"},"content":{"rendered":"<p>\u25cf Doppelwandige Vakuumisolierung f\u00fcr hei\u00dfe &amp; kalte Getr\u00e4nke<br \/>\n\u25cf Langlebiges, lebensmittelechtes 18\/8 Edelstahl-Au\u00dfen- und Innengeh\u00e4use<br \/>\n+ BPA-freie Komponenten<br \/>\n\u25cf Leichtes, kompaktes und tragbares Design<br \/>\n\u25cf Schwei\u00dfresistentes Design hinterl\u00e4sst keine Wasserringe<br \/>\n\u25cf Weite \u00d6ffnung f\u00fcr einfaches Bef\u00fcllen und Reinigen<br \/>\n\u25cf Auslaufsicher, ideal f\u00fcr kaltes Wasser und Sportgetr\u00e4nke<\/p>\n","protected":false},"excerpt":{"rendered":"<p>\u25cf Doppelwandige Vakuumisolierung f\u00fcr hei\u00dfe &amp; kalte Getr\u00e4nke \u25cf Langlebiges, lebensmittelechtes 18\/8 Edelstahl-Au\u00dfen- und Innengeh\u00e4use + BPA-freie Komponenten \u25cf Leichtes, kompaktes und tragbares Design \u25cf Schwei\u00dfresistentes Design hinterl\u00e4sst keine Wasserringe \u25cf Weite \u00d6ffnung f\u00fcr einfaches Bef\u00fcllen und Reinigen \u25cf Auslaufsicher, ideal f\u00fcr kaltes Wasser und Sportgetr\u00e4nke<\/p>\n","protected":false},"featured_media":260194,"comment_status":"open","ping_status":"closed","template":"","meta":[],"product_brand":[],"product_cat":[2050],"product_tag":[],"class_list":{"0":"post-280821","1":"product","2":"type-product","3":"status-publish","4":"has-post-thumbnail","6":"product_cat-campingzubehor","8":"first","9":"instock","10":"taxable","11":"shipping-taxable","12":"purchasable","13":"product-type-simple"},"composite_virtual":false,"composite_layout":"","composite_add_to_cart_form_location":"","composite_editable_in_cart":false,"composite_sold_individually_context":"","composite_shop_price_calc":"","composite_components":[],"composite_scenarios":[],"group_of_quantity":0,"min_quantity":0,"max_quantity":"","exclude_order_quantity_value_rules":"no","exclude_category_quantity_rules":"no","combine_variations":"no","exclude_global_add_ons":[],"addons":[],"_links":{"self":[{"href":"https:\/\/www.huntersfriend.eu\/de\/wp-json\/wp\/v2\/product\/280821","targetHints":{"allow":["GET"]}}],"collection":[{"href":"https:\/\/www.huntersfriend.eu\/de\/wp-json\/wp\/v2\/product"}],"about":[{"href":"https:\/\/www.huntersfriend.eu\/de\/wp-json\/wp\/v2\/types\/product"}],"replies":[{"embeddable":true,"href":"https:\/\/www.huntersfriend.eu\/de\/wp-json\/wp\/v2\/comments?post=280821"}],"wp:featuredmedia":[{"embeddable":true,"href":"https:\/\/www.huntersfriend.eu\/de\/wp-json\/wp\/v2\/media\/260194"}],"wp:attachment":[{"href":"https:\/\/www.huntersfriend.eu\/de\/wp-json\/wp\/v2\/media?parent=280821"}],"wp:term":[{"taxonomy":"product_brand","embeddable":true,"href":"https:\/\/www.huntersfriend.eu\/de\/wp-json\/wp\/v2\/product_brand?post=280821"},{"taxonomy":"product_cat","embeddable":true,"href":"https:\/\/www.huntersfriend.eu\/de\/wp-json\/wp\/v2\/product_cat?post=280821"},{"taxonomy":"product_tag","embeddable":true,"href":"https:\/\/www.huntersfriend.eu\/de\/wp-json\/wp\/v2\/product_tag?post=280821"}],"curies":[{"name":"wp","href":"https:\/\/api.w.org\/{rel}","templated":true}]}}