{"id":280820,"date":"2023-12-29T01:03:01","date_gmt":"2025-06-23T08:18:29","guid":{"rendered":"https:\/\/www.huntersfriend.eu\/product\/huntworth-trucker-kappe\/"},"modified":"2025-07-12T05:08:19","modified_gmt":"2025-07-12T03:08:19","slug":"huntworth-trucker-kappe","status":"publish","type":"product","link":"https:\/\/www.huntersfriend.eu\/de\/produkt\/huntworth-trucker-kappe\/","title":{"rendered":"Huntworth Trucker-Kappe"},"content":{"rendered":"<p>Diese klassische Trucker-Kappe im Mittelprofilschnitt verf\u00fcgt \u00fcber eine Vorderseite aus Baumwollk\u00f6per und eine R\u00fcckseite aus Mesh-Material. Sie zeichnet sich durch ein versetzt gesticktes Huntworth-Logo aus. Tragen Sie sie am Ende einer Jagd oder bei Unternehmungen mit Freunden und Familie. Diese Huntworth\u00ae Logo-Trucker-Kappe ist leicht zu sch\u00e4tzen.  <\/p>\n<ul>\n<li><strong>Obermaterial:<\/strong> Die strukturierten Vorderpaneele bestehen aus 100% Baumwolltwill, und die R\u00fcckenpaneele sind aus einem hochwertigen, weichen 100% Polyester-Netzstoff gefertigt<\/li>\n<li><strong>Schirm:<\/strong> Vorgeformter Schirm<\/li>\n<li><strong>Verschluss:<\/strong> Verstellbarer Kunststoff-Druckknopfverschluss<\/li>\n<li><strong>Passform:<\/strong> Traditioneller 6-Panel-Trucker-Hut-Stil mit mittlerer Profilpassform<\/li>\n<\/ul>\n","protected":false},"excerpt":{"rendered":"<p>Diese klassische Trucker-Kappe im Mittelprofilschnitt verf\u00fcgt \u00fcber eine Vorderseite aus Baumwollk\u00f6per und eine R\u00fcckseite aus Mesh-Material. Sie zeichnet sich durch ein versetzt gesticktes Huntworth-Logo aus. Tragen Sie sie am Ende einer Jagd oder bei Unternehmungen mit Freunden und Familie. Diese Huntworth\u00ae Logo-Trucker-Kappe ist leicht zu sch\u00e4tzen. Obermaterial: Die strukturierten Vorderpaneele bestehen aus 100% Baumwolltwill, und [&#8230;]\n","protected":false},"featured_media":259795,"comment_status":"open","ping_status":"closed","template":"","meta":[],"product_brand":[],"product_cat":[1215],"product_tag":[],"class_list":{"0":"post-280820","1":"product","2":"type-product","3":"status-publish","4":"has-post-thumbnail","6":"product_cat-handschuh-socken-und-kopfbedeckung","8":"first","9":"instock","10":"taxable","11":"shipping-taxable","12":"purchasable","13":"product-type-simple"},"composite_virtual":false,"composite_layout":"","composite_add_to_cart_form_location":"","composite_editable_in_cart":false,"composite_sold_individually_context":"","composite_shop_price_calc":"","composite_components":[],"composite_scenarios":[],"group_of_quantity":0,"min_quantity":0,"max_quantity":"","exclude_order_quantity_value_rules":"no","exclude_category_quantity_rules":"no","combine_variations":"no","exclude_global_add_ons":[],"addons":[],"_links":{"self":[{"href":"https:\/\/www.huntersfriend.eu\/de\/wp-json\/wp\/v2\/product\/280820","targetHints":{"allow":["GET"]}}],"collection":[{"href":"https:\/\/www.huntersfriend.eu\/de\/wp-json\/wp\/v2\/product"}],"about":[{"href":"https:\/\/www.huntersfriend.eu\/de\/wp-json\/wp\/v2\/types\/product"}],"replies":[{"embeddable":true,"href":"https:\/\/www.huntersfriend.eu\/de\/wp-json\/wp\/v2\/comments?post=280820"}],"wp:featuredmedia":[{"embeddable":true,"href":"https:\/\/www.huntersfriend.eu\/de\/wp-json\/wp\/v2\/media\/259795"}],"wp:attachment":[{"href":"https:\/\/www.huntersfriend.eu\/de\/wp-json\/wp\/v2\/media?parent=280820"}],"wp:term":[{"taxonomy":"product_brand","embeddable":true,"href":"https:\/\/www.huntersfriend.eu\/de\/wp-json\/wp\/v2\/product_brand?post=280820"},{"taxonomy":"product_cat","embeddable":true,"href":"https:\/\/www.huntersfriend.eu\/de\/wp-json\/wp\/v2\/product_cat?post=280820"},{"taxonomy":"product_tag","embeddable":true,"href":"https:\/\/www.huntersfriend.eu\/de\/wp-json\/wp\/v2\/product_tag?post=280820"}],"curies":[{"name":"wp","href":"https:\/\/api.w.org\/{rel}","templated":true}]}}