{"id":280817,"date":"2024-01-04T12:29:26","date_gmt":"2025-06-23T08:18:27","guid":{"rendered":"https:\/\/www.huntersfriend.eu\/product\/acme-hundepfeifenset-210-5\/"},"modified":"2026-02-25T10:35:34","modified_gmt":"2026-02-25T08:35:34","slug":"acme-hundepfeifenset-210-5","status":"publish","type":"product","link":"https:\/\/www.huntersfriend.eu\/de\/produkt\/acme-hundepfeifenset-210-5\/","title":{"rendered":"Acme Hundepfeifenset 210.5"},"content":{"rendered":"<p><span class=\"jCAhz ChMk0b\"><span class=\"ryNqvb\">Die Acme Hundepfeife ist eine frequenzstabile und langlebige Hundepfeife.<\/span><\/span> <span class=\"jCAhz ChMk0b\"><span class=\"ryNqvb\">Die Pfeife verf\u00fcgt \u00fcber einen klaren Ton und eine gro\u00dfe Reichweite.<\/span><\/span> <span class=\"jCAhz ChMk0b\"><span class=\"ryNqvb\">Aufgrund des standardisierten Klangs erzeugt die Pfeife einen konsistenten Ton, selbst wenn verschiedene Exemplare verwendet werden.<\/span><\/span> <span class=\"jCAhz ChMk0b\"><span class=\"ryNqvb\">Aus diesem Grund kann sie von mehreren Familienmitgliedern genutzt werden, wobei der Hund den Klang der Pfeife stets erkennt.<\/span><\/span> <span class=\"jCAhz ChMk0b\"><span class=\"ryNqvb\">Die Acme Hundepfeife ist von h\u00f6chster Qualit\u00e4t und beh\u00e4lt ihren Klang \u00fcber mehrere Jahre hinweg bei.<\/span><\/span> <span class=\"jCAhz ChMk0b\"><span class=\"ryNqvb\">Das Modell 210.5 verf\u00fcgt \u00fcber einen Ton mit sehr hoher Frequenz (5900 Hz).<\/span><\/span> <span class=\"jCAhz ChMk0b\"><span class=\"ryNqvb\">Das Produkt wird mit einer 12-monatigen Garantie geliefert.<\/span><\/span><\/p>\n","protected":false},"excerpt":{"rendered":"<p>Die Acme Hundepfeife ist eine frequenzstabile und langlebige Hundepfeife. Die Pfeife verf\u00fcgt \u00fcber einen klaren Ton und eine gro\u00dfe Reichweite. Aufgrund des standardisierten Klangs erzeugt die Pfeife einen konsistenten Ton, selbst wenn verschiedene Exemplare verwendet werden. Aus diesem Grund kann sie von mehreren Familienmitgliedern genutzt werden, wobei der Hund den Klang der Pfeife stets erkennt. [&#8230;]\n","protected":false},"featured_media":260206,"comment_status":"open","ping_status":"closed","template":"","meta":[],"product_brand":[],"product_cat":[2517,1389],"product_tag":[],"class_list":{"0":"post-280817","1":"product","2":"type-product","3":"status-publish","4":"has-post-thumbnail","6":"product_cat-hundpersienner-vastar-och-diverse","7":"product_cat-tarnschirme-fur-hunde","9":"first","10":"instock","11":"taxable","12":"shipping-taxable","13":"purchasable","14":"product-type-simple"},"composite_virtual":false,"composite_layout":"","composite_add_to_cart_form_location":"","composite_editable_in_cart":false,"composite_sold_individually_context":"","composite_shop_price_calc":"","composite_components":[],"composite_scenarios":[],"group_of_quantity":0,"min_quantity":0,"max_quantity":"","exclude_order_quantity_value_rules":"no","exclude_category_quantity_rules":"no","combine_variations":"no","exclude_global_add_ons":[],"addons":[],"_links":{"self":[{"href":"https:\/\/www.huntersfriend.eu\/de\/wp-json\/wp\/v2\/product\/280817","targetHints":{"allow":["GET"]}}],"collection":[{"href":"https:\/\/www.huntersfriend.eu\/de\/wp-json\/wp\/v2\/product"}],"about":[{"href":"https:\/\/www.huntersfriend.eu\/de\/wp-json\/wp\/v2\/types\/product"}],"replies":[{"embeddable":true,"href":"https:\/\/www.huntersfriend.eu\/de\/wp-json\/wp\/v2\/comments?post=280817"}],"wp:featuredmedia":[{"embeddable":true,"href":"https:\/\/www.huntersfriend.eu\/de\/wp-json\/wp\/v2\/media\/260206"}],"wp:attachment":[{"href":"https:\/\/www.huntersfriend.eu\/de\/wp-json\/wp\/v2\/media?parent=280817"}],"wp:term":[{"taxonomy":"product_brand","embeddable":true,"href":"https:\/\/www.huntersfriend.eu\/de\/wp-json\/wp\/v2\/product_brand?post=280817"},{"taxonomy":"product_cat","embeddable":true,"href":"https:\/\/www.huntersfriend.eu\/de\/wp-json\/wp\/v2\/product_cat?post=280817"},{"taxonomy":"product_tag","embeddable":true,"href":"https:\/\/www.huntersfriend.eu\/de\/wp-json\/wp\/v2\/product_tag?post=280817"}],"curies":[{"name":"wp","href":"https:\/\/api.w.org\/{rel}","templated":true}]}}