{"id":280816,"date":"2023-12-22T01:00:10","date_gmt":"2025-06-23T08:18:26","guid":{"rendered":"https:\/\/www.huntersfriend.eu\/product\/hornady-handprimer-werkzeug\/"},"modified":"2026-03-04T12:54:19","modified_gmt":"2026-03-04T10:54:19","slug":"hornady-handprimer-werkzeug","status":"publish","type":"product","link":"https:\/\/www.huntersfriend.eu\/de\/produkt\/hornady-handprimer-werkzeug\/","title":{"rendered":"Hornady Handprimer-Werkzeug"},"content":{"rendered":"<p>Das Hornady Handprimer-Werkzeug ist ein einteiliges Z\u00fcnderh\u00fctchentablett mit integrierten, geformten Z\u00fcnderh\u00fctchenbuchsen, das die Notwendigkeit separater Buchsen eliminiert. Das ergonomische Design reduziert Erm\u00fcdungserscheinungen. Konzipiert f\u00fcr einfache Wechsel, k\u00f6nnen H\u00fclsenhalter und Z\u00fcnderh\u00fctchentabletts ohne Entfernung von Feder und Stempel ausgetauscht werden.  <\/p>\n<p>Das Hornady Handprimer-Werkzeug beinhaltet ein Tablett f\u00fcr RCBS\u00ae H\u00fclsenhalter.<\/p>\n","protected":false},"excerpt":{"rendered":"<p>Das Hornady Handprimer-Werkzeug ist ein einteiliges Z\u00fcnderh\u00fctchentablett mit integrierten, geformten Z\u00fcnderh\u00fctchenbuchsen, das die Notwendigkeit separater Buchsen eliminiert. Das ergonomische Design reduziert Erm\u00fcdungserscheinungen. Konzipiert f\u00fcr einfache Wechsel, k\u00f6nnen H\u00fclsenhalter und Z\u00fcnderh\u00fctchentabletts ohne Entfernung von Feder und Stempel ausgetauscht werden. Das Hornady Handprimer-Werkzeug beinhaltet ein Tablett f\u00fcr RCBS\u00ae H\u00fclsenhalter.<\/p>\n","protected":false},"featured_media":260820,"comment_status":"open","ping_status":"closed","template":"","meta":[],"product_brand":[],"product_cat":[2832],"product_tag":[],"class_list":{"0":"post-280816","1":"product","2":"type-product","3":"status-publish","4":"has-post-thumbnail","6":"product_cat-laddningsutrustning","8":"first","9":"instock","10":"taxable","11":"shipping-taxable","12":"purchasable","13":"product-type-simple"},"composite_virtual":false,"composite_layout":"","composite_add_to_cart_form_location":"","composite_editable_in_cart":false,"composite_sold_individually_context":"","composite_shop_price_calc":"","composite_components":[],"composite_scenarios":[],"group_of_quantity":0,"min_quantity":0,"max_quantity":"","exclude_order_quantity_value_rules":"no","exclude_category_quantity_rules":"no","combine_variations":"no","exclude_global_add_ons":[],"addons":[],"_links":{"self":[{"href":"https:\/\/www.huntersfriend.eu\/de\/wp-json\/wp\/v2\/product\/280816","targetHints":{"allow":["GET"]}}],"collection":[{"href":"https:\/\/www.huntersfriend.eu\/de\/wp-json\/wp\/v2\/product"}],"about":[{"href":"https:\/\/www.huntersfriend.eu\/de\/wp-json\/wp\/v2\/types\/product"}],"replies":[{"embeddable":true,"href":"https:\/\/www.huntersfriend.eu\/de\/wp-json\/wp\/v2\/comments?post=280816"}],"wp:featuredmedia":[{"embeddable":true,"href":"https:\/\/www.huntersfriend.eu\/de\/wp-json\/wp\/v2\/media\/260820"}],"wp:attachment":[{"href":"https:\/\/www.huntersfriend.eu\/de\/wp-json\/wp\/v2\/media?parent=280816"}],"wp:term":[{"taxonomy":"product_brand","embeddable":true,"href":"https:\/\/www.huntersfriend.eu\/de\/wp-json\/wp\/v2\/product_brand?post=280816"},{"taxonomy":"product_cat","embeddable":true,"href":"https:\/\/www.huntersfriend.eu\/de\/wp-json\/wp\/v2\/product_cat?post=280816"},{"taxonomy":"product_tag","embeddable":true,"href":"https:\/\/www.huntersfriend.eu\/de\/wp-json\/wp\/v2\/product_tag?post=280816"}],"curies":[{"name":"wp","href":"https:\/\/api.w.org\/{rel}","templated":true}]}}