{"id":280814,"date":"2023-12-22T01:00:10","date_gmt":"2025-06-23T08:18:25","guid":{"rendered":"https:\/\/www.huntersfriend.eu\/product\/hornady-cam-lock-trimmgeraet\/"},"modified":"2026-03-04T12:54:21","modified_gmt":"2026-03-04T10:54:21","slug":"hornady-cam-lock-trimmgeraet","status":"publish","type":"product","link":"https:\/\/www.huntersfriend.eu\/de\/produkt\/hornady-cam-lock-trimmgeraet\/","title":{"rendered":"Hornady Cam lock\u2122 Trimmger\u00e4t"},"content":{"rendered":"<p>Das Hornady Cam Lock\u2122 Trimmger\u00e4t verf\u00fcgt \u00fcber eine einzigartige Methode, mit der die H\u00fclse im H\u00fclsenhalter fixiert wird. Dieses Trimmger\u00e4t stellt pr\u00e4zise die korrekte L\u00e4nge verschossener H\u00fclsen wieder her, unabh\u00e4ngig von der Dicke des H\u00fclsenrandes. <\/p>\n<p>Der Hebel arretiert die H\u00fclse in Position. Der Mikro-Einstellmechanismus des Schneidwerkzeugs erm\u00f6glicht \u00c4nderungen von 0,001 Zoll ohne Bewegung der H\u00fclse (bei Konkurrenzprodukten mit Aufpreis). Dar\u00fcber hinaus besteht der gro\u00dfdurchmessige, austauschbare Schneidkopf aus ultrarhartem Werkzeugstahl und kann H\u00fclsen bis zum Kaliber 50 trimmen.  <\/p>\n<p>Verwenden Sie ausschlie\u00dflich Standard-Hornady-H\u00fclsenhalter und -F\u00fchrungsstifte.<\/p>\n<p>Das Hornady Cam Lock\u2122 Trimmger\u00e4t beinhaltet zehn der g\u00e4ngigsten F\u00fchrungsstiftgr\u00f6\u00dfen: 22 cal, 6mm, 25 cal, 6,5mm, 270 cal, 7mm, 30 cal, 35 cal, 38 cal, 45 cal.<\/p>\n","protected":false},"excerpt":{"rendered":"<p>Das Hornady Cam Lock\u2122 Trimmger\u00e4t verf\u00fcgt \u00fcber eine einzigartige Methode, mit der die H\u00fclse im H\u00fclsenhalter fixiert wird. Dieses Trimmger\u00e4t stellt pr\u00e4zise die korrekte L\u00e4nge verschossener H\u00fclsen wieder her, unabh\u00e4ngig von der Dicke des H\u00fclsenrandes. Der Hebel arretiert die H\u00fclse in Position. Der Mikro-Einstellmechanismus des Schneidwerkzeugs erm\u00f6glicht \u00c4nderungen von 0,001 Zoll ohne Bewegung der H\u00fclse [&#8230;]\n","protected":false},"featured_media":260824,"comment_status":"open","ping_status":"closed","template":"","meta":[],"product_brand":[],"product_cat":[2832],"product_tag":[],"class_list":{"0":"post-280814","1":"product","2":"type-product","3":"status-publish","4":"has-post-thumbnail","6":"product_cat-laddningsutrustning","8":"first","9":"instock","10":"taxable","11":"shipping-taxable","12":"purchasable","13":"product-type-simple"},"composite_virtual":false,"composite_layout":"","composite_add_to_cart_form_location":"","composite_editable_in_cart":false,"composite_sold_individually_context":"","composite_shop_price_calc":"","composite_components":[],"composite_scenarios":[],"group_of_quantity":0,"min_quantity":0,"max_quantity":"","exclude_order_quantity_value_rules":"no","exclude_category_quantity_rules":"no","combine_variations":"no","exclude_global_add_ons":[],"addons":[],"_links":{"self":[{"href":"https:\/\/www.huntersfriend.eu\/de\/wp-json\/wp\/v2\/product\/280814","targetHints":{"allow":["GET"]}}],"collection":[{"href":"https:\/\/www.huntersfriend.eu\/de\/wp-json\/wp\/v2\/product"}],"about":[{"href":"https:\/\/www.huntersfriend.eu\/de\/wp-json\/wp\/v2\/types\/product"}],"replies":[{"embeddable":true,"href":"https:\/\/www.huntersfriend.eu\/de\/wp-json\/wp\/v2\/comments?post=280814"}],"wp:featuredmedia":[{"embeddable":true,"href":"https:\/\/www.huntersfriend.eu\/de\/wp-json\/wp\/v2\/media\/260824"}],"wp:attachment":[{"href":"https:\/\/www.huntersfriend.eu\/de\/wp-json\/wp\/v2\/media?parent=280814"}],"wp:term":[{"taxonomy":"product_brand","embeddable":true,"href":"https:\/\/www.huntersfriend.eu\/de\/wp-json\/wp\/v2\/product_brand?post=280814"},{"taxonomy":"product_cat","embeddable":true,"href":"https:\/\/www.huntersfriend.eu\/de\/wp-json\/wp\/v2\/product_cat?post=280814"},{"taxonomy":"product_tag","embeddable":true,"href":"https:\/\/www.huntersfriend.eu\/de\/wp-json\/wp\/v2\/product_tag?post=280814"}],"curies":[{"name":"wp","href":"https:\/\/api.w.org\/{rel}","templated":true}]}}