{"id":280813,"date":"2024-01-04T12:29:18","date_gmt":"2025-06-23T08:18:25","guid":{"rendered":"https:\/\/www.huntersfriend.eu\/product\/hagopur-anisoel\/"},"modified":"2025-11-19T10:43:09","modified_gmt":"2025-11-19T08:43:09","slug":"hagopur-anisoel","status":"publish","type":"product","link":"https:\/\/www.huntersfriend.eu\/de\/produkt\/hagopur-anisoel\/","title":{"rendered":"Hagopur Anis\u00f6l"},"content":{"rendered":"<p>Das Hagopur Anis\u00f6l wird in einer praktischen Spr\u00fchflasche f\u00fcr eine einfache Anwendung abgef\u00fcllt. Das Produkt wird auf B\u00e4ume, Baumst\u00fcmpfe oder sogar auf einen Leckstein gespr\u00fcht. Der Duft von Anis zieht insbesondere Marder, Rehe und Wildschweine an.  <\/p>\n","protected":false},"excerpt":{"rendered":"<p>Das Hagopur Anis\u00f6l wird in einer praktischen Spr\u00fchflasche f\u00fcr eine einfache Anwendung abgef\u00fcllt. Das Produkt wird auf B\u00e4ume, Baumst\u00fcmpfe oder sogar auf einen Leckstein gespr\u00fcht. Der Duft von Anis zieht insbesondere Marder, Rehe und Wildschweine an.<\/p>\n","protected":false},"featured_media":264759,"comment_status":"open","ping_status":"closed","template":"","meta":[],"product_brand":[],"product_cat":[1200],"product_tag":[],"class_list":{"0":"post-280813","1":"product","2":"type-product","3":"status-publish","4":"has-post-thumbnail","6":"product_cat-lockstoffe-und-mineralien","8":"first","9":"instock","10":"taxable","11":"shipping-taxable","12":"purchasable","13":"product-type-simple"},"composite_virtual":false,"composite_layout":"","composite_add_to_cart_form_location":"","composite_editable_in_cart":false,"composite_sold_individually_context":"","composite_shop_price_calc":"","composite_components":[],"composite_scenarios":[],"group_of_quantity":0,"min_quantity":0,"max_quantity":"","exclude_order_quantity_value_rules":"no","exclude_category_quantity_rules":"no","combine_variations":"no","exclude_global_add_ons":[],"addons":[],"_links":{"self":[{"href":"https:\/\/www.huntersfriend.eu\/de\/wp-json\/wp\/v2\/product\/280813","targetHints":{"allow":["GET"]}}],"collection":[{"href":"https:\/\/www.huntersfriend.eu\/de\/wp-json\/wp\/v2\/product"}],"about":[{"href":"https:\/\/www.huntersfriend.eu\/de\/wp-json\/wp\/v2\/types\/product"}],"replies":[{"embeddable":true,"href":"https:\/\/www.huntersfriend.eu\/de\/wp-json\/wp\/v2\/comments?post=280813"}],"wp:featuredmedia":[{"embeddable":true,"href":"https:\/\/www.huntersfriend.eu\/de\/wp-json\/wp\/v2\/media\/264759"}],"wp:attachment":[{"href":"https:\/\/www.huntersfriend.eu\/de\/wp-json\/wp\/v2\/media?parent=280813"}],"wp:term":[{"taxonomy":"product_brand","embeddable":true,"href":"https:\/\/www.huntersfriend.eu\/de\/wp-json\/wp\/v2\/product_brand?post=280813"},{"taxonomy":"product_cat","embeddable":true,"href":"https:\/\/www.huntersfriend.eu\/de\/wp-json\/wp\/v2\/product_cat?post=280813"},{"taxonomy":"product_tag","embeddable":true,"href":"https:\/\/www.huntersfriend.eu\/de\/wp-json\/wp\/v2\/product_tag?post=280813"}],"curies":[{"name":"wp","href":"https:\/\/api.w.org\/{rel}","templated":true}]}}