{"id":280811,"date":"2024-01-04T01:15:43","date_gmt":"2025-06-23T08:18:23","guid":{"rendered":"https:\/\/www.huntersfriend.eu\/product\/warne-weaver-horizontale-zielfernrohrhalterungen-hoch\/"},"modified":"2025-06-23T10:18:23","modified_gmt":"2025-06-23T08:18:23","slug":"warne-weaver-horizontale-zielfernrohrhalterungen-hoch","status":"publish","type":"product","link":"https:\/\/www.huntersfriend.eu\/de\/produkt\/warne-weaver-horizontale-zielfernrohrhalterungen-hoch\/","title":{"rendered":"Warne Weaver horizontale Zielfernrohrhalterungen, hoch"},"content":{"rendered":"<p class=\"\" data-start=\"0\" data-end=\"105\"><strong data-start=\"0\" data-end=\"105\">Warne Zielfernrohrmontagen \u2013 hochwertige und erschwingliche optische Montagen f\u00fcr praktisch orientierte J\u00e4ger und Sch\u00fctzen<\/strong><\/p>\n<p class=\"\" data-start=\"107\" data-end=\"310\">Warne Zielfernrohrmontagen sind bekannt f\u00fcr ihre Qualit\u00e4t und Erschwinglichkeit und wurden entwickelt, um den Bed\u00fcrfnissen praktisch orientierter J\u00e4ger und Sch\u00fctzen gerecht zu werden. Die in den Vereinigten Staaten hergestellten Warne Maxima-Montagen sind aus Stahl gefertigt. <\/p>\n<p class=\"\" data-start=\"312\" data-end=\"646\">Die <strong data-start=\"316\" data-end=\"356\">Warne Maxima Horizontale Weaver-Montage<\/strong> ist f\u00fcr die Befestigung von Zielfernrohren mit 30-mm-Tubus an Schusswaffen konzipiert. Die Weaver-Montage ist sowohl mit Weaver- als auch mit Picatinny-Schienen kompatibel. Das Zielfernrohr wird mittels vier Torx T-15 Schrauben in traditioneller Weise an der Warne Maxima-Montage befestigt. Die Montage wird mit zwei separaten Torx T-15 Schrauben an der Schusswaffe angebracht.   <\/p>\n<p class=\"\" data-start=\"648\" data-end=\"888\">Die <strong data-start=\"652\" data-end=\"685\">Warne Weaver Horizontale Montage<\/strong> ist in <strong data-start=\"702\" data-end=\"709\">niedriger<\/strong>, <strong data-start=\"711\" data-end=\"721\">mittlerer<\/strong> und <strong data-start=\"727\" data-end=\"735\">hoher<\/strong> Ausf\u00fchrung erh\u00e4ltlich. Die korrekte H\u00f6he der Montage h\u00e4ngt von der St\u00e4rke des Gewehrlaufs und dem Actionprofil in Relation zum zu montierenden Zielfernrohr ab. <\/p>\n<p class=\"\" data-start=\"890\" data-end=\"909\"><strong data-start=\"890\" data-end=\"909\">Spezifikationen:<\/strong><\/p>\n<ul data-start=\"910\" data-end=\"1074\" data-is-last-node=\"\" data-is-only-node=\"\">\n<li class=\"\" data-start=\"910\" data-end=\"955\">\n<p class=\"\" data-start=\"912\" data-end=\"955\"><strong data-start=\"912\" data-end=\"923\">H\u00f6he:<\/strong> Hoch (Max. 56mm Objektivlinse)<\/p>\n<\/li>\n<li class=\"\" data-start=\"956\" data-end=\"981\">\n<p class=\"\" data-start=\"958\" data-end=\"981\"><strong data-start=\"958\" data-end=\"969\">Gewicht:<\/strong> 195,6 Gramm<\/p>\n<\/li>\n<li class=\"\" data-start=\"982\" data-end=\"1074\">\n<p class=\"\" data-start=\"984\" data-end=\"999\"><strong data-start=\"984\" data-end=\"999\">Abmessungen:<\/strong><\/p>\n<ul data-start=\"1002\" data-end=\"1074\" data-is-last-node=\"\">\n<li class=\"\" data-start=\"1002\" data-end=\"1022\">\n<p class=\"\" data-start=\"1004\" data-end=\"1022\"><strong data-start=\"1004\" data-end=\"1017\">Tubus (A):<\/strong> 30mm<\/p>\n<\/li>\n<li class=\"\" data-start=\"1025\" data-end=\"1048\">\n<p class=\"\" data-start=\"1027\" data-end=\"1048\"><strong data-start=\"1027\" data-end=\"1040\">Basis (B):<\/strong> 13,34mm<\/p>\n<\/li>\n<li class=\"\" data-start=\"1051\" data-end=\"1074\">\n<p class=\"\" data-start=\"1053\" data-end=\"1074\"><strong data-start=\"1053\" data-end=\"1067\">Breite (C):<\/strong> 16,5mm<\/p>\n<\/li>\n<\/ul>\n<\/li>\n<\/ul>\n","protected":false},"excerpt":{"rendered":"<p>Warne Zielfernrohrmontagen \u2013 hochwertige und erschwingliche optische Montagen f\u00fcr praktisch orientierte J\u00e4ger und Sch\u00fctzen Warne Zielfernrohrmontagen sind bekannt f\u00fcr ihre Qualit\u00e4t und Erschwinglichkeit und wurden entwickelt, um den Bed\u00fcrfnissen praktisch orientierter J\u00e4ger und Sch\u00fctzen gerecht zu werden. Die in den Vereinigten Staaten hergestellten Warne Maxima-Montagen sind aus Stahl gefertigt. Die Warne Maxima Horizontale Weaver-Montage ist [&#8230;]\n","protected":false},"featured_media":277529,"comment_status":"open","ping_status":"closed","template":"","meta":[],"product_brand":[],"product_cat":[1413],"product_tag":[],"class_list":{"0":"post-280811","1":"product","2":"type-product","3":"status-publish","4":"has-post-thumbnail","6":"product_cat-zielfernrohrringe-montagen","8":"first","9":"instock","10":"taxable","11":"shipping-taxable","12":"purchasable","13":"product-type-simple"},"composite_virtual":false,"composite_layout":"","composite_add_to_cart_form_location":"","composite_editable_in_cart":false,"composite_sold_individually_context":"","composite_shop_price_calc":"","composite_components":[],"composite_scenarios":[],"group_of_quantity":0,"min_quantity":0,"max_quantity":"","exclude_order_quantity_value_rules":"no","exclude_category_quantity_rules":"no","combine_variations":"no","exclude_global_add_ons":[],"addons":[],"_links":{"self":[{"href":"https:\/\/www.huntersfriend.eu\/de\/wp-json\/wp\/v2\/product\/280811","targetHints":{"allow":["GET"]}}],"collection":[{"href":"https:\/\/www.huntersfriend.eu\/de\/wp-json\/wp\/v2\/product"}],"about":[{"href":"https:\/\/www.huntersfriend.eu\/de\/wp-json\/wp\/v2\/types\/product"}],"replies":[{"embeddable":true,"href":"https:\/\/www.huntersfriend.eu\/de\/wp-json\/wp\/v2\/comments?post=280811"}],"wp:featuredmedia":[{"embeddable":true,"href":"https:\/\/www.huntersfriend.eu\/de\/wp-json\/wp\/v2\/media\/277529"}],"wp:attachment":[{"href":"https:\/\/www.huntersfriend.eu\/de\/wp-json\/wp\/v2\/media?parent=280811"}],"wp:term":[{"taxonomy":"product_brand","embeddable":true,"href":"https:\/\/www.huntersfriend.eu\/de\/wp-json\/wp\/v2\/product_brand?post=280811"},{"taxonomy":"product_cat","embeddable":true,"href":"https:\/\/www.huntersfriend.eu\/de\/wp-json\/wp\/v2\/product_cat?post=280811"},{"taxonomy":"product_tag","embeddable":true,"href":"https:\/\/www.huntersfriend.eu\/de\/wp-json\/wp\/v2\/product_tag?post=280811"}],"curies":[{"name":"wp","href":"https:\/\/api.w.org\/{rel}","templated":true}]}}