{"id":280807,"date":"2023-12-22T01:00:09","date_gmt":"2025-06-23T08:18:15","guid":{"rendered":"https:\/\/www.huntersfriend.eu\/product\/hornady-lock-n-load-geschossauszieher-mit-schlagprinzip\/"},"modified":"2026-03-04T12:54:17","modified_gmt":"2026-03-04T10:54:17","slug":"hornady-lock-n-load-geschossauszieher-mit-schlagprinzip","status":"publish","type":"product","link":"https:\/\/www.huntersfriend.eu\/de\/produkt\/hornady-lock-n-load-geschossauszieher-mit-schlagprinzip\/","title":{"rendered":"Hornady Lock-N-Load Geschossauszieher mit Schlagprinzip"},"content":{"rendered":"<p>Der Hornady Lock-N-Load Geschossauszieher mit Schlagprinzip entfernt Geschosse aus Gewehr- und Pistolenpatronen ohne Besch\u00e4digung und erm\u00f6glicht die R\u00fcckgewinnung des Geschosses und des Pulvers zur Wiederverwendung.<\/p>\n<ul>\n<li>Entfernt Geschosse aus Patronen ohne Besch\u00e4digung<\/li>\n<li>Erm\u00f6glicht die R\u00fcckgewinnung des Geschosses und des Pulvers zur Wiederverwendung<\/li>\n<li>Effektiv f\u00fcr die meisten Gewehr- oder Pistolenpatronen bis zu Kaliber .45<\/li>\n<\/ul>\n<h4>So funktioniert es:<\/h4>\n<ol>\n<li>Setzen Sie die korrekte Spannzange in die Kunststoffkappe ein, sodass die flache Seite der Spannzange mit der Griffseite des Geschossausziehers \u00fcbereinstimmt.<\/li>\n<li>Schrauben Sie die Kappe auf den Griff.<\/li>\n<li>L\u00f6sen Sie die Kappe um einige Umdrehungen und f\u00fchren Sie eine Patrone &#8211; Geschoss zuerst &#8211; ein. Schieben Sie die Patrone hinein, bis die Auszieherrille oder der Rand eingerastet ist. <\/li>\n<li>Ziehen Sie die Kappe fest.<\/li>\n<li>Klopfen Sie auf eine harte Oberfl\u00e4che, bis das Geschoss entfernt ist.<\/li>\n<\/ol>\n","protected":false},"excerpt":{"rendered":"<p>Der Hornady Lock-N-Load Geschossauszieher mit Schlagprinzip entfernt Geschosse aus Gewehr- und Pistolenpatronen ohne Besch\u00e4digung und erm\u00f6glicht die R\u00fcckgewinnung des Geschosses und des Pulvers zur Wiederverwendung. Entfernt Geschosse aus Patronen ohne Besch\u00e4digung Erm\u00f6glicht die R\u00fcckgewinnung des Geschosses und des Pulvers zur Wiederverwendung Effektiv f\u00fcr die meisten Gewehr- oder Pistolenpatronen bis zu Kaliber .45 So funktioniert es: [&#8230;]\n","protected":false},"featured_media":260843,"comment_status":"open","ping_status":"closed","template":"","meta":[],"product_brand":[],"product_cat":[2832],"product_tag":[],"class_list":{"0":"post-280807","1":"product","2":"type-product","3":"status-publish","4":"has-post-thumbnail","6":"product_cat-laddningsutrustning","8":"first","9":"instock","10":"taxable","11":"shipping-taxable","12":"purchasable","13":"product-type-simple"},"composite_virtual":false,"composite_layout":"","composite_add_to_cart_form_location":"","composite_editable_in_cart":false,"composite_sold_individually_context":"","composite_shop_price_calc":"","composite_components":[],"composite_scenarios":[],"group_of_quantity":0,"min_quantity":0,"max_quantity":"","exclude_order_quantity_value_rules":"no","exclude_category_quantity_rules":"no","combine_variations":"no","exclude_global_add_ons":[],"addons":[],"_links":{"self":[{"href":"https:\/\/www.huntersfriend.eu\/de\/wp-json\/wp\/v2\/product\/280807","targetHints":{"allow":["GET"]}}],"collection":[{"href":"https:\/\/www.huntersfriend.eu\/de\/wp-json\/wp\/v2\/product"}],"about":[{"href":"https:\/\/www.huntersfriend.eu\/de\/wp-json\/wp\/v2\/types\/product"}],"replies":[{"embeddable":true,"href":"https:\/\/www.huntersfriend.eu\/de\/wp-json\/wp\/v2\/comments?post=280807"}],"wp:featuredmedia":[{"embeddable":true,"href":"https:\/\/www.huntersfriend.eu\/de\/wp-json\/wp\/v2\/media\/260843"}],"wp:attachment":[{"href":"https:\/\/www.huntersfriend.eu\/de\/wp-json\/wp\/v2\/media?parent=280807"}],"wp:term":[{"taxonomy":"product_brand","embeddable":true,"href":"https:\/\/www.huntersfriend.eu\/de\/wp-json\/wp\/v2\/product_brand?post=280807"},{"taxonomy":"product_cat","embeddable":true,"href":"https:\/\/www.huntersfriend.eu\/de\/wp-json\/wp\/v2\/product_cat?post=280807"},{"taxonomy":"product_tag","embeddable":true,"href":"https:\/\/www.huntersfriend.eu\/de\/wp-json\/wp\/v2\/product_tag?post=280807"}],"curies":[{"name":"wp","href":"https:\/\/api.w.org\/{rel}","templated":true}]}}