{"id":280805,"date":"2023-12-20T01:05:33","date_gmt":"2025-06-23T08:18:14","guid":{"rendered":"https:\/\/www.huntersfriend.eu\/product\/sitka-merino-330-handschuh-subalpine\/"},"modified":"2026-01-29T12:12:39","modified_gmt":"2026-01-29T10:12:39","slug":"sitka-merino-330-handschuh-subalpine","status":"publish","type":"product","link":"https:\/\/www.huntersfriend.eu\/de\/produkt\/sitka-merino-330-handschuh-subalpine\/","title":{"rendered":"SITKA Merino 330 Handschuh Subalpine"},"content":{"rendered":"<p><span class=\"jCAhz ChMk0b\"><span class=\"ryNqvb\">Die SITKA Merino 330 Handschuhe sind f\u00fcr Bedingungen konzipiert, bei denen W\u00e4rme und gute Atmungsaktivit\u00e4t erforderlich sind, ohne dabei die Funktionalit\u00e4t der Handschuhe zu beeintr\u00e4chtigen.<\/span><\/span> <span class=\"jCAhz ChMk0b\"><span class=\"ryNqvb\">Merinowolle bietet ein hohes W\u00e4rme-Gewichts-Verh\u00e4ltnis, was bedeutet, dass sie beim Tragen warm, aber leicht und d\u00fcnn ist.<\/span><\/span> <span class=\"jCAhz ChMk0b\"><span class=\"ryNqvb\">Das recycelte synthetische Futter leitet Feuchtigkeit schnell und effizient von der Haut weg und verhindert so das Erfrieren der H\u00e4nde.<\/span><\/span> <span class=\"jCAhz ChMk0b\"><span class=\"ryNqvb\">Die von Sitka verwendete ArmorSpun Merinowolle ist zur Erh\u00f6hung der Haltbarkeit des Gewebes mit Nylon verst\u00e4rkt.<\/span><\/span><\/p>\n<p><span class=\"jCAhz ChMk0b\"><span class=\"ryNqvb\">Leichtes und strapazierf\u00e4higes 330-Gramm-Gewebe<\/span><\/span><\/p>\n<p><span class=\"jCAhz ChMk0b\"><span class=\"ryNqvb\">17,5 Mikron ArmorSpun Merinowolle als Au\u00dfenmaterial.<\/span><\/span><\/p>\n<p><span class=\"jCAhz ChMk0b\"><span class=\"ryNqvb\">Recyceltes synthetisches Innenmaterial sch\u00fctzt vor Juckreiz und verbessert die Feuchtigkeitsregulierung<\/span><\/span><\/p>\n<p><span class=\"jCAhz ChMk0b\"><span class=\"ryNqvb\">Pflegeleichte Merinowolle kann mit normaler W\u00e4sche gewaschen und getrocknet werden<\/span><\/span><\/p>\n<p><span class=\"jCAhz ChMk0b\"><span class=\"ryNqvb\">Touchscreen-kompatible Ax\u00ae Connect Daumen und Zeigefinger<\/span><\/span><\/p>\n<p><span class=\"jCAhz ChMk0b\"><span class=\"ryNqvb\">Gesamtgewicht: 62,37 Gramm<\/span><\/span><\/p>\n<p><span class=\"jCAhz ChMk0b\"><span class=\"ryNqvb\">Gr\u00f6\u00dfen: M-XL<\/span><\/span><\/p>\n<p><span class=\"jCAhz ChMk0b\"><span class=\"ryNqvb\">Farbe: <\/span><\/span>Optifade Subalpine<\/p>\n","protected":false},"excerpt":{"rendered":"<p>Die SITKA Merino 330 Handschuhe sind f\u00fcr Bedingungen konzipiert, bei denen W\u00e4rme und gute Atmungsaktivit\u00e4t erforderlich sind, ohne dabei die Funktionalit\u00e4t der Handschuhe zu beeintr\u00e4chtigen. Merinowolle bietet ein hohes W\u00e4rme-Gewichts-Verh\u00e4ltnis, was bedeutet, dass sie beim Tragen warm, aber leicht und d\u00fcnn ist. Das recycelte synthetische Futter leitet Feuchtigkeit schnell und effizient von der Haut weg [&#8230;]\n","protected":false},"featured_media":259379,"comment_status":"open","ping_status":"closed","template":"","meta":[],"product_brand":[],"product_cat":[2809,1382],"product_tag":[],"class_list":{"0":"post-280805","1":"product","2":"type-product","3":"status-publish","4":"has-post-thumbnail","6":"product_cat-handskar","7":"product_cat-handschuhe","9":"first","10":"instock","11":"taxable","12":"shipping-taxable","13":"purchasable","14":"product-type-variable"},"composite_virtual":false,"composite_layout":"","composite_add_to_cart_form_location":"","composite_editable_in_cart":false,"composite_sold_individually_context":"","composite_shop_price_calc":"","composite_components":[],"composite_scenarios":[],"group_of_quantity":0,"min_quantity":0,"max_quantity":"","exclude_order_quantity_value_rules":"no","exclude_category_quantity_rules":"no","combine_variations":"no","exclude_global_add_ons":[],"addons":[],"_links":{"self":[{"href":"https:\/\/www.huntersfriend.eu\/de\/wp-json\/wp\/v2\/product\/280805","targetHints":{"allow":["GET"]}}],"collection":[{"href":"https:\/\/www.huntersfriend.eu\/de\/wp-json\/wp\/v2\/product"}],"about":[{"href":"https:\/\/www.huntersfriend.eu\/de\/wp-json\/wp\/v2\/types\/product"}],"replies":[{"embeddable":true,"href":"https:\/\/www.huntersfriend.eu\/de\/wp-json\/wp\/v2\/comments?post=280805"}],"wp:featuredmedia":[{"embeddable":true,"href":"https:\/\/www.huntersfriend.eu\/de\/wp-json\/wp\/v2\/media\/259379"}],"wp:attachment":[{"href":"https:\/\/www.huntersfriend.eu\/de\/wp-json\/wp\/v2\/media?parent=280805"}],"wp:term":[{"taxonomy":"product_brand","embeddable":true,"href":"https:\/\/www.huntersfriend.eu\/de\/wp-json\/wp\/v2\/product_brand?post=280805"},{"taxonomy":"product_cat","embeddable":true,"href":"https:\/\/www.huntersfriend.eu\/de\/wp-json\/wp\/v2\/product_cat?post=280805"},{"taxonomy":"product_tag","embeddable":true,"href":"https:\/\/www.huntersfriend.eu\/de\/wp-json\/wp\/v2\/product_tag?post=280805"}],"curies":[{"name":"wp","href":"https:\/\/api.w.org\/{rel}","templated":true}]}}