{"id":280804,"date":"2023-12-22T01:00:08","date_gmt":"2025-06-23T08:18:14","guid":{"rendered":"https:\/\/www.huntersfriend.eu\/product\/hornady-pulverdosierer\/"},"modified":"2026-03-04T12:54:14","modified_gmt":"2026-03-04T10:54:14","slug":"hornady-pulverdosierer","status":"publish","type":"product","link":"https:\/\/www.huntersfriend.eu\/de\/produkt\/hornady-pulverdosierer\/","title":{"rendered":"Hornady Pulverdosierer"},"content":{"rendered":"<p>Der Hornady Pulverdosierer wird verwendet, um die letzten Zehnteln eines Grains Pulver in eine abgewogene Ladung f\u00fcr eine \u201e0\u201c Variation einzubringen. Unser Modell verf\u00fcgt \u00fcber eine breite, stabile Basis, ist leicht zu reinigen und ben\u00f6tigt nur eine geringe Pulvermenge zum Bef\u00fcllen. <\/p>\n","protected":false},"excerpt":{"rendered":"<p>Der Hornady Pulverdosierer wird verwendet, um die letzten Zehnteln eines Grains Pulver in eine abgewogene Ladung f\u00fcr eine \u201e0\u201c Variation einzubringen. Unser Modell verf\u00fcgt \u00fcber eine breite, stabile Basis, ist leicht zu reinigen und ben\u00f6tigt nur eine geringe Pulvermenge zum Bef\u00fcllen.<\/p>\n","protected":false},"featured_media":260851,"comment_status":"open","ping_status":"closed","template":"","meta":[],"product_brand":[],"product_cat":[2832],"product_tag":[],"class_list":{"0":"post-280804","1":"product","2":"type-product","3":"status-publish","4":"has-post-thumbnail","6":"product_cat-laddningsutrustning","8":"first","9":"outofstock","10":"taxable","11":"shipping-taxable","12":"purchasable","13":"product-type-simple"},"composite_virtual":false,"composite_layout":"","composite_add_to_cart_form_location":"","composite_editable_in_cart":false,"composite_sold_individually_context":"","composite_shop_price_calc":"","composite_components":[],"composite_scenarios":[],"group_of_quantity":0,"min_quantity":0,"max_quantity":"","exclude_order_quantity_value_rules":"no","exclude_category_quantity_rules":"no","combine_variations":"no","exclude_global_add_ons":[],"addons":[],"_links":{"self":[{"href":"https:\/\/www.huntersfriend.eu\/de\/wp-json\/wp\/v2\/product\/280804","targetHints":{"allow":["GET"]}}],"collection":[{"href":"https:\/\/www.huntersfriend.eu\/de\/wp-json\/wp\/v2\/product"}],"about":[{"href":"https:\/\/www.huntersfriend.eu\/de\/wp-json\/wp\/v2\/types\/product"}],"replies":[{"embeddable":true,"href":"https:\/\/www.huntersfriend.eu\/de\/wp-json\/wp\/v2\/comments?post=280804"}],"wp:featuredmedia":[{"embeddable":true,"href":"https:\/\/www.huntersfriend.eu\/de\/wp-json\/wp\/v2\/media\/260851"}],"wp:attachment":[{"href":"https:\/\/www.huntersfriend.eu\/de\/wp-json\/wp\/v2\/media?parent=280804"}],"wp:term":[{"taxonomy":"product_brand","embeddable":true,"href":"https:\/\/www.huntersfriend.eu\/de\/wp-json\/wp\/v2\/product_brand?post=280804"},{"taxonomy":"product_cat","embeddable":true,"href":"https:\/\/www.huntersfriend.eu\/de\/wp-json\/wp\/v2\/product_cat?post=280804"},{"taxonomy":"product_tag","embeddable":true,"href":"https:\/\/www.huntersfriend.eu\/de\/wp-json\/wp\/v2\/product_tag?post=280804"}],"curies":[{"name":"wp","href":"https:\/\/api.w.org\/{rel}","templated":true}]}}