{"id":280802,"date":"2023-12-22T01:00:07","date_gmt":"2025-06-23T08:18:13","guid":{"rendered":"https:\/\/www.huntersfriend.eu\/product\/hornady-lock-n-load-classic-kit\/"},"modified":"2026-04-16T07:30:18","modified_gmt":"2026-04-16T05:30:18","slug":"hornady-lock-n-load-classic-kit","status":"publish","type":"product","link":"https:\/\/www.huntersfriend.eu\/de\/produkt\/hornady-lock-n-load-classic-kit\/","title":{"rendered":"Hornady Lock-N-Load Classic Kit"},"content":{"rendered":"<p>Das Hornady Lock-N-Load Classic Kit ist eine Einzelstufenpresse. Es eignet sich hervorragend sowohl f\u00fcr Anf\u00e4nger als auch f\u00fcr diejenigen, die vollst\u00e4ndige Kontrolle \u00fcber den gesamten Prozess w\u00fcnschen. Das Lock-N-Load Classic bietet sowohl Zuverl\u00e4ssigkeit als auch Pr\u00e4zision mit seinem einzigartig abgewinkelten, massiv gegossenen Rahmen, der eine verbesserte Sichtbarkeit und leichteren Zugang zur Patrone erm\u00f6glicht. Es wurde entwickelt, um eine perfekte Ausrichtung von Matrize und H\u00fclsenhalter zu gew\u00e4hrleisten, und sein Lock-N-Load Schnellwechsel-Buchsensystem macht den Prozess zudem schnell und einfach.   <\/p>\n<h3>Funktionen<\/h3>\n<p><strong>Lock-N-Load\u00ae Schnellwechsel-Buchsensystem<\/strong><\/p>\n<p>Lock-N-Load\u00ae Buchsen erm\u00f6glichen nicht nur den Wechsel von einer Matrize zur anderen innerhalb von Sekunden, sondern bieten auch die schnellste und einfachste Matrizeneinrichtung auf dem Markt. Setzen Sie einfach die Matrize ein und ziehen Sie den Sure-Loc\u2122 Ring auf der Lock-N-Load\u00ae Buchse fest. Schnelles Entfernen und Wiedereinsetzen ohne die Notwendigkeit, die Matrize neu einzustellen oder eine separate Setzmatrize f\u00fcr jede Ihrer bevorzugten Ladungen zu behalten.  <\/p>\n<p><strong>Power-Pac Gest\u00e4nge und massive Stahlarme<\/strong><\/p>\n<p>Die Arme rotieren auf Stahlstiften, die vollst\u00e4ndig durch den gegossenen Rahmen laufen. Das Power-Pac Gest\u00e4ngedesign multipliziert die Hebelwirkung, die Sie auf den Griff aus\u00fcben, erleichtert das Dimensionieren von H\u00fclsen und reduziert die Erm\u00fcdung des Benutzers. <\/p>\n<p><strong>Positive Priming System\u2122 (PPS)<\/strong><\/p>\n<p>Sobald das verbrauchte Z\u00fcndh\u00fctchen am oberen Ende des Hubs ausgeworfen wird, k\u00f6nnen Sie ein neues Z\u00fcndh\u00fctchen in das PPS einf\u00fchren, das sich selbst ausrichtet, um das Z\u00fcndh\u00fctchen am unteren Ende des Hubs, wo die Hebelwirkung am besten ist, zuzuf\u00fchren und einzusetzen. Unser selbstausrichtender Z\u00fcndh\u00fctchenarm erm\u00f6glicht auch ein einfaches manuelles Einsetzen von Z\u00fcndh\u00fctchen, ohne den Hebel anheben zu m\u00fcssen. Die gesamte Arbeit wird am unteren Ende des Hubs erledigt. Funktioniert einfacher als St\u00f6\u00dfelz\u00fcndeinheiten und wesentlich besser als Z\u00fcndh\u00fctchenarme alter Bauart. Kleine und gro\u00dfe Stempel sind im Lieferumfang enthalten.    <\/p>\n<p><strong>Starker abgewinkelter Rahmen<\/strong><\/p>\n<p>Dieser hochfeste Legierungsrahmen bietet die f\u00fcr pr\u00e4zises Wiederladen erforderliche Steifigkeit und Stabilit\u00e4t und ist garantiert bruch- und versagenssicher. Der einzigartige Winkel des Rahmens bietet dem Wiederlader eine verbesserte Sichtbarkeit und einen leichteren Zugang zur Patrone in der Presse. <\/p>\n<p><strong>Grifffreundlicher Hebel<\/strong><\/p>\n<p>Der gro\u00dfe, kugelf\u00f6rmige Griff reduziert Erm\u00fcdungserscheinungen. Der lange Hebel erh\u00f6ht die Hebelwirkung und verringert den Kraftaufwand. <\/p>\n<p><strong>Automatische Z\u00fcndh\u00fctchenzuf\u00fchrung (Optional, Artikel-Nr. 070905)<\/strong><\/p>\n<p>Beinhaltet sowohl gro\u00dfe als auch kleine Z\u00fcndh\u00fctchenr\u00f6hrchen. In Verbindung mit unserem Positive Priming System\u2122 gibt es kein Hantieren mit Z\u00fcndh\u00fctchen mehr &#8211; das Z\u00fcnden erfolgt zu 100% ohne Handber\u00fchrung. Separat erh\u00e4ltlich.  <\/p>\n<p><strong>Das Hornady Lock-N-Load Classic Kit beinhaltet:<\/strong><\/p>\n<ul>\n<li>Lock-N-Load\u00ae Classic\u2122<\/li>\n<li>Wiederladungshandbuch<\/li>\n<li>Lock-N-Load\u00ae Pulverdosierer<\/li>\n<li>Digitalwaage<\/li>\n<li>Lock-N-Load\u00ae Matrizenbuchsen (3)<\/li>\n<li>Z\u00fcndh\u00fctchenauffangbeh\u00e4lter<\/li>\n<li>Positive Priming\u2122 System<\/li>\n<li>Handz\u00fcndh\u00fctchensetzger\u00e4t<\/li>\n<li>Universeller Wiederladeblock<\/li>\n<li>Entgrat- und Fasenwerkzeug<\/li>\n<li>Pulvertrichter<\/li>\n<li>Pulvertrichter<\/li>\n<li>One Shot\u00ae H\u00fclsenschmiermittel<\/li>\n<\/ul>\n","protected":false},"excerpt":{"rendered":"<p>Das Hornady Lock-N-Load Classic Kit ist eine Einzelstufenpresse. Es eignet sich hervorragend sowohl f\u00fcr Anf\u00e4nger als auch f\u00fcr diejenigen, die vollst\u00e4ndige Kontrolle \u00fcber den gesamten Prozess w\u00fcnschen. Das Lock-N-Load Classic bietet sowohl Zuverl\u00e4ssigkeit als auch Pr\u00e4zision mit seinem einzigartig abgewinkelten, massiv gegossenen Rahmen, der eine verbesserte Sichtbarkeit und leichteren Zugang zur Patrone erm\u00f6glicht. Es wurde [&#8230;]\n","protected":false},"featured_media":260853,"comment_status":"open","ping_status":"closed","template":"","meta":[],"product_brand":[],"product_cat":[2832,2179,1830],"product_tag":[],"class_list":{"0":"post-280802","1":"product","2":"type-product","3":"status-publish","4":"has-post-thumbnail","6":"product_cat-laddningsutrustning","7":"product_cat-wiederladezubehor","8":"product_cat-reloading","10":"first","11":"instock","12":"taxable","13":"shipping-taxable","14":"purchasable","15":"product-type-simple"},"composite_virtual":false,"composite_layout":"","composite_add_to_cart_form_location":"","composite_editable_in_cart":false,"composite_sold_individually_context":"","composite_shop_price_calc":"","composite_components":[],"composite_scenarios":[],"group_of_quantity":0,"min_quantity":0,"max_quantity":"","exclude_order_quantity_value_rules":"no","exclude_category_quantity_rules":"no","combine_variations":"no","exclude_global_add_ons":[],"addons":[],"_links":{"self":[{"href":"https:\/\/www.huntersfriend.eu\/de\/wp-json\/wp\/v2\/product\/280802","targetHints":{"allow":["GET"]}}],"collection":[{"href":"https:\/\/www.huntersfriend.eu\/de\/wp-json\/wp\/v2\/product"}],"about":[{"href":"https:\/\/www.huntersfriend.eu\/de\/wp-json\/wp\/v2\/types\/product"}],"replies":[{"embeddable":true,"href":"https:\/\/www.huntersfriend.eu\/de\/wp-json\/wp\/v2\/comments?post=280802"}],"wp:featuredmedia":[{"embeddable":true,"href":"https:\/\/www.huntersfriend.eu\/de\/wp-json\/wp\/v2\/media\/260853"}],"wp:attachment":[{"href":"https:\/\/www.huntersfriend.eu\/de\/wp-json\/wp\/v2\/media?parent=280802"}],"wp:term":[{"taxonomy":"product_brand","embeddable":true,"href":"https:\/\/www.huntersfriend.eu\/de\/wp-json\/wp\/v2\/product_brand?post=280802"},{"taxonomy":"product_cat","embeddable":true,"href":"https:\/\/www.huntersfriend.eu\/de\/wp-json\/wp\/v2\/product_cat?post=280802"},{"taxonomy":"product_tag","embeddable":true,"href":"https:\/\/www.huntersfriend.eu\/de\/wp-json\/wp\/v2\/product_tag?post=280802"}],"curies":[{"name":"wp","href":"https:\/\/api.w.org\/{rel}","templated":true}]}}