{"id":280800,"date":"2023-12-22T01:00:07","date_gmt":"2025-06-23T08:18:11","guid":{"rendered":"https:\/\/www.huntersfriend.eu\/product\/hornady-g3-1500-elektronische-waage\/"},"modified":"2026-03-04T12:54:13","modified_gmt":"2026-03-04T10:54:13","slug":"hornady-g3-1500-elektronische-waage","status":"publish","type":"product","link":"https:\/\/www.huntersfriend.eu\/de\/produkt\/hornady-g3-1500-elektronische-waage\/","title":{"rendered":"Hornady G3-1500 elektronische Waage"},"content":{"rendered":"<p>Die Hornady G3-1500 elektronische Waage ist eine kompakte, batteriebetriebene und f\u00fcr Feineinstellung kompatible Waage, die eine maximale Referenzmessung von 1500 Grains bietet. Im Gegensatz zu anderen auf dem Markt erh\u00e4ltlichen Waagen verf\u00fcgt sie \u00fcber eine Pr\u00e4zisions-W\u00e4gezelle mit einer Genauigkeit von 1\/10 Grain und einer konstanten Anzeige bis zu 500 Grains, was die Flexibilit\u00e4t bietet, Pulver in die Schale zu dosieren oder Ladungen, Geschosse oder H\u00fclsen direkt zu wiegen. Sie k\u00f6nnen sich darauf verlassen, dass diese Waage Ihre pr\u00e4zisesten Handlade-Aufgaben effizient bew\u00e4ltigt.  <\/p>\n<p>Betrieb mit zwei AAA-Batterien (nicht im Lieferumfang enthalten).<\/p>\n","protected":false},"excerpt":{"rendered":"<p>Die Hornady G3-1500 elektronische Waage ist eine kompakte, batteriebetriebene und f\u00fcr Feineinstellung kompatible Waage, die eine maximale Referenzmessung von 1500 Grains bietet. Im Gegensatz zu anderen auf dem Markt erh\u00e4ltlichen Waagen verf\u00fcgt sie \u00fcber eine Pr\u00e4zisions-W\u00e4gezelle mit einer Genauigkeit von 1\/10 Grain und einer konstanten Anzeige bis zu 500 Grains, was die Flexibilit\u00e4t bietet, Pulver [&#8230;]\n","protected":false},"featured_media":260860,"comment_status":"open","ping_status":"closed","template":"","meta":[],"product_brand":[],"product_cat":[2832,2179,1830],"product_tag":[],"class_list":{"0":"post-280800","1":"product","2":"type-product","3":"status-publish","4":"has-post-thumbnail","6":"product_cat-laddningsutrustning","7":"product_cat-wiederladezubehor","8":"product_cat-reloading","10":"first","11":"instock","12":"taxable","13":"shipping-taxable","14":"purchasable","15":"product-type-simple"},"composite_virtual":false,"composite_layout":"","composite_add_to_cart_form_location":"","composite_editable_in_cart":false,"composite_sold_individually_context":"","composite_shop_price_calc":"","composite_components":[],"composite_scenarios":[],"group_of_quantity":0,"min_quantity":0,"max_quantity":"","exclude_order_quantity_value_rules":"no","exclude_category_quantity_rules":"no","combine_variations":"no","exclude_global_add_ons":[],"addons":[],"_links":{"self":[{"href":"https:\/\/www.huntersfriend.eu\/de\/wp-json\/wp\/v2\/product\/280800","targetHints":{"allow":["GET"]}}],"collection":[{"href":"https:\/\/www.huntersfriend.eu\/de\/wp-json\/wp\/v2\/product"}],"about":[{"href":"https:\/\/www.huntersfriend.eu\/de\/wp-json\/wp\/v2\/types\/product"}],"replies":[{"embeddable":true,"href":"https:\/\/www.huntersfriend.eu\/de\/wp-json\/wp\/v2\/comments?post=280800"}],"wp:featuredmedia":[{"embeddable":true,"href":"https:\/\/www.huntersfriend.eu\/de\/wp-json\/wp\/v2\/media\/260860"}],"wp:attachment":[{"href":"https:\/\/www.huntersfriend.eu\/de\/wp-json\/wp\/v2\/media?parent=280800"}],"wp:term":[{"taxonomy":"product_brand","embeddable":true,"href":"https:\/\/www.huntersfriend.eu\/de\/wp-json\/wp\/v2\/product_brand?post=280800"},{"taxonomy":"product_cat","embeddable":true,"href":"https:\/\/www.huntersfriend.eu\/de\/wp-json\/wp\/v2\/product_cat?post=280800"},{"taxonomy":"product_tag","embeddable":true,"href":"https:\/\/www.huntersfriend.eu\/de\/wp-json\/wp\/v2\/product_tag?post=280800"}],"curies":[{"name":"wp","href":"https:\/\/api.w.org\/{rel}","templated":true}]}}