{"id":280798,"date":"2023-12-22T01:00:06","date_gmt":"2025-06-23T08:18:10","guid":{"rendered":"https:\/\/www.huntersfriend.eu\/product\/hornady-lock-n-load-ap-progressive-presse\/"},"modified":"2026-03-04T12:54:12","modified_gmt":"2026-03-04T10:54:12","slug":"hornady-lock-n-load-ap-progressive-presse","status":"publish","type":"product","link":"https:\/\/www.huntersfriend.eu\/de\/produkt\/hornady-lock-n-load-ap-progressive-presse\/","title":{"rendered":"Hornady Lock-N-Load AP Progressive Presse"},"content":{"rendered":"<p><span class=\"jCAhz ChMk0b\"><span class=\"ryNqvb\">Die Hornady Lock-N-Load AP progressive Presse ist eine Ladevorrichtung mit mehreren Positionen zum Laden von Zentralfeuer-Gewehr- und Pistolenpatronen.<\/span><\/span> <span class=\"jCAhz ChMk0b\"><span class=\"ryNqvb\">Sie eignet sich besonders f\u00fcr diejenigen, die eine gr\u00f6\u00dfere Anzahl von Patronen oder mehrere verschiedene Kaliber einfach und schnell in serieller Produktion laden m\u00f6chten.<\/span><\/span> <span class=\"jCAhz\"><span class=\"ryNqvb\">Das Power-Pac-Gest\u00e4ngesystem von Hornady multipliziert und beschleunigt die Hebelwirkung am Griff und erleichtert das Laden.<\/span><\/span> <span class=\"jCAhz ChMk0b\"><span class=\"ryNqvb\">Durch Drehen des Ladehebels der Hornady Lock-N-Load AP erfolgen Z\u00fcndh\u00fctchensetzen, Entz\u00fcndern, Pulverf\u00fcllen und Geschosssetzung automatisch, sodass Sie mit jedem Hebelzug eine fertige Patrone erhalten.<\/span><\/span> <\/p>\n<p><span class=\"jCAhz ChMk0b\"><span class=\"ryNqvb\">Die Hornady Lock-N-Load AP Ladepresse verf\u00fcgt \u00fcber einen integrierten Z\u00fcndh\u00fctchenentferner und eine Z\u00fcndh\u00fctchenanzeige, die Ihnen mitteilt, wann es Zeit ist, Z\u00fcndh\u00fctchen nachzuf\u00fcllen.<\/span><\/span> <span class=\"jCAhz ChMk0b\"><span class=\"ryNqvb\">Die Ladepresse verf\u00fcgt zudem \u00fcber einen Pulverdosierer und eine manuell indexierbare 5-Positionen-H\u00fclsenaufnahme. <\/span><\/span><\/p>\n<p><span class=\"jCAhz ChMk0b\"><span class=\"ryNqvb\">Das Set beinhaltet: <\/span><\/span><\/p>\n<p><span class=\"jCAhz ChMk0b\"><span class=\"ryNqvb\">Hornady Lock-N-Load AP progressive Presse <\/span><\/span><\/p>\n<p><span class=\"jCAhz ChMk0b\"><span class=\"ryNqvb\">Pulverdosierer <\/span><\/span><\/p>\n<p><span class=\"jCAhz ChMk0b\"><span class=\"ryNqvb\">Das Z\u00fcndsystem<\/span><\/span> <span class=\"jCAhz ChMk0b\"><span class=\"ryNqvb\">H\u00fclsensystem<\/span><\/span> <\/p>\n<p><span class=\"jCAhz ChMk0b\"><span class=\"ryNqvb\">H\u00fclsenaufnahme<\/span><\/span> <span class=\"jCAhz\"><span class=\"ryNqvb\">Patronenablage<\/span><\/span><\/p>\n<p>&nbsp;<\/p>\n","protected":false},"excerpt":{"rendered":"<p>Die Hornady Lock-N-Load AP progressive Presse ist eine Ladevorrichtung mit mehreren Positionen zum Laden von Zentralfeuer-Gewehr- und Pistolenpatronen. Sie eignet sich besonders f\u00fcr diejenigen, die eine gr\u00f6\u00dfere Anzahl von Patronen oder mehrere verschiedene Kaliber einfach und schnell in serieller Produktion laden m\u00f6chten. Das Power-Pac-Gest\u00e4ngesystem von Hornady multipliziert und beschleunigt die Hebelwirkung am Griff und erleichtert [&#8230;]\n","protected":false},"featured_media":260863,"comment_status":"open","ping_status":"closed","template":"","meta":[],"product_brand":[],"product_cat":[2832],"product_tag":[],"class_list":{"0":"post-280798","1":"product","2":"type-product","3":"status-publish","4":"has-post-thumbnail","6":"product_cat-laddningsutrustning","8":"first","9":"instock","10":"taxable","11":"shipping-taxable","12":"purchasable","13":"product-type-simple"},"composite_virtual":false,"composite_layout":"","composite_add_to_cart_form_location":"","composite_editable_in_cart":false,"composite_sold_individually_context":"","composite_shop_price_calc":"","composite_components":[],"composite_scenarios":[],"group_of_quantity":0,"min_quantity":0,"max_quantity":"","exclude_order_quantity_value_rules":"no","exclude_category_quantity_rules":"no","combine_variations":"no","exclude_global_add_ons":[],"addons":[],"_links":{"self":[{"href":"https:\/\/www.huntersfriend.eu\/de\/wp-json\/wp\/v2\/product\/280798","targetHints":{"allow":["GET"]}}],"collection":[{"href":"https:\/\/www.huntersfriend.eu\/de\/wp-json\/wp\/v2\/product"}],"about":[{"href":"https:\/\/www.huntersfriend.eu\/de\/wp-json\/wp\/v2\/types\/product"}],"replies":[{"embeddable":true,"href":"https:\/\/www.huntersfriend.eu\/de\/wp-json\/wp\/v2\/comments?post=280798"}],"wp:featuredmedia":[{"embeddable":true,"href":"https:\/\/www.huntersfriend.eu\/de\/wp-json\/wp\/v2\/media\/260863"}],"wp:attachment":[{"href":"https:\/\/www.huntersfriend.eu\/de\/wp-json\/wp\/v2\/media?parent=280798"}],"wp:term":[{"taxonomy":"product_brand","embeddable":true,"href":"https:\/\/www.huntersfriend.eu\/de\/wp-json\/wp\/v2\/product_brand?post=280798"},{"taxonomy":"product_cat","embeddable":true,"href":"https:\/\/www.huntersfriend.eu\/de\/wp-json\/wp\/v2\/product_cat?post=280798"},{"taxonomy":"product_tag","embeddable":true,"href":"https:\/\/www.huntersfriend.eu\/de\/wp-json\/wp\/v2\/product_tag?post=280798"}],"curies":[{"name":"wp","href":"https:\/\/api.w.org\/{rel}","templated":true}]}}