{"id":280797,"date":"2023-12-22T00:54:22","date_gmt":"2025-06-23T08:13:56","guid":{"rendered":"https:\/\/www.huntersfriend.eu\/product\/rcbs-trim-pro-2-manueller-huelsenkuerzer-bausatz\/"},"modified":"2026-03-04T12:54:07","modified_gmt":"2026-03-04T10:54:07","slug":"rcbs-trim-pro-2-manueller-huelsenkuerzer-bausatz","status":"publish","type":"product","link":"https:\/\/www.huntersfriend.eu\/de\/produkt\/rcbs-trim-pro-2-manueller-huelsenkuerzer-bausatz\/","title":{"rendered":"RCBS Trim pro -2 Manueller H\u00fclsenk\u00fcrzer-Bausatz"},"content":{"rendered":"<p>Der RCBS Trim Pro -2 Manueller H\u00fclsenk\u00fcrzer-Bausatz wurde durch die Hinzuf\u00fcgung eines federbelasteten universellen H\u00fclsenhalters verbessert. Der federbelastete H\u00fclsenhalter fixiert die H\u00fclse sicher in Ausrichtung mit dem Schneidwerkzeug. Hinweis: H\u00fclsen mit Randdurchmessern gr\u00f6\u00dfer als 15,875 mm m\u00fcssen auf dem 90352 Hochleistungs-Trimmer gek\u00fcrzt werden.  <\/p>\n<ul>\n<li>Konzipiert f\u00fcr eine Genauigkeit von 0,0254 mm<\/li>\n<li>Grobe und feine Einstellungen der Trimmerl\u00e4nge<\/li>\n<li>Feineinstellungsbuchse mit 0,0254-mm-Mikrometer-Markierungen<\/li>\n<li>Federbelasteter H\u00fclsenhalter f\u00fcr H\u00fclsenkopfdurchmesser von 6,35 mm bis 15,875 mm Rand<\/li>\n<li>H\u00fclsenpassung reicht von 5,7 mm x 28 bis .338 Lapua Magnum<\/li>\n<li>Bausatz beinhaltet F\u00fchrungsstifte: .22, .24, .25, .27, .28, .30, .35, .44 und .45<\/li>\n<\/ul>\n","protected":false},"excerpt":{"rendered":"<p>Der RCBS Trim Pro -2 Manueller H\u00fclsenk\u00fcrzer-Bausatz wurde durch die Hinzuf\u00fcgung eines federbelasteten universellen H\u00fclsenhalters verbessert. Der federbelastete H\u00fclsenhalter fixiert die H\u00fclse sicher in Ausrichtung mit dem Schneidwerkzeug. Hinweis: H\u00fclsen mit Randdurchmessern gr\u00f6\u00dfer als 15,875 mm m\u00fcssen auf dem 90352 Hochleistungs-Trimmer gek\u00fcrzt werden. Konzipiert f\u00fcr eine Genauigkeit von 0,0254 mm Grobe und feine Einstellungen der [&#8230;]\n","protected":false},"featured_media":260869,"comment_status":"open","ping_status":"closed","template":"","meta":[],"product_brand":[],"product_cat":[2832],"product_tag":[],"class_list":{"0":"post-280797","1":"product","2":"type-product","3":"status-publish","4":"has-post-thumbnail","6":"product_cat-laddningsutrustning","7":"product_shipping_class-medium-de","9":"first","10":"instock","11":"taxable","12":"shipping-taxable","13":"purchasable","14":"product-type-simple"},"composite_virtual":false,"composite_layout":"","composite_add_to_cart_form_location":"","composite_editable_in_cart":false,"composite_sold_individually_context":"","composite_shop_price_calc":"","composite_components":[],"composite_scenarios":[],"group_of_quantity":0,"min_quantity":0,"max_quantity":"","exclude_order_quantity_value_rules":"no","exclude_category_quantity_rules":"no","combine_variations":"no","exclude_global_add_ons":[],"addons":[],"_links":{"self":[{"href":"https:\/\/www.huntersfriend.eu\/de\/wp-json\/wp\/v2\/product\/280797","targetHints":{"allow":["GET"]}}],"collection":[{"href":"https:\/\/www.huntersfriend.eu\/de\/wp-json\/wp\/v2\/product"}],"about":[{"href":"https:\/\/www.huntersfriend.eu\/de\/wp-json\/wp\/v2\/types\/product"}],"replies":[{"embeddable":true,"href":"https:\/\/www.huntersfriend.eu\/de\/wp-json\/wp\/v2\/comments?post=280797"}],"wp:featuredmedia":[{"embeddable":true,"href":"https:\/\/www.huntersfriend.eu\/de\/wp-json\/wp\/v2\/media\/260869"}],"wp:attachment":[{"href":"https:\/\/www.huntersfriend.eu\/de\/wp-json\/wp\/v2\/media?parent=280797"}],"wp:term":[{"taxonomy":"product_brand","embeddable":true,"href":"https:\/\/www.huntersfriend.eu\/de\/wp-json\/wp\/v2\/product_brand?post=280797"},{"taxonomy":"product_cat","embeddable":true,"href":"https:\/\/www.huntersfriend.eu\/de\/wp-json\/wp\/v2\/product_cat?post=280797"},{"taxonomy":"product_tag","embeddable":true,"href":"https:\/\/www.huntersfriend.eu\/de\/wp-json\/wp\/v2\/product_tag?post=280797"}],"curies":[{"name":"wp","href":"https:\/\/api.w.org\/{rel}","templated":true}]}}