{"id":280796,"date":"2023-12-22T00:54:21","date_gmt":"2025-06-23T08:13:55","guid":{"rendered":"https:\/\/www.huntersfriend.eu\/product\/rcbs-rock-chucker-supreme-kit\/"},"modified":"2026-03-04T12:54:06","modified_gmt":"2026-03-04T10:54:06","slug":"rcbs-rock-chucker-supreme-kit","status":"publish","type":"product","link":"https:\/\/www.huntersfriend.eu\/de\/produkt\/rcbs-rock-chucker-supreme-kit\/","title":{"rendered":"RCBS Rock chucker supreme KIT"},"content":{"rendered":"<p>Das Rock Chucker Supreme Master Reloading Kit ist seit langem der K\u00f6nig der Wiederladesets. Wir haben den Ma\u00dfstab f\u00fcr Einzelstufenpressen (Rock Chucker Supreme) genommen und ihn mit der Ausr\u00fcstung umgeben, die Sie ben\u00f6tigen (mit Ausnahme von Matrizen und H\u00fclsenhaltern), um wie ein Profi mit dem Handladen von Munition zu beginnen. <\/p>\n<p><strong>Rock chucker supreme<\/strong><\/p>\n<p>Das R\u00fcckgrat dieses Wiederladekits ist die legend\u00e4re Rock Chucker Supreme Einzelstufenpresse. Sie vereint einfache Bedienung, einen beidh\u00e4ndigen Griff, herausragende St\u00e4rke und Vielseitigkeit, um sich diesen begehrten Platz auf Ihrer Wiederladebank zu verdienen. Sie verf\u00fcgt \u00fcber ein ger\u00e4umiges 4,25-Zoll-Ladefenster, das perfekt f\u00fcr das Laden l\u00e4ngerer Magnummunition geeignet ist, und ein zentrales Schwenkdesign, das hervorragenden Hebel bietet, um auch die h\u00e4rtesten H\u00fclsen zu dimensionieren.  <\/p>\n<p><strong>Beinhaltet das Uniflow Powder Measure III<\/strong><\/p>\n<p>Das Uniflow-III Pulverdosierer ist das pr\u00e4ziseste Uniflow, das RCBS je produziert hat. Der UPM-III wirft konstant pr\u00e4zise Ladungen Wiederladung f\u00fcr Wiederladung. Die exakten engen Toleranzen erm\u00f6glichen es dem Pulver, gleichm\u00e4\u00dfig aus dem Messzylinder in eine H\u00fclse zu flie\u00dfen und eliminieren so die Gefahren von \u00dcberladungen, die durch Verstopfungen beim Abwerfen der Ladungen entstehen k\u00f6nnen.  <\/p>\n<p><strong>Wird mit der M500 mechanischen Waage geliefert<\/strong><\/p>\n<p>Die RCBS M500 Waage verf\u00fcgt \u00fcber ein bew\u00e4hrtes Zwei-Laufgewicht-Design, das Ihnen erm\u00f6glicht, bis zu 505 Grains mit einer Genauigkeit von +\/-0,1 Grain zu wiegen. Zudem bietet sie das magnetische D\u00e4mpfungssystem von RCBS f\u00fcr schnelle Ablesungen und wartungsfreie Bewegung.<\/p>\n<p><strong>Beinhaltet auch unser Handz\u00fcndwerkzeug<\/strong><\/p>\n<p>Das RCBS Handz\u00fcndwerkzeug setzt nicht nur schnell Z\u00fcndh\u00fctchen, sondern verf\u00fcgt auch \u00fcber einen Sicherheitsmechanismus, der den Setzvorgang vom Z\u00fcndh\u00fctchenvorrat trennt, um das Risiko einer Magazindetonation zu reduzieren.<\/p>\n<p><strong>Das Rock Chucker Supreme Wiederladekit beinhaltet:<\/strong><\/p>\n<ul>\n<li>Rock chucker supreme Presse<\/li>\n<li>Uniflow-III Pulverdosierer<\/li>\n<li>M500 mechanische Waage<\/li>\n<li>Handz\u00fcndwerkzeug<\/li>\n<li>.17-.60 Entgratwerkzeug<\/li>\n<li>Zubeh\u00f6rgriff &#8211; 2 mit zwei H\u00fclsenhalsb\u00fcrsten<\/li>\n<li>Universeller H\u00fclsenblock<\/li>\n<li>Sechskantschl\u00fcsselsatz<\/li>\n<li>H\u00fclsenschmier-Set<\/li>\n<li>Pulvertrichter<\/li>\n<li>Speer Wiederladehandbuch<\/li>\n<\/ul>\n","protected":false},"excerpt":{"rendered":"<p>Das Rock Chucker Supreme Master Reloading Kit ist seit langem der K\u00f6nig der Wiederladesets. Wir haben den Ma\u00dfstab f\u00fcr Einzelstufenpressen (Rock Chucker Supreme) genommen und ihn mit der Ausr\u00fcstung umgeben, die Sie ben\u00f6tigen (mit Ausnahme von Matrizen und H\u00fclsenhaltern), um wie ein Profi mit dem Handladen von Munition zu beginnen. Rock chucker supreme Das R\u00fcckgrat [&#8230;]\n","protected":false},"featured_media":260871,"comment_status":"open","ping_status":"closed","template":"","meta":[],"product_brand":[],"product_cat":[2832],"product_tag":[],"class_list":{"0":"post-280796","1":"product","2":"type-product","3":"status-publish","4":"has-post-thumbnail","6":"product_cat-laddningsutrustning","7":"product_shipping_class-medium-de","9":"first","10":"instock","11":"taxable","12":"shipping-taxable","13":"purchasable","14":"product-type-simple"},"composite_virtual":false,"composite_layout":"","composite_add_to_cart_form_location":"","composite_editable_in_cart":false,"composite_sold_individually_context":"","composite_shop_price_calc":"","composite_components":[],"composite_scenarios":[],"group_of_quantity":0,"min_quantity":0,"max_quantity":"","exclude_order_quantity_value_rules":"no","exclude_category_quantity_rules":"no","combine_variations":"no","exclude_global_add_ons":[],"addons":[],"_links":{"self":[{"href":"https:\/\/www.huntersfriend.eu\/de\/wp-json\/wp\/v2\/product\/280796","targetHints":{"allow":["GET"]}}],"collection":[{"href":"https:\/\/www.huntersfriend.eu\/de\/wp-json\/wp\/v2\/product"}],"about":[{"href":"https:\/\/www.huntersfriend.eu\/de\/wp-json\/wp\/v2\/types\/product"}],"replies":[{"embeddable":true,"href":"https:\/\/www.huntersfriend.eu\/de\/wp-json\/wp\/v2\/comments?post=280796"}],"wp:featuredmedia":[{"embeddable":true,"href":"https:\/\/www.huntersfriend.eu\/de\/wp-json\/wp\/v2\/media\/260871"}],"wp:attachment":[{"href":"https:\/\/www.huntersfriend.eu\/de\/wp-json\/wp\/v2\/media?parent=280796"}],"wp:term":[{"taxonomy":"product_brand","embeddable":true,"href":"https:\/\/www.huntersfriend.eu\/de\/wp-json\/wp\/v2\/product_brand?post=280796"},{"taxonomy":"product_cat","embeddable":true,"href":"https:\/\/www.huntersfriend.eu\/de\/wp-json\/wp\/v2\/product_cat?post=280796"},{"taxonomy":"product_tag","embeddable":true,"href":"https:\/\/www.huntersfriend.eu\/de\/wp-json\/wp\/v2\/product_tag?post=280796"}],"curies":[{"name":"wp","href":"https:\/\/api.w.org\/{rel}","templated":true}]}}