{"id":280795,"date":"2023-12-22T00:54:20","date_gmt":"2025-06-23T08:13:54","guid":{"rendered":"https:\/\/www.huntersfriend.eu\/product\/rcbs-rock-chucker-supreme-presse\/"},"modified":"2026-03-04T12:54:05","modified_gmt":"2026-03-04T10:54:05","slug":"rcbs-rock-chucker-supreme-presse","status":"publish","type":"product","link":"https:\/\/www.huntersfriend.eu\/de\/produkt\/rcbs-rock-chucker-supreme-presse\/","title":{"rendered":"RCBS Rock Chucker Supreme Presse"},"content":{"rendered":"<p>Der Rock Chucker Supreme vereint einfache Bedienung, einen beidh\u00e4ndigen Griff, herausragende Stabilit\u00e4t und Vielseitigkeit, um sich jenen begehrten Platz auf Ihrer Wiederladebank zu verdienen. Er verf\u00fcgt \u00fcber ein ger\u00e4umiges 4,25-Zoll-Ladefenster, das sich perfekt f\u00fcr das Laden l\u00e4ngerer Magnumpatronen eignet, sowie \u00fcber ein zentrales Drehgelenk-Design, das einen hervorragenden Hebel zum Gr\u00f6\u00dfen der h\u00e4rtesten H\u00fclsen bietet. Der Rock Chucker Supreme besitzt zudem gro\u00dfe Befestigungspunkte und einen langen Griff, um sicherzustellen, dass Sie Ihre H\u00fclsen m\u00fchelos und ohne Bef\u00fcrchtung, die Presse von Ihrer Werkbank zu ziehen, gr\u00f6\u00dfen k\u00f6nnen.  <\/p>\n<p>Zubeh\u00f6r-Grundplatte nicht im Lieferumfang enthalten.<\/p>\n<ul>\n<li>Akzeptiert Standard-Matrizen mit 7\/8 \u201e-14 Gewinde mit Buchse und 1-1\/4\u201c-12 ohne Buchse<\/li>\n<li>4,25 Zoll Arbeitsfenster<\/li>\n<li>Z\u00fcndung direkt an der Presse<\/li>\n<li>Robuste Konstruktion aus Gusseisen<\/li>\n<li>Beidh\u00e4ndig bedienbar<\/li>\n<li>Gest\u00fctzt durch legend\u00e4re<\/li>\n<\/ul>\n","protected":false},"excerpt":{"rendered":"<p>Der Rock Chucker Supreme vereint einfache Bedienung, einen beidh\u00e4ndigen Griff, herausragende Stabilit\u00e4t und Vielseitigkeit, um sich jenen begehrten Platz auf Ihrer Wiederladebank zu verdienen. Er verf\u00fcgt \u00fcber ein ger\u00e4umiges 4,25-Zoll-Ladefenster, das sich perfekt f\u00fcr das Laden l\u00e4ngerer Magnumpatronen eignet, sowie \u00fcber ein zentrales Drehgelenk-Design, das einen hervorragenden Hebel zum Gr\u00f6\u00dfen der h\u00e4rtesten H\u00fclsen bietet. Der [&#8230;]\n","protected":false},"featured_media":260880,"comment_status":"open","ping_status":"closed","template":"","meta":[],"product_brand":[],"product_cat":[2832],"product_tag":[],"class_list":{"0":"post-280795","1":"product","2":"type-product","3":"status-publish","4":"has-post-thumbnail","6":"product_cat-laddningsutrustning","7":"product_shipping_class-medium-de","9":"first","10":"instock","11":"taxable","12":"shipping-taxable","13":"purchasable","14":"product-type-simple"},"composite_virtual":false,"composite_layout":"","composite_add_to_cart_form_location":"","composite_editable_in_cart":false,"composite_sold_individually_context":"","composite_shop_price_calc":"","composite_components":[],"composite_scenarios":[],"group_of_quantity":0,"min_quantity":0,"max_quantity":"","exclude_order_quantity_value_rules":"no","exclude_category_quantity_rules":"no","combine_variations":"no","exclude_global_add_ons":[],"addons":[],"_links":{"self":[{"href":"https:\/\/www.huntersfriend.eu\/de\/wp-json\/wp\/v2\/product\/280795","targetHints":{"allow":["GET"]}}],"collection":[{"href":"https:\/\/www.huntersfriend.eu\/de\/wp-json\/wp\/v2\/product"}],"about":[{"href":"https:\/\/www.huntersfriend.eu\/de\/wp-json\/wp\/v2\/types\/product"}],"replies":[{"embeddable":true,"href":"https:\/\/www.huntersfriend.eu\/de\/wp-json\/wp\/v2\/comments?post=280795"}],"wp:featuredmedia":[{"embeddable":true,"href":"https:\/\/www.huntersfriend.eu\/de\/wp-json\/wp\/v2\/media\/260880"}],"wp:attachment":[{"href":"https:\/\/www.huntersfriend.eu\/de\/wp-json\/wp\/v2\/media?parent=280795"}],"wp:term":[{"taxonomy":"product_brand","embeddable":true,"href":"https:\/\/www.huntersfriend.eu\/de\/wp-json\/wp\/v2\/product_brand?post=280795"},{"taxonomy":"product_cat","embeddable":true,"href":"https:\/\/www.huntersfriend.eu\/de\/wp-json\/wp\/v2\/product_cat?post=280795"},{"taxonomy":"product_tag","embeddable":true,"href":"https:\/\/www.huntersfriend.eu\/de\/wp-json\/wp\/v2\/product_tag?post=280795"}],"curies":[{"name":"wp","href":"https:\/\/api.w.org\/{rel}","templated":true}]}}