{"id":280791,"date":"2024-01-31T12:04:44","date_gmt":"2024-01-31T10:04:44","guid":{"rendered":"https:\/\/www.huntersfriend.eu\/product\/darton-sequel-31-vorraetig\/"},"modified":"2025-11-05T12:08:27","modified_gmt":"2025-11-05T10:08:27","slug":"darton-sequel-31-vorraetig","status":"publish","type":"product","link":"https:\/\/www.huntersfriend.eu\/de\/produkt\/darton-sequel-31-vorraetig\/","title":{"rendered":"Darton Sequel 31 &#8211; vorr\u00e4tig"},"content":{"rendered":"<p style=\"text-align: left;\" align=\"center\"><strong><span style=\"font-size: 120%;\">DARTON SEQUEL 31<span data-text-color=\"secondary\"> LIMITIERTER BESTAND!!<\/span><\/span><\/strong><\/p>\n<p style=\"text-align: left;\" align=\"center\"><strong>DER GRUNDSTEIN DER TRANSFORMATION<\/strong><\/p>\n<p style=\"text-align: left;\" align=\"center\"><span data-fontfamily=\"Source Sans 3\" data-fontweight=\"300\">Das V\u00d6LLIG neue Sequel 31 wurde von Grund auf neu konzipiert. Das Einzige, was unver\u00e4ndert blieb, ist NICHTS! Worte k\u00f6nnen die Geschmeidigkeit, den Komfort und die Leistung des Sequel 31 kaum beschreiben! Mit einem v\u00f6llig neuen GESCHMIEDETEN 7075 T6 Riser ist dieses Ger\u00e4t ROBUST! Das neu gestaltete Riser bringt einen bei Darton NIE zuvor gesehenen Look und wird sicherlich selbst die sch\u00e4rfsten Kritiker verstummen lassen! Dartons neuer Nocken, den wir BBS Cam nennen, wurde f\u00fcr Geschmeidigkeit, Komfort und Geschwindigkeit konzipiert, und genau das liefert er. Dies wird der geschmeidigste Bogen sein, den Sie nie geh\u00f6rt haben, weil er fl\u00fcsterleise ist! Dartons V\u00d6LLIG neue .870 Wurfarmschenkel und Wurfarmtaschen verleihen Stabilit\u00e4t, Geschwindigkeit und ein unglaubliches Gef\u00fchl!<\/span><\/p>\n<p style=\"text-align: left;\" align=\"center\"><strong>\u00dcBERLEGENE QUALIT\u00c4T &amp; PR\u00c4ZISIONSTOLERANZEN<\/strong><\/p>\n<ul>\n<li>V\u00d6LLIG NEUES MITTELST\u00dcCK-DESIGN<\/li>\n<li>7075 t-6511 vorvorgespanntes Schmiedest\u00fcck<\/li>\n<li>7075 BBS Dual-Sync-Nocken<\/li>\n<li>1\/4-Zoll-Achsen<\/li>\n<li>5\/8&#8243; Lager<\/li>\n<li>.870 Wurfarme und Wurfarmtaschen (Erh\u00f6hen die Stabilit\u00e4t)<\/li>\n<li>DER DARTON GRIFF<\/li>\n<li>Integrierte QAD-Auflage-Halterung<\/li>\n<li>Rollenf\u00fchrung<\/li>\n<li>Neues Gabelst\u00fccksystem<\/li>\n<li>Rotierendes MOD<\/li>\n<\/ul>\n<p><strong>PR\u00c4ZISIONSSPEZIFIKATIONEN<\/strong><\/p>\n<p><span data-fontfamily=\"Oswald\" data-fontweight=\"300\">Die wichtigste Voraussetzung f\u00fcr t\u00f6dlich pr\u00e4zise Sch\u00fcsse sind Pr\u00e4zisionstoleranzen. Darton-Kunden berichten h\u00e4ufig von noch engeren Toleranzen als angegeben. Sie werden den Unterschied bemerken.  <\/span><\/p>\n<ul>\n<li>GESCHWINDIGKEIT: TATS\u00c4CHLICH 335-334 FPS<\/li>\n<li>ACHSE-ZU-ACHSE: 31 1\/16&#8243;<\/li>\n<li>STANDH\u00d6HE: 6,3&#8243;<\/li>\n<li>GESAMTGEWICHT: 4,45 LBS. (Ohne installiertes LVS, im Lieferumfang enthalten) <\/li>\n<li>ZUGL\u00c4NGEN: 25 \u201e-30,5\u201c<\/li>\n<li>ZUGGEWICHTE: 50, 60, 70<\/li>\n<li>ABZUGSERLEICHTERUNG: 85-80% einstellbar mit Auszugsstoppstiften<\/li>\n<li><strong>BCY 452X NAT\u00dcRLICHES BOGENSEHNEN-MATERIAL<\/strong><\/li>\n<li>HERGESTELLT IN DEN USA<\/li>\n<\/ul>\n<p><strong>Der Darton Sequel 31 ist in vielen verschiedenen Farboptionen erh\u00e4ltlich:<\/strong><\/p>\n<ul>\n<li>Schwarzes Mittelst\u00fcck mit schwarzen Wurfarmen<\/li>\n<li>W\u00fcstentan mit schwarzen Wurfarmen<\/li>\n<li>Flaches Dunkelerdfarben mit schwarzen Wurfarmen<\/li>\n<li>Grau mit schwarzen Wurfarmen<\/li>\n<li>Kings XK7 Tarnmuster<\/li>\n<li>Kings XK7 Tarnmuster mit schwarzen Wurfarmen<\/li>\n<li>Olivgr\u00fcn mit schwarzen Wurfarmen<\/li>\n<li>URSI emerge 2.0 Tarnmuster<\/li>\n<li>URSI emerge 2.0 Tarnmuster mit schwarzen Wurfarmen<\/li>\n<li style=\"list-style-type: none;\">\n<ul>\n<li style=\"list-style-type: none;\">\n<\/li>\n<\/ul>\n<\/li>\n<\/ul>\n","protected":false},"excerpt":{"rendered":"<p>DARTON SEQUEL 31 LIMITIERTER BESTAND!! DER GRUNDSTEIN DER TRANSFORMATION Das V\u00d6LLIG neue Sequel 31 wurde von Grund auf neu konzipiert. Das Einzige, was unver\u00e4ndert blieb, ist NICHTS! Worte k\u00f6nnen die Geschmeidigkeit, den Komfort und die Leistung des Sequel 31 kaum beschreiben! Mit einem v\u00f6llig neuen GESCHMIEDETEN 7075 T6 Riser ist dieses Ger\u00e4t ROBUST! Das neu [&#8230;]\n","protected":false},"featured_media":261593,"comment_status":"open","ping_status":"closed","template":"","meta":[],"product_brand":[],"product_cat":[1145],"product_tag":[],"class_list":{"0":"post-280791","1":"product","2":"type-product","3":"status-publish","4":"has-post-thumbnail","6":"product_cat-sonstiges","8":"first","9":"outofstock","10":"sale","11":"taxable","12":"shipping-taxable","13":"purchasable","14":"product-type-variable","15":"has-default-attributes"},"composite_virtual":false,"composite_layout":"","composite_add_to_cart_form_location":"","composite_editable_in_cart":false,"composite_sold_individually_context":"","composite_shop_price_calc":"","composite_components":[],"composite_scenarios":[],"group_of_quantity":0,"min_quantity":0,"max_quantity":"","exclude_order_quantity_value_rules":"no","exclude_category_quantity_rules":"no","combine_variations":"no","exclude_global_add_ons":[],"addons":[],"_links":{"self":[{"href":"https:\/\/www.huntersfriend.eu\/de\/wp-json\/wp\/v2\/product\/280791","targetHints":{"allow":["GET"]}}],"collection":[{"href":"https:\/\/www.huntersfriend.eu\/de\/wp-json\/wp\/v2\/product"}],"about":[{"href":"https:\/\/www.huntersfriend.eu\/de\/wp-json\/wp\/v2\/types\/product"}],"replies":[{"embeddable":true,"href":"https:\/\/www.huntersfriend.eu\/de\/wp-json\/wp\/v2\/comments?post=280791"}],"wp:featuredmedia":[{"embeddable":true,"href":"https:\/\/www.huntersfriend.eu\/de\/wp-json\/wp\/v2\/media\/261593"}],"wp:attachment":[{"href":"https:\/\/www.huntersfriend.eu\/de\/wp-json\/wp\/v2\/media?parent=280791"}],"wp:term":[{"taxonomy":"product_brand","embeddable":true,"href":"https:\/\/www.huntersfriend.eu\/de\/wp-json\/wp\/v2\/product_brand?post=280791"},{"taxonomy":"product_cat","embeddable":true,"href":"https:\/\/www.huntersfriend.eu\/de\/wp-json\/wp\/v2\/product_cat?post=280791"},{"taxonomy":"product_tag","embeddable":true,"href":"https:\/\/www.huntersfriend.eu\/de\/wp-json\/wp\/v2\/product_tag?post=280791"}],"curies":[{"name":"wp","href":"https:\/\/api.w.org\/{rel}","templated":true}]}}