{"id":280789,"date":"2024-01-31T11:03:35","date_gmt":"2025-06-23T08:13:40","guid":{"rendered":"https:\/\/www.huntersfriend.eu\/product\/darton-emergence-bogen-auf-lager\/"},"modified":"2025-08-06T03:36:31","modified_gmt":"2025-08-06T01:36:31","slug":"darton-emergence-bogen-auf-lager","status":"publish","type":"product","link":"https:\/\/www.huntersfriend.eu\/de\/produkt\/darton-emergence-bogen-auf-lager\/","title":{"rendered":"Darton Emergence Bogen &#8211; auf Lager"},"content":{"rendered":"<p><strong>NEUE 2024 EMERGENCE<br \/>\nDie eindeutige Wahl f\u00fcr den fortschreitenden Bogensch\u00fctzen<br \/>\n<\/strong><\/p>\n<p><span data-fontfamily=\"Source Sans 3\">Darton hat einen neuen Ma\u00dfstab f\u00fcr einen kompakten Ziel-Bogen gesetzt! Die Emergence ist Dartons neuestes Bogenangebot, das die DualSync-Nocken mit dem Equalizing-Joch-System verwendet und speziell f\u00fcr den aufstrebenden oder fortschreitenden Bogensch\u00fctzen entwickelt wurde. Hier gibt es KEINE Kompromisse bei der Leistung! Dies wird die Wahl f\u00fcr jeden sein, der viele Pfeile ohne Erm\u00fcdung schie\u00dfen m\u00f6chte. Die Emergence ist ein Bogen mit kurzem Auszug, der f\u00fcr Sch\u00fctzen im Alter von 13 bis 70 Jahren mit einem Zuggewicht unter 50 Pfund geeignet ist. Sie erhalten Dartons neueste Technologie- und Leistungsinnovationen in einem kompakten Modell, das beim Schie\u00dfen Vertrauen gew\u00e4hrleistet.     <\/span><\/p>\n<ul>\n<li>V\u00d6LLIG NEUES MITTELST\u00dcCK-DESIGN<\/li>\n<li>VOLLST\u00c4NDIG neuer Griff<\/li>\n<li>7075 T-6511 vorgestrecktes und vorgespanntes Mittelst\u00fcck!<\/li>\n<li>7075 Nockenscheiben<\/li>\n<li>1\/4-Zoll-Achsen<\/li>\n<li>5\/8&#8243; Lager<\/li>\n<li>.790 Wurfarmteile und Wurfarmtaschen (Erh\u00f6hen die Stabilit\u00e4t)<\/li>\n<li>Patentiertes E-System<\/li>\n<li>Integrierte QAD-Pfeilauflage<\/li>\n<li>Verstellbare Rollenf\u00fchrung<\/li>\n<li>1\/4&#8243; Zuggewichtsmodifikationen<\/li>\n<li>Resonanzunterdr\u00fcckungsmodul<\/li>\n<\/ul>\n<p>PR\u00c4ZISIONSSPEZIFIKATIONEN<\/p>\n<p><span data-fontfamily=\"Source Sans 3\">Die wichtigste Voraussetzung f\u00fcr t\u00f6dlich genaue Sch\u00fcsse sind Pr\u00e4zisionstoleranzen. Unsere Kunden berichten h\u00e4ufig von noch engeren Toleranzen als von uns spezifiziert. Sie werden den Unterschied bemerken.  <\/span><\/p>\n<ul>\n<li>\n<ul>\n<li>\n<ul>\n<li>GESCHWINDIGKEIT: Nicht verf\u00fcgbar<\/li>\n<li>ACHSABSTAND: 32,5&#8243;<\/li>\n<li>STANDH\u00d6HE: 6 1\/8&#8243;<\/li>\n<li>GEWICHT: 3,7 LBS.<\/li>\n<li>AUSZUGSL\u00c4NGEN: 24 \u201e-29\u201c<\/li>\n<li>ZUGGEWICHTE: 35-50<\/li>\n<li>ABZUGSERLEICHTERUNG: 80% (Einstellbar)<\/li>\n<\/ul>\n<\/li>\n<\/ul>\n<\/li>\n<\/ul>\n","protected":false},"excerpt":{"rendered":"<p>NEUE 2024 EMERGENCE Die eindeutige Wahl f\u00fcr den fortschreitenden Bogensch\u00fctzen Darton hat einen neuen Ma\u00dfstab f\u00fcr einen kompakten Ziel-Bogen gesetzt! Die Emergence ist Dartons neuestes Bogenangebot, das die DualSync-Nocken mit dem Equalizing-Joch-System verwendet und speziell f\u00fcr den aufstrebenden oder fortschreitenden Bogensch\u00fctzen entwickelt wurde. Hier gibt es KEINE Kompromisse bei der Leistung! Dies wird die Wahl [&#8230;]\n","protected":false},"featured_media":262990,"comment_status":"open","ping_status":"closed","template":"","meta":[],"product_brand":[],"product_cat":[1145],"product_tag":[],"class_list":{"0":"post-280789","1":"product","2":"type-product","3":"status-publish","4":"has-post-thumbnail","6":"product_cat-sonstiges","7":"product_shipping_class-big-de","9":"first","10":"outofstock","11":"taxable","12":"shipping-taxable","13":"product-type-simple"},"composite_virtual":false,"composite_layout":"","composite_add_to_cart_form_location":"","composite_editable_in_cart":false,"composite_sold_individually_context":"","composite_shop_price_calc":"","composite_components":[],"composite_scenarios":[],"group_of_quantity":0,"min_quantity":0,"max_quantity":"","exclude_order_quantity_value_rules":"no","exclude_category_quantity_rules":"no","combine_variations":"no","exclude_global_add_ons":[],"addons":[],"_links":{"self":[{"href":"https:\/\/www.huntersfriend.eu\/de\/wp-json\/wp\/v2\/product\/280789","targetHints":{"allow":["GET"]}}],"collection":[{"href":"https:\/\/www.huntersfriend.eu\/de\/wp-json\/wp\/v2\/product"}],"about":[{"href":"https:\/\/www.huntersfriend.eu\/de\/wp-json\/wp\/v2\/types\/product"}],"replies":[{"embeddable":true,"href":"https:\/\/www.huntersfriend.eu\/de\/wp-json\/wp\/v2\/comments?post=280789"}],"wp:featuredmedia":[{"embeddable":true,"href":"https:\/\/www.huntersfriend.eu\/de\/wp-json\/wp\/v2\/media\/262990"}],"wp:attachment":[{"href":"https:\/\/www.huntersfriend.eu\/de\/wp-json\/wp\/v2\/media?parent=280789"}],"wp:term":[{"taxonomy":"product_brand","embeddable":true,"href":"https:\/\/www.huntersfriend.eu\/de\/wp-json\/wp\/v2\/product_brand?post=280789"},{"taxonomy":"product_cat","embeddable":true,"href":"https:\/\/www.huntersfriend.eu\/de\/wp-json\/wp\/v2\/product_cat?post=280789"},{"taxonomy":"product_tag","embeddable":true,"href":"https:\/\/www.huntersfriend.eu\/de\/wp-json\/wp\/v2\/product_tag?post=280789"}],"curies":[{"name":"wp","href":"https:\/\/api.w.org\/{rel}","templated":true}]}}