{"id":280787,"date":"2024-01-31T01:00:16","date_gmt":"2025-06-23T08:13:39","guid":{"rendered":"https:\/\/www.huntersfriend.eu\/product\/reese-outdoors-crazytail\/"},"modified":"2025-06-23T10:13:39","modified_gmt":"2025-06-23T08:13:39","slug":"reese-outdoors-crazytail","status":"publish","type":"product","link":"https:\/\/www.huntersfriend.eu\/de\/produkt\/reese-outdoors-crazytail\/","title":{"rendered":"Reese outdoors crazytail"},"content":{"rendered":"<p>Der Crazy Tail weist im Vergleich zum Jack on Crack ein d\u00fcnneres internes Rohrblattdesign auf. Er erzeugt einen weicheren und weniger rauen Ton als sein b\u00f6ser Zwilling. Der Crazy Tail wird insbesondere f\u00fcr den Einsatz in Gebieten mit dichtem Unterholz und Deckung empfohlen. CT ist konzipiert f\u00fcr das Anlocken von Schakalen, Kojoten, F\u00fcchsen, Marderhunden und Luchsen.   <\/p>\n","protected":false},"excerpt":{"rendered":"<p>Der Crazy Tail weist im Vergleich zum Jack on Crack ein d\u00fcnneres internes Rohrblattdesign auf. Er erzeugt einen weicheren und weniger rauen Ton als sein b\u00f6ser Zwilling. Der Crazy Tail wird insbesondere f\u00fcr den Einsatz in Gebieten mit dichtem Unterholz und Deckung empfohlen. CT ist konzipiert f\u00fcr das Anlocken von Schakalen, Kojoten, F\u00fcchsen, Marderhunden und [&#8230;]\n","protected":false},"featured_media":264649,"comment_status":"open","ping_status":"closed","template":"","meta":[],"product_brand":[],"product_cat":[1181],"product_tag":[],"class_list":{"0":"post-280787","1":"product","2":"type-product","3":"status-publish","4":"has-post-thumbnail","6":"product_cat-raubwild-locker","8":"first","9":"instock","10":"taxable","11":"shipping-taxable","12":"purchasable","13":"product-type-simple"},"composite_virtual":false,"composite_layout":"","composite_add_to_cart_form_location":"","composite_editable_in_cart":false,"composite_sold_individually_context":"","composite_shop_price_calc":"","composite_components":[],"composite_scenarios":[],"group_of_quantity":0,"min_quantity":0,"max_quantity":"","exclude_order_quantity_value_rules":"no","exclude_category_quantity_rules":"no","combine_variations":"no","exclude_global_add_ons":[],"addons":[],"_links":{"self":[{"href":"https:\/\/www.huntersfriend.eu\/de\/wp-json\/wp\/v2\/product\/280787","targetHints":{"allow":["GET"]}}],"collection":[{"href":"https:\/\/www.huntersfriend.eu\/de\/wp-json\/wp\/v2\/product"}],"about":[{"href":"https:\/\/www.huntersfriend.eu\/de\/wp-json\/wp\/v2\/types\/product"}],"replies":[{"embeddable":true,"href":"https:\/\/www.huntersfriend.eu\/de\/wp-json\/wp\/v2\/comments?post=280787"}],"wp:featuredmedia":[{"embeddable":true,"href":"https:\/\/www.huntersfriend.eu\/de\/wp-json\/wp\/v2\/media\/264649"}],"wp:attachment":[{"href":"https:\/\/www.huntersfriend.eu\/de\/wp-json\/wp\/v2\/media?parent=280787"}],"wp:term":[{"taxonomy":"product_brand","embeddable":true,"href":"https:\/\/www.huntersfriend.eu\/de\/wp-json\/wp\/v2\/product_brand?post=280787"},{"taxonomy":"product_cat","embeddable":true,"href":"https:\/\/www.huntersfriend.eu\/de\/wp-json\/wp\/v2\/product_cat?post=280787"},{"taxonomy":"product_tag","embeddable":true,"href":"https:\/\/www.huntersfriend.eu\/de\/wp-json\/wp\/v2\/product_tag?post=280787"}],"curies":[{"name":"wp","href":"https:\/\/api.w.org\/{rel}","templated":true}]}}