{"id":280786,"date":"2024-01-31T01:00:15","date_gmt":"2025-06-23T08:13:37","guid":{"rendered":"https:\/\/www.huntersfriend.eu\/product\/reese-outdoors-mini-meanie\/"},"modified":"2025-06-23T10:13:37","modified_gmt":"2025-06-23T08:13:37","slug":"reese-outdoors-mini-meanie","status":"publish","type":"product","link":"https:\/\/www.huntersfriend.eu\/de\/produkt\/reese-outdoors-mini-meanie\/","title":{"rendered":"Reese outdoors mini meanie"},"content":{"rendered":"<p>Von Welpen- und Vogelnotrufen bis hin zu Rehkitz- und Kaninchennotrufen ist das Mini-Meanie wahrlich ein vielseitiger Pr\u00e4datorenruf, der bei ALLEN Raubtieren hervorragend funktioniert. Das Mini-Meanie verf\u00fcgt \u00fcber einen extra tiefen Luftkanal, der hilft, Gegendruck w\u00e4hrend des Betriebs zu verhindern. Das Ergebnis ist eine \u00e4u\u00dferst einfache Handhabung sowohl f\u00fcr Anf\u00e4nger als auch f\u00fcr Profis. Das Mini-Meanie ist mit einer Polytonplatte und einem austauschbaren 10-mil-Blatt ausgestattet.   <\/p>\n","protected":false},"excerpt":{"rendered":"<p>Von Welpen- und Vogelnotrufen bis hin zu Rehkitz- und Kaninchennotrufen ist das Mini-Meanie wahrlich ein vielseitiger Pr\u00e4datorenruf, der bei ALLEN Raubtieren hervorragend funktioniert. Das Mini-Meanie verf\u00fcgt \u00fcber einen extra tiefen Luftkanal, der hilft, Gegendruck w\u00e4hrend des Betriebs zu verhindern. Das Ergebnis ist eine \u00e4u\u00dferst einfache Handhabung sowohl f\u00fcr Anf\u00e4nger als auch f\u00fcr Profis. Das Mini-Meanie [&#8230;]\n","protected":false},"featured_media":264652,"comment_status":"open","ping_status":"closed","template":"","meta":[],"product_brand":[],"product_cat":[1181],"product_tag":[],"class_list":{"0":"post-280786","1":"product","2":"type-product","3":"status-publish","4":"has-post-thumbnail","6":"product_cat-raubwild-locker","8":"first","9":"instock","10":"taxable","11":"shipping-taxable","12":"purchasable","13":"product-type-simple"},"composite_virtual":false,"composite_layout":"","composite_add_to_cart_form_location":"","composite_editable_in_cart":false,"composite_sold_individually_context":"","composite_shop_price_calc":"","composite_components":[],"composite_scenarios":[],"group_of_quantity":0,"min_quantity":0,"max_quantity":"","exclude_order_quantity_value_rules":"no","exclude_category_quantity_rules":"no","combine_variations":"no","exclude_global_add_ons":[],"addons":[],"_links":{"self":[{"href":"https:\/\/www.huntersfriend.eu\/de\/wp-json\/wp\/v2\/product\/280786","targetHints":{"allow":["GET"]}}],"collection":[{"href":"https:\/\/www.huntersfriend.eu\/de\/wp-json\/wp\/v2\/product"}],"about":[{"href":"https:\/\/www.huntersfriend.eu\/de\/wp-json\/wp\/v2\/types\/product"}],"replies":[{"embeddable":true,"href":"https:\/\/www.huntersfriend.eu\/de\/wp-json\/wp\/v2\/comments?post=280786"}],"wp:featuredmedia":[{"embeddable":true,"href":"https:\/\/www.huntersfriend.eu\/de\/wp-json\/wp\/v2\/media\/264652"}],"wp:attachment":[{"href":"https:\/\/www.huntersfriend.eu\/de\/wp-json\/wp\/v2\/media?parent=280786"}],"wp:term":[{"taxonomy":"product_brand","embeddable":true,"href":"https:\/\/www.huntersfriend.eu\/de\/wp-json\/wp\/v2\/product_brand?post=280786"},{"taxonomy":"product_cat","embeddable":true,"href":"https:\/\/www.huntersfriend.eu\/de\/wp-json\/wp\/v2\/product_cat?post=280786"},{"taxonomy":"product_tag","embeddable":true,"href":"https:\/\/www.huntersfriend.eu\/de\/wp-json\/wp\/v2\/product_tag?post=280786"}],"curies":[{"name":"wp","href":"https:\/\/api.w.org\/{rel}","templated":true}]}}