{"id":280778,"date":"2024-01-31T01:00:15","date_gmt":"2025-06-23T08:13:36","guid":{"rendered":"https:\/\/www.huntersfriend.eu\/product\/reese-outdoors-jack-on-crack\/"},"modified":"2025-06-23T10:13:36","modified_gmt":"2025-06-23T08:13:36","slug":"reese-outdoors-jack-on-crack","status":"publish","type":"product","link":"https:\/\/www.huntersfriend.eu\/de\/produkt\/reese-outdoors-jack-on-crack\/","title":{"rendered":"Reese outdoors Jack on crack"},"content":{"rendered":"<p>Dieser Handlocker erzeugt m\u00fchelos laute Kaninchen-Notrufe, die bei anderen Lockern nicht verf\u00fcgbar sind. Sein internes Tonbrett ist simpel, jedoch \u00e4u\u00dferst effektiv. Dieser Locker wird insbesondere J\u00e4gern empfohlen, die Schrotflinten verwenden. Der Jack on Crack hat sich mehrfach bew\u00e4hrt, indem er F\u00fcchse und andere Raubtiere in einen Bereich von 12-25 Metern zum Anwender lockt.   <\/p>\n","protected":false},"excerpt":{"rendered":"<p>Dieser Handlocker erzeugt m\u00fchelos laute Kaninchen-Notrufe, die bei anderen Lockern nicht verf\u00fcgbar sind. Sein internes Tonbrett ist simpel, jedoch \u00e4u\u00dferst effektiv. Dieser Locker wird insbesondere J\u00e4gern empfohlen, die Schrotflinten verwenden. Der Jack on Crack hat sich mehrfach bew\u00e4hrt, indem er F\u00fcchse und andere Raubtiere in einen Bereich von 12-25 Metern zum Anwender lockt.<\/p>\n","protected":false},"featured_media":264655,"comment_status":"open","ping_status":"closed","template":"","meta":[],"product_brand":[],"product_cat":[1181],"product_tag":[],"class_list":{"0":"post-280778","1":"product","2":"type-product","3":"status-publish","4":"has-post-thumbnail","6":"product_cat-raubwild-locker","8":"first","9":"instock","10":"taxable","11":"shipping-taxable","12":"purchasable","13":"product-type-simple"},"composite_virtual":false,"composite_layout":"","composite_add_to_cart_form_location":"","composite_editable_in_cart":false,"composite_sold_individually_context":"","composite_shop_price_calc":"","composite_components":[],"composite_scenarios":[],"group_of_quantity":0,"min_quantity":0,"max_quantity":"","exclude_order_quantity_value_rules":"no","exclude_category_quantity_rules":"no","combine_variations":"no","exclude_global_add_ons":[],"addons":[],"_links":{"self":[{"href":"https:\/\/www.huntersfriend.eu\/de\/wp-json\/wp\/v2\/product\/280778","targetHints":{"allow":["GET"]}}],"collection":[{"href":"https:\/\/www.huntersfriend.eu\/de\/wp-json\/wp\/v2\/product"}],"about":[{"href":"https:\/\/www.huntersfriend.eu\/de\/wp-json\/wp\/v2\/types\/product"}],"replies":[{"embeddable":true,"href":"https:\/\/www.huntersfriend.eu\/de\/wp-json\/wp\/v2\/comments?post=280778"}],"wp:featuredmedia":[{"embeddable":true,"href":"https:\/\/www.huntersfriend.eu\/de\/wp-json\/wp\/v2\/media\/264655"}],"wp:attachment":[{"href":"https:\/\/www.huntersfriend.eu\/de\/wp-json\/wp\/v2\/media?parent=280778"}],"wp:term":[{"taxonomy":"product_brand","embeddable":true,"href":"https:\/\/www.huntersfriend.eu\/de\/wp-json\/wp\/v2\/product_brand?post=280778"},{"taxonomy":"product_cat","embeddable":true,"href":"https:\/\/www.huntersfriend.eu\/de\/wp-json\/wp\/v2\/product_cat?post=280778"},{"taxonomy":"product_tag","embeddable":true,"href":"https:\/\/www.huntersfriend.eu\/de\/wp-json\/wp\/v2\/product_tag?post=280778"}],"curies":[{"name":"wp","href":"https:\/\/api.w.org\/{rel}","templated":true}]}}