{"id":280777,"date":"2024-01-12T01:00:11","date_gmt":"2025-06-23T08:13:36","guid":{"rendered":"https:\/\/www.huntersfriend.eu\/product\/sitka-core-merino-120-kapuzenoberteil\/"},"modified":"2025-07-30T12:51:21","modified_gmt":"2025-07-30T10:51:21","slug":"sitka-core-merino-120-kapuzenoberteil","status":"publish","type":"product","link":"https:\/\/www.huntersfriend.eu\/de\/produkt\/sitka-core-merino-120-kapuzenoberteil\/","title":{"rendered":"SITKA Core Merino 120 Kapuzenoberteil"},"content":{"rendered":"<p>Das SITKA Core Merino 120 Kapuzenoberteil eignet sich f\u00fcr die Jagd in der warmen Jahreszeit oder als Basisschicht f\u00fcr k\u00e4lteres Wetter. Es ist eine ideale Wahl f\u00fcr milde Bedingungen oder f\u00fcr den aktiven J\u00e4ger. Dieses Produkt zeichnet sich durch eine ultraleichte Merinowolle-Mischung aus, die die K\u00f6rpertemperatur reguliert, um den J\u00e4ger auch bei wechselnden Bedingungen und Aktivit\u00e4tsniveaus komfortabel zu halten. Die Merinowolle-Mischung verhindert auf nat\u00fcrliche Weise Geruchsbildung und die Entwicklung von bedr\u00e4ngenden D\u00fcften. Sitkas ArmorSpun Merinowolle bietet zus\u00e4tzliche Haltbarkeit, die f\u00fcr jahrelangen Gebrauch erforderlich ist.    <\/p>\n<p>Hauptmerkmale:<\/p>\n<ul>\n<li>Leichtgewichtiges 120-Gramm, 17,5-Mikron ArmorSpun Merinowolle gew\u00e4hrleistet Haltbarkeit und juckfreien Komfort.<\/li>\n<li>Pflegeleichte Merinowolle kann mit normaler W\u00e4sche gewaschen und getrocknet werden.<\/li>\n<li>Nahtfreie \u00c4rmel verhindern Scheuern.<\/li>\n<li>Geformte Kapuze bietet gute Abdeckung und Schutz.<\/li>\n<li>Atmungsaktive Merinowolle-Netzgesichtsmaske.<\/li>\n<li>Rei\u00dfverschlussbrusttasche zur sicheren Aufbewahrung von Wertsachen und f\u00fcr schnellen Zugriff.<\/li>\n<li>Flache, integrierte Daumenschlaufen erleichtern das Ankleiden und dienen als zus\u00e4tzliche W\u00e4rmequelle f\u00fcr die H\u00e4nde.<\/li>\n<li>Gesamtgewicht: 226,80 Gramm.<\/li>\n<li>Gr\u00f6\u00dfen: M-2XL<\/li>\n<li>Farbe: Optifade Subalpine<\/li>\n<\/ul>\n","protected":false},"excerpt":{"rendered":"<p>Das SITKA Core Merino 120 Kapuzenoberteil eignet sich f\u00fcr die Jagd in der warmen Jahreszeit oder als Basisschicht f\u00fcr k\u00e4lteres Wetter. Es ist eine ideale Wahl f\u00fcr milde Bedingungen oder f\u00fcr den aktiven J\u00e4ger. Dieses Produkt zeichnet sich durch eine ultraleichte Merinowolle-Mischung aus, die die K\u00f6rpertemperatur reguliert, um den J\u00e4ger auch bei wechselnden Bedingungen und [&#8230;]\n","protected":false},"featured_media":264673,"comment_status":"open","ping_status":"closed","template":"","meta":[],"product_brand":[],"product_cat":[2184],"product_tag":[],"class_list":{"0":"post-280777","1":"product","2":"type-product","3":"status-publish","4":"has-post-thumbnail","6":"product_cat-hemden-kapuzenpullover","8":"first","9":"instock","10":"taxable","11":"shipping-taxable","12":"purchasable","13":"product-type-variable"},"composite_virtual":false,"composite_layout":"","composite_add_to_cart_form_location":"","composite_editable_in_cart":false,"composite_sold_individually_context":"","composite_shop_price_calc":"","composite_components":[],"composite_scenarios":[],"group_of_quantity":0,"min_quantity":0,"max_quantity":"","exclude_order_quantity_value_rules":"no","exclude_category_quantity_rules":"no","combine_variations":"no","exclude_global_add_ons":[],"addons":[],"_links":{"self":[{"href":"https:\/\/www.huntersfriend.eu\/de\/wp-json\/wp\/v2\/product\/280777","targetHints":{"allow":["GET"]}}],"collection":[{"href":"https:\/\/www.huntersfriend.eu\/de\/wp-json\/wp\/v2\/product"}],"about":[{"href":"https:\/\/www.huntersfriend.eu\/de\/wp-json\/wp\/v2\/types\/product"}],"replies":[{"embeddable":true,"href":"https:\/\/www.huntersfriend.eu\/de\/wp-json\/wp\/v2\/comments?post=280777"}],"wp:featuredmedia":[{"embeddable":true,"href":"https:\/\/www.huntersfriend.eu\/de\/wp-json\/wp\/v2\/media\/264673"}],"wp:attachment":[{"href":"https:\/\/www.huntersfriend.eu\/de\/wp-json\/wp\/v2\/media?parent=280777"}],"wp:term":[{"taxonomy":"product_brand","embeddable":true,"href":"https:\/\/www.huntersfriend.eu\/de\/wp-json\/wp\/v2\/product_brand?post=280777"},{"taxonomy":"product_cat","embeddable":true,"href":"https:\/\/www.huntersfriend.eu\/de\/wp-json\/wp\/v2\/product_cat?post=280777"},{"taxonomy":"product_tag","embeddable":true,"href":"https:\/\/www.huntersfriend.eu\/de\/wp-json\/wp\/v2\/product_tag?post=280777"}],"curies":[{"name":"wp","href":"https:\/\/api.w.org\/{rel}","templated":true}]}}