{"id":280769,"date":"2024-01-29T12:41:38","date_gmt":"2024-01-29T10:41:38","guid":{"rendered":"https:\/\/www.huntersfriend.eu\/product\/hoyt-torrex-rak-kit-individueller-bogen\/"},"modified":"2025-11-19T13:23:30","modified_gmt":"2025-11-19T11:23:30","slug":"hoyt-torrex-rak-kit-individueller-bogen","status":"publish","type":"product","link":"https:\/\/www.huntersfriend.eu\/de\/produkt\/hoyt-torrex-rak-kit-individueller-bogen\/","title":{"rendered":"Hoyt torrex RAK-Kit &#8211; individueller Bogen"},"content":{"rendered":"<p><span data-text-color=\"alert\"><strong>Bitte \u00fcberpr\u00fcfen Sie unsere Hoyt Torrex Lagerbestandsseite, um zu sehen, ob wir den Bogen vorr\u00e4tig haben, bevor Sie hier bestellen. Sie k\u00f6nnen uns auch direkt kontaktieren, um weitere Informationen \u00fcber Verf\u00fcgbarkeit und Lieferzeiten zu erhalten. <\/strong><\/span><\/p>\n<p>Bitte beachten Sie, dass HFE einer der wenigen ausgew\u00e4hlten Hoyt-Flaggschiff-H\u00e4ndler in Europa ist, die speziell ausgew\u00e4hlt wurden, um Hoyt-Compound- und Recurve-B\u00f6gen zu vertreten und zu verkaufen. Wir sind stolz auf diese Auszeichnung. Hoyt bietet Ihnen die M\u00f6glichkeit, Ihren Bogen nach Ihrem pers\u00f6nlichen Stil anzupassen, mit einer gro\u00dfen Auswahl an Farben, Oberfl\u00e4chen und Bogenmodellen. Aufgrund unserer Beziehung zu Hoyt k\u00f6nnen wir diese individuell angepassten B\u00f6gen so schnell wie jeder andere in ganz Europa liefern. Die Lieferzeiten betragen in der Regel 3-5 Wochen, abh\u00e4ngig von der Saison. Wir halten stets einige Farben und Zuggewichte auf Lager, aber die m\u00f6glichen Kombinationen f\u00fcr Ihren individuellen Bogen sind vielf\u00e4ltig. Daher bieten wir diesen fantastischen Anpassungsservice ohne zus\u00e4tzliche Kosten an.     <\/p>\n<p>Das Kit beinhaltet: Bogen, QAD Hunter Drop-Away Pfeilauflage, Fuse 5-Pin Visier, Fuse Bogenk\u00f6cher und Fuse Stabilisator.<\/p>\n<h3>Der Bogen<\/h3>\n<p>Der Torrex, zweifellos der beste Bogen f\u00fcr sein Geld, bietet Ihnen die perfekte Mischung aus Technologie, Leistung, Stil und Wert. Angetrieben vom Cam-and-1\/2-System verf\u00fcgt dieser schlanke Bogen \u00fcber ein Split-Limb-Design auf einem Hoyt TEC-Mittelst\u00fcck, was eine leichte, durchschlagskr\u00e4ftige und hirscherlegende Ausr\u00fcstung ergibt. Der Torrex, technologisch fortschrittlich und kosteng\u00fcnstig zugleich, liefert maximale Kraft, Pr\u00e4zision und Gef\u00fchl bei minimalem Preis. Maximieren Sie Ihr Budget mit dem Torrex.   <\/p>\n<ul>\n<li>X-act Griffsystem<\/li>\n<li>Schlankes, stromlinienf\u00f6rmiges TEC-Lite Mittelst\u00fcck.<\/li>\n<li>Cam &amp; \u00bd liefert geschmeidige Geschwindigkeit.<\/li>\n<li>Rotierende Nockenmodule erm\u00f6glichen einfache Anpassungen ohne Modulaustausch oder Bogenpresse.<\/li>\n<li>Gro\u00dfz\u00fcgiges Tal und 75% Abzugserleichterung.<\/li>\n<li>Breite Split-Wurfarme sorgen f\u00fcr Torsionsstabilit\u00e4t.<\/li>\n<li>Limb Shox und Stealth Shot halten ihn fl\u00fcsterleise.<\/li>\n<li>Pro-Fit Griff f\u00fcr einen komfortablen, drehmomentfreien Griff.<\/li>\n<li>Achse-zu-Achse 30 3\/4&#8243;<\/li>\n<li>Standh\u00f6he 7&#8243;<\/li>\n<li>Geschwindigkeit 327 FPS<\/li>\n<li>Auszugsl\u00e4nge 26-30&#8243;<\/li>\n<li>Zuggewicht 30-40#, 40-50#, 50-60#, 60-70#<\/li>\n<li>Gewicht 3,8 lbs<\/li>\n<li>Abzugserleichterung 80%<\/li>\n<\/ul>\n<p>&nbsp;<\/p>\n<table class=\"mceItemTable\" border=\"0\">\n<tbody>\n<tr>\n<td><img decoding=\"async\" class=\"size-medium wp-image-30912 aligncenter\" src=\"https:\/\/www.huntersfriend.eu\/app\/uploads\/2019\/03\/Teclite-300x200.jpg\" alt=\"\" width=\"300\" height=\"200\" srcset=\"https:\/\/www.huntersfriend.eu\/app\/uploads\/2019\/03\/Teclite-300x200.jpg 300w, https:\/\/www.huntersfriend.eu\/app\/uploads\/2019\/03\/Teclite-600x400.jpg 600w, https:\/\/www.huntersfriend.eu\/app\/uploads\/2019\/03\/Teclite-200x133.jpg 200w\" sizes=\"(max-width: 300px) 100vw, 300px\" \/><\/td>\n<\/tr>\n<tr>\n<td>\n<h3 style=\"text-align: center;\">Tec-lite Mittelst\u00fccktechnologie<\/h3>\n<p style=\"text-align: center;\">Bei Hoyt sind wir weltweit f\u00fcr unsere extrem robusten Mittelst\u00fccke bekannt. Unsere Tec-Lite Mittelst\u00fccke m\u00fcssen 1.500 Trockensch\u00fcsse ohne Versagen \u00fcberstehen, bevor sie \u00fcberhaupt f\u00fcr die Hoyt-Produktlinie in Betracht gezogen werden. Dies ist KEIN Industriestandard. Dies ist der Hoyt-Standard.   <\/p>\n<\/td>\n<\/tr>\n<\/tbody>\n<\/table>\n<p>&nbsp;<\/p>\n<table class=\"mceItemTable\" style=\"height: 632px;\" border=\"0\" width=\"748\">\n<tbody>\n<tr>\n<td><img decoding=\"async\" class=\"size-medium wp-image-30914 aligncenter\" src=\"https:\/\/www.huntersfriend.eu\/app\/uploads\/2019\/03\/Paralellsplit-300x200.jpg\" alt=\"\" width=\"300\" height=\"200\" srcset=\"https:\/\/www.huntersfriend.eu\/app\/uploads\/2019\/03\/Paralellsplit-300x200.jpg 300w, https:\/\/www.huntersfriend.eu\/app\/uploads\/2019\/03\/Paralellsplit-600x400.jpg 600w, https:\/\/www.huntersfriend.eu\/app\/uploads\/2019\/03\/Paralellsplit-200x133.jpg 200w\" sizes=\"(max-width: 300px) 100vw, 300px\" \/><\/td>\n<td>\n<h3><img decoding=\"async\" class=\"size-medium wp-image-29987 aligncenter\" src=\"https:\/\/www.huntersfriend.eu\/app\/uploads\/2018\/11\/Fusestring-300x200.jpg\" alt=\"\" width=\"300\" height=\"200\" srcset=\"https:\/\/www.huntersfriend.eu\/app\/uploads\/2018\/11\/Fusestring-300x200.jpg 300w, https:\/\/www.huntersfriend.eu\/app\/uploads\/2018\/11\/Fusestring-600x400.jpg 600w, https:\/\/www.huntersfriend.eu\/app\/uploads\/2018\/11\/Fusestring-200x133.jpg 200w\" sizes=\"(max-width: 300px) 100vw, 300px\" \/><\/h3>\n<\/td>\n<\/tr>\n<tr>\n<td style=\"text-align: left;\">\n<h3 style=\"text-align: center;\">Parallele Split-Wurfarme<\/h3>\n<p style=\"text-align: center;\">Unsere parallelen Split-Wurfarme-Designs eliminieren die anf\u00e4llige V-Nut und Wurfarmbolzen-Nut, wo bei traditionellen soliden Wurfarmen am h\u00e4ufigsten Fehler auftreten. Parallele Split-Wurfarme sind zudem leichter, effizienter und bieten erh\u00f6hte Pfeilgeschwindigkeiten, Haltbarkeit und Genauigkeit. Sie sind so konstruiert, dass sie erstaunliche 1.000 Trockensch\u00fcsse bei 80 lbs. Zuggewicht und 30&#8243; Auszugsl\u00e4nge \u00fcberstehen.  <\/p>\n<\/td>\n<td>\n<h3 style=\"text-align: center;\">Fuse Custom Sehnen<\/h3>\n<p style=\"text-align: center;\">Bew\u00e4hrt durch Podiumspl\u00e4tze weltweit, werden FUSE Custom Sehnen felsenfest auf hochmodernen computergesteuerten Spannungsmaschinen hergestellt, was zu Sehnen f\u00fchrt, die sich nicht dehnen, und Peep-Visieren, die sich nicht verdrehen.<\/p>\n<\/td>\n<\/tr>\n<tr>\n<td><img decoding=\"async\" class=\"size-medium wp-image-29993 aligncenter\" src=\"https:\/\/www.huntersfriend.eu\/app\/uploads\/2018\/11\/Hoyt-cam-300x200.jpg\" alt=\"\" width=\"300\" height=\"200\" srcset=\"https:\/\/www.huntersfriend.eu\/app\/uploads\/2018\/11\/Hoyt-cam-300x200.jpg 300w, https:\/\/www.huntersfriend.eu\/app\/uploads\/2018\/11\/Hoyt-cam-600x400.jpg 600w, https:\/\/www.huntersfriend.eu\/app\/uploads\/2018\/11\/Hoyt-cam-200x133.jpg 200w\" sizes=\"(max-width: 300px) 100vw, 300px\" \/><\/td>\n<td>\n<h3><img decoding=\"async\" class=\"size-medium wp-image-29991 aligncenter\" src=\"https:\/\/www.huntersfriend.eu\/app\/uploads\/2018\/11\/Stealthshot-300x200.jpg\" alt=\"\" width=\"300\" height=\"200\" srcset=\"https:\/\/www.huntersfriend.eu\/app\/uploads\/2018\/11\/Stealthshot-300x200.jpg 300w, https:\/\/www.huntersfriend.eu\/app\/uploads\/2018\/11\/Stealthshot-600x400.jpg 600w, https:\/\/www.huntersfriend.eu\/app\/uploads\/2018\/11\/Stealthshot-200x133.jpg 200w\" sizes=\"(max-width: 300px) 100vw, 300px\" \/><\/h3>\n<\/td>\n<\/tr>\n<tr>\n<td>\n<h3 style=\"text-align: center;\">Cam &amp; 1\/2 System<\/h3>\n<p style=\"text-align: center;\">Obere und untere Nocken sind durch ein Geschirrsystem miteinander verbunden, was sicherstellt, dass sie jedes Mal zum exakt gleichen Zeitpunkt ausl\u00f6sen, f\u00fcr ultimative Konsistenz und Genauigkeit. Kein Wunder, dass es das erfolgreichste Nockensystem in Hoyts 80-j\u00e4hriger Geschichte ist. <\/p>\n<\/td>\n<td>\n<h3 style=\"text-align: center;\">StealthShot Technologie<\/h3>\n<p style=\"text-align: center;\">Hoyts innovatives und bew\u00e4hrtes StealthShot\u2122 Sehnenunterdr\u00fcckungssystem wurde mit einem v\u00f6llig neuen propriet\u00e4ren Material aufger\u00fcstet, um Ger\u00e4usche und Vibrationen mehr denn je zu eliminieren. Zus\u00e4tzlich zur Ger\u00e4uschunterdr\u00fcckung erh\u00f6ht der StealthShot auch die Genauigkeit, indem er f\u00fcr eine sauberere, knackigere Freigabe des Pfeils von der Sehne sorgt, was zu einem nachsichtigeren Schuss f\u00fchrt. <\/p>\n<\/td>\n<\/tr>\n<\/tbody>\n<\/table>\n","protected":false},"excerpt":{"rendered":"<p>Bitte \u00fcberpr\u00fcfen Sie unsere Hoyt Torrex Lagerbestandsseite, um zu sehen, ob wir den Bogen vorr\u00e4tig haben, bevor Sie hier bestellen. Sie k\u00f6nnen uns auch direkt kontaktieren, um weitere Informationen \u00fcber Verf\u00fcgbarkeit und Lieferzeiten zu erhalten. Bitte beachten Sie, dass HFE einer der wenigen ausgew\u00e4hlten Hoyt-Flaggschiff-H\u00e4ndler in Europa ist, die speziell ausgew\u00e4hlt wurden, um Hoyt-Compound- und [&#8230;]\n","protected":false},"featured_media":190770,"comment_status":"open","ping_status":"closed","template":"","meta":[],"product_brand":[],"product_cat":[1145],"product_tag":[],"class_list":{"0":"post-280769","1":"product","2":"type-product","3":"status-publish","4":"has-post-thumbnail","6":"product_cat-sonstiges","7":"product_shipping_class-big-de","9":"first","10":"outofstock","11":"taxable","12":"shipping-taxable","13":"purchasable","14":"product-type-simple"},"composite_virtual":false,"composite_layout":"","composite_add_to_cart_form_location":"","composite_editable_in_cart":false,"composite_sold_individually_context":"","composite_shop_price_calc":"","composite_components":[],"composite_scenarios":[],"group_of_quantity":0,"min_quantity":0,"max_quantity":"","exclude_order_quantity_value_rules":"no","exclude_category_quantity_rules":"no","combine_variations":"no","exclude_global_add_ons":false,"addons":[{"name":"Bogenhand","type":"multiple_choice","position":0,"required":true,"title_format":"label","default":"","description_enable":false,"description":null,"placeholder_enable":false,"placeholder":null,"display":"select","restrictions_type":"any_text","adjust_price":false,"price":"","price_type":"flat_fee","restrictions":false,"min":"0","max":"0","options":[{"label":"Rechte Hand","price":"","price_type":"flat_fee","image":0,"visibility":true},{"label":"Linke Hand","price":"","price_type":"flat_fee","image":0,"visibility":true}],"id":1725442323},{"name":"Zuggewicht","type":"multiple_choice","position":1,"required":true,"title_format":"label","default":"","description_enable":false,"description":null,"placeholder_enable":false,"placeholder":null,"display":"select","restrictions_type":"any_text","adjust_price":false,"price":"","price_type":"flat_fee","restrictions":false,"min":"0","max":"0","options":[{"label":"30-40#","price":"","price_type":"flat_fee","image":0,"visibility":true},{"label":"40-50#","price":"","price_type":"flat_fee","image":0,"visibility":true},{"label":"55-65#","price":"","price_type":"flat_fee","image":0,"visibility":true},{"label":"60-70#","price":"","price_type":"flat_fee","image":0,"visibility":true}],"id":1725442324},{"name":"Farboptionen","type":"multiple_choice","position":2,"required":true,"title_format":"label","default":"","description_enable":false,"description":null,"placeholder_enable":false,"placeholder":null,"display":"select","restrictions_type":"any_text","adjust_price":false,"price":"","price_type":"flat_fee","restrictions":false,"min":"0","max":"0","options":[{"label":"Schwarz","price":"","price_type":"flat_fee","image":0,"visibility":true},{"label":"Wilderness Griff \/ schwarze Wurfarme","price":"","price_type":"flat_fee","image":0,"visibility":true},{"label":"Tombstone Griff \/ schwarze Wurfarme","price":"","price_type":"flat_fee","image":0,"visibility":true},{"label":"Bourbon Griff \/ schwarze Wurfarme - l\u00e4ngere Lieferzeit","price":"","price_type":"flat_fee","image":0,"visibility":true},{"label":"Realtree Edge Griff \/ schwarze Wurfarme","price":"60","price_type":"flat_fee","image":0,"visibility":true},{"label":"Black Out Bone Collector Griff \/ schwarze Wurfarme","price":"60","price_type":"flat_fee","image":0,"visibility":true},{"label":"Black Out Keep Hammering Griff \/ schwarze Wurfarme","price":"60","price_type":"flat_fee","image":0,"visibility":true},{"label":"Origin Raptor Keep Hammering \/ schwarze Wurfarme","price":"105","price_type":"flat_fee","image":0,"visibility":true},{"label":"Realtree Edge Bone Collector \/ schwarze Wurfarme","price":"105","price_type":"flat_fee","image":0,"visibility":true}],"id":1725442325}],"_links":{"self":[{"href":"https:\/\/www.huntersfriend.eu\/de\/wp-json\/wp\/v2\/product\/280769","targetHints":{"allow":["GET"]}}],"collection":[{"href":"https:\/\/www.huntersfriend.eu\/de\/wp-json\/wp\/v2\/product"}],"about":[{"href":"https:\/\/www.huntersfriend.eu\/de\/wp-json\/wp\/v2\/types\/product"}],"replies":[{"embeddable":true,"href":"https:\/\/www.huntersfriend.eu\/de\/wp-json\/wp\/v2\/comments?post=280769"}],"wp:featuredmedia":[{"embeddable":true,"href":"https:\/\/www.huntersfriend.eu\/de\/wp-json\/wp\/v2\/media\/190770"}],"wp:attachment":[{"href":"https:\/\/www.huntersfriend.eu\/de\/wp-json\/wp\/v2\/media?parent=280769"}],"wp:term":[{"taxonomy":"product_brand","embeddable":true,"href":"https:\/\/www.huntersfriend.eu\/de\/wp-json\/wp\/v2\/product_brand?post=280769"},{"taxonomy":"product_cat","embeddable":true,"href":"https:\/\/www.huntersfriend.eu\/de\/wp-json\/wp\/v2\/product_cat?post=280769"},{"taxonomy":"product_tag","embeddable":true,"href":"https:\/\/www.huntersfriend.eu\/de\/wp-json\/wp\/v2\/product_tag?post=280769"}],"curies":[{"name":"wp","href":"https:\/\/api.w.org\/{rel}","templated":true}]}}