{"id":280768,"date":"2024-01-12T01:00:08","date_gmt":"2024-01-11T23:00:08","guid":{"rendered":"https:\/\/www.huntersfriend.eu\/product\/sitka-jetstream-jacke-elevated-ii\/"},"modified":"2025-08-03T05:36:03","modified_gmt":"2025-08-03T03:36:03","slug":"sitka-jetstream-jacke-elevated-ii","status":"publish","type":"product","link":"https:\/\/www.huntersfriend.eu\/de\/produkt\/sitka-jetstream-jacke-elevated-ii\/","title":{"rendered":"SITKA Jetstream Jacke Elevated II"},"content":{"rendered":"<p>Die SITKA Jetstream Jacke ist eine Jagdjacke, die entwickelt wurde, um exzellenten Schutz gegen K\u00e4lte und Wind zu bieten. Unter Verwendung der GORE\u00ae WINDSTOPPER\u00ae Produkttechnologie hat sich unsere winddichte Jetstream Jacke Jahr f\u00fcr Jahr als Favorit unter J\u00e4gern etabliert. Ihr pr\u00e4zise konstruierter Schnitt optimiert Komfort und Bewegungsfreiheit. Diese robuste Softshell-Jacke ist darauf ausgelegt, W\u00e4rme zu speichern und gleichzeitig Atmungsaktivit\u00e4t zu gew\u00e4hrleisten.   <\/p>\n<p>Hauptmerkmale:<\/p>\n<ul>\n<li>Recyceltes Polyestergewebe mit Polyester-Microgrid-Fleece-Futter.<\/li>\n<li>GORE\u00ae WINDSTOPPER\u00ae Technologie macht die Jacke 100% winddicht.<\/li>\n<li>Dauerhaft wasserabweisende Ausr\u00fcstung sch\u00fctzt vor leichtem Regen.<\/li>\n<li>Versiegelte und artikulierte N\u00e4hte bieten Wetterschutz.<\/li>\n<li>Rei\u00dfverschlusstaschen an den H\u00e4nden und der Brust.<\/li>\n<li>Bel\u00fcftungsrei\u00dfverschl\u00fcsse in den Achselh\u00f6hlen erm\u00f6glichen die W\u00e4rmeabgabe w\u00e4hrend der Bewegung.<\/li>\n<li>Gesamtgewicht: 737,0 g<\/li>\n<li>Gr\u00f6\u00dfen: M-2XL<\/li>\n<li>Farbe: Optifade Elevated II<\/li>\n<\/ul>\n","protected":false},"excerpt":{"rendered":"<p>Elevated II<\/p>\n","protected":false},"featured_media":264689,"comment_status":"open","ping_status":"closed","template":"","meta":[],"product_brand":[],"product_cat":[1145],"product_tag":[],"class_list":{"0":"post-280768","1":"product","2":"type-product","3":"status-publish","4":"has-post-thumbnail","6":"product_cat-sonstiges","8":"first","9":"instock","10":"sale","11":"taxable","12":"shipping-taxable","13":"purchasable","14":"product-type-variable"},"composite_virtual":false,"composite_layout":"","composite_add_to_cart_form_location":"","composite_editable_in_cart":false,"composite_sold_individually_context":"","composite_shop_price_calc":"","composite_components":[],"composite_scenarios":[],"group_of_quantity":0,"min_quantity":0,"max_quantity":"","exclude_order_quantity_value_rules":"no","exclude_category_quantity_rules":"no","combine_variations":"no","exclude_global_add_ons":[],"addons":[],"_links":{"self":[{"href":"https:\/\/www.huntersfriend.eu\/de\/wp-json\/wp\/v2\/product\/280768","targetHints":{"allow":["GET"]}}],"collection":[{"href":"https:\/\/www.huntersfriend.eu\/de\/wp-json\/wp\/v2\/product"}],"about":[{"href":"https:\/\/www.huntersfriend.eu\/de\/wp-json\/wp\/v2\/types\/product"}],"replies":[{"embeddable":true,"href":"https:\/\/www.huntersfriend.eu\/de\/wp-json\/wp\/v2\/comments?post=280768"}],"wp:featuredmedia":[{"embeddable":true,"href":"https:\/\/www.huntersfriend.eu\/de\/wp-json\/wp\/v2\/media\/264689"}],"wp:attachment":[{"href":"https:\/\/www.huntersfriend.eu\/de\/wp-json\/wp\/v2\/media?parent=280768"}],"wp:term":[{"taxonomy":"product_brand","embeddable":true,"href":"https:\/\/www.huntersfriend.eu\/de\/wp-json\/wp\/v2\/product_brand?post=280768"},{"taxonomy":"product_cat","embeddable":true,"href":"https:\/\/www.huntersfriend.eu\/de\/wp-json\/wp\/v2\/product_cat?post=280768"},{"taxonomy":"product_tag","embeddable":true,"href":"https:\/\/www.huntersfriend.eu\/de\/wp-json\/wp\/v2\/product_tag?post=280768"}],"curies":[{"name":"wp","href":"https:\/\/api.w.org\/{rel}","templated":true}]}}