{"id":280761,"date":"2024-01-12T00:54:12","date_gmt":"2025-06-23T08:13:34","guid":{"rendered":"https:\/\/www.huntersfriend.eu\/product\/sitka-merino-330-handschuh\/"},"modified":"2026-01-29T12:12:38","modified_gmt":"2026-01-29T10:12:38","slug":"sitka-merino-330-handschuh","status":"publish","type":"product","link":"https:\/\/www.huntersfriend.eu\/de\/produkt\/sitka-merino-330-handschuh\/","title":{"rendered":"SITKA Merino 330 Handschuh"},"content":{"rendered":"<p>Die SITKA Merino 330 Handschuhe sind f\u00fcr Bedingungen konzipiert, bei denen W\u00e4rme und gute Atmungsaktivit\u00e4t erforderlich sind, ohne die Geschicklichkeit zu beeintr\u00e4chtigen.<\/p>\n<p>Merinowolle bietet ein hohes W\u00e4rme-Gewichts-Verh\u00e4ltnis, was bedeutet, dass sie warm, aber leicht und d\u00fcnn zu tragen ist. Das recycelte synthetische Futter leitet Feuchtigkeit schnell und effizient von der Haut ab und verhindert so das Einfrieren der H\u00e4nde. <\/p>\n<p>Sitkas ArmorSpun Merinowolle, verst\u00e4rkt mit Nylon, erh\u00f6ht die Haltbarkeit des Gewebes.<\/p>\n<p>Hauptmerkmale:<\/p>\n<ul>\n<li>Leichtes und haltbares 330-Gramm, 17,5-Mikron ArmorSpun Merinowolle-Au\u00dfenmaterial.<\/li>\n<li>Recyceltes synthetisches Innenfutter sch\u00fctzt vor Juckreiz und verbessert das Feuchtigkeitsmanagement.<\/li>\n<li>Pflegeleichte Merinowolle kann mit normaler W\u00e4sche gewaschen und getrocknet werden.<\/li>\n<li>Touchscreen-kompatible Ax\u00ae Connect Daumen und Zeigefinger.<\/li>\n<li>Gesamtgewicht: 62,37 Gramm<\/li>\n<li>Gr\u00f6\u00dfen: M-XL<\/li>\n<li>Farbe: Optifade Elevated II<\/li>\n<\/ul>\n","protected":false},"excerpt":{"rendered":"<p>Die SITKA Merino 330 Handschuhe sind f\u00fcr Bedingungen konzipiert, bei denen W\u00e4rme und gute Atmungsaktivit\u00e4t erforderlich sind, ohne die Geschicklichkeit zu beeintr\u00e4chtigen. Merinowolle bietet ein hohes W\u00e4rme-Gewichts-Verh\u00e4ltnis, was bedeutet, dass sie warm, aber leicht und d\u00fcnn zu tragen ist. Das recycelte synthetische Futter leitet Feuchtigkeit schnell und effizient von der Haut ab und verhindert so [&#8230;]\n","protected":false},"featured_media":264709,"comment_status":"open","ping_status":"closed","template":"","meta":[],"product_brand":[],"product_cat":[2809,1382],"product_tag":[],"class_list":{"0":"post-280761","1":"product","2":"type-product","3":"status-publish","4":"has-post-thumbnail","6":"product_cat-handskar","7":"product_cat-handschuhe","9":"first","10":"instock","11":"taxable","12":"shipping-taxable","13":"purchasable","14":"product-type-variable"},"composite_virtual":false,"composite_layout":"","composite_add_to_cart_form_location":"","composite_editable_in_cart":false,"composite_sold_individually_context":"","composite_shop_price_calc":"","composite_components":[],"composite_scenarios":[],"group_of_quantity":0,"min_quantity":0,"max_quantity":"","exclude_order_quantity_value_rules":"no","exclude_category_quantity_rules":"no","combine_variations":"no","exclude_global_add_ons":[],"addons":[],"_links":{"self":[{"href":"https:\/\/www.huntersfriend.eu\/de\/wp-json\/wp\/v2\/product\/280761","targetHints":{"allow":["GET"]}}],"collection":[{"href":"https:\/\/www.huntersfriend.eu\/de\/wp-json\/wp\/v2\/product"}],"about":[{"href":"https:\/\/www.huntersfriend.eu\/de\/wp-json\/wp\/v2\/types\/product"}],"replies":[{"embeddable":true,"href":"https:\/\/www.huntersfriend.eu\/de\/wp-json\/wp\/v2\/comments?post=280761"}],"wp:featuredmedia":[{"embeddable":true,"href":"https:\/\/www.huntersfriend.eu\/de\/wp-json\/wp\/v2\/media\/264709"}],"wp:attachment":[{"href":"https:\/\/www.huntersfriend.eu\/de\/wp-json\/wp\/v2\/media?parent=280761"}],"wp:term":[{"taxonomy":"product_brand","embeddable":true,"href":"https:\/\/www.huntersfriend.eu\/de\/wp-json\/wp\/v2\/product_brand?post=280761"},{"taxonomy":"product_cat","embeddable":true,"href":"https:\/\/www.huntersfriend.eu\/de\/wp-json\/wp\/v2\/product_cat?post=280761"},{"taxonomy":"product_tag","embeddable":true,"href":"https:\/\/www.huntersfriend.eu\/de\/wp-json\/wp\/v2\/product_tag?post=280761"}],"curies":[{"name":"wp","href":"https:\/\/api.w.org\/{rel}","templated":true}]}}