{"id":280759,"date":"2024-01-10T01:04:20","date_gmt":"2025-06-23T08:13:33","guid":{"rendered":"https:\/\/www.huntersfriend.eu\/product\/isotunes-sport-caliber-bt-ohrhoerer\/"},"modified":"2026-02-25T10:36:13","modified_gmt":"2026-02-25T08:36:13","slug":"isotunes-sport-caliber-bt-ohrhoerer","status":"publish","type":"product","link":"https:\/\/www.huntersfriend.eu\/de\/produkt\/isotunes-sport-caliber-bt-ohrhoerer\/","title":{"rendered":"ISOtunes Sport Caliber BT-Ohrh\u00f6rer"},"content":{"rendered":"<p>Die ISOtunes Sport Caliber Geh\u00f6rschutzst\u00f6psel sind f\u00fcr die Jagd und den Schie\u00dfsport konzipiert. Sie eignen sich auch f\u00fcr Umgebungen, in denen regul\u00e4re Geh\u00f6rschutzkapseln nicht verwendet werden k\u00f6nnen oder die Bedingungen besonders anspruchsvoll sind. Dank der Bluetooth-Konnektivit\u00e4t k\u00f6nnen Sie unabh\u00e4ngig von der Umgebung beliebige Inhalte h\u00f6ren, und die H\u00f6rfunktion erm\u00f6glicht es Ihnen, die Umgebungsger\u00e4usche wahrzunehmen. Pl\u00f6tzliche und laute Ger\u00e4usche wie Sch\u00fcsse oder Maschinenger\u00e4usche werden ged\u00e4mpft, w\u00e4hrend schwache Ger\u00e4usche verst\u00e4rkt werden. Dies erm\u00f6glicht Kommunikation und das H\u00f6ren leiser Ger\u00e4usche, ohne dass die Ohrst\u00f6psel entfernt werden m\u00fcssen.    <\/p>\n<p>Die Ohrst\u00f6psel k\u00f6nnen mit einem Smartphone oder anderen Bluetooth-Ger\u00e4ten verbunden werden. Sie k\u00f6nnen Anrufe entgegennehmen und Musik in hoher Klangqualit\u00e4t h\u00f6ren. Das ger\u00e4uschkompensierende Sprachmikrofon isoliert kontinuierliche Hintergrundger\u00e4usche und beeintr\u00e4chtigt das Gespr\u00e4ch nicht.  <\/p>\n<p>Die Ohrst\u00f6psel sind waschbar, was sie hygienisch macht. Die Verpackung enth\u00e4lt jeweils ein Paar Memory-Foam-Ohrst\u00f6psel f\u00fcr jede Gr\u00f6\u00dfe (ISOtunes Trilogy) und kegelf\u00f6rmige Silikonaufs\u00e4tze, sodass f\u00fcr jeden eine passende Gr\u00f6\u00dfe vorhanden ist (Silikon-Ersatzaufs\u00e4tze sind nicht f\u00fcr den Geh\u00f6rschutz zugelassen und k\u00f6nnen verwendet werden, wenn kein Geh\u00f6rschutz erforderlich ist). <\/p>\n<p>Die Akkulaufzeit betr\u00e4gt mindestens 13 Stunden. Das Aufbewahrungsetui dient zugleich als Ladestation und erm\u00f6glicht es, die Kopfh\u00f6rer zweimal aufzuladen. Dies bietet etwa 30 Stunden zus\u00e4tzliche Nutzungszeit. Die Ohrh\u00f6rer k\u00f6nnen \u00fcber das Ladeetui an einer Steckdose aufgeladen werden, oder das Etui kann als Powerbank verwendet werden. Der Ladevorgang dauert 2 Stunden, wenn direkt \u00fcber das Ladeetui aufgeladen wird.    <\/p>\n<p>Hauptmerkmale:<\/p>\n<ul>\n<li>Bluetooth 5.2<\/li>\n<li>Umgebungsh\u00f6ren oder H\u00f6rfunktion<\/li>\n<li>\u00c4u\u00dferst leicht zu tragen \u2013 Gewicht eines St\u00f6psels betr\u00e4gt 8 g<\/li>\n<li>Bluetooth-Verbindung gleichzeitig mit zwei Ger\u00e4ten m\u00f6glich (Multipoint)<\/li>\n<li>Akkulaufzeit von 13 Stunden<\/li>\n<li>Automatische Abschaltung zur Batterieersparnis, wenn zwei Stunden lang keine Bluetooth-Verbindung bestand<\/li>\n<li>Ladezeit von 2 Stunden<\/li>\n<li>Staub- und wasserbest\u00e4ndig (IP67-Zertifizierung)<\/li>\n<li>Hintergrundger\u00e4uschunterdr\u00fcckung w\u00e4hrend Anrufen<\/li>\n<li>SafeMax-Lautst\u00e4rkebegrenzer 85 dB \u2013 Hinweis: Erf\u00fcllt nicht die EN352-Anforderungen f\u00fcr interne Schallerzeugung<\/li>\n<li>SNR 32 mit TRILOGY-Aufs\u00e4tzen<\/li>\n<li>Lieferumfang: ISOtunes Sport Caliber Geh\u00f6rschutzst\u00f6psel, Ladeetui und Handschlaufe, 3 Paar kurze ISOtunes Trilogy-Ersatzaufs\u00e4tze (Gr\u00f6\u00dfen S\/M\/L), 3 Paar lange ISOtunes Trilogy-Ersatzaufs\u00e4tze (Gr\u00f6\u00dfen S\/M\/L), 1 Paar kegelf\u00f6rmige Silikonaufs\u00e4tze, USB-C Ladekabel.<\/li>\n<\/ul>\n","protected":false},"excerpt":{"rendered":"<p>Die ISOtunes Sport Caliber Geh\u00f6rschutzst\u00f6psel sind f\u00fcr die Jagd und den Schie\u00dfsport konzipiert. Sie eignen sich auch f\u00fcr Umgebungen, in denen regul\u00e4re Geh\u00f6rschutzkapseln nicht verwendet werden k\u00f6nnen oder die Bedingungen besonders anspruchsvoll sind. Dank der Bluetooth-Konnektivit\u00e4t k\u00f6nnen Sie unabh\u00e4ngig von der Umgebung beliebige Inhalte h\u00f6ren, und die H\u00f6rfunktion erm\u00f6glicht es Ihnen, die Umgebungsger\u00e4usche wahrzunehmen. Pl\u00f6tzliche [&#8230;]\n","protected":false},"featured_media":264727,"comment_status":"open","ping_status":"closed","template":"","meta":[],"product_brand":[],"product_cat":[2692,1424],"product_tag":[],"class_list":{"0":"post-280759","1":"product","2":"type-product","3":"status-publish","4":"has-post-thumbnail","6":"product_cat-ogon-och-horselskydd","7":"product_cat-augen-und-gehorschutz","9":"first","10":"instock","11":"taxable","12":"shipping-taxable","13":"purchasable","14":"product-type-simple"},"composite_virtual":false,"composite_layout":"","composite_add_to_cart_form_location":"","composite_editable_in_cart":false,"composite_sold_individually_context":"","composite_shop_price_calc":"","composite_components":[],"composite_scenarios":[],"group_of_quantity":0,"min_quantity":0,"max_quantity":"","exclude_order_quantity_value_rules":"no","exclude_category_quantity_rules":"no","combine_variations":"no","exclude_global_add_ons":[],"addons":[],"_links":{"self":[{"href":"https:\/\/www.huntersfriend.eu\/de\/wp-json\/wp\/v2\/product\/280759","targetHints":{"allow":["GET"]}}],"collection":[{"href":"https:\/\/www.huntersfriend.eu\/de\/wp-json\/wp\/v2\/product"}],"about":[{"href":"https:\/\/www.huntersfriend.eu\/de\/wp-json\/wp\/v2\/types\/product"}],"replies":[{"embeddable":true,"href":"https:\/\/www.huntersfriend.eu\/de\/wp-json\/wp\/v2\/comments?post=280759"}],"wp:featuredmedia":[{"embeddable":true,"href":"https:\/\/www.huntersfriend.eu\/de\/wp-json\/wp\/v2\/media\/264727"}],"wp:attachment":[{"href":"https:\/\/www.huntersfriend.eu\/de\/wp-json\/wp\/v2\/media?parent=280759"}],"wp:term":[{"taxonomy":"product_brand","embeddable":true,"href":"https:\/\/www.huntersfriend.eu\/de\/wp-json\/wp\/v2\/product_brand?post=280759"},{"taxonomy":"product_cat","embeddable":true,"href":"https:\/\/www.huntersfriend.eu\/de\/wp-json\/wp\/v2\/product_cat?post=280759"},{"taxonomy":"product_tag","embeddable":true,"href":"https:\/\/www.huntersfriend.eu\/de\/wp-json\/wp\/v2\/product_tag?post=280759"}],"curies":[{"name":"wp","href":"https:\/\/api.w.org\/{rel}","templated":true}]}}