{"id":280757,"date":"2024-01-05T00:59:51","date_gmt":"2025-06-23T08:13:32","guid":{"rendered":"https:\/\/www.huntersfriend.eu\/product\/trophaeenbrett-wildschwein-hauer-14-cm\/"},"modified":"2025-06-23T10:13:32","modified_gmt":"2025-06-23T08:13:32","slug":"trophaeenbrett-wildschwein-hauer-14-cm","status":"publish","type":"product","link":"https:\/\/www.huntersfriend.eu\/de\/produkt\/trophaeenbrett-wildschwein-hauer-14-cm\/","title":{"rendered":"Troph\u00e4enbrett, Wildschwein-Hauer 14 cm"},"content":{"rendered":"<p><span class=\"jCAhz ChMk0b\"><span class=\"ryNqvb\">Eine Troph\u00e4enbrettplatte f\u00fcr eine kleinere Wildschwein-Hauer-Troph\u00e4e.<\/span><\/span> <span class=\"jCAhz ChMk0b\"><span class=\"ryNqvb\">Der Durchmesser der Hintergrundplatte betr\u00e4gt 14 cm.<\/span><\/span> <span class=\"jCAhz ChMk0b\"><span class=\"ryNqvb\">Diese Troph\u00e4enplatte aus dunkler Eiche hebt Ihre wertvolle Jagderinnerung auf besonders ansprechende Weise hervor.<\/span><\/span><\/p>\n","protected":false},"excerpt":{"rendered":"<p>Eine Troph\u00e4enbrettplatte f\u00fcr eine kleinere Wildschwein-Hauer-Troph\u00e4e. Der Durchmesser der Hintergrundplatte betr\u00e4gt 14 cm. Diese Troph\u00e4enplatte aus dunkler Eiche hebt Ihre wertvolle Jagderinnerung auf besonders ansprechende Weise hervor.<\/p>\n","protected":false},"featured_media":267253,"comment_status":"open","ping_status":"closed","template":"","meta":[],"product_brand":[],"product_cat":[1409],"product_tag":[],"class_list":{"0":"post-280757","1":"product","2":"type-product","3":"status-publish","4":"has-post-thumbnail","6":"product_cat-tierpraparation","8":"first","9":"outofstock","10":"taxable","11":"shipping-taxable","12":"purchasable","13":"product-type-simple"},"composite_virtual":false,"composite_layout":"","composite_add_to_cart_form_location":"","composite_editable_in_cart":false,"composite_sold_individually_context":"","composite_shop_price_calc":"","composite_components":[],"composite_scenarios":[],"group_of_quantity":0,"min_quantity":0,"max_quantity":"","exclude_order_quantity_value_rules":"no","exclude_category_quantity_rules":"no","combine_variations":"no","exclude_global_add_ons":[],"addons":[],"_links":{"self":[{"href":"https:\/\/www.huntersfriend.eu\/de\/wp-json\/wp\/v2\/product\/280757","targetHints":{"allow":["GET"]}}],"collection":[{"href":"https:\/\/www.huntersfriend.eu\/de\/wp-json\/wp\/v2\/product"}],"about":[{"href":"https:\/\/www.huntersfriend.eu\/de\/wp-json\/wp\/v2\/types\/product"}],"replies":[{"embeddable":true,"href":"https:\/\/www.huntersfriend.eu\/de\/wp-json\/wp\/v2\/comments?post=280757"}],"wp:featuredmedia":[{"embeddable":true,"href":"https:\/\/www.huntersfriend.eu\/de\/wp-json\/wp\/v2\/media\/267253"}],"wp:attachment":[{"href":"https:\/\/www.huntersfriend.eu\/de\/wp-json\/wp\/v2\/media?parent=280757"}],"wp:term":[{"taxonomy":"product_brand","embeddable":true,"href":"https:\/\/www.huntersfriend.eu\/de\/wp-json\/wp\/v2\/product_brand?post=280757"},{"taxonomy":"product_cat","embeddable":true,"href":"https:\/\/www.huntersfriend.eu\/de\/wp-json\/wp\/v2\/product_cat?post=280757"},{"taxonomy":"product_tag","embeddable":true,"href":"https:\/\/www.huntersfriend.eu\/de\/wp-json\/wp\/v2\/product_tag?post=280757"}],"curies":[{"name":"wp","href":"https:\/\/api.w.org\/{rel}","templated":true}]}}