{"id":280756,"date":"2024-01-04T12:31:35","date_gmt":"2024-01-04T10:31:35","guid":{"rendered":"https:\/\/www.huntersfriend.eu\/product\/hoyt-carbon-go-stix-2-0\/"},"modified":"2026-03-18T22:00:35","modified_gmt":"2026-03-18T20:00:35","slug":"hoyt-carbon-go-stix-2-0","status":"publish","type":"product","link":"https:\/\/www.huntersfriend.eu\/de\/produkt\/hoyt-carbon-go-stix-2-0\/","title":{"rendered":"Hoyt Carbon Go-Stix 2.0"},"content":{"rendered":"<p>Neu und verbessert, die Go-Stix 2.0 sind ein unverzichtbares Zubeh\u00f6r f\u00fcr Ihren Hoyt-Bogen. Die neu konstruierten verstellbaren Beine k\u00f6nnen in vier verschiedene Positionen geschwenkt werden: Go, Stow, Cam Stand und Tripod. Mit diesen vier einstellbaren Positionen m\u00fcssen die Go-Stix 2.0 niemals von Ihrem Bogen entfernt werden.  <\/p>\n<p>Die Go-Stix 2.0 sind mit folgenden Bogenmodellen kompatibel:<\/p>\n<ul>\n<li>RX-8 Serie<\/li>\n<li>Alpha X Serie<\/li>\n<li>RX-7 Serie<\/li>\n<li>RX-5 Serie<\/li>\n<li>VTM Serie<\/li>\n<li>Ventum Pro Serie<\/li>\n<li>Ventum Serie<\/li>\n<li>Z1S<\/li>\n<li>RX Twin Turbo<\/li>\n<li>Highline<\/li>\n<\/ul>\n<h5>Go-Stix\u2122 2.0 Beinpositionen<\/h5>\n<div>Cam Stand Position:<\/div>\n<div>\n<ul>\n<li>Dies ist unsere Standard-Go-Stix-Position, die Ihren Bogen aufrecht h\u00e4lt, wenn Sie jagen, auf dem Schie\u00dfstand sind oder den Bogen aus anderen Gr\u00fcnden abstellen. Diese Position nutzt Ihre untere Nockenscheibe als drittes Bein, um Ihren Bogen aufrecht zu halten. <\/li>\n<\/ul>\n<\/div>\n<div>Dreibein-Position:<\/div>\n<div>\n<ul>\n<li>Mit den Go-Stix 2.0 k\u00f6nnen Sie Ihren Bogen nun aufstellen, ohne dass die untere Nockenscheibe den Boden ber\u00fchrt. Verwenden Sie einen l\u00e4ngeren Stabilisator (wir empfehlen 6-8 Zoll Stabilisatoren) in der unteren Montageposition, und Sie erhalten eine solide, stabile Plattform f\u00fcr Ihren Bogen, ohne dass die Nockenscheibe den Boden ber\u00fchrt. <\/li>\n<\/ul>\n<\/div>\n<div>Go-Position:<\/div>\n<div>\n<ul>\n<li>Ideal f\u00fcr Situationen, in denen Sie die Stix aus dem Weg haben m\u00f6chten. Dies kann der Fall sein, w\u00e4hrend Sie auf dem Stand sind, sich durch dichtes Unterholz bewegen oder Ihren Bogen transportieren. <\/li>\n<\/ul>\n<\/div>\n<div>Stow-Position:<\/div>\n<div>\n<ul>\n<li>Durch das Zur\u00fcckschwenken Ihrer Go-Stix 2.0 ist diese Position ideal, wenn Sie Ihren Bogen in einem Koffer aufbewahren oder im Wald transportieren.<\/li>\n<\/ul>\n<\/div>\n","protected":false},"excerpt":{"rendered":"<p>Neu und verbessert, die Go-Stix 2.0 sind ein unverzichtbares Zubeh\u00f6r f\u00fcr Ihren Hoyt-Bogen. Die neu konstruierten verstellbaren Beine k\u00f6nnen in vier verschiedene Positionen geschwenkt werden: Go, Stow, Cam Stand und Tripod. Mit diesen vier einstellbaren Positionen m\u00fcssen die Go-Stix 2.0 niemals von Ihrem Bogen entfernt werden. Die Go-Stix 2.0 sind mit folgenden Bogenmodellen kompatibel: RX-8 [&#8230;]\n","protected":false},"featured_media":260127,"comment_status":"open","ping_status":"closed","template":"","meta":[],"product_brand":[],"product_cat":[2151,1256],"product_tag":[],"class_list":{"0":"post-280756","1":"product","2":"type-product","3":"status-publish","4":"has-post-thumbnail","6":"product_cat-bogenstative-diverses","7":"product_cat-verschiedenes-bogenschiessen","9":"first","10":"instock","11":"taxable","12":"shipping-taxable","13":"purchasable","14":"product-type-simple"},"composite_virtual":false,"composite_layout":"","composite_add_to_cart_form_location":"","composite_editable_in_cart":false,"composite_sold_individually_context":"","composite_shop_price_calc":"","composite_components":[],"composite_scenarios":[],"group_of_quantity":0,"min_quantity":0,"max_quantity":"","exclude_order_quantity_value_rules":"no","exclude_category_quantity_rules":"no","combine_variations":"no","exclude_global_add_ons":[],"addons":[],"_links":{"self":[{"href":"https:\/\/www.huntersfriend.eu\/de\/wp-json\/wp\/v2\/product\/280756","targetHints":{"allow":["GET"]}}],"collection":[{"href":"https:\/\/www.huntersfriend.eu\/de\/wp-json\/wp\/v2\/product"}],"about":[{"href":"https:\/\/www.huntersfriend.eu\/de\/wp-json\/wp\/v2\/types\/product"}],"replies":[{"embeddable":true,"href":"https:\/\/www.huntersfriend.eu\/de\/wp-json\/wp\/v2\/comments?post=280756"}],"wp:featuredmedia":[{"embeddable":true,"href":"https:\/\/www.huntersfriend.eu\/de\/wp-json\/wp\/v2\/media\/260127"}],"wp:attachment":[{"href":"https:\/\/www.huntersfriend.eu\/de\/wp-json\/wp\/v2\/media?parent=280756"}],"wp:term":[{"taxonomy":"product_brand","embeddable":true,"href":"https:\/\/www.huntersfriend.eu\/de\/wp-json\/wp\/v2\/product_brand?post=280756"},{"taxonomy":"product_cat","embeddable":true,"href":"https:\/\/www.huntersfriend.eu\/de\/wp-json\/wp\/v2\/product_cat?post=280756"},{"taxonomy":"product_tag","embeddable":true,"href":"https:\/\/www.huntersfriend.eu\/de\/wp-json\/wp\/v2\/product_tag?post=280756"}],"curies":[{"name":"wp","href":"https:\/\/api.w.org\/{rel}","templated":true}]}}