{"id":280746,"date":"2024-01-05T00:59:49","date_gmt":"2025-06-23T08:13:28","guid":{"rendered":"https:\/\/www.huntersfriend.eu\/product\/trophaeenbrett-reh-22-x-13-cm-2\/"},"modified":"2026-02-25T10:35:47","modified_gmt":"2026-02-25T08:35:47","slug":"trophaeenbrett-reh-22-x-13-cm-2","status":"publish","type":"product","link":"https:\/\/www.huntersfriend.eu\/de\/produkt\/trophaeenbrett-reh-22-x-13-cm-2\/","title":{"rendered":"Troph\u00e4enbrett, Reh 22 x 13 cm"},"content":{"rendered":"<p>Ein \u00e4u\u00dferst elegantes Troph\u00e4enbrett in nat\u00fcrlicher Farbe, gefertigt aus Eichenholz. Es eignet sich hervorragend f\u00fcr kleinere Hirscharten wie das Reh. <\/p>\n<p>Gr\u00f6\u00dfe: 22 x 13 cm<\/p>\n","protected":false},"excerpt":{"rendered":"<p>Ein \u00e4u\u00dferst elegantes Troph\u00e4enbrett in nat\u00fcrlicher Farbe, gefertigt aus Eichenholz. Es eignet sich hervorragend f\u00fcr kleinere Hirscharten wie das Reh. Gr\u00f6\u00dfe: 22 x 13 cm<\/p>\n","protected":false},"featured_media":265135,"comment_status":"open","ping_status":"closed","template":"","meta":[],"product_brand":[],"product_cat":[2847,1329],"product_tag":[],"class_list":{"0":"post-280746","1":"product","2":"type-product","3":"status-publish","4":"has-post-thumbnail","6":"product_cat-taxidermi","7":"product_cat-taxidermy","9":"first","10":"onbackorder","11":"taxable","12":"shipping-taxable","13":"purchasable","14":"product-type-simple"},"composite_virtual":false,"composite_layout":"","composite_add_to_cart_form_location":"","composite_editable_in_cart":false,"composite_sold_individually_context":"","composite_shop_price_calc":"","composite_components":[],"composite_scenarios":[],"group_of_quantity":0,"min_quantity":0,"max_quantity":"","exclude_order_quantity_value_rules":"no","exclude_category_quantity_rules":"no","combine_variations":"no","exclude_global_add_ons":[],"addons":[],"_links":{"self":[{"href":"https:\/\/www.huntersfriend.eu\/de\/wp-json\/wp\/v2\/product\/280746","targetHints":{"allow":["GET"]}}],"collection":[{"href":"https:\/\/www.huntersfriend.eu\/de\/wp-json\/wp\/v2\/product"}],"about":[{"href":"https:\/\/www.huntersfriend.eu\/de\/wp-json\/wp\/v2\/types\/product"}],"replies":[{"embeddable":true,"href":"https:\/\/www.huntersfriend.eu\/de\/wp-json\/wp\/v2\/comments?post=280746"}],"wp:featuredmedia":[{"embeddable":true,"href":"https:\/\/www.huntersfriend.eu\/de\/wp-json\/wp\/v2\/media\/265135"}],"wp:attachment":[{"href":"https:\/\/www.huntersfriend.eu\/de\/wp-json\/wp\/v2\/media?parent=280746"}],"wp:term":[{"taxonomy":"product_brand","embeddable":true,"href":"https:\/\/www.huntersfriend.eu\/de\/wp-json\/wp\/v2\/product_brand?post=280746"},{"taxonomy":"product_cat","embeddable":true,"href":"https:\/\/www.huntersfriend.eu\/de\/wp-json\/wp\/v2\/product_cat?post=280746"},{"taxonomy":"product_tag","embeddable":true,"href":"https:\/\/www.huntersfriend.eu\/de\/wp-json\/wp\/v2\/product_tag?post=280746"}],"curies":[{"name":"wp","href":"https:\/\/api.w.org\/{rel}","templated":true}]}}