{"id":280742,"date":"2024-01-04T12:31:05","date_gmt":"2025-06-23T08:13:27","guid":{"rendered":"https:\/\/www.huntersfriend.eu\/product\/anar-dalvi-gepolsterter-overall\/"},"modified":"2026-02-25T10:36:46","modified_gmt":"2026-02-25T08:36:46","slug":"anar-dalvi-gepolsterter-overall","status":"publish","type":"product","link":"https:\/\/www.huntersfriend.eu\/de\/produkt\/anar-dalvi-gepolsterter-overall\/","title":{"rendered":"Anar dalvi gepolsterter Overall"},"content":{"rendered":"<div class=\"woocommerce-product-details__short-description\">\n<p>Vollst\u00e4ndig gepolsterter Overall f\u00fcr ultimativen Schutz gegen kalte Wetterbedingungen. Er ist gleicherma\u00dfen ideal f\u00fcr Eisangler, Schneemobilfahrer, J\u00e4ger und Winterwanderer. <\/p>\n<\/div>\n<div class=\"woocommerce-tabs wc-tabs-wrapper\">Hauptmerkmale:<\/div>\n<div>\n<div class=\"woocommerce-product-details__short-description\">\n<ul>\n<li>Das Hauptmaterial besteht zu 85% aus Polyester und zu 15% aus Polyamid mit ADS-Membran und ist wasserdicht (10.000 mm), winddicht und atmungsaktiv (5.000 g\/m\u00b2\/24h)<\/li>\n<li>Verst\u00e4rkungsmaterial aus Polyamid f\u00fcr Langlebigkeit an Ges\u00e4\u00df, Knien und Unterschenkeln, versehen mit derselben ADS-Membran<\/li>\n<li>Alle N\u00e4hte sind f\u00fcr vollst\u00e4ndige Wasserdichtigkeit verklebt<\/li>\n<li>Vollst\u00e4ndig gepolstertes Design mit 160 g Polsterung an K\u00f6rper und \u00c4rmeln sowie 130 g an Kapuze und Unterschenkeln<\/li>\n<li>Ges\u00e4\u00df und Knie sind mit zus\u00e4tzlicher W\u00e4rmeisolierung versehen, um vor kaltem Boden zu sch\u00fctzen<\/li>\n<li>Verstellbare, feste Kapuze mit Kunstpelz am Rand f\u00fcr zus\u00e4tzlichen Schutz des Gesichts bei kaltem Wind<\/li>\n<li>Elastische Taille f\u00fcr einfache Bewegung, Komfort und Passform mit stabilen G\u00fcrtelschlaufen und Metall-Sicherheits-D-Ring<\/li>\n<li>Verstellbare \u00c4rmelmanschetten und komfortable innere Rippenb\u00fcndchen<\/li>\n<li>Verstellbares, festes Hosentr\u00e4gersystem<\/li>\n<li>Lange Bel\u00fcftungs\u00f6ffnungen mit Netz und Rei\u00dfverschl\u00fcssen unter den Achseln<\/li>\n<li>Mehrere ger\u00e4umige Taschen<\/li>\n<li>2 gro\u00dfe Brusttaschen mit Rei\u00dfverschl\u00fcssen und warmer F\u00fctterung<\/li>\n<li>2 gro\u00dfe untere Seitentaschen mit Rei\u00dfverschluss und Pattenverschluss<\/li>\n<li>Napoleontasche mit Rei\u00dfverschluss unter der Frontleiste<\/li>\n<li>Innentasche mit Rei\u00dfverschluss<\/li>\n<li>Verstellbare Bein\u00f6ffnungen mit Rei\u00dfverschluss und Klettverschl\u00fcssen<\/li>\n<li>Elastischer Schnee-\/Windschutz an den Beinenden mit Gummistreifen<\/li>\n<li>Reflektierende Details in 3M\u2122-Qualit\u00e4t an \u00c4rmeln, Vorderbeinen und R\u00fccken (zertifiziert nach SFS-EN 13356)<\/li>\n<li>Alle Rei\u00dfverschl\u00fcsse von YKK<\/li>\n<li>Entworfen und getestet in Finnland<\/li>\n<li>Farbe: Olivgr\u00fcn<\/li>\n<\/ul>\n<\/div>\n<div class=\"woocommerce-tabs wc-tabs-wrapper\"><\/div>\n<\/div>\n","protected":false},"excerpt":{"rendered":"<p>Vollst\u00e4ndig gepolsterter Overall f\u00fcr ultimativen Schutz gegen kalte Wetterbedingungen. Er ist gleicherma\u00dfen ideal f\u00fcr Eisangler, Schneemobilfahrer, J\u00e4ger und Winterwanderer. Hauptmerkmale: Das Hauptmaterial besteht zu 85% aus Polyester und zu 15% aus Polyamid mit ADS-Membran und ist wasserdicht (10.000 mm), winddicht und atmungsaktiv (5.000 g\/m\u00b2\/24h) Verst\u00e4rkungsmaterial aus Polyamid f\u00fcr Langlebigkeit an Ges\u00e4\u00df, Knien und Unterschenkeln, versehen [&#8230;]\n","protected":false},"featured_media":260120,"comment_status":"open","ping_status":"closed","template":"","meta":[],"product_brand":[],"product_cat":[2846,2261],"product_tag":[],"class_list":{"0":"post-280742","1":"product","2":"type-product","3":"status-publish","4":"has-post-thumbnail","6":"product_cat-overaller","7":"product_cat-overalls","9":"first","10":"instock","11":"taxable","12":"shipping-taxable","13":"purchasable","14":"product-type-variable"},"composite_virtual":false,"composite_layout":"","composite_add_to_cart_form_location":"","composite_editable_in_cart":false,"composite_sold_individually_context":"","composite_shop_price_calc":"","composite_components":[],"composite_scenarios":[],"group_of_quantity":0,"min_quantity":0,"max_quantity":"","exclude_order_quantity_value_rules":"no","exclude_category_quantity_rules":"no","combine_variations":"no","exclude_global_add_ons":[],"addons":[],"_links":{"self":[{"href":"https:\/\/www.huntersfriend.eu\/de\/wp-json\/wp\/v2\/product\/280742","targetHints":{"allow":["GET"]}}],"collection":[{"href":"https:\/\/www.huntersfriend.eu\/de\/wp-json\/wp\/v2\/product"}],"about":[{"href":"https:\/\/www.huntersfriend.eu\/de\/wp-json\/wp\/v2\/types\/product"}],"replies":[{"embeddable":true,"href":"https:\/\/www.huntersfriend.eu\/de\/wp-json\/wp\/v2\/comments?post=280742"}],"wp:featuredmedia":[{"embeddable":true,"href":"https:\/\/www.huntersfriend.eu\/de\/wp-json\/wp\/v2\/media\/260120"}],"wp:attachment":[{"href":"https:\/\/www.huntersfriend.eu\/de\/wp-json\/wp\/v2\/media?parent=280742"}],"wp:term":[{"taxonomy":"product_brand","embeddable":true,"href":"https:\/\/www.huntersfriend.eu\/de\/wp-json\/wp\/v2\/product_brand?post=280742"},{"taxonomy":"product_cat","embeddable":true,"href":"https:\/\/www.huntersfriend.eu\/de\/wp-json\/wp\/v2\/product_cat?post=280742"},{"taxonomy":"product_tag","embeddable":true,"href":"https:\/\/www.huntersfriend.eu\/de\/wp-json\/wp\/v2\/product_tag?post=280742"}],"curies":[{"name":"wp","href":"https:\/\/api.w.org\/{rel}","templated":true}]}}