{"id":280740,"date":"2024-01-04T12:31:04","date_gmt":"2024-01-04T10:31:04","guid":{"rendered":"https:\/\/www.huntersfriend.eu\/product\/kahles-helia-24-12-x-56i-abs-4-dot\/"},"modified":"2025-06-23T10:13:26","modified_gmt":"2025-06-23T08:13:26","slug":"kahles-helia-24-12-x-56i-abs-4-dot","status":"publish","type":"product","link":"https:\/\/www.huntersfriend.eu\/de\/produkt\/kahles-helia-24-12-x-56i-abs-4-dot\/","title":{"rendered":"KAHLES HELIA 2,4-12 x 56i abs 4-Dot"},"content":{"rendered":"<p class=\"magnification\">Die KAHLES HELIA-Serie beeindruckt durch kompromisslose Konzentration auf die wesentlichen Aspekte: Funktionalit\u00e4t, Zuverl\u00e4ssigkeit, Handhabung und \u00c4sthetik. Das perfekte Instrument f\u00fcr die Jagd. <\/p>\n<ul>\n<li>Ideal f\u00fcr die Ansitz- und Standjagd mit au\u00dfergew\u00f6hnlich hoher Lichtdurchl\u00e4ssigkeit, sei es bei D\u00e4mmerung, in der Abendd\u00e4mmerung oder bei Nacht<\/li>\n<li>Perfektes Bild mit bestem Kontrast und weitem, brillantem Sehfeld<\/li>\n<li>Leistungsstarkes optisches System mit au\u00dfergew\u00f6hnlicher Randsch\u00e4rfe<\/li>\n<li>Tag\/Nacht-beleuchtetes Absehen mit intelligenter automatischer Abschaltung<\/li>\n<\/ul>\n<p><strong>TECHNISCHE INFORMATIONEN:<\/strong><\/p>\n<table>\n<tbody>\n<tr>\n<td>Vergr\u00f6\u00dferung:<\/td>\n<td>2,4 &#8211; 12<\/td>\n<\/tr>\n<tr>\n<td>Objektivdurchmesser:<\/td>\n<td>56 mm<\/td>\n<\/tr>\n<tr>\n<td>Augenabstand:<\/td>\n<td>95 mm<\/td>\n<\/tr>\n<tr>\n<td>Sehfeld:<\/td>\n<td>16,5 &#8211; 3,3 m\/100 m<\/td>\n<\/tr>\n<tr>\n<td>Dioptrien-Ausgleich:<\/td>\n<td>+2 \/ -3,5 dpt<\/td>\n<\/tr>\n<tr>\n<td>D\u00e4mmerungszahl (DIN 58388):<\/td>\n<td>7,4 &#8211; 25,9<\/td>\n<\/tr>\n<tr>\n<td>Verstellwert pro Klick:<\/td>\n<td>0,36 Zoll (100 Yards)<br \/>\n10 mm (100 m)<br \/>\n0,1 MIL<\/td>\n<\/tr>\n<tr>\n<td>Verstellbereich (H\/S):<\/td>\n<td>1,9 \/ 1,9 m<\/td>\n<\/tr>\n<tr>\n<td>Mittelrohrdurchmesser:<\/td>\n<td>30 mm<\/td>\n<\/tr>\n<tr>\n<td>L\u00e4nge:<\/td>\n<td>359 mm<\/td>\n<\/tr>\n<tr>\n<td>Gewicht:<\/td>\n<td>680 g<\/td>\n<\/tr>\n<tr>\n<td>Gewicht (SR-Schiene):<\/td>\n<td>704 g<\/td>\n<\/tr>\n<tr>\n<td>Bildebene:<\/td>\n<td>2<\/td>\n<\/tr>\n<tr>\n<td>Beleuchtet:<\/td>\n<td>Ja<\/td>\n<\/tr>\n<tr>\n<td>Garantie:<\/td>\n<td>10 Jahre (2 Jahre elektronisch)<\/td>\n<\/tr>\n<\/tbody>\n<\/table>\n<p><img decoding=\"async\" class=\"alignnone wp-image-260596\" src=\"https:\/\/www.huntersfriend.eu\/app\/uploads\/2024\/01\/Nayttokuva-2024-01-11-114635.png\" alt=\"\" width=\"133\" height=\"129\" srcset=\"https:\/\/www.huntersfriend.eu\/app\/uploads\/2024\/01\/Nayttokuva-2024-01-11-114635.png 592w, https:\/\/www.huntersfriend.eu\/app\/uploads\/2024\/01\/Nayttokuva-2024-01-11-114635-300x291.png 300w, https:\/\/www.huntersfriend.eu\/app\/uploads\/2024\/01\/Nayttokuva-2024-01-11-114635-200x194.png 200w\" sizes=\"(max-width: 133px) 100vw, 133px\" \/><\/p>\n<p>4-Dot Absehen<\/p>\n<p><strong>Ringmontage-Version<\/strong><\/p>\n","protected":false},"excerpt":{"rendered":"<p>Die KAHLES HELIA-Serie beeindruckt durch kompromisslose Konzentration auf die wesentlichen Aspekte: Funktionalit\u00e4t, Zuverl\u00e4ssigkeit, Handhabung und \u00c4sthetik. Das perfekte Instrument f\u00fcr die Jagd. Ideal f\u00fcr die Ansitz- und Standjagd mit au\u00dfergew\u00f6hnlich hoher Lichtdurchl\u00e4ssigkeit, sei es bei D\u00e4mmerung, in der Abendd\u00e4mmerung oder bei Nacht Perfektes Bild mit bestem Kontrast und weitem, brillantem Sehfeld Leistungsstarkes optisches System mit [&#8230;]\n","protected":false},"featured_media":261113,"comment_status":"open","ping_status":"closed","template":"","meta":[],"product_brand":[],"product_cat":[1132],"product_tag":[],"class_list":{"0":"post-280740","1":"product","2":"type-product","3":"status-publish","4":"has-post-thumbnail","6":"product_cat-zielfernrohre","8":"first","9":"outofstock","10":"sale","11":"taxable","12":"shipping-taxable","13":"purchasable","14":"product-type-simple"},"composite_virtual":false,"composite_layout":"","composite_add_to_cart_form_location":"","composite_editable_in_cart":false,"composite_sold_individually_context":"","composite_shop_price_calc":"","composite_components":[],"composite_scenarios":[],"group_of_quantity":0,"min_quantity":0,"max_quantity":"","exclude_order_quantity_value_rules":"no","exclude_category_quantity_rules":"no","combine_variations":"no","exclude_global_add_ons":[],"addons":[],"_links":{"self":[{"href":"https:\/\/www.huntersfriend.eu\/de\/wp-json\/wp\/v2\/product\/280740","targetHints":{"allow":["GET"]}}],"collection":[{"href":"https:\/\/www.huntersfriend.eu\/de\/wp-json\/wp\/v2\/product"}],"about":[{"href":"https:\/\/www.huntersfriend.eu\/de\/wp-json\/wp\/v2\/types\/product"}],"replies":[{"embeddable":true,"href":"https:\/\/www.huntersfriend.eu\/de\/wp-json\/wp\/v2\/comments?post=280740"}],"wp:featuredmedia":[{"embeddable":true,"href":"https:\/\/www.huntersfriend.eu\/de\/wp-json\/wp\/v2\/media\/261113"}],"wp:attachment":[{"href":"https:\/\/www.huntersfriend.eu\/de\/wp-json\/wp\/v2\/media?parent=280740"}],"wp:term":[{"taxonomy":"product_brand","embeddable":true,"href":"https:\/\/www.huntersfriend.eu\/de\/wp-json\/wp\/v2\/product_brand?post=280740"},{"taxonomy":"product_cat","embeddable":true,"href":"https:\/\/www.huntersfriend.eu\/de\/wp-json\/wp\/v2\/product_cat?post=280740"},{"taxonomy":"product_tag","embeddable":true,"href":"https:\/\/www.huntersfriend.eu\/de\/wp-json\/wp\/v2\/product_tag?post=280740"}],"curies":[{"name":"wp","href":"https:\/\/api.w.org\/{rel}","templated":true}]}}