{"id":280738,"date":"2024-01-04T12:31:03","date_gmt":"2024-01-04T10:31:03","guid":{"rendered":"https:\/\/www.huntersfriend.eu\/product\/kahles-helia-1-5-x-24i-abs-4-dh\/"},"modified":"2025-06-23T10:13:25","modified_gmt":"2025-06-23T08:13:25","slug":"kahles-helia-1-5-x-24i-abs-4-dh","status":"publish","type":"product","link":"https:\/\/www.huntersfriend.eu\/de\/produkt\/kahles-helia-1-5-x-24i-abs-4-dh\/","title":{"rendered":"Kahles helia 1-5 x 24i abs 4-DH"},"content":{"rendered":"<p>Die HELIA-Serie beeindruckt durch ihre kompromisslose Fokussierung auf die wesentlichen Aspekte: Funktionalit\u00e4t, Zuverl\u00e4ssigkeit, Handhabung und \u00c4sthetik. Das perfekte Instrument f\u00fcr die Jagd. <\/p>\n<ul>\n<li>Echte kompakte Dr\u00fcckjagdoptik mit einem ultraweiten Sichtfeld von bis zu 42 m\/100 m<\/li>\n<li>Leistungsstarkes optisches System mit au\u00dfergew\u00f6hnlicher Randsch\u00e4rfe<\/li>\n<li>Echte 1-fache Vergr\u00f6\u00dferung f\u00fcr irritationsfreies Betrachten mit beiden Augen<\/li>\n<li>Besonders helles Tag-\/Nacht-Leuchtabsehen mit intelligenter automatischer Abschaltung<\/li>\n<\/ul>\n<p><strong>TECHNISCHE SPEZIFIKATIONEN:<\/strong><\/p>\n<table>\n<tbody>\n<tr>\n<td>Vergr\u00f6\u00dferung:<\/td>\n<td>1-5<\/td>\n<\/tr>\n<tr>\n<td>Objektivdurchmesser:<\/td>\n<td>24 mm<\/td>\n<\/tr>\n<tr>\n<td>Augenabstand:<\/td>\n<td>95 mm<\/td>\n<\/tr>\n<tr>\n<td>Sehfeld:<\/td>\n<td>42,4 &#8211; 8,1 m\/100 m<\/td>\n<\/tr>\n<tr>\n<td>Dioptrien-Ausgleich:<\/td>\n<td>+2 \/ -3,5 dpt<\/td>\n<\/tr>\n<tr>\n<td>D\u00e4mmerungszahl (DIN 58388):<\/td>\n<td>3,0 &#8211; 11,0<\/td>\n<\/tr>\n<tr>\n<td>Verstellbereich (H\/S):<\/td>\n<td>2,5 \/ 2,5 m<\/td>\n<\/tr>\n<tr>\n<td>Mittelrohrdurchmesser:<\/td>\n<td>30 mm<\/td>\n<\/tr>\n<tr>\n<td>L\u00e4nge:<\/td>\n<td>278 mm<\/td>\n<\/tr>\n<tr>\n<td>Gewicht:<\/td>\n<td>475 g<\/td>\n<\/tr>\n<tr>\n<td>Gewicht (SR-Schiene):<\/td>\n<td>499 g<\/td>\n<\/tr>\n<tr>\n<td>Bildebene:<\/td>\n<td>2<\/td>\n<\/tr>\n<tr>\n<td>Beleuchtet:<\/td>\n<td>Ja<\/td>\n<\/tr>\n<tr>\n<td>Garantie:<\/td>\n<td>10 Jahre (2 Jahre Elektronik)<\/td>\n<\/tr>\n<\/tbody>\n<\/table>\n<p>4-DH Absehen<\/p>\n<p><img decoding=\"async\" class=\"alignnone wp-image-261068\" src=\"https:\/\/www.huntersfriend.eu\/app\/uploads\/2024\/01\/DH4-600x598.jpg\" alt=\"\" width=\"128\" height=\"128\" srcset=\"https:\/\/www.huntersfriend.eu\/app\/uploads\/2024\/01\/DH4-600x598.jpg 600w, https:\/\/www.huntersfriend.eu\/app\/uploads\/2024\/01\/DH4-1024x1021.jpg 1024w, https:\/\/www.huntersfriend.eu\/app\/uploads\/2024\/01\/DH4-150x150.jpg 150w, https:\/\/www.huntersfriend.eu\/app\/uploads\/2024\/01\/DH4-768x766.jpg 768w, https:\/\/www.huntersfriend.eu\/app\/uploads\/2024\/01\/DH4-1536x1531.jpg 1536w, https:\/\/www.huntersfriend.eu\/app\/uploads\/2024\/01\/DH4-2048x2041.jpg 2048w, https:\/\/www.huntersfriend.eu\/app\/uploads\/2024\/01\/DH4-300x300.jpg 300w, https:\/\/www.huntersfriend.eu\/app\/uploads\/2024\/01\/DH4-200x200.jpg 200w\" sizes=\"(max-width: 128px) 100vw, 128px\" \/><\/p>\n","protected":false},"excerpt":{"rendered":"<p>Die HELIA-Serie beeindruckt durch ihre kompromisslose Fokussierung auf die wesentlichen Aspekte: Funktionalit\u00e4t, Zuverl\u00e4ssigkeit, Handhabung und \u00c4sthetik. Das perfekte Instrument f\u00fcr die Jagd. Echte kompakte Dr\u00fcckjagdoptik mit einem ultraweiten Sichtfeld von bis zu 42 m\/100 m Leistungsstarkes optisches System mit au\u00dfergew\u00f6hnlicher Randsch\u00e4rfe Echte 1-fache Vergr\u00f6\u00dferung f\u00fcr irritationsfreies Betrachten mit beiden Augen Besonders helles Tag-\/Nacht-Leuchtabsehen mit intelligenter [&#8230;]\n","protected":false},"featured_media":261078,"comment_status":"open","ping_status":"closed","template":"","meta":[],"product_brand":[],"product_cat":[1145],"product_tag":[],"class_list":{"0":"post-280738","1":"product","2":"type-product","3":"status-publish","4":"has-post-thumbnail","6":"product_cat-sonstiges","8":"first","9":"outofstock","10":"sale","11":"taxable","12":"shipping-taxable","13":"purchasable","14":"product-type-simple"},"composite_virtual":false,"composite_layout":"","composite_add_to_cart_form_location":"","composite_editable_in_cart":false,"composite_sold_individually_context":"","composite_shop_price_calc":"","composite_components":[],"composite_scenarios":[],"group_of_quantity":0,"min_quantity":0,"max_quantity":"","exclude_order_quantity_value_rules":"no","exclude_category_quantity_rules":"no","combine_variations":"no","exclude_global_add_ons":[],"addons":[],"_links":{"self":[{"href":"https:\/\/www.huntersfriend.eu\/de\/wp-json\/wp\/v2\/product\/280738","targetHints":{"allow":["GET"]}}],"collection":[{"href":"https:\/\/www.huntersfriend.eu\/de\/wp-json\/wp\/v2\/product"}],"about":[{"href":"https:\/\/www.huntersfriend.eu\/de\/wp-json\/wp\/v2\/types\/product"}],"replies":[{"embeddable":true,"href":"https:\/\/www.huntersfriend.eu\/de\/wp-json\/wp\/v2\/comments?post=280738"}],"wp:featuredmedia":[{"embeddable":true,"href":"https:\/\/www.huntersfriend.eu\/de\/wp-json\/wp\/v2\/media\/261078"}],"wp:attachment":[{"href":"https:\/\/www.huntersfriend.eu\/de\/wp-json\/wp\/v2\/media?parent=280738"}],"wp:term":[{"taxonomy":"product_brand","embeddable":true,"href":"https:\/\/www.huntersfriend.eu\/de\/wp-json\/wp\/v2\/product_brand?post=280738"},{"taxonomy":"product_cat","embeddable":true,"href":"https:\/\/www.huntersfriend.eu\/de\/wp-json\/wp\/v2\/product_cat?post=280738"},{"taxonomy":"product_tag","embeddable":true,"href":"https:\/\/www.huntersfriend.eu\/de\/wp-json\/wp\/v2\/product_tag?post=280738"}],"curies":[{"name":"wp","href":"https:\/\/api.w.org\/{rel}","templated":true}]}}