{"id":280735,"date":"2024-01-04T12:31:02","date_gmt":"2025-06-23T08:13:22","guid":{"rendered":"https:\/\/www.huntersfriend.eu\/product\/swarovski-z6i-25-15-x-56-l-4a-i\/"},"modified":"2025-06-23T10:13:22","modified_gmt":"2025-06-23T08:13:22","slug":"swarovski-z6i-25-15-x-56-l-4a-i","status":"publish","type":"product","link":"https:\/\/www.huntersfriend.eu\/de\/produkt\/swarovski-z6i-25-15-x-56-l-4a-i\/","title":{"rendered":"Swarovski Z6i 2,5-15 x 56 l 4A-i"},"content":{"rendered":"<div>Das beleuchtete Swarovski Z6i 2,5-15\u00d756 P ist ein brillantes und vielseitiges Zielfernrohr, konzipiert f\u00fcr die Jagd in der D\u00e4mmerung. Das 6-fache Zoomzielfernrohr bietet einen effektiven Einsatzbereich, von einem f\u00fcr die Ansitzjagd geeigneten Sehfeld bis hin zu einer 15-fachen Vergr\u00f6\u00dferung f\u00fcr pr\u00e4zise Sch\u00fcsse auf gro\u00dfe Entfernungen. HD-Optik und seitliche Parallaxenkorrektur garantieren Ihnen ein makelloses Bild.  <\/div>\n<div><\/div>\n<div class=\"swo-css-1l1yy35\"><strong><span class=\"swo-css-1loh2bb\">VERGR\u00d6SSERUNG<\/span><\/strong><\/div>\n<div class=\"swo-css-1yqjybo\">\n<p class=\"first-rt-node last-rt-node swo-css-1i9vogi\">Die Vergr\u00f6\u00dferung gibt an, um wie viel n\u00e4her ein Objekt erscheint. Je h\u00f6her die Vergr\u00f6\u00dferung, desto n\u00e4her erscheint das Objekt und desto kleiner wird das Sichtfeld. Zielfernrohre verf\u00fcgen in der Regel \u00fcber eine variable Vergr\u00f6\u00dferung (Zoom), beispielsweise 2-16x. Dies erm\u00f6glicht eine stufenlose Vergr\u00f6\u00dferung von 2-fach bis 16-fach.   <\/p>\n<div class=\"swo-css-1xx1tln\">\n<div class=\"swo-css-6kz1wu\">\n<div class=\"swo-css-1l1yy35\"><strong><span class=\"swo-css-1loh2bb\">TREFFPUNKTKORREKTUR<\/span><\/strong><\/div>\n<div class=\"swo-css-1yqjybo\">\n<p class=\"first-rt-node last-rt-node swo-css-1i9vogi\">Um stets auf den Zielpunkt aus verschiedenen Entfernungen zielen zu k\u00f6nnen, wird das Absehen so justiert, dass der Treffpunkt mit dem Zielpunkt \u00fcbereinstimmt. Der Zielpunkt ist jener Punkt auf dem Objekt, den man anvisieren m\u00f6chte. Die Absehensverstellung in den T\u00fcrmen des Zielfernrohrs erfolgt mittels Klickeinstellungen. Jeder Klick ver\u00e4ndert den Treffpunkt.   <\/p>\n<div class=\"swo-css-1xx1tln\">\n<div class=\"swo-css-6kz1wu\">\n<div class=\"swo-css-1l1yy35\"><strong><span class=\"swo-css-1loh2bb\">VERSTELLBEREICH<\/span><\/strong><\/div>\n<div class=\"swo-css-1yqjybo\">\n<p class=\"first-rt-node last-rt-node swo-css-1i9vogi\">Der Verstellbereich beschreibt den Bereich, innerhalb dessen Sie den Treffpunkt durch Justierung des Absehens korrigieren k\u00f6nnen, ohne das Ger\u00e4t zu bewegen. Der Verstellbereich wird sowohl f\u00fcr die H\u00f6hen- als auch f\u00fcr die Seitenverstellung angegeben. <\/p>\n<p>Swarovski misst den Verstellbereich in Metern pro 100 Meter (m\/100m) oder Zoll pro 100 Yards (in\/100yd). Andere Hersteller w\u00e4hlen die Angabe in MRAD (Milliradiant) oder MOA (Winkelminute). <\/p>\n<\/div>\n<\/div>\n<\/div>\n<div class=\"swo-css-1xx1tln\">\n<div class=\"swo-css-6kz1wu\">\n<div class=\"swo-css-1l1yy35\"><strong><span class=\"swo-css-1loh2bb\">LICHTDURCHL\u00c4SSIGKEIT<\/span><\/strong><\/div>\n<div class=\"swo-css-1yqjybo\">\n<p class=\"first-rt-node last-rt-node swo-css-1i9vogi\">Dies beschreibt den Anteil des sichtbaren Lichts, der durch ein optisches System passieren kann, und wird als Prozentwert ausgedr\u00fcckt. Der Objektivdurchmesser gibt an, wie viel Licht in die Optik eintreten kann. Dies macht ihn zu einem Schl\u00fcsselfaktor f\u00fcr die Leistung eines Instruments, beispielsweise in der D\u00e4mmerung. Je gr\u00f6\u00dfer der Objektivdurchmesser, desto mehr Licht kann das Objektiv einfangen. Je dunkler die Umgebung, desto gr\u00f6\u00dfer muss der Objektivdurchmesser sein. \u00dcberpr\u00fcfen Sie die genaue Produktbezeichnung, da die Zahl nach dem \u201ex\u201c den Objektivdurchmesser in Millimetern angibt. Ein Ger\u00e4t mit dem Suffix 2-16\u00d750 hat beispielsweise ein Objektiv mit einem Durchmesser von 50 mm.      <\/p>\n<\/div>\n<div>\n<p><strong><span class=\"swo-css-1im26ic\">LIEFERUMFANG DES ZIELFERNROHRS:<\/span><\/strong><\/p>\n<ul>\n<li class=\"swo-css-hrolav\">Transparente Objektivschutzdeckel<\/li>\n<li class=\"swo-css-hrolav\">Ersatzbatterie im Ersatzbatteriehalter<\/li>\n<li class=\"swo-css-hrolav\">Mikrofasertuch<\/li>\n<\/ul>\n<\/div>\n<div>\n<p><strong>TECHNISCHE SPEZIFIKATION:<\/strong><\/p>\n<p>Montagetyp: <strong>Ringmontage<\/strong><\/p>\n<\/div>\n<div><strong>Absehen:<\/strong> 4A-I  <img decoding=\"async\" class=\"alignnone\" src=\"https:\/\/images.ctfassets.net\/pvkenuwtinkd\/5F96bx7KE7d8P7QWg4WBmk\/2a4ec935a195fe03bdd10c7f54559018\/4A-I.png\" alt=\"\" width=\"90\" height=\"90\"><\/div>\n<\/div>\n<\/div>\n<div><\/div>\n<div class=\"swo-css-1xx1tln\">\n<div><\/div>\n<div><strong>OBJEKTIV:<\/strong><\/div>\n<div class=\"swo-css-6kz1wu\">\n<div class=\"swo-css-wvbtny\">\n<div class=\"swo-css-1r6uwks\">\n<ul>\n<li class=\"swo-css-1fttcpj\"><span class=\"swo-css-okagfm\">2,5-15x <\/span>Vergr\u00f6\u00dferung<\/li>\n<li class=\"swo-css-1fttcpj\">24,0-56 mm Effektiver Objektivdurchmesser<\/li>\n<li class=\"swo-css-1fttcpj\">9,5-3,8 mm Austrittspupillendurchmesser<\/li>\n<li class=\"swo-css-1fttcpj\">95 mm Austrittspupillenabstand<\/li>\n<li class=\"swo-css-1fttcpj\">16,5-2,7 m\/100m Sehfeld<\/li>\n<li class=\"swo-css-1fttcpj\">9,4-1,5 \u00b0 Sehfeld in Grad<\/li>\n<li class=\"swo-css-1fttcpj\">23,2 \u00b0 Scheinbares Sehfeld<\/li>\n<li class=\"swo-css-1fttcpj\">-3 bis +2 dpt Dioptrienausgleich<\/li>\n<li class=\"swo-css-1fttcpj\">91 % Lichtdurchl\u00e4ssigkeit<\/li>\n<li class=\"swo-css-1fttcpj\">7,1-29 D\u00e4mmerungszahl nach ISO 14132-1 <\/li>\n<li class=\"swo-css-1fttcpj\">50-\u221e m Parallaxenkorrektur<\/li>\n<\/ul>\n<div class=\"selected swo-css-1cs9xox\"><strong><span class=\"swo-css-11ogcw2\">MESSUNG:<\/span><\/strong><\/div>\n<div class=\"is-selected swo-css-3uk7ts\">\n<div class=\"swo-css-1fn4ol2\">\n<div class=\"swo-css-wvbtny\">\n<div class=\"swo-css-1r6uwks\">\n<ul>\n<li class=\"swo-css-1fttcpj\"><span class=\"swo-css-okagfm\">0,36 \/ 10 <\/span>Treffpunktkorrektur pro Klick (in \/ mm)<\/li>\n<li class=\"swo-css-1fttcpj\">1,8\/1,0 \/ 64,8\/36,0 Max. H\u00f6hen- \/ Seitenverstellbereich (m\/100m \/ in\/100yds) <\/li>\n<\/ul>\n<div class=\"selected swo-css-1cs9xox\"><strong><span class=\"swo-css-11ogcw2\">DIGITAL:<\/span><\/strong><\/div>\n<div class=\"is-selected swo-css-3uk7ts\">\n<div class=\"swo-css-1fn4ol2\">\n<div class=\"swo-css-wvbtny\">\n<div class=\"swo-css-1r6uwks\">\n<ul>\n<li class=\"swo-css-1fttcpj\"><span class=\"swo-css-okagfm\">M 58\u00d70,75 <\/span>Objektivfiltergewinde<\/li>\n<li class=\"swo-css-1fttcpj\"><span class=\"swo-css-1st56r9\">Betriebszeit: <\/span>D\u00e4mmerungsfaktor bei mittlerer Helligkeit: 1.400; Tageslichtfaktor bei mittlerer Helligkeit: 180<\/li>\n<\/ul>\n<\/div>\n<\/div>\n<div class=\"swo-css-wvbtny\">\n<div class=\"selected swo-css-1cs9xox\"><strong><span class=\"swo-css-11ogcw2\">GR\u00d6SSE  GEWICHT:<\/span><\/strong><\/div>\n<div class=\"is-selected swo-css-3uk7ts\">\n<div class=\"swo-css-1fn4ol2\">\n<div class=\"swo-css-wvbtny\">\n<div class=\"swo-css-1r6uwks\">\n<ul>\n<li class=\"swo-css-1fttcpj\"><span class=\"swo-css-okagfm\">L\u00e4nge in mm: 367 mm<\/span><\/li>\n<li class=\"swo-css-1fttcpj\"><span class=\"swo-css-1st56r9\">Gewicht: <\/span>655 g <span class=\"swo-css-okagfm\">665 g<\/span><\/li>\n<li><span class=\"swo-css-1st56r9\">Mittelrohrdurchmesser: 30 mm<\/span><\/li>\n<\/ul>\n<div class=\"selected swo-css-1cs9xox\">\n<p><strong><span class=\"swo-css-11ogcw2\">UMGEBUNG  BEDINGUNGEN:<\/span><\/strong><\/p>\n<ul>\n<li><span class=\"swo-css-1st56r9\">Funktionstemperatur: <\/span>-20 bis +55 \u00b0C<\/li>\n<li><span class=\"swo-css-1st56r9\">Lagertemperatur: <span class=\"swo-css-okagfm\">-30 bis +70 \u00b0C<\/span><\/span><\/li>\n<li><span class=\"swo-css-1st56r9\">Wasserdichtigkeit: <span class=\"swo-css-okagfm\">13 ft \/ 4 m Wassertiefe (Inertgasf\u00fcllung)<\/span><\/span><\/li>\n<\/ul>\n<\/div>\n<div class=\"is-selected swo-css-3uk7ts\">\n<div class=\"swo-css-1fn4ol2\">\n<div class=\"swo-css-wvbtny\">\n<div class=\"selected swo-css-1cs9xox\"><strong><span class=\"swo-css-11ogcw2\">BELEUCHTUNG:<\/span><\/strong><\/div>\n<div class=\"is-selected swo-css-3uk7ts\">\n<div class=\"swo-css-1fn4ol2\">\n<div class=\"swo-css-wvbtny\">\n<div class=\"swo-css-1r6uwks\">\n<ul>\n<li class=\"swo-css-1fttcpj\"><span class=\"swo-css-okagfm\"><span class=\"swo-css-1st56r9\">Helligkeitsstufen: <\/span>D\u00e4mmerung: 0 \u2013 32 \/ Tag: 33 \u2013 64<\/span><\/li>\n<\/ul>\n<\/div>\n<\/div>\n<\/div>\n<\/div>\n<\/div>\n<\/div>\n<\/div>\n<\/div>\n<\/div>\n<\/div>\n<\/div>\n<\/div>\n<\/div>\n<\/div>\n<\/div>\n<\/div>\n<\/div>\n<\/div>\n<\/div>\n<\/div>\n<\/div>\n<\/div>\n<\/div>\n<\/div>\n<\/div>\n<\/div>\n","protected":false},"excerpt":{"rendered":"<p>Ringmontage<\/p>\n","protected":false},"featured_media":260434,"comment_status":"open","ping_status":"closed","template":"","meta":[],"product_brand":[],"product_cat":[1132],"product_tag":[],"class_list":{"0":"post-280735","1":"product","2":"type-product","3":"status-publish","4":"has-post-thumbnail","6":"product_cat-zielfernrohre","8":"first","9":"outofstock","10":"taxable","11":"shipping-taxable","12":"purchasable","13":"product-type-simple"},"composite_virtual":false,"composite_layout":"","composite_add_to_cart_form_location":"","composite_editable_in_cart":false,"composite_sold_individually_context":"","composite_shop_price_calc":"","composite_components":[],"composite_scenarios":[],"group_of_quantity":0,"min_quantity":0,"max_quantity":"","exclude_order_quantity_value_rules":"no","exclude_category_quantity_rules":"no","combine_variations":"no","exclude_global_add_ons":[],"addons":[],"_links":{"self":[{"href":"https:\/\/www.huntersfriend.eu\/de\/wp-json\/wp\/v2\/product\/280735","targetHints":{"allow":["GET"]}}],"collection":[{"href":"https:\/\/www.huntersfriend.eu\/de\/wp-json\/wp\/v2\/product"}],"about":[{"href":"https:\/\/www.huntersfriend.eu\/de\/wp-json\/wp\/v2\/types\/product"}],"replies":[{"embeddable":true,"href":"https:\/\/www.huntersfriend.eu\/de\/wp-json\/wp\/v2\/comments?post=280735"}],"wp:featuredmedia":[{"embeddable":true,"href":"https:\/\/www.huntersfriend.eu\/de\/wp-json\/wp\/v2\/media\/260434"}],"wp:attachment":[{"href":"https:\/\/www.huntersfriend.eu\/de\/wp-json\/wp\/v2\/media?parent=280735"}],"wp:term":[{"taxonomy":"product_brand","embeddable":true,"href":"https:\/\/www.huntersfriend.eu\/de\/wp-json\/wp\/v2\/product_brand?post=280735"},{"taxonomy":"product_cat","embeddable":true,"href":"https:\/\/www.huntersfriend.eu\/de\/wp-json\/wp\/v2\/product_cat?post=280735"},{"taxonomy":"product_tag","embeddable":true,"href":"https:\/\/www.huntersfriend.eu\/de\/wp-json\/wp\/v2\/product_tag?post=280735"}],"curies":[{"name":"wp","href":"https:\/\/api.w.org\/{rel}","templated":true}]}}