{"id":280734,"date":"2024-01-04T12:30:24","date_gmt":"2024-01-04T10:30:24","guid":{"rendered":"https:\/\/www.huntersfriend.eu\/product\/swarovski-ballistischer-turm-flex\/"},"modified":"2025-08-02T05:50:14","modified_gmt":"2025-08-02T03:50:14","slug":"swarovski-ballistischer-turm-flex","status":"publish","type":"product","link":"https:\/\/www.huntersfriend.eu\/de\/produkt\/swarovski-ballistischer-turm-flex\/","title":{"rendered":"Swarovski ballistischer Turm Flex"},"content":{"rendered":"<p>Der ballistische Turm Flex (BTF) kann als Ober- oder Seitenturm verwendet werden und l\u00e4sst sich mit allen verf\u00fcgbaren Absehen kombinieren. Er kann separat konfiguriert werden und erm\u00f6glicht es Ihnen, stets auf die gew\u00fcnschten Entfernungen im Ziel zu bleiben. Der BTF kann ohne Werkzeug montiert werden und verf\u00fcgt \u00fcber einen Verriegelungsmechanismus, der ein unbeabsichtigtes Verdrehen verhindert. Passend f\u00fcr alle Z8i-Modelle.   <\/p>\n","protected":false},"excerpt":{"rendered":"<p>Der ballistische Turm Flex (BTF) kann als Ober- oder Seitenturm verwendet werden und l\u00e4sst sich mit allen verf\u00fcgbaren Absehen kombinieren. Er kann separat konfiguriert werden und erm\u00f6glicht es Ihnen, stets auf die gew\u00fcnschten Entfernungen im Ziel zu bleiben. Der BTF kann ohne Werkzeug montiert werden und verf\u00fcgt \u00fcber einen Verriegelungsmechanismus, der ein unbeabsichtigtes Verdrehen verhindert. [&#8230;]\n","protected":false},"featured_media":260318,"comment_status":"open","ping_status":"closed","template":"","meta":[],"product_brand":[],"product_cat":[1412,1132],"product_tag":[],"class_list":{"0":"post-280734","1":"product","2":"type-product","3":"status-publish","4":"has-post-thumbnail","6":"product_cat-fernglaszubehor","7":"product_cat-zielfernrohre","9":"first","10":"outofstock","11":"taxable","12":"shipping-taxable","13":"purchasable","14":"product-type-simple"},"composite_virtual":false,"composite_layout":"","composite_add_to_cart_form_location":"","composite_editable_in_cart":false,"composite_sold_individually_context":"","composite_shop_price_calc":"","composite_components":[],"composite_scenarios":[],"group_of_quantity":0,"min_quantity":0,"max_quantity":"","exclude_order_quantity_value_rules":"no","exclude_category_quantity_rules":"no","combine_variations":"no","exclude_global_add_ons":[],"addons":[],"_links":{"self":[{"href":"https:\/\/www.huntersfriend.eu\/de\/wp-json\/wp\/v2\/product\/280734","targetHints":{"allow":["GET"]}}],"collection":[{"href":"https:\/\/www.huntersfriend.eu\/de\/wp-json\/wp\/v2\/product"}],"about":[{"href":"https:\/\/www.huntersfriend.eu\/de\/wp-json\/wp\/v2\/types\/product"}],"replies":[{"embeddable":true,"href":"https:\/\/www.huntersfriend.eu\/de\/wp-json\/wp\/v2\/comments?post=280734"}],"wp:featuredmedia":[{"embeddable":true,"href":"https:\/\/www.huntersfriend.eu\/de\/wp-json\/wp\/v2\/media\/260318"}],"wp:attachment":[{"href":"https:\/\/www.huntersfriend.eu\/de\/wp-json\/wp\/v2\/media?parent=280734"}],"wp:term":[{"taxonomy":"product_brand","embeddable":true,"href":"https:\/\/www.huntersfriend.eu\/de\/wp-json\/wp\/v2\/product_brand?post=280734"},{"taxonomy":"product_cat","embeddable":true,"href":"https:\/\/www.huntersfriend.eu\/de\/wp-json\/wp\/v2\/product_cat?post=280734"},{"taxonomy":"product_tag","embeddable":true,"href":"https:\/\/www.huntersfriend.eu\/de\/wp-json\/wp\/v2\/product_tag?post=280734"}],"curies":[{"name":"wp","href":"https:\/\/api.w.org\/{rel}","templated":true}]}}