{"id":280727,"date":"2024-01-04T12:30:25","date_gmt":"2024-01-04T10:30:25","guid":{"rendered":"https:\/\/www.huntersfriend.eu\/product\/swarovski-slp-o-24-zf-objektivschutzkappe\/"},"modified":"2025-08-06T05:12:32","modified_gmt":"2025-08-06T03:12:32","slug":"swarovski-slp-o-24-zf-objektivschutzkappe","status":"publish","type":"product","link":"https:\/\/www.huntersfriend.eu\/de\/produkt\/swarovski-slp-o-24-zf-objektivschutzkappe\/","title":{"rendered":"Swarovski SLP-o-24 ZF Objektivschutzkappe"},"content":{"rendered":"<p>Der SLP-O Objektivschutz sch\u00fctzt Objektivlinsen vor den Auswirkungen aller Wetterbedingungen. Die Aluminiumabdeckung kann um 360\u00b0 gedreht werden, l\u00e4sst sich in jede Richtung \u00f6ffnen und verf\u00fcgt \u00fcber einen Magnetverschluss. Passend f\u00fcr alle SWAROVSKI OPTIK Zielfernrohre mit 24mm Objektivgr\u00f6\u00dfe.  <\/p>\n","protected":false},"excerpt":{"rendered":"<p>Der SLP-O Objektivschutz sch\u00fctzt Objektivlinsen vor den Auswirkungen aller Wetterbedingungen. Die Aluminiumabdeckung kann um 360\u00b0 gedreht werden, l\u00e4sst sich in jede Richtung \u00f6ffnen und verf\u00fcgt \u00fcber einen Magnetverschluss. Passend f\u00fcr alle SWAROVSKI OPTIK Zielfernrohre mit 24mm Objektivgr\u00f6\u00dfe.<\/p>\n","protected":false},"featured_media":260322,"comment_status":"open","ping_status":"closed","template":"","meta":[],"product_brand":[],"product_cat":[1412,1132],"product_tag":[],"class_list":{"0":"post-280727","1":"product","2":"type-product","3":"status-publish","4":"has-post-thumbnail","6":"product_cat-fernglaszubehor","7":"product_cat-zielfernrohre","9":"first","10":"outofstock","11":"taxable","12":"shipping-taxable","13":"purchasable","14":"product-type-simple"},"composite_virtual":false,"composite_layout":"","composite_add_to_cart_form_location":"","composite_editable_in_cart":false,"composite_sold_individually_context":"","composite_shop_price_calc":"","composite_components":[],"composite_scenarios":[],"group_of_quantity":0,"min_quantity":0,"max_quantity":"","exclude_order_quantity_value_rules":"no","exclude_category_quantity_rules":"no","combine_variations":"no","exclude_global_add_ons":[],"addons":[],"_links":{"self":[{"href":"https:\/\/www.huntersfriend.eu\/de\/wp-json\/wp\/v2\/product\/280727","targetHints":{"allow":["GET"]}}],"collection":[{"href":"https:\/\/www.huntersfriend.eu\/de\/wp-json\/wp\/v2\/product"}],"about":[{"href":"https:\/\/www.huntersfriend.eu\/de\/wp-json\/wp\/v2\/types\/product"}],"replies":[{"embeddable":true,"href":"https:\/\/www.huntersfriend.eu\/de\/wp-json\/wp\/v2\/comments?post=280727"}],"wp:featuredmedia":[{"embeddable":true,"href":"https:\/\/www.huntersfriend.eu\/de\/wp-json\/wp\/v2\/media\/260322"}],"wp:attachment":[{"href":"https:\/\/www.huntersfriend.eu\/de\/wp-json\/wp\/v2\/media?parent=280727"}],"wp:term":[{"taxonomy":"product_brand","embeddable":true,"href":"https:\/\/www.huntersfriend.eu\/de\/wp-json\/wp\/v2\/product_brand?post=280727"},{"taxonomy":"product_cat","embeddable":true,"href":"https:\/\/www.huntersfriend.eu\/de\/wp-json\/wp\/v2\/product_cat?post=280727"},{"taxonomy":"product_tag","embeddable":true,"href":"https:\/\/www.huntersfriend.eu\/de\/wp-json\/wp\/v2\/product_tag?post=280727"}],"curies":[{"name":"wp","href":"https:\/\/api.w.org\/{rel}","templated":true}]}}