{"id":280726,"date":"2024-01-31T14:02:55","date_gmt":"2025-06-23T08:08:53","guid":{"rendered":"https:\/\/www.huntersfriend.eu\/product\/darton-sequel-33-vorraetig\/"},"modified":"2025-06-23T10:08:53","modified_gmt":"2025-06-23T08:08:53","slug":"darton-sequel-33-vorraetig","status":"publish","type":"product","link":"https:\/\/www.huntersfriend.eu\/de\/produkt\/darton-sequel-33-vorraetig\/","title":{"rendered":"Darton Sequel 33 &#8211; vorr\u00e4tig"},"content":{"rendered":"<p style=\"text-align: left\" align=\"center\"><strong><span style=\"font-size: 120%\">DARTON SEQUEL 33<\/span><\/strong><\/p>\n<p style=\"text-align: left\" align=\"center\"><strong>DER GRUNDSTEIN DER TRANSFORMATION<\/strong><\/p>\n<p style=\"text-align: left\" align=\"center\"><span data-fontfamily=\"Source Sans 3\" data-fontweight=\"300\">Der V\u00d6LLIG neue Sequel 33 wurde von Grund auf neu konzipiert. Das Einzige, was unver\u00e4ndert blieb, ist NICHTS! Es f\u00e4llt schwer, Worte f\u00fcr die Geschmeidigkeit, den Komfort und die Leistung des Sequel 33 zu finden! Mit einem komplett neuen GESCHMIEDETEN 7075 T6 Mittelst\u00fcck ist dieses Ger\u00e4t ROBUST! Das neu gestaltete Mittelst\u00fcck verleiht Darton ein NIE zuvor gesehenes Aussehen und wird selbst die sch\u00e4rfsten Kritiker zum Verstummen bringen! Dartons neuer Nocken, den wir BBS-Nocken nennen, wurde f\u00fcr Geschmeidigkeit, Komfort und Geschwindigkeit konzipiert, und genau das liefert er. Dies wird der geschmeidigste Bogen sein, den Sie nie geh\u00f6rt haben, weil er fl\u00fcsterleise ist! Dartons V\u00d6LLIG neue .870 Wurfarme und Wurfarmtaschen sorgen f\u00fcr Stabilit\u00e4t, Geschwindigkeit und ein unglaubliches Gef\u00fchl!<\/span><\/p>\n<p style=\"text-align: left\" align=\"center\"><strong>\u00dcBERLEGENE QUALIT\u00c4T &amp; PR\u00c4ZISIONSTOLERANZEN<\/strong><\/p>\n<ul>\n<li>V\u00d6LLIG NEUES MITTELST\u00dcCK-DESIGN<\/li>\n<li>7075 t-6511 vorvorgespanntes Schmiedest\u00fcck<\/li>\n<li>7075 BBS Dual-Sync-Nocken<\/li>\n<li>1\/4\u2033 Achsen<\/li>\n<li>5\/8\u2033 Lager<\/li>\n<li>.870 Wurfarme und Wurfarmtaschen (Erh\u00f6hen die Stabilit\u00e4t)<\/li>\n<li>DER DARTON-GRIFFWINKEL<\/li>\n<li>Integrierte QAD-Auflage-Halterung<\/li>\n<li>Rollenf\u00fchrung<\/li>\n<li>Neues Gabelst\u00fccksystem<\/li>\n<li>Rotierendes MOD<\/li>\n<\/ul>\n<p><strong>PR\u00c4ZISIONSSPEZIFIKATIONEN<\/strong><\/p>\n<p><span data-fontfamily=\"Oswald\" data-fontweight=\"300\">Die wichtigste Voraussetzung f\u00fcr t\u00f6dlich pr\u00e4zise Sch\u00fcsse sind Pr\u00e4zisionstoleranzen. Darton-Kunden berichten h\u00e4ufig von noch engeren Toleranzen als angegeben. Sie werden den Unterschied bemerken.  <\/span><\/p>\n<ul>\n<li>GESCHWINDIGKEIT: TATS\u00c4CHLICH 335-334 FPS<\/li>\n<li>ACHSE-ZU-ACHSE: 33 1\/16\u2033<\/li>\n<li>STANDH\u00d6HE: 6,3\u2033<\/li>\n<li>GESAMTGEWICHT: 4,65 LBS. (Ohne installierten LVS, im Lieferumfang enthalten) <\/li>\n<li>AUSZUGSL\u00c4NGEN: 25,5\u2033-31,5\u2033<\/li>\n<li>ZUGGEWICHTE: 50, 60, 70<\/li>\n<li>ABZUGSERLEICHTERUNG: 85-80% einstellbar mit Auszugsstoppstiften<\/li>\n<li><strong>BCY 452X NAT\u00dcRLICHES BOGENSEHNEN-MATERIAL<\/strong><\/li>\n<li>HERGESTELLT IN DEN USA<\/li>\n<\/ul>\n<p><strong>Der Darton Sequel 33 ist in vielen verschiedenen Farboptionen erh\u00e4ltlich:<\/strong><\/p>\n<ul>\n<li>Schwarzes Mittelst\u00fcck mit schwarzen Wurfarmen<\/li>\n<li>W\u00fcstentan mit schwarzen Wurfarmen<\/li>\n<li>Flaches Dunkelerdfarben mit schwarzen Wurfarmen<\/li>\n<li>Grau mit schwarzen Wurfarmen<\/li>\n<li>Kings XK7 Tarnmuster<\/li>\n<li>Kings XK7 Tarnmuster mit schwarzen Wurfarmen<\/li>\n<li>Olivgr\u00fcn mit schwarzen Wurfarmen<\/li>\n<li>URSI emerge 2.0 Tarnmuster<\/li>\n<li>URSI emerge 2.0 Tarnmuster mit schwarzen Wurfarmen<\/li>\n<\/ul>\n<p align=\"center\">\n","protected":false},"excerpt":{"rendered":"<p>DARTON SEQUEL 33 DER GRUNDSTEIN DER TRANSFORMATION Der V\u00d6LLIG neue Sequel 33 wurde von Grund auf neu konzipiert. Das Einzige, was unver\u00e4ndert blieb, ist NICHTS! Es f\u00e4llt schwer, Worte f\u00fcr die Geschmeidigkeit, den Komfort und die Leistung des Sequel 33 zu finden! Mit einem komplett neuen GESCHMIEDETEN 7075 T6 Mittelst\u00fcck ist dieses Ger\u00e4t ROBUST! Das [&#8230;]\n","protected":false},"featured_media":262290,"comment_status":"open","ping_status":"closed","template":"","meta":[],"product_brand":[],"product_cat":[1145],"product_tag":[],"class_list":{"0":"post-280726","1":"product","2":"type-product","3":"status-publish","4":"has-post-thumbnail","6":"product_cat-sonstiges","7":"product_shipping_class-big-de","9":"first","10":"outofstock","11":"taxable","12":"shipping-taxable","13":"product-type-simple"},"composite_virtual":false,"composite_layout":"","composite_add_to_cart_form_location":"","composite_editable_in_cart":false,"composite_sold_individually_context":"","composite_shop_price_calc":"","composite_components":[],"composite_scenarios":[],"group_of_quantity":0,"min_quantity":0,"max_quantity":"","exclude_order_quantity_value_rules":"no","exclude_category_quantity_rules":"no","combine_variations":"no","exclude_global_add_ons":[],"addons":[],"_links":{"self":[{"href":"https:\/\/www.huntersfriend.eu\/de\/wp-json\/wp\/v2\/product\/280726","targetHints":{"allow":["GET"]}}],"collection":[{"href":"https:\/\/www.huntersfriend.eu\/de\/wp-json\/wp\/v2\/product"}],"about":[{"href":"https:\/\/www.huntersfriend.eu\/de\/wp-json\/wp\/v2\/types\/product"}],"replies":[{"embeddable":true,"href":"https:\/\/www.huntersfriend.eu\/de\/wp-json\/wp\/v2\/comments?post=280726"}],"wp:featuredmedia":[{"embeddable":true,"href":"https:\/\/www.huntersfriend.eu\/de\/wp-json\/wp\/v2\/media\/262290"}],"wp:attachment":[{"href":"https:\/\/www.huntersfriend.eu\/de\/wp-json\/wp\/v2\/media?parent=280726"}],"wp:term":[{"taxonomy":"product_brand","embeddable":true,"href":"https:\/\/www.huntersfriend.eu\/de\/wp-json\/wp\/v2\/product_brand?post=280726"},{"taxonomy":"product_cat","embeddable":true,"href":"https:\/\/www.huntersfriend.eu\/de\/wp-json\/wp\/v2\/product_cat?post=280726"},{"taxonomy":"product_tag","embeddable":true,"href":"https:\/\/www.huntersfriend.eu\/de\/wp-json\/wp\/v2\/product_tag?post=280726"}],"curies":[{"name":"wp","href":"https:\/\/api.w.org\/{rel}","templated":true}]}}