{"id":280722,"date":"2024-01-19T01:10:15","date_gmt":"2025-06-23T08:08:38","guid":{"rendered":"https:\/\/www.huntersfriend.eu\/product\/darton-departure-massgefertigter-bogen\/"},"modified":"2025-06-23T10:08:38","modified_gmt":"2025-06-23T08:08:38","slug":"darton-departure-massgefertigter-bogen","status":"publish","type":"product","link":"https:\/\/www.huntersfriend.eu\/de\/produkt\/darton-departure-massgefertigter-bogen\/","title":{"rendered":"Darton Departure ma\u00dfgefertigter Bogen"},"content":{"rendered":"<p><strong>V\u00d6LLIG NEUER DEPARTURE<\/strong><\/p>\n<p><span data-fontfamily=\"Oswald\" data-fontweight=\"300\" data-letterspacing=\"Normal\">Darton Archery ist stolz darauf, bekannt zu geben, dass unsere Neuerfindung in vollem Gange ist, und wir sind zuversichtlich, dass wir mit unserem neuen DEPARTURE-Bogen einen au\u00dferordentlichen Erfolg erzielt haben. DEPARTURE entstand aus unserem Transformationsplan und ist in der Tat transformativ. Mit einer Achse-zu-Achse-L\u00e4nge von 37 Zoll verf\u00fcgt der DEPARTURE \u00fcber einen akribisch gestalteten Mittelst\u00fcck, das aus einem robusten 40-Pfund-Billet gefr\u00e4st wurde. Dieses innovative Design macht ihn steifer, st\u00e4rker und allen unseren bisherigen Entwicklungen \u00fcberlegen. F\u00fcr einen Bogen, der m\u00fchelos zielt, anvisiert und makellose Sch\u00fcsse ausf\u00fchrt, endet Ihre Suche mit dem DEPARTURE.    <\/span><\/p>\n<ul>\n<li><strong>HERGESTELLT IN DEN USA<\/strong><\/li>\n<li>7075 Dual-Sync-Nocken<\/li>\n<li>1\/4-Zoll-Achsen<\/li>\n<li>5\/8&#8243; Lager<\/li>\n<li>.790 Wurfarmteile und Wurfarmtaschen (Erh\u00f6hen die Stabilit\u00e4t)<\/li>\n<li>Neuer Griffwinkel und Griffdesign<\/li>\n<li>V\u00f6llig neuer EX-Nocken<\/li>\n<li>Patentiertes E-System<\/li>\n<li>Patentierter Tiefnut-Nocken<\/li>\n<li>Patentierter Bin\u00e4r-Nocken<\/li>\n<li>1\/4&#8243; Zuggewichtsmodifikationen<\/li>\n<li>Leicht zu entfernende Module<\/li>\n<\/ul>\n<p><span data-fontfamily=\"Oswald\" data-fontweight=\"300\">Die wichtigste Voraussetzung f\u00fcr t\u00f6dlich genaue Sch\u00fcsse sind Pr\u00e4zisionstoleranzen. Unsere Kunden berichten h\u00e4ufig von noch engeren Toleranzen als von uns spezifiziert. Sie werden den Unterschied bemerken.  <\/span><\/p>\n<p><strong>GESCHWINDIGKEIT: 325-326 FPS TATS\u00c4CHLICH<\/strong><\/p>\n<p>ACHSE-ZU-ACHSE: 37&#8243;<\/p>\n<p>BOGENH\u00d6HE: 7&#8243;<\/p>\n<p>GESAMTGEWICHT: 4,9 LBS.<\/p>\n<p>ZUGL\u00c4NGEN: 25,5 \u201e-32\u201c wird standardm\u00e4\u00dfig mit 28 \u201e-30,5\u201c Modifikation geliefert<\/p>\n<p>ZUGGEWICHTE: 40, 50, 60, 70<\/p>\n<p>ABZUGSERLEICHTERUNG: (75%-65% einstellbar) mit eingeschlossenen Auszugsstopp-Laschen<\/p>\n","protected":false},"excerpt":{"rendered":"<p>V\u00d6LLIG NEUER DEPARTURE Darton Archery ist stolz darauf, bekannt zu geben, dass unsere Neuerfindung in vollem Gange ist, und wir sind zuversichtlich, dass wir mit unserem neuen DEPARTURE-Bogen einen au\u00dferordentlichen Erfolg erzielt haben. DEPARTURE entstand aus unserem Transformationsplan und ist in der Tat transformativ. Mit einer Achse-zu-Achse-L\u00e4nge von 37 Zoll verf\u00fcgt der DEPARTURE \u00fcber einen [&#8230;]\n","protected":false},"featured_media":263045,"comment_status":"open","ping_status":"closed","template":"","meta":[],"product_brand":[],"product_cat":[1145],"product_tag":[],"class_list":{"0":"post-280722","1":"product","2":"type-product","3":"status-publish","4":"has-post-thumbnail","6":"product_cat-sonstiges","7":"product_shipping_class-big-de","9":"first","10":"outofstock","11":"taxable","12":"shipping-taxable","13":"purchasable","14":"product-type-simple"},"composite_virtual":false,"composite_layout":"","composite_add_to_cart_form_location":"","composite_editable_in_cart":false,"composite_sold_individually_context":"","composite_shop_price_calc":"","composite_components":[],"composite_scenarios":[],"group_of_quantity":0,"min_quantity":0,"max_quantity":"","exclude_order_quantity_value_rules":"no","exclude_category_quantity_rules":"no","combine_variations":"no","exclude_global_add_ons":false,"addons":[{"name":"Bogenhand","type":"multiple_choice","position":0,"required":true,"title_format":"label","default":"","description_enable":false,"description":null,"placeholder_enable":false,"placeholder":null,"display":"select","restrictions_type":"any_text","adjust_price":false,"price":"","price_type":"flat_fee","restrictions":false,"min":"0","max":"0","options":[{"label":"Rechte Hand","price":"","price_type":"flat_fee","image":0,"visibility":true},{"label":"Linke Hand","price":"","price_type":"flat_fee","image":0,"visibility":true}]},{"name":"Farbe","type":"multiple_choice","position":1,"required":true,"title_format":"label","default":"","description_enable":false,"description":null,"placeholder_enable":false,"placeholder":null,"display":"select","restrictions_type":"any_text","adjust_price":false,"price":"","price_type":"flat_fee","restrictions":false,"min":"0","max":"0","options":[{"label":"Schwarz mit schwarzen Wurfarmen","price":"","price_type":"flat_fee","image":0,"visibility":true},{"label":"Schwarz mit wei\u00dfen Wurfarmen","price":"","price_type":"flat_fee","image":0,"visibility":true},{"label":"Candy Blue mit schwarzen Wurfarmen","price":"","price_type":"flat_fee","image":0,"visibility":true},{"label":"Bonbonblau mit wei\u00dfen Wurfarmen","price":"","price_type":"flat_fee","image":0,"visibility":true},{"label":"Candy Purple mit schwarzen Wurfarmen","price":"","price_type":"flat_fee","image":0,"visibility":true},{"label":"Bonbonlila mit wei\u00dfen Wurfarmen","price":"","price_type":"flat_fee","image":0,"visibility":true},{"label":"Candy Red mit schwarzen Wurfarmen","price":"","price_type":"flat_fee","image":0,"visibility":true},{"label":"Bonbonrot mit wei\u00dfen Wurfarmen","price":"","price_type":"flat_fee","image":0,"visibility":true},{"label":"Bonbont\u00fcrkis mit schwarzen Wurfarmen","price":"","price_type":"flat_fee","image":0,"visibility":true},{"label":"Bonbont\u00fcrkis mit wei\u00dfen Wurfarmen","price":"","price_type":"flat_fee","image":0,"visibility":true},{"label":"Grau mit schwarzen Wurfarmen","price":"","price_type":"flat_fee","image":0,"visibility":true},{"label":"Grau mit wei\u00dfen Wurfarmen","price":"","price_type":"flat_fee","image":0,"visibility":true},{"label":"OD Green mit schwarzen Wurfarmen","price":"","price_type":"flat_fee","image":0,"visibility":true},{"label":"Olivgr\u00fcn mit wei\u00dfen Wurfarmen","price":"","price_type":"flat_fee","image":0,"visibility":true},{"label":"Wei\u00df mit schwarzen Wurfarmen","price":"","price_type":"flat_fee","image":0,"visibility":true},{"label":"Wei\u00df mit wei\u00dfen Wurfarmen","price":"","price_type":"flat_fee","image":0,"visibility":true}]},{"name":"Zuggewicht","type":"multiple_choice","position":2,"required":true,"title_format":"label","default":"","description_enable":false,"description":null,"placeholder_enable":false,"placeholder":null,"display":"select","restrictions_type":"any_text","adjust_price":false,"price":"","price_type":"flat_fee","restrictions":false,"min":"0","max":"0","options":[{"label":"30-40#","price":"","price_type":"flat_fee","image":0,"visibility":true},{"label":"40-50#","price":"","price_type":"flat_fee","image":0,"visibility":true},{"label":"50-60#","price":"","price_type":"flat_fee","image":0,"visibility":true},{"label":"60-70#","price":"","price_type":"flat_fee","image":0,"visibility":true}]},{"name":"Auszugsl\u00e4nge EX-Nocken","type":"multiple_choice","position":3,"required":true,"title_format":"label","default":"","description_enable":false,"description":null,"placeholder_enable":false,"placeholder":null,"display":"select","restrictions_type":"any_text","adjust_price":false,"price":"","price_type":"flat_fee","restrictions":false,"min":"0","max":"0","options":[{"label":"25,25-25,75\"","price":"","price_type":"flat_fee","image":0,"visibility":true},{"label":"26-26,75\"","price":"","price_type":"flat_fee","image":0,"visibility":true},{"label":"26,75-28\"","price":"","price_type":"flat_fee","image":0,"visibility":true},{"label":"28-30\"","price":"","price_type":"flat_fee","image":0,"visibility":true},{"label":"30-31\"","price":"","price_type":"flat_fee","image":0,"visibility":true},{"label":"31-32\"","price":"","price_type":"flat_fee","image":0,"visibility":true}]}],"_links":{"self":[{"href":"https:\/\/www.huntersfriend.eu\/de\/wp-json\/wp\/v2\/product\/280722","targetHints":{"allow":["GET"]}}],"collection":[{"href":"https:\/\/www.huntersfriend.eu\/de\/wp-json\/wp\/v2\/product"}],"about":[{"href":"https:\/\/www.huntersfriend.eu\/de\/wp-json\/wp\/v2\/types\/product"}],"replies":[{"embeddable":true,"href":"https:\/\/www.huntersfriend.eu\/de\/wp-json\/wp\/v2\/comments?post=280722"}],"wp:featuredmedia":[{"embeddable":true,"href":"https:\/\/www.huntersfriend.eu\/de\/wp-json\/wp\/v2\/media\/263045"}],"wp:attachment":[{"href":"https:\/\/www.huntersfriend.eu\/de\/wp-json\/wp\/v2\/media?parent=280722"}],"wp:term":[{"taxonomy":"product_brand","embeddable":true,"href":"https:\/\/www.huntersfriend.eu\/de\/wp-json\/wp\/v2\/product_brand?post=280722"},{"taxonomy":"product_cat","embeddable":true,"href":"https:\/\/www.huntersfriend.eu\/de\/wp-json\/wp\/v2\/product_cat?post=280722"},{"taxonomy":"product_tag","embeddable":true,"href":"https:\/\/www.huntersfriend.eu\/de\/wp-json\/wp\/v2\/product_tag?post=280722"}],"curies":[{"name":"wp","href":"https:\/\/api.w.org\/{rel}","templated":true}]}}