{"id":280720,"date":"2024-01-31T14:52:48","date_gmt":"2025-06-23T08:07:48","guid":{"rendered":"https:\/\/www.huntersfriend.eu\/product\/darton-exodus-massgefertigter-bogen\/"},"modified":"2025-06-23T10:07:48","modified_gmt":"2025-06-23T08:07:48","slug":"darton-exodus-massgefertigter-bogen","status":"publish","type":"product","link":"https:\/\/www.huntersfriend.eu\/de\/produkt\/darton-exodus-massgefertigter-bogen\/","title":{"rendered":"Darton Exodus Ma\u00dfgefertigter Bogen"},"content":{"rendered":"<p><strong>Exodus: Ein pl\u00f6tzlicher Aufbruch einer gro\u00dfen Anzahl von Menschen.<\/strong>  Sobald Sie die unvergleichliche Pr\u00e4zision des Exodus, ausgestattet mit unserem patentierten E-System, erleben, werden Sie augenblicklich die Bedeutung seines charakteristischen Namens verstehen. Mit einer L\u00e4nge von 37 \u201eAchse-zu-Achse, einer 7\u201c Zoll Bogenh\u00f6he und einer tats\u00e4chlichen Geschwindigkeit von 325-326 FPS \u2013 ohne jegliche \u00fcbertriebene Leistungsangaben \u2013 verk\u00f6rpert er die Wahrheit in der Ingenieurskunst. Der Exodus zielt und schie\u00dft nicht nur wie der Traum eines Zielsch\u00fctzen, sondern setzt auch den Ma\u00dfstab f\u00fcr das, was ein Zielbogen wirklich sein sollte.  <\/p>\n<ul>\n<li><strong>MIT STOLZ IN DEN USA HERGESTELLT<\/strong><\/li>\n<li>VOLLST\u00c4NDIG neuer Griffwinkel und Griff<\/li>\n<li>VOLLST\u00c4NDIG neue EX-Nocke<\/li>\n<li>7075 Dual-Sync-Nocken<\/li>\n<li>1\/4-Zoll-Achsen<\/li>\n<li>5\/8&#8243; Lager<\/li>\n<li>.790 Wurfarmteile und Wurfarmtaschen (Erh\u00f6hen die Stabilit\u00e4t)<\/li>\n<li>Patentiertes E-System<\/li>\n<li>1\/4&#8243; Zuggewichtsmodifikationen<\/li>\n<li>Patentierte Tiefrillen-Nocke<\/li>\n<li>Leicht zu entfernende Module<\/li>\n<\/ul>\n<p><span data-fontfamily=\"Oswald\" data-fontweight=\"300\">Die wichtigste Voraussetzung f\u00fcr t\u00f6dlich genaue Sch\u00fcsse sind Pr\u00e4zisionstoleranzen. Unsere Kunden berichten h\u00e4ufig von noch engeren Toleranzen als von uns spezifiziert. Sie werden den Unterschied bemerken.  <\/span><\/p>\n<p><strong>GESCHWINDIGKEIT: 325-326 TATS\u00c4CHLICH<\/strong><\/p>\n<p>ACHSE-ZU-ACHSE: 37&#8243;<\/p>\n<p>BOGENH\u00d6HE: 7&#8243;<\/p>\n<p>GESAMTGEWICHT: 4,9 LBS.<\/p>\n<p>ZUGL\u00c4NGEN: 25,5 \u201e-32\u201c wird standardm\u00e4\u00dfig mit 28 \u201e-30,5\u201c Modifikation geliefert<\/p>\n<p>ZUGGEWICHTE: 40, 50, 60, 70<\/p>\n<p>ABZUGSERLEICHTERUNG: (75%-65% einstellbar) mit integrierten Zugstopp-Laschen<\/p>\n","protected":false},"excerpt":{"rendered":"<p>Exodus: Ein pl\u00f6tzlicher Aufbruch einer gro\u00dfen Anzahl von Menschen. Sobald Sie die unvergleichliche Pr\u00e4zision des Exodus, ausgestattet mit unserem patentierten E-System, erleben, werden Sie augenblicklich die Bedeutung seines charakteristischen Namens verstehen. Mit einer L\u00e4nge von 37 \u201eAchse-zu-Achse, einer 7\u201c Zoll Bogenh\u00f6he und einer tats\u00e4chlichen Geschwindigkeit von 325-326 FPS \u2013 ohne jegliche \u00fcbertriebene Leistungsangaben \u2013 verk\u00f6rpert [&#8230;]\n","protected":false},"featured_media":263051,"comment_status":"open","ping_status":"closed","template":"","meta":[],"product_brand":[],"product_cat":[1145],"product_tag":[],"class_list":{"0":"post-280720","1":"product","2":"type-product","3":"status-publish","4":"has-post-thumbnail","6":"product_cat-sonstiges","7":"product_shipping_class-big-de","9":"first","10":"outofstock","11":"taxable","12":"shipping-taxable","13":"purchasable","14":"product-type-simple"},"composite_virtual":false,"composite_layout":"","composite_add_to_cart_form_location":"","composite_editable_in_cart":false,"composite_sold_individually_context":"","composite_shop_price_calc":"","composite_components":[],"composite_scenarios":[],"group_of_quantity":0,"min_quantity":0,"max_quantity":"","exclude_order_quantity_value_rules":"no","exclude_category_quantity_rules":"no","combine_variations":"no","exclude_global_add_ons":false,"addons":[{"name":"Bogenhand","type":"multiple_choice","position":0,"required":true,"title_format":"label","default":"","description_enable":false,"description":null,"placeholder_enable":false,"placeholder":null,"display":"select","restrictions_type":"any_text","adjust_price":false,"price":"","price_type":"flat_fee","restrictions":false,"min":"0","max":"0","options":[{"label":"Rechte Hand","price":"","price_type":"flat_fee","image":0,"visibility":true},{"label":"Linke Hand","price":"","price_type":"flat_fee","image":0,"visibility":true}]},{"name":"Farbe","type":"multiple_choice","position":1,"required":true,"title_format":"label","default":"","description_enable":false,"description":null,"placeholder_enable":false,"placeholder":null,"display":"select","restrictions_type":"any_text","adjust_price":false,"price":"","price_type":"flat_fee","restrictions":false,"min":"0","max":"0","options":[{"label":"Schwarz mit schwarzen Wurfarmen","price":"","price_type":"flat_fee","image":0,"visibility":true},{"label":"Schwarz mit wei\u00dfen Wurfarmen","price":"","price_type":"flat_fee","image":0,"visibility":true},{"label":"Candy Blue mit schwarzen Wurfarmen","price":"","price_type":"flat_fee","image":0,"visibility":true},{"label":"Bonbonblau mit wei\u00dfen Wurfarmen","price":"","price_type":"flat_fee","image":0,"visibility":true},{"label":"Candy Purple mit schwarzen Wurfarmen","price":"","price_type":"flat_fee","image":0,"visibility":true},{"label":"Bonbonlila mit wei\u00dfen Wurfarmen","price":"","price_type":"flat_fee","image":0,"visibility":true},{"label":"Candy Red mit schwarzen Wurfarmen","price":"","price_type":"flat_fee","image":0,"visibility":true},{"label":"Bonbonrot mit wei\u00dfen Wurfarmen","price":"","price_type":"flat_fee","image":0,"visibility":true},{"label":"Bonbont\u00fcrkis mit schwarzen Wurfarmen","price":"","price_type":"flat_fee","image":0,"visibility":true},{"label":"Bonbont\u00fcrkis mit wei\u00dfen Wurfarmen","price":"","price_type":"flat_fee","image":0,"visibility":true},{"label":"Grau mit schwarzen Wurfarmen","price":"","price_type":"flat_fee","image":0,"visibility":true},{"label":"Grau mit wei\u00dfen Wurfarmen","price":"","price_type":"flat_fee","image":0,"visibility":true},{"label":"OD Green mit schwarzen Wurfarmen","price":"","price_type":"flat_fee","image":0,"visibility":true},{"label":"Olivgr\u00fcn mit wei\u00dfen Wurfarmen","price":"","price_type":"flat_fee","image":0,"visibility":true},{"label":"Wei\u00df mit schwarzen Wurfarmen","price":"","price_type":"flat_fee","image":0,"visibility":true},{"label":"Wei\u00df mit wei\u00dfen Wurfarmen","price":"","price_type":"flat_fee","image":0,"visibility":true}]},{"name":"Zuggewicht","type":"multiple_choice","position":2,"required":true,"title_format":"label","default":"","description_enable":false,"description":null,"placeholder_enable":false,"placeholder":null,"display":"select","restrictions_type":"any_text","adjust_price":false,"price":"","price_type":"flat_fee","restrictions":false,"min":"0","max":"0","options":[{"label":"30-40#","price":"","price_type":"flat_fee","image":0,"visibility":true},{"label":"40-50#","price":"","price_type":"flat_fee","image":0,"visibility":true},{"label":"50-60#","price":"","price_type":"flat_fee","image":0,"visibility":true},{"label":"60-70#","price":"","price_type":"flat_fee","image":0,"visibility":true}]},{"name":"Zugl\u00e4nge - EX-Nockenmodifikationen","type":"multiple_choice","position":3,"required":true,"title_format":"label","default":"","description_enable":false,"description":null,"placeholder_enable":false,"placeholder":null,"display":"select","restrictions_type":"any_text","adjust_price":false,"price":"","price_type":"flat_fee","restrictions":false,"min":"0","max":"0","options":[{"label":"25,25-25,75\"","price":"","price_type":"flat_fee","image":0,"visibility":true},{"label":"26-26,75\"","price":"","price_type":"flat_fee","image":0,"visibility":true},{"label":"26,75-28\"","price":"","price_type":"flat_fee","image":0,"visibility":true},{"label":"28-30\"","price":"","price_type":"flat_fee","image":0,"visibility":true},{"label":"30-31\"","price":"","price_type":"flat_fee","image":0,"visibility":true},{"label":"31-32\"","price":"","price_type":"flat_fee","image":0,"visibility":true}]}],"_links":{"self":[{"href":"https:\/\/www.huntersfriend.eu\/de\/wp-json\/wp\/v2\/product\/280720","targetHints":{"allow":["GET"]}}],"collection":[{"href":"https:\/\/www.huntersfriend.eu\/de\/wp-json\/wp\/v2\/product"}],"about":[{"href":"https:\/\/www.huntersfriend.eu\/de\/wp-json\/wp\/v2\/types\/product"}],"replies":[{"embeddable":true,"href":"https:\/\/www.huntersfriend.eu\/de\/wp-json\/wp\/v2\/comments?post=280720"}],"wp:featuredmedia":[{"embeddable":true,"href":"https:\/\/www.huntersfriend.eu\/de\/wp-json\/wp\/v2\/media\/263051"}],"wp:attachment":[{"href":"https:\/\/www.huntersfriend.eu\/de\/wp-json\/wp\/v2\/media?parent=280720"}],"wp:term":[{"taxonomy":"product_brand","embeddable":true,"href":"https:\/\/www.huntersfriend.eu\/de\/wp-json\/wp\/v2\/product_brand?post=280720"},{"taxonomy":"product_cat","embeddable":true,"href":"https:\/\/www.huntersfriend.eu\/de\/wp-json\/wp\/v2\/product_cat?post=280720"},{"taxonomy":"product_tag","embeddable":true,"href":"https:\/\/www.huntersfriend.eu\/de\/wp-json\/wp\/v2\/product_tag?post=280720"}],"curies":[{"name":"wp","href":"https:\/\/api.w.org\/{rel}","templated":true}]}}