{"id":280719,"date":"2024-01-31T12:53:16","date_gmt":"2025-06-23T08:07:47","guid":{"rendered":"https:\/\/www.huntersfriend.eu\/product\/darton-consequence-auf-lager\/"},"modified":"2025-06-23T10:07:47","modified_gmt":"2025-06-23T08:07:47","slug":"darton-consequence-auf-lager","status":"publish","type":"product","link":"https:\/\/www.huntersfriend.eu\/de\/produkt\/darton-consequence-auf-lager\/","title":{"rendered":"Darton Consequence &#8211; auf Lager"},"content":{"rendered":"<p style=\"font-weight: 400\">Wo Flaggschiff-Qualit\u00e4t auf Erschwinglichkeit trifft<\/p>\n<p style=\"font-weight: 400\">Wenn Sie auf der Suche nach einem Bogen mit kurzem Achsabstand, ultrasanftem Auszug, Fehlerverzeihung und Ger\u00e4uscharmut f\u00fcr Ihren Ansitz oder Hochsitz sind, ist der Consequence der richtige Bogen f\u00fcr Sie. Angetrieben von der neuesten Version unseres DualSync BBS-Nockensystems mit einem einstellbaren\/rotierenden Modul, das 1\/2-Zoll-Auszugsl\u00e4ngenabstufungen erm\u00f6glicht. Beim Aufnehmen des Consequence werden Sie sofort bemerken, dass er viele Attribute und Eigenschaften mit unserem neuesten Mitglied der Darton-Bogenfamilie teilt: schnell, leise und mit einem sanften Auszugszyklus. Der ultrakompakte Achsabstand von 29,5 Zoll macht ihn zu Ihrem bevorzugten Bogen, wenn Jagd &amp; Platzbedarf in einem Atemzug genannt werden. Sie werden keinen Bogen mit der Leistung und den Funktionen des Consequence zu diesem Preis finden.   <\/p>\n<ul>\n<li>V\u00d6LLIG NEUES MITTELST\u00dcCK-DESIGN<\/li>\n<li>VOLLST\u00c4NDIG neuer Griff<\/li>\n<li>7075 T6 Aluminium BBS Dual Sync Nockrollen<\/li>\n<li>1\/4-Zoll-Achsen<\/li>\n<li>5\/8&#8243; Lager<\/li>\n<li>.870 Wurfarme und Wurfarmtaschen (Erh\u00f6hen die Stabilit\u00e4t)<\/li>\n<li>DER Darton-Griff<\/li>\n<li>Rollenf\u00fchrung<\/li>\n<li>Neues Gabelst\u00fccksystem<\/li>\n<li>Rotierendes MOD<\/li>\n<\/ul>\n<p><span data-fontfamily=\"Source Sans 3\">Die wichtigste Voraussetzung f\u00fcr t\u00f6dlich genaue Sch\u00fcsse sind Pr\u00e4zisionstoleranzen. Unsere Kunden berichten h\u00e4ufig von noch engeren Toleranzen als von uns spezifiziert. Sie werden den Unterschied bemerken.  <\/span><\/p>\n<ul>\n<li>\n<ul>\n<li>\n<ul>\n<li>GESCHWINDIGKEIT: 320-321 FPS<\/li>\n<li>ACHSABSTAND: 29,5&#8243;<\/li>\n<li>STANDH\u00d6HE: 7,5&#8243;<\/li>\n<li>EIGENGEWICHT: 4,3 LBS.<\/li>\n<li>AUSZUGSL\u00c4NGEN: 26 \u201e-31,5\u201c<\/li>\n<li>ZUGGEWICHTE: 50, 60, 70<\/li>\n<li>ABZUGSERLEICHTERUNG: 87-80%% (Einstellbar mit Auszugsstopp-Pfosten)<\/li>\n<\/ul>\n<\/li>\n<\/ul>\n<\/li>\n<\/ul>\n","protected":false},"excerpt":{"rendered":"<p>Wo Flaggschiff-Qualit\u00e4t auf Erschwinglichkeit trifft Wenn Sie auf der Suche nach einem Bogen mit kurzem Achsabstand, ultrasanftem Auszug, Fehlerverzeihung und Ger\u00e4uscharmut f\u00fcr Ihren Ansitz oder Hochsitz sind, ist der Consequence der richtige Bogen f\u00fcr Sie. Angetrieben von der neuesten Version unseres DualSync BBS-Nockensystems mit einem einstellbaren\/rotierenden Modul, das 1\/2-Zoll-Auszugsl\u00e4ngenabstufungen erm\u00f6glicht. Beim Aufnehmen des Consequence werden [&#8230;]\n","protected":false},"featured_media":263015,"comment_status":"open","ping_status":"closed","template":"","meta":[],"product_brand":[],"product_cat":[1145],"product_tag":[],"class_list":{"0":"post-280719","1":"product","2":"type-product","3":"status-publish","4":"has-post-thumbnail","6":"product_cat-sonstiges","7":"product_shipping_class-big-de","9":"first","10":"outofstock","11":"taxable","12":"shipping-taxable","13":"product-type-simple"},"composite_virtual":false,"composite_layout":"","composite_add_to_cart_form_location":"","composite_editable_in_cart":false,"composite_sold_individually_context":"","composite_shop_price_calc":"","composite_components":[],"composite_scenarios":[],"group_of_quantity":0,"min_quantity":0,"max_quantity":"","exclude_order_quantity_value_rules":"no","exclude_category_quantity_rules":"no","combine_variations":"no","exclude_global_add_ons":[],"addons":[],"_links":{"self":[{"href":"https:\/\/www.huntersfriend.eu\/de\/wp-json\/wp\/v2\/product\/280719","targetHints":{"allow":["GET"]}}],"collection":[{"href":"https:\/\/www.huntersfriend.eu\/de\/wp-json\/wp\/v2\/product"}],"about":[{"href":"https:\/\/www.huntersfriend.eu\/de\/wp-json\/wp\/v2\/types\/product"}],"replies":[{"embeddable":true,"href":"https:\/\/www.huntersfriend.eu\/de\/wp-json\/wp\/v2\/comments?post=280719"}],"wp:featuredmedia":[{"embeddable":true,"href":"https:\/\/www.huntersfriend.eu\/de\/wp-json\/wp\/v2\/media\/263015"}],"wp:attachment":[{"href":"https:\/\/www.huntersfriend.eu\/de\/wp-json\/wp\/v2\/media?parent=280719"}],"wp:term":[{"taxonomy":"product_brand","embeddable":true,"href":"https:\/\/www.huntersfriend.eu\/de\/wp-json\/wp\/v2\/product_brand?post=280719"},{"taxonomy":"product_cat","embeddable":true,"href":"https:\/\/www.huntersfriend.eu\/de\/wp-json\/wp\/v2\/product_cat?post=280719"},{"taxonomy":"product_tag","embeddable":true,"href":"https:\/\/www.huntersfriend.eu\/de\/wp-json\/wp\/v2\/product_tag?post=280719"}],"curies":[{"name":"wp","href":"https:\/\/api.w.org\/{rel}","templated":true}]}}