{"id":280718,"date":"2024-01-31T01:00:13","date_gmt":"2025-06-23T08:07:46","guid":{"rendered":"https:\/\/www.huntersfriend.eu\/product\/tarnnetz-30-x-15-m\/"},"modified":"2025-06-23T10:07:46","modified_gmt":"2025-06-23T08:07:46","slug":"tarnnetz-30-x-15-m","status":"publish","type":"product","link":"https:\/\/www.huntersfriend.eu\/de\/produkt\/tarnnetz-30-x-15-m\/","title":{"rendered":"Tarnnetz 3,0 x 1,5 m"},"content":{"rendered":"<p>Das Tarnungsnetz zersetzt vollst\u00e4ndig die Umrisse des Gel\u00e4ndes und gew\u00e4hrleistet, dass der J\u00e4ger mit der Umgebung verschmilzt. Die Farbe des Netzes sorgt f\u00fcr maximalen Tarneffekt. Es ist aus witterungsbest\u00e4ndigem, wasserabweisendem und ger\u00e4uscharmem Gewebe gefertigt. Es l\u00e4sst sich mittels Schlaufen an den Ecken oder Metall\u00f6sen leicht befestigen. Geeignet f\u00fcr den Transport in einem Rucksack.    <\/p>\n<ul>\n<li>100% Polyester<\/li>\n<li>Farbe: grau.<\/li>\n<li>Abmessungen: 1,5 m x 3,0 m<\/li>\n<li>Gewicht: circa 1,2 kg<\/li>\n<\/ul>\n","protected":false},"excerpt":{"rendered":"<p>Das Tarnungsnetz zersetzt vollst\u00e4ndig die Umrisse des Gel\u00e4ndes und gew\u00e4hrleistet, dass der J\u00e4ger mit der Umgebung verschmilzt. Die Farbe des Netzes sorgt f\u00fcr maximalen Tarneffekt. Es ist aus witterungsbest\u00e4ndigem, wasserabweisendem und ger\u00e4uscharmem Gewebe gefertigt. Es l\u00e4sst sich mittels Schlaufen an den Ecken oder Metall\u00f6sen leicht befestigen. Geeignet f\u00fcr den Transport in einem Rucksack. 100% Polyester [&#8230;]\n","protected":false},"featured_media":0,"comment_status":"open","ping_status":"closed","template":"","meta":[],"product_brand":[],"product_cat":[1145],"product_tag":[],"class_list":{"0":"post-280718","1":"product","2":"type-product","3":"status-publish","5":"product_cat-sonstiges","7":"first","8":"outofstock","9":"taxable","10":"shipping-taxable","11":"purchasable","12":"product-type-simple"},"composite_virtual":false,"composite_layout":"","composite_add_to_cart_form_location":"","composite_editable_in_cart":false,"composite_sold_individually_context":"","composite_shop_price_calc":"","composite_components":[],"composite_scenarios":[],"group_of_quantity":0,"min_quantity":0,"max_quantity":"","exclude_order_quantity_value_rules":"no","exclude_category_quantity_rules":"no","combine_variations":"no","exclude_global_add_ons":[],"addons":[],"_links":{"self":[{"href":"https:\/\/www.huntersfriend.eu\/de\/wp-json\/wp\/v2\/product\/280718","targetHints":{"allow":["GET"]}}],"collection":[{"href":"https:\/\/www.huntersfriend.eu\/de\/wp-json\/wp\/v2\/product"}],"about":[{"href":"https:\/\/www.huntersfriend.eu\/de\/wp-json\/wp\/v2\/types\/product"}],"replies":[{"embeddable":true,"href":"https:\/\/www.huntersfriend.eu\/de\/wp-json\/wp\/v2\/comments?post=280718"}],"wp:attachment":[{"href":"https:\/\/www.huntersfriend.eu\/de\/wp-json\/wp\/v2\/media?parent=280718"}],"wp:term":[{"taxonomy":"product_brand","embeddable":true,"href":"https:\/\/www.huntersfriend.eu\/de\/wp-json\/wp\/v2\/product_brand?post=280718"},{"taxonomy":"product_cat","embeddable":true,"href":"https:\/\/www.huntersfriend.eu\/de\/wp-json\/wp\/v2\/product_cat?post=280718"},{"taxonomy":"product_tag","embeddable":true,"href":"https:\/\/www.huntersfriend.eu\/de\/wp-json\/wp\/v2\/product_tag?post=280718"}],"curies":[{"name":"wp","href":"https:\/\/api.w.org\/{rel}","templated":true}]}}