{"id":280717,"date":"2024-02-13T00:44:19","date_gmt":"2024-02-12T22:44:19","guid":{"rendered":"https:\/\/www.huntersfriend.eu\/product\/foxpro-hellcat-elektronischer-lockruf\/"},"modified":"2026-04-14T13:10:13","modified_gmt":"2026-04-14T11:10:13","slug":"foxpro-hellcat-elektronischer-lockruf","status":"publish","type":"product","link":"https:\/\/www.huntersfriend.eu\/de\/produkt\/foxpro-hellcat-elektronischer-lockruf\/","title":{"rendered":"FoxPro Hellcat elektronischer Lockruf"},"content":{"rendered":"<p>Der FOXPRO Hellcat ist ein kompakter und tragbarer All-in-One-Lockvogel und digitaler Wildlocker, der sich hervorragend f\u00fcr Einsteiger-J\u00e4ger mit begrenztem Budget eignet. Er wird standardm\u00e4\u00dfig mit \u00fcber 175 hochwertigen FOXPRO-Kl\u00e4ngen (75 Premium-Kl\u00e4nge plus FOXPROs kostenlose Klangbibliothek) geliefert, die eine Vielzahl von Arten, Notrufen und Laut\u00e4u\u00dferungen abdecken, und kann bis zu 300 Kl\u00e4nge speichern. Die verbesserte Fernbedienung verf\u00fcgt \u00fcber einen gr\u00f6\u00dferen LCD-Bildschirm als fr\u00fchere Einstiegsmodelle, was die Bildschirmnavigation vereinfacht und leicht lesbar macht. Mit unserem beliebten Bluebird-Aufsatz verleiht der Lockvogel Ihrem Stand zus\u00e4tzlichen Realismus und bietet vorsichtigen Beutegreifern eine visuelle Best\u00e4tigung. Der Hellcat wiegt mit Batterien nur 1 kg, sodass Sie ihn im Feld kaum bemerken werden.    <\/p>\n<p>Die Hellcat-Fernbedienung ist einfach zu bedienen und erm\u00f6glicht eine schnelle Navigation durch Klangkategorien, sodass Sie w\u00e4hrend der Jagd z\u00fcgig die Kl\u00e4nge wechseln k\u00f6nnen. Sie verf\u00fcgt \u00fcber eine elastomere Tastatur, die die Bet\u00e4tigung der Tasten erleichtert, zwei Benutzertasten, eine Stummschalttaste, Lautst\u00e4rketasten und weitere Funktionen. Die Benutzertasten k\u00f6nnen auf einen vorausgew\u00e4hlten Klang oder eine Zusatzfunktion eingestellt werden. Der Hellcat verf\u00fcgt \u00fcber einen Zusatzanschluss f\u00fcr weitere zugelassene Ger\u00e4te (separat erh\u00e4ltlich). Der FOXPRO Hellcat wird mit einer 3-j\u00e4hrigen eingeschr\u00e4nkten Garantie geliefert und ist in den USA hergestellt!    <\/p>\n<h2>Hauptmerkmale<\/h2>\n<ul>\n<li>Wird mit \u00fcber 175 Kl\u00e4ngen geliefert (75 Premium-Kl\u00e4nge plus FOXPRO&#8217;s kostenlose Klangbibliothek) und kann bis zu 300 Kl\u00e4nge speichern und abrufen<\/li>\n<li>Elastomere Fernbedienungstastatur<\/li>\n<li>Hocheffizienter Hornlautsprecher<\/li>\n<li>Eingebauter Lockvogel mit Bluebird-Aufsatz<\/li>\n<li>TX433XL Sender Betriebsreichweite: 180 m<\/li>\n<li>USB-Anschluss zur Neuprogrammierung von Kl\u00e4ngen<\/li>\n<li>Abmessungen: 24,13 cm x 10,16 cm x 15,57 cm<\/li>\n<li>Gewicht: 1,13 kg<\/li>\n<li>Lautsprecher: Hornlautsprecher<\/li>\n<li>Manuelle Bedienung: Nein<\/li>\n<li>Wiedergabemodi: Einzeln, Jukebox, Wiederholen<\/li>\n<li>Ladebuchse: Nein<\/li>\n<li>Externe Lautsprecherbuchse(n): Nein<\/li>\n<li>Zusatzger\u00e4teanschluss: 3,5mm<\/li>\n<li>Vom Benutzer neu programmierbar: Ja<\/li>\n<li>USB-Anschluss: USB c<\/li>\n<li>Klangkapazit\u00e4t: 300 (enth\u00e4lt 75 Kl\u00e4nge, plus \u00fcber 100 zus\u00e4tzliche Kl\u00e4nge aus FOXPROs kostenloser Klangbibliothek)<\/li>\n<li>Interner Speicher: 16GB<\/li>\n<li>Dateikompatibilit\u00e4t: FXP, MP3, WAV<\/li>\n<li>Stromversorgung: 4 AA-Batterien (nicht im Lieferumfang enthalten), TX433XL Sender 1 St\u00fcck 9V-Batterie.<\/li>\n<li>Betriebszeit: 3-7 Stunden<\/li>\n<li>Garantie: 3 Jahre, eingeschr\u00e4nkt.<\/li>\n<\/ul>\n<p>Lieferumfang: FoxPro Hellcat elektronischer Wildlocker, TX433XL Sender, eingebauter Lockvogel mit Bluebird-Aufsatz, Kabel, FOXPRO Kl\u00e4nge (werkseitig vorinstalliert auf dem Ger\u00e4t), Produkthandbuch, Garantieregistrierungsformular.<\/p>\n<p><strong>Werkseitige Soundliste<\/strong><\/p>\n<table>\n<tbody>\n<tr>\n<td colspan=\"3\">Diese Tabelle zeigt die Standardsoundliste f\u00fcr dieses Produkt.<br \/>\nDie erste Spalte zeigt die Soundposition innerhalb der Liste, beginnend mit 000. Die zweite Spalte zeigt den Soundnamen. Die dritte Spalte zeigt die FOXPRO-Soundbibliothek-Referenz.  <\/td>\n<\/tr>\n<tr>\n<td><strong>Position<\/strong><\/td>\n<td><strong>Soundname<\/strong><\/td>\n<td><strong>Sound-ID<\/strong><\/td>\n<\/tr>\n<tr>\n<td>000<\/td>\n<td>Kojotenwelpen-Notruf 3<\/td>\n<td>C27<\/td>\n<\/tr>\n<tr>\n<td>001<\/td>\n<td>Kojoten-Ortungsruf<\/td>\n<td>207<\/td>\n<\/tr>\n<tr>\n<td>002<\/td>\n<td>Kojotengruppen-Jaulheulen<\/td>\n<td>C25<\/td>\n<\/tr>\n<tr>\n<td>003<\/td>\n<td>Jaulende Kojoten<\/td>\n<td>C32<\/td>\n<\/tr>\n<tr>\n<td>004<\/td>\n<td>M\u00e4nnliches Kojotenheulen<\/td>\n<td>C34<\/td>\n<\/tr>\n<tr>\n<td>005<\/td>\n<td>Weibliches Kojotenheulen<\/td>\n<td>C16<\/td>\n<\/tr>\n<tr>\n<td>006<\/td>\n<td>Weibliches Kojoten-Tiefheulen<\/td>\n<td>C29<\/td>\n<\/tr>\n<tr>\n<td>007<\/td>\n<td>M\u00e4nnliches Kojoten-Langheulen 1<\/td>\n<td>C33<\/td>\n<\/tr>\n<tr>\n<td>008<\/td>\n<td>Weibliches Kojoten-Bellheulen<\/td>\n<td>C15<\/td>\n<\/tr>\n<tr>\n<td>009<\/td>\n<td>Kojotenpaar<\/td>\n<td>C26<\/td>\n<\/tr>\n<tr>\n<td>010<\/td>\n<td>Kojoten-Duett<\/td>\n<td>C37<\/td>\n<\/tr>\n<tr>\n<td>011<\/td>\n<td>Weibliche Kojoten-Herausforderung<\/td>\n<td>C24<\/td>\n<\/tr>\n<tr>\n<td>012<\/td>\n<td>Weibliches Kojoten-Herausforderungsbellen<\/td>\n<td>C23<\/td>\n<\/tr>\n<tr>\n<td>013<\/td>\n<td>M\u00e4nnlicher Kojoten-Herausforderungsschrei<\/td>\n<td>185<\/td>\n<\/tr>\n<tr>\n<td>014<\/td>\n<td>Weiblicher Kojoten-Unterwerfungslaut<\/td>\n<td>C35<\/td>\n<\/tr>\n<tr>\n<td>015<\/td>\n<td>Weibliches Kojotengewimmer<\/td>\n<td>C17<\/td>\n<\/tr>\n<tr>\n<td>016<\/td>\n<td>Kojotenwelpen-Schreie<\/td>\n<td>C22<\/td>\n<\/tr>\n<tr>\n<td>017<\/td>\n<td>Graufuchs-Kampf<\/td>\n<td>C88<\/td>\n<\/tr>\n<tr>\n<td>018<\/td>\n<td>Schreiender Graufuchs<\/td>\n<td>226<\/td>\n<\/tr>\n<tr>\n<td>019<\/td>\n<td>Platinum Graufuchs-Welpe<\/td>\n<td>C85<\/td>\n<\/tr>\n<tr>\n<td>020<\/td>\n<td>Kitfuchs-Notruf<\/td>\n<td>C89<\/td>\n<\/tr>\n<tr>\n<td>021<\/td>\n<td>Rotfuchs-Jungtier-Notruf 1<\/td>\n<td>C75<\/td>\n<\/tr>\n<tr>\n<td>022<\/td>\n<td>Rotfuchs-Versammlung<\/td>\n<td>221<\/td>\n<\/tr>\n<tr>\n<td>023<\/td>\n<td>Puma in der Brunft<\/td>\n<td>370<\/td>\n<\/tr>\n<tr>\n<td>024<\/td>\n<td>Puma-Pfeifen<\/td>\n<td>373<\/td>\n<\/tr>\n<tr>\n<td>025<\/td>\n<td>Zorniger Rotluchs<\/td>\n<td>F10<\/td>\n<\/tr>\n<tr>\n<td>026<\/td>\n<td>Aggressiver Dachs<\/td>\n<td>N20<\/td>\n<\/tr>\n<tr>\n<td>027<\/td>\n<td>Hundewelpen 1<\/td>\n<td>C00<\/td>\n<\/tr>\n<tr>\n<td>028<\/td>\n<td>Hundewelpen 2<\/td>\n<td>C01<\/td>\n<\/tr>\n<tr>\n<td>029<\/td>\n<td>Bellende Jagdhunde<\/td>\n<td>C03<\/td>\n<\/tr>\n<tr>\n<td>030<\/td>\n<td>K\u00e4tzchenmiauen<\/td>\n<td>F00<\/td>\n<\/tr>\n<tr>\n<td>031<\/td>\n<td>K\u00e4tzchen in Not 2<\/td>\n<td>F02<\/td>\n<\/tr>\n<tr>\n<td>032<\/td>\n<td>Lightning Jack<\/td>\n<td>L00<\/td>\n<\/tr>\n<tr>\n<td>033<\/td>\n<td>W\u00fcstenhase in Not<\/td>\n<td>233<\/td>\n<\/tr>\n<tr>\n<td>034<\/td>\n<td>Sterbender Hase<\/td>\n<td>L01<\/td>\n<\/tr>\n<tr>\n<td>035<\/td>\n<td>Ermattender Hase<\/td>\n<td>L07<\/td>\n<\/tr>\n<tr>\n<td>036<\/td>\n<td>\u00d6stliches Baumwollschwanzkaninchen<\/td>\n<td>L57<\/td>\n<\/tr>\n<tr>\n<td>037<\/td>\n<td>Bay Bee Baumwollschwanzkaninchen<\/td>\n<td>L54<\/td>\n<\/tr>\n<tr>\n<td>038<\/td>\n<td>Ausgewachsenes Baumwollschwanzkaninchen<\/td>\n<td>L55<\/td>\n<\/tr>\n<tr>\n<td>039<\/td>\n<td>Vorsichtiges Baumwollschwanzkaninchen<\/td>\n<td>L58<\/td>\n<\/tr>\n<tr>\n<td>040<\/td>\n<td>Schneehase Hoher Ton<\/td>\n<td>L06<\/td>\n<\/tr>\n<tr>\n<td>041<\/td>\n<td>Schneehase 1<\/td>\n<td>L03<\/td>\n<\/tr>\n<tr>\n<td>042<\/td>\n<td>Spatz &amp; Specht<\/td>\n<td>Z04<\/td>\n<\/tr>\n<tr>\n<td>043<\/td>\n<td>Klagender Specht<\/td>\n<td>B01<\/td>\n<\/tr>\n<tr>\n<td>044<\/td>\n<td>Rotbauchspecht 1<\/td>\n<td>B07<\/td>\n<\/tr>\n<tr>\n<td>045<\/td>\n<td>Fink in Not<\/td>\n<td>B70<\/td>\n<\/tr>\n<tr>\n<td>046<\/td>\n<td>Brautenten-K\u00fcken<\/td>\n<td>B78<\/td>\n<\/tr>\n<tr>\n<td>047<\/td>\n<td>Gereizter m\u00e4nnlicher Kardinal<\/td>\n<td>B84<\/td>\n<\/tr>\n<tr>\n<td>048<\/td>\n<td>Meisen-Wutanfall<\/td>\n<td>B85<\/td>\n<\/tr>\n<tr>\n<td>049<\/td>\n<td>Verr\u00fcckter Kleiber<\/td>\n<td>B86<\/td>\n<\/tr>\n<tr>\n<td>050<\/td>\n<td>Schimpfender Rotvogel<\/td>\n<td>B87<\/td>\n<\/tr>\n<tr>\n<td>051<\/td>\n<td>Gl\u00fccksvogel<\/td>\n<td>290<\/td>\n<\/tr>\n<tr>\n<td>052<\/td>\n<td>Flugh\u00f6rnchen in Not<\/td>\n<td>R02<\/td>\n<\/tr>\n<tr>\n<td>053<\/td>\n<td>W\u00fchlmaus-Quieken<\/td>\n<td>R07<\/td>\n<\/tr>\n<tr>\n<td>054<\/td>\n<td>Feldmaus in Not<\/td>\n<td>R10<\/td>\n<\/tr>\n<tr>\n<td>055<\/td>\n<td>Ausgewachsenes Stachelschwein<\/td>\n<td>N51<\/td>\n<\/tr>\n<tr>\n<td>056<\/td>\n<td>Pr\u00e4riehund in Not<\/td>\n<td>247<\/td>\n<\/tr>\n<tr>\n<td>057<\/td>\n<td>Murmeltier in Not<\/td>\n<td>242<\/td>\n<\/tr>\n<tr>\n<td>058<\/td>\n<td>Kalb in Not<\/td>\n<td>M07<\/td>\n<\/tr>\n<tr>\n<td>059<\/td>\n<td>Ferkel in Not<\/td>\n<td>244<\/td>\n<\/tr>\n<tr>\n<td>060<\/td>\n<td>Zicklein-Schreie 2<\/td>\n<td>M00<\/td>\n<\/tr>\n<tr>\n<td>061<\/td>\n<td>Wei\u00dfwedelhirsch-Kitz (m\u00e4nnlich) 2<\/td>\n<td>D02<\/td>\n<\/tr>\n<tr>\n<td>062<\/td>\n<td>Wei\u00dfwedelhirsch-Kitz (weiblich) 2<\/td>\n<td>D04<\/td>\n<\/tr>\n<tr>\n<td>063<\/td>\n<td>B\u00e4renjunges in Not 1<\/td>\n<td>253<\/td>\n<\/tr>\n<tr>\n<td>064<\/td>\n<td>Kr\u00e4henkampf<\/td>\n<td>270<\/td>\n<\/tr>\n<tr>\n<td>065<\/td>\n<td>Sterbende Kr\u00e4he<\/td>\n<td>275<\/td>\n<\/tr>\n<tr>\n<td>066<\/td>\n<td>Kr\u00e4hen- &amp; Habichtkampf<\/td>\n<td>276<\/td>\n<\/tr>\n<tr>\n<td>067<\/td>\n<td>Kr\u00e4hen<\/td>\n<td>280<\/td>\n<\/tr>\n<tr>\n<td>068<\/td>\n<td>Elstern<\/td>\n<td>B50<\/td>\n<\/tr>\n<tr>\n<td>069<\/td>\n<td>Rabenschwarm<\/td>\n<td>533<\/td>\n<\/tr>\n<tr>\n<td>070<\/td>\n<td>Waschb\u00e4renkampf<\/td>\n<td>N02<\/td>\n<\/tr>\n<tr>\n<td>071<\/td>\n<td>Zwitschernder Waschb\u00e4r<\/td>\n<td>N03<\/td>\n<\/tr>\n<tr>\n<td>072<\/td>\n<td>Junger Waschb\u00e4r in Not<\/td>\n<td>N04<\/td>\n<\/tr>\n<tr>\n<td>073<\/td>\n<td>Waschb\u00e4rjunges<\/td>\n<td>N07<\/td>\n<\/tr>\n<tr>\n<td>074<\/td>\n<td>Waschb\u00e4rwelpen<\/td>\n<td>N08<\/td>\n<\/tr>\n<tr>\n<td>075<\/td>\n<td>F_Verr\u00fccktes Kreat\u00fcr<\/td>\n<td>120<\/td>\n<\/tr>\n<tr>\n<td>076<\/td>\n<td>F_Javelinas Untergang<\/td>\n<td>121<\/td>\n<\/tr>\n<tr>\n<td>077<\/td>\n<td>F_Kanadag\u00e4nse Gro\u00dfer Schwarm<\/td>\n<td>132<\/td>\n<\/tr>\n<tr>\n<td>078<\/td>\n<td>F_Blaufl\u00fcgelente<\/td>\n<td>140<\/td>\n<\/tr>\n<tr>\n<td>079<\/td>\n<td>F_Schnatterente<\/td>\n<td>141<\/td>\n<\/tr>\n<tr>\n<td>080<\/td>\n<td>F_Stockentengeschnatter<\/td>\n<td>142<\/td>\n<\/tr>\n<tr>\n<td>081<\/td>\n<td>F_Stockentenr\u00fcckkehr<\/td>\n<td>143<\/td>\n<\/tr>\n<tr>\n<td>082<\/td>\n<td>F_Stockentenerpel<\/td>\n<td>144<\/td>\n<\/tr>\n<tr>\n<td>083<\/td>\n<td>F_Stockenten-Futterruf<\/td>\n<td>145<\/td>\n<\/tr>\n<tr>\n<td>084<\/td>\n<td>F_Stockentengr\u00fc\u00dfen<\/td>\n<td>146<\/td>\n<\/tr>\n<tr>\n<td>085<\/td>\n<td>F_Schneegans Kleiner Schwarm<\/td>\n<td>147<\/td>\n<\/tr>\n<tr>\n<td>086<\/td>\n<td>F_Bl\u00e4ssgans Klickern<\/td>\n<td>148<\/td>\n<\/tr>\n<tr>\n<td>087<\/td>\n<td>F_Brautenten-Quieken<\/td>\n<td>149<\/td>\n<\/tr>\n<tr>\n<td>088<\/td>\n<td>F_Brautenten-Wimmern<\/td>\n<td>150<\/td>\n<\/tr>\n<tr>\n<td>089<\/td>\n<td>F_Cals Fed Sirene<\/td>\n<td>160<\/td>\n<\/tr>\n<tr>\n<td>090<\/td>\n<td>F_Sirene 2<\/td>\n<td>161<\/td>\n<\/tr>\n<tr>\n<td>091<\/td>\n<td>F_Verletzter Kojotenwelpe<\/td>\n<td>179<\/td>\n<\/tr>\n<tr>\n<td>092<\/td>\n<td>F_Einsames Heulen<\/td>\n<td>186<\/td>\n<\/tr>\n<tr>\n<td>093<\/td>\n<td>F_Fragendes Heulen<\/td>\n<td>187<\/td>\n<\/tr>\n<tr>\n<td>094<\/td>\n<td>F_Weibliche Einladung 2<\/td>\n<td>188<\/td>\n<\/tr>\n<tr>\n<td>095<\/td>\n<td>F_Einsames Kojotenheulen<\/td>\n<td>189<\/td>\n<\/tr>\n<tr>\n<td>096<\/td>\n<td>F_Elch-Geweihschlagen<\/td>\n<td>190<\/td>\n<\/tr>\n<tr>\n<td>097<\/td>\n<td>F_Elchbulle<\/td>\n<td>191<\/td>\n<\/tr>\n<tr>\n<td>098<\/td>\n<td>F_Urinierender Elch<\/td>\n<td>192<\/td>\n<\/tr>\n<tr>\n<td>099<\/td>\n<td>F_Elchkuh 3<\/td>\n<td>194<\/td>\n<\/tr>\n<tr>\n<td>100<\/td>\n<td>F_Hyperaktive Elchkuh<\/td>\n<td>196<\/td>\n<\/tr>\n<tr>\n<td>101<\/td>\n<td>F_Leichtes Geweihk\u00e4mpfen<\/td>\n<td>199<\/td>\n<\/tr>\n<tr>\n<td>102<\/td>\n<td>F_Hirschkampf<\/td>\n<td>200<\/td>\n<\/tr>\n<tr>\n<td>103<\/td>\n<td>F_Geweihklappern<\/td>\n<td>201<\/td>\n<\/tr>\n<tr>\n<td>104<\/td>\n<td>F_Hirschgrunzen<\/td>\n<td>202<\/td>\n<\/tr>\n<tr>\n<td>105<\/td>\n<td>F_Brunftiges Hirschkuhbl\u00f6ken<\/td>\n<td>203<\/td>\n<\/tr>\n<tr>\n<td>106<\/td>\n<td>F_Z\u00e4rtliches Grunzen<\/td>\n<td>204<\/td>\n<\/tr>\n<tr>\n<td>107<\/td>\n<td>F_Hirsch Schnauben und Pfeifen<\/td>\n<td>205<\/td>\n<\/tr>\n<tr>\n<td>108<\/td>\n<td>F_Sirene<\/td>\n<td>206<\/td>\n<\/tr>\n<tr>\n<td>109<\/td>\n<td>F_Kojoten-Welpe in Not 1<\/td>\n<td>209<\/td>\n<\/tr>\n<tr>\n<td>110<\/td>\n<td>F_Fragendes Kojotenheulen<\/td>\n<td>211<\/td>\n<\/tr>\n<tr>\n<td>111<\/td>\n<td>F_M\u00e4nnliche Kojoten-Herausforderung<\/td>\n<td>212<\/td>\n<\/tr>\n<tr>\n<td>112<\/td>\n<td>F_Weibliche Kojoten-Einladung<\/td>\n<td>213<\/td>\n<\/tr>\n<tr>\n<td>113<\/td>\n<td>F_Kojoten-KIYI<\/td>\n<td>218<\/td>\n<\/tr>\n<tr>\n<td>114<\/td>\n<td>F_Br\u00fcnstiger Rotluchs<\/td>\n<td>230<\/td>\n<\/tr>\n<tr>\n<td>115<\/td>\n<td>F_Todeskuss<\/td>\n<td>250<\/td>\n<\/tr>\n<tr>\n<td>116<\/td>\n<td>F_Elch OOH-WAH<\/td>\n<td>262<\/td>\n<\/tr>\n<tr>\n<td>117<\/td>\n<td>F_Elchkuh 1<\/td>\n<td>263<\/td>\n<\/tr>\n<tr>\n<td>118<\/td>\n<td>F_Elch-Geweihrasseln<\/td>\n<td>264<\/td>\n<\/tr>\n<tr>\n<td>119<\/td>\n<td>F_H\u00e4ssliche Kr\u00e4he<\/td>\n<td>273<\/td>\n<\/tr>\n<tr>\n<td>120<\/td>\n<td>F_Kr\u00e4he+Eule Kampf<\/td>\n<td>277<\/td>\n<\/tr>\n<tr>\n<td>121<\/td>\n<td>F_Streifenkauz<\/td>\n<td>282<\/td>\n<\/tr>\n<tr>\n<td>122<\/td>\n<td>F_Verirrte Henne<\/td>\n<td>286<\/td>\n<\/tr>\n<tr>\n<td>123<\/td>\n<td>F_KEE KEE<\/td>\n<td>287<\/td>\n<\/tr>\n<tr>\n<td>124<\/td>\n<td>F_Abflug-Gackern<\/td>\n<td>288<\/td>\n<\/tr>\n<tr>\n<td>125<\/td>\n<td>F_Turkey Purrs<\/td>\n<td>289<\/td>\n<\/tr>\n<tr>\n<td>126<\/td>\n<td>F_Snow Goose Single<\/td>\n<td>299<\/td>\n<\/tr>\n<tr>\n<td>127<\/td>\n<td>F_Snow Gs Lrg Flock<\/td>\n<td>301<\/td>\n<\/tr>\n<tr>\n<td>128<\/td>\n<td>F_Snow Goose Hail<\/td>\n<td>302<\/td>\n<\/tr>\n<tr>\n<td>129<\/td>\n<td>F_Snow Goose Dbl<\/td>\n<td>303<\/td>\n<\/tr>\n<tr>\n<td>130<\/td>\n<td>F_Can Gse Cmbck 1<\/td>\n<td>304<\/td>\n<\/tr>\n<tr>\n<td>131<\/td>\n<td>F_Can Gse Cmbck 2<\/td>\n<td>305<\/td>\n<\/tr>\n<tr>\n<td>132<\/td>\n<td>F_Can Gse Cmbck 3<\/td>\n<td>306<\/td>\n<\/tr>\n<tr>\n<td>133<\/td>\n<td>F_Can Gse Lydwn 1<\/td>\n<td>309<\/td>\n<\/tr>\n<tr>\n<td>134<\/td>\n<td>F_Can Gse Lydwn 2<\/td>\n<td>310<\/td>\n<\/tr>\n<tr>\n<td>135<\/td>\n<td>F_Can Gse Lydwn 3<\/td>\n<td>312<\/td>\n<\/tr>\n<tr>\n<td>136<\/td>\n<td>F_Can Gse Lydwn 4<\/td>\n<td>313<\/td>\n<\/tr>\n<tr>\n<td>137<\/td>\n<td>F_Pinteal Whistle<\/td>\n<td>314<\/td>\n<\/tr>\n<tr>\n<td>138<\/td>\n<td>F_Green Wing Teal<\/td>\n<td>315<\/td>\n<\/tr>\n<tr>\n<td>139<\/td>\n<td>F_Widgeon<\/td>\n<td>316<\/td>\n<\/tr>\n<tr>\n<td>140<\/td>\n<td>F_Spckle Bel Cmbck<\/td>\n<td>317<\/td>\n<\/tr>\n<tr>\n<td>141<\/td>\n<td>F_Spckle Bel Greet<\/td>\n<td>318<\/td>\n<\/tr>\n<tr>\n<td>142<\/td>\n<td>F_Elk Estrous<\/td>\n<td>401<\/td>\n<\/tr>\n<tr>\n<td>143<\/td>\n<td>F_Elk Calf<\/td>\n<td>402<\/td>\n<\/tr>\n<tr>\n<td>144<\/td>\n<td>F_Excited Hen Yelps<\/td>\n<td>450<\/td>\n<\/tr>\n<tr>\n<td>145<\/td>\n<td>F_Young Hen Yelps<\/td>\n<td>451<\/td>\n<\/tr>\n<tr>\n<td>146<\/td>\n<td>F_Raspy Hen Yelps<\/td>\n<td>452<\/td>\n<\/tr>\n<tr>\n<td>147<\/td>\n<td>F_Tree Yelps<\/td>\n<td>453<\/td>\n<\/tr>\n<tr>\n<td>148<\/td>\n<td>F_Turkey Cuts<\/td>\n<td>454<\/td>\n<\/tr>\n<tr>\n<td>149<\/td>\n<td>F_Fighting Purrs<\/td>\n<td>455<\/td>\n<\/tr>\n<tr>\n<td>150<\/td>\n<td>F_Squirrel Barks<\/td>\n<td>501<\/td>\n<\/tr>\n<tr>\n<td>151<\/td>\n<td>F_Mouse Squeaker<\/td>\n<td>514<\/td>\n<\/tr>\n<tr>\n<td>152<\/td>\n<td>F_Chirping Coaxer<\/td>\n<td>515<\/td>\n<\/tr>\n<tr>\n<td>153<\/td>\n<td>F_Luscious Lips<\/td>\n<td>516<\/td>\n<\/tr>\n<tr>\n<td>154<\/td>\n<td>F_High Freq Squeak<\/td>\n<td>517<\/td>\n<\/tr>\n<tr>\n<td>155<\/td>\n<td>F_Freaky Squeaks<\/td>\n<td>518<\/td>\n<\/tr>\n<tr>\n<td>156<\/td>\n<td>F_Fox Whistle<\/td>\n<td>519<\/td>\n<\/tr>\n<tr>\n<td>157<\/td>\n<td>F_MM Lone Wolf<\/td>\n<td>550<\/td>\n<\/tr>\n<tr>\n<td>158<\/td>\n<td>F_MM Passive Coyote Howl<\/td>\n<td>551<\/td>\n<\/tr>\n<tr>\n<td>159<\/td>\n<td>F_MM Coyote Pup Howl<\/td>\n<td>552<\/td>\n<\/tr>\n<tr>\n<td>160<\/td>\n<td>F_MM Coyote Bark Growls<\/td>\n<td>553<\/td>\n<\/tr>\n<tr>\n<td>161<\/td>\n<td>F_MM Coyote Barks<\/td>\n<td>554<\/td>\n<\/tr>\n<tr>\n<td>162<\/td>\n<td>F_MM Coyote Challenge<\/td>\n<td>555<\/td>\n<\/tr>\n<tr>\n<td>163<\/td>\n<td>F_MM Coyote Challenge Howl<\/td>\n<td>556<\/td>\n<\/tr>\n<tr>\n<td>164<\/td>\n<td>F_MM Coyote Growls<\/td>\n<td>557<\/td>\n<\/tr>\n<tr>\n<td>165<\/td>\n<td>F_MM Dog Brawl<\/td>\n<td>558<\/td>\n<\/tr>\n<tr>\n<td>166<\/td>\n<td>F_MM Young KiYi<\/td>\n<td>559<\/td>\n<\/tr>\n<tr>\n<td>167<\/td>\n<td>F_MM Adult KiYi<\/td>\n<td>560<\/td>\n<\/tr>\n<tr>\n<td>168<\/td>\n<td>F_MM Baby Raccoon Distress<\/td>\n<td>561<\/td>\n<\/tr>\n<tr>\n<td>169<\/td>\n<td>F_MM Raccoon Fight<\/td>\n<td>562<\/td>\n<\/tr>\n<tr>\n<td>170<\/td>\n<td>F_MM Kittens<\/td>\n<td>563<\/td>\n<\/tr>\n<tr>\n<td>171<\/td>\n<td>F_MM Barn Cat Distress<\/td>\n<td>564<\/td>\n<\/tr>\n<tr>\n<td>172<\/td>\n<td>F_MM Cottontail Distress<\/td>\n<td>565<\/td>\n<\/tr>\n<tr>\n<td>173<\/td>\n<td>F_MM Jackrabbit Distress<\/td>\n<td>566<\/td>\n<\/tr>\n<tr>\n<td>174<\/td>\n<td>F_MM Lamb Distress<\/td>\n<td>567<\/td>\n<\/tr>\n<tr>\n<td>175<\/td>\n<td>F_MM Verletztes Wildschwein<\/td>\n<td>568<\/td>\n<\/tr>\n<tr>\n<td>176<\/td>\n<td>F_MM Helmspecht<\/td>\n<td>569<\/td>\n<\/tr>\n<tr>\n<td>177<\/td>\n<td>F_MM Moose Calf 1<\/td>\n<td>570<\/td>\n<\/tr>\n<tr>\n<td>178<\/td>\n<td>F_MM Moose Calf 2<\/td>\n<td>571<\/td>\n<\/tr>\n<tr>\n<td>179<\/td>\n<td>F_MM Crow Distress<\/td>\n<td>572<\/td>\n<\/tr>\n<tr>\n<td>180<\/td>\n<td>F_MM Crows<\/td>\n<td>573<\/td>\n<\/tr>\n<tr>\n<td>181<\/td>\n<td>F_MM Young Buck Grunt<\/td>\n<td>574<\/td>\n<\/tr>\n<tr>\n<td>182<\/td>\n<td>F_MM Tending Grunt<\/td>\n<td>575<\/td>\n<\/tr>\n<tr>\n<td>183<\/td>\n<td>F_MM Tending Grunt Finish<\/td>\n<td>576<\/td>\n<\/tr>\n<tr>\n<td>184<\/td>\n<td>F_MM Mature Buck Grunt<\/td>\n<td>577<\/td>\n<\/tr>\n<\/tbody>\n<\/table>\n","protected":false},"excerpt":{"rendered":"<p>Der FOXPRO Hellcat ist ein kompakter und tragbarer All-in-One-Lockvogel und digitaler Wildlocker, der sich hervorragend f\u00fcr Einsteiger-J\u00e4ger mit begrenztem Budget eignet. Er wird standardm\u00e4\u00dfig mit \u00fcber 175 hochwertigen FOXPRO-Kl\u00e4ngen (75 Premium-Kl\u00e4nge plus FOXPROs kostenlose Klangbibliothek) geliefert, die eine Vielzahl von Arten, Notrufen und Laut\u00e4u\u00dferungen abdecken, und kann bis zu 300 Kl\u00e4nge speichern. Die verbesserte Fernbedienung [&#8230;]\n","protected":false},"featured_media":264775,"comment_status":"open","ping_status":"closed","template":"","meta":[],"product_brand":[],"product_cat":[2855,1306,1401],"product_tag":[],"class_list":{"0":"post-280717","1":"product","2":"type-product","3":"status-publish","4":"has-post-thumbnail","6":"product_cat-elektroniska-lockjakter","7":"product_cat-electronic-calls","8":"product_cat-elektronische-locker","10":"first","11":"onbackorder","12":"taxable","13":"shipping-taxable","14":"purchasable","15":"product-type-simple"},"composite_virtual":false,"composite_layout":"","composite_add_to_cart_form_location":"","composite_editable_in_cart":false,"composite_sold_individually_context":"","composite_shop_price_calc":"","composite_components":[],"composite_scenarios":[],"group_of_quantity":0,"min_quantity":0,"max_quantity":"","exclude_order_quantity_value_rules":"no","exclude_category_quantity_rules":"no","combine_variations":"no","exclude_global_add_ons":[],"addons":[],"_links":{"self":[{"href":"https:\/\/www.huntersfriend.eu\/de\/wp-json\/wp\/v2\/product\/280717","targetHints":{"allow":["GET"]}}],"collection":[{"href":"https:\/\/www.huntersfriend.eu\/de\/wp-json\/wp\/v2\/product"}],"about":[{"href":"https:\/\/www.huntersfriend.eu\/de\/wp-json\/wp\/v2\/types\/product"}],"replies":[{"embeddable":true,"href":"https:\/\/www.huntersfriend.eu\/de\/wp-json\/wp\/v2\/comments?post=280717"}],"wp:featuredmedia":[{"embeddable":true,"href":"https:\/\/www.huntersfriend.eu\/de\/wp-json\/wp\/v2\/media\/264775"}],"wp:attachment":[{"href":"https:\/\/www.huntersfriend.eu\/de\/wp-json\/wp\/v2\/media?parent=280717"}],"wp:term":[{"taxonomy":"product_brand","embeddable":true,"href":"https:\/\/www.huntersfriend.eu\/de\/wp-json\/wp\/v2\/product_brand?post=280717"},{"taxonomy":"product_cat","embeddable":true,"href":"https:\/\/www.huntersfriend.eu\/de\/wp-json\/wp\/v2\/product_cat?post=280717"},{"taxonomy":"product_tag","embeddable":true,"href":"https:\/\/www.huntersfriend.eu\/de\/wp-json\/wp\/v2\/product_tag?post=280717"}],"curies":[{"name":"wp","href":"https:\/\/api.w.org\/{rel}","templated":true}]}}