{"id":280716,"date":"2024-02-13T00:44:21","date_gmt":"2024-02-12T22:44:21","guid":{"rendered":"https:\/\/www.huntersfriend.eu\/product\/foxpro-x24-elektronischer-lockruf\/"},"modified":"2026-04-22T09:29:04","modified_gmt":"2026-04-22T07:29:04","slug":"foxpro-x24-elektronischer-lockruf","status":"publish","type":"product","link":"https:\/\/www.huntersfriend.eu\/de\/produkt\/foxpro-x24-elektronischer-lockruf\/","title":{"rendered":"FoxPro X24 elektronischer Lockruf"},"content":{"rendered":"<p>Das FOXPRO X24 ist ein leistungsstarkes und kompaktes Ger\u00e4t, das \u00fcber einen positionierbaren Xtreme High Definition (XHD) Lautsprecher verf\u00fcgt. Der XHD-Lautsprecher ist ein Hornlautsprecher mit einem zus\u00e4tzlichen Hocht\u00f6ner f\u00fcr verbesserte Frequenzwiedergabe. Das XHD-Lautsprechersystem erm\u00f6glicht extreme Lautst\u00e4rkekapazit\u00e4ten und realistische Klangklarheit. Der Griff des X24 l\u00e4sst sich zu einem positionierbaren St\u00e4nder ausklappen, um Erh\u00f6hung \u00fcber verschiedene Terrains zu bieten, denen Sie begegnen k\u00f6nnten. Es gibt einen externen Lautsprecheranschluss, falls Sie noch mehr Lautst\u00e4rke w\u00fcnschen, einen Aux-Anschluss zum Anschlie\u00dfen eines zugelassenen Ger\u00e4ts wie eines Jack Predator Decoy und eine Ladebuchse. Das X24 wird mit 100 hochwertigen FOXPRO-Sounds und \u00fcber 100 Sounds aus FOXPROs kostenloser Sound-Bibliothek geliefert und kann bis zu 1000 Sounds speichern und darauf zugreifen. Das X24 wird komplett mit einem Lithium-Akku und Ladeger\u00e4t-Kit geliefert! Der TX-1000 verf\u00fcgt \u00fcber einen Vollfarb-Grafik-LCD-Bildschirm, der Ihre Soundliste oder Soundkategorien anzeigt. Es verf\u00fcgt auch \u00fcber einen Barometer-Indikator, Mondphasen-Indikator, Temperatur-Indikator, Batteriestandsanzeige, Timer oder Zeitschaltuhr, FOXBANG-Technologie und vieles mehr. FOXMotion erm\u00f6glicht es Ihnen, den Sound von den linken zu den rechten Lautsprechern zu \u00fcberblenden, um die Realit\u00e4t Ihrer Lockrufe zu \u201everst\u00e4rken\u201c. FOXCast erm\u00f6glicht es Ihnen, eine voreingestellte benutzerdefinierte Sequenz abzuspielen, die Ihre Lieblingsger\u00e4usche, Lautst\u00e4rken und sogar Pausen beinhaltet. FOXData erm\u00f6glicht es Ihnen, Echtzeit-Informationen von jedem einzelnen Stand aufzuzeichnen, sodass Sie f\u00fcr zuk\u00fcnftige Referenzen auf die Daten zugreifen k\u00f6nnen. Das X24 wird von einer 5-j\u00e4hrigen begrenzten Garantie unterst\u00fctzt und ist in den USA hergestellt.            <\/p>\n<h2>Hauptmerkmale<\/h2>\n<ul>\n<li>FOXBANG Ordnet Ihren Caller nach Abfeuern Ihrer Schusswaffe automatisch einer voreingestellten Einstellung zu. (Siehe Bedienungsanleitung f\u00fcr FOXBANG-Optionen.) <\/li>\n<li>FOXMOTION Imitiert sich bewegende Beute durch \u00dcberblenden des Tons vom linken zum rechten Lautsprecher.<\/li>\n<li>FOXDATA Aktivieren Sie FOXDATA, und es zeichnet Echtzeit-Informationen (Temperatur, Luftdruck, Mondphase, Standdauer, Schusszeit) von jedem Stand auf. Mit der Zeit werden Sie in der Lage sein, Tieraktivit\u00e4t\/Jagderfolg basierend auf harten Daten vorherzusagen. <\/li>\n<li>FOXCAST Nahezu freih\u00e4ndiges Locken mit FOXCAST-Sequenzdateien.<\/li>\n<li>AUTO VOLUME Erh\u00f6ht und moduliert automatisch Ihre Lautst\u00e4rke.<\/li>\n<li>Gesamtgewicht: 2,27kg\/5lbs.<\/li>\n<li>Ger\u00e4teabmessungen: 20,96cm x 29,21cm x 26,67cm<\/li>\n<li>Lautsprecher: Hornlautsprecher  Hocht\u00f6ner<\/li>\n<li>Wiedergabemodi: Einzeln, Jukebox, Wiederholen<\/li>\n<li>Ladebuchse: Ja<\/li>\n<li>Externer Lautsprecheranschluss: 3,5mm<\/li>\n<li>Zusatzger\u00e4teanschluss: 3,5mm<\/li>\n<li>Vom Benutzer neu programmierbar: Ja<\/li>\n<li>USB-Anschluss: USB 2.0 a\/b<\/li>\n<li>Tonkapazit\u00e4t: 1000 (Wird mit 100 geliefert, plus \u00fcber 100 zus\u00e4tzliche T\u00f6ne aus FOXPROs kostenloser Sound-Bibliothek)<\/li>\n<li>Interner Speicher: 16GB<\/li>\n<li>Dateikompatibilit\u00e4t: MP3, WAV, FXP und 24B (24B-Wiedergabe)<\/li>\n<li>Stromversorgung: (Lithium-Kit inklusive)\/TX-1000 3 St\u00fcck AA-Batterie (nicht im Lieferumfang enthalten)<\/li>\n<li>Laufzeit: 3 &#8211; 7 Stunden<\/li>\n<li>Garantie: 5 Jahre, begrenzt.<\/li>\n<\/ul>\n<p>Lieferumfang: X24 Elektronischer Wildlocker, TX1000 Sender, Lithium-Akku und Ladeger\u00e4t, FOXPRO Sounds (werkseitig vorinstalliert), Produkthandbuch, Garantieregistrierungsformular.<\/p>\n<h2>Werkseitige Soundliste<\/h2>\n<table class=\"table table-striped\">\n<caption>Diese Tabelle zeigt die Standardsoundliste f\u00fcr dieses Produkt.<br \/>\nDie erste Spalte zeigt die Soundposition innerhalb der Liste, beginnend mit 000. Die zweite Spalte zeigt den Soundnamen. Die dritte Spalte zeigt die FOXPRO-Soundbibliothek-Referenz.  <\/caption>\n<tbody>\n<tr>\n<th><strong>Position<\/strong><\/th>\n<th><strong>Soundname<\/strong><\/th>\n<th><strong>Sound-ID<\/strong><\/th>\n<\/tr>\n<tr>\n<td>000<\/td>\n<td>Kojoten-Gebell<\/td>\n<td>101<\/td>\n<\/tr>\n<tr>\n<td>001<\/td>\n<td>Kojoten-Gruppengeheul<\/td>\n<td>C25<\/td>\n<\/tr>\n<tr>\n<td>002<\/td>\n<td>Bellende Kojoten<\/td>\n<td>C32<\/td>\n<\/tr>\n<tr>\n<td>003<\/td>\n<td>M\u00e4nnliches Kojotengeheul<\/td>\n<td>C34<\/td>\n<\/tr>\n<tr>\n<td>004<\/td>\n<td>Weibliches Kojoten-Schmerzgeheul<\/td>\n<td>C40<\/td>\n<\/tr>\n<tr>\n<td>005<\/td>\n<td>Weibliches Kojoten-Tiefgeheul<\/td>\n<td>C29<\/td>\n<\/tr>\n<tr>\n<td>006<\/td>\n<td>M\u00e4nnliches Kojoten-Langgeheul 1<\/td>\n<td>C33<\/td>\n<\/tr>\n<tr>\n<td>007<\/td>\n<td>Weibliches Kojoten-Bellgeheul<\/td>\n<td>C15<\/td>\n<\/tr>\n<tr>\n<td>008<\/td>\n<td>Kojotenpaar<\/td>\n<td>C26<\/td>\n<\/tr>\n<tr>\n<td>009<\/td>\n<td>Weibliches Kojoten-Langgeheul 1<\/td>\n<td>C19<\/td>\n<\/tr>\n<tr>\n<td>010<\/td>\n<td>Weibliches Kojoten-Langgeheul 2<\/td>\n<td>C20<\/td>\n<\/tr>\n<tr>\n<td>011<\/td>\n<td>Weibliche Kojoten-Herausforderung<\/td>\n<td>C24<\/td>\n<\/tr>\n<tr>\n<td>012<\/td>\n<td>Weibliches Jodel-Geheul<\/td>\n<td>C28<\/td>\n<\/tr>\n<tr>\n<td>013<\/td>\n<td>M\u00e4nnliches Kojoten-Bellen<\/td>\n<td>C30<\/td>\n<\/tr>\n<tr>\n<td>014<\/td>\n<td>Heulende Kojoten-Paare<\/td>\n<td>C31<\/td>\n<\/tr>\n<tr>\n<td>015<\/td>\n<td>Herausforderndes Bellen weiblicher Kojoten<\/td>\n<td>C23<\/td>\n<\/tr>\n<tr>\n<td>016<\/td>\n<td>Herausfordernder Schrei des m\u00e4nnlichen Kojoten<\/td>\n<td>185<\/td>\n<\/tr>\n<tr>\n<td>017<\/td>\n<td>Beunruhigter Kojote<\/td>\n<td>103<\/td>\n<\/tr>\n<tr>\n<td>018<\/td>\n<td>Untergeordneter weiblicher Kojote<\/td>\n<td>C35<\/td>\n<\/tr>\n<tr>\n<td>019<\/td>\n<td>Wimmern weiblicher Kojoten<\/td>\n<td>C17<\/td>\n<\/tr>\n<tr>\n<td>020<\/td>\n<td>Schreie von Kojoten-Welpen<\/td>\n<td>C22<\/td>\n<\/tr>\n<tr>\n<td>021<\/td>\n<td>Kojoten-Welpen in Not 3<\/td>\n<td>C27<\/td>\n<\/tr>\n<tr>\n<td>022<\/td>\n<td>Graufuchs in Not<\/td>\n<td>224<\/td>\n<\/tr>\n<tr>\n<td>023<\/td>\n<td>Schreiender Graufuchs<\/td>\n<td>226<\/td>\n<\/tr>\n<tr>\n<td>024<\/td>\n<td>Platin-Graufuchs-Welpe<\/td>\n<td>C85<\/td>\n<\/tr>\n<tr>\n<td>025<\/td>\n<td>Rotfuchs-Welpe in Not 1<\/td>\n<td>C75<\/td>\n<\/tr>\n<tr>\n<td>026<\/td>\n<td>Rotfuchs in Not<\/td>\n<td>227<\/td>\n<\/tr>\n<tr>\n<td>027<\/td>\n<td>Rotfuchs-Welpen<\/td>\n<td>C79<\/td>\n<\/tr>\n<tr>\n<td>028<\/td>\n<td>Rotfuchs-Versammlung<\/td>\n<td>221<\/td>\n<\/tr>\n<tr>\n<td>029<\/td>\n<td>Puma in der Brunft<\/td>\n<td>370<\/td>\n<\/tr>\n<tr>\n<td>030<\/td>\n<td>Puma-Pfiff<\/td>\n<td>373<\/td>\n<\/tr>\n<tr>\n<td>031<\/td>\n<td>Einsamer Wolf<\/td>\n<td>320<\/td>\n<\/tr>\n<tr>\n<td>032<\/td>\n<td>Wolfs-Paar-Geheul<\/td>\n<td>324<\/td>\n<\/tr>\n<tr>\n<td>033<\/td>\n<td>Aggressiver Rotluchs<\/td>\n<td>380<\/td>\n<\/tr>\n<tr>\n<td>034<\/td>\n<td>Hundewelpen 1<\/td>\n<td>C00<\/td>\n<\/tr>\n<tr>\n<td>035<\/td>\n<td>Hundewelpen 2<\/td>\n<td>C01<\/td>\n<\/tr>\n<tr>\n<td>036<\/td>\n<td>Bellende Jagdhunde<\/td>\n<td>C03<\/td>\n<\/tr>\n<tr>\n<td>037<\/td>\n<td>K\u00e4tzchen-Schreie<\/td>\n<td>F00<\/td>\n<\/tr>\n<tr>\n<td>038<\/td>\n<td>K\u00e4tzchen in Not 2<\/td>\n<td>F02<\/td>\n<\/tr>\n<tr>\n<td>039<\/td>\n<td>Blitzschneller Jack<\/td>\n<td>L00<\/td>\n<\/tr>\n<tr>\n<td>040<\/td>\n<td>W\u00fcstenhase in Not<\/td>\n<td>233<\/td>\n<\/tr>\n<tr>\n<td>041<\/td>\n<td>Wei\u00dfschwanz-Hase<\/td>\n<td>L11<\/td>\n<\/tr>\n<tr>\n<td>042<\/td>\n<td>Teuflischer Hase<\/td>\n<td>L10<\/td>\n<\/tr>\n<tr>\n<td>043<\/td>\n<td>\u00d6stliches Baumwollschwanzkaninchen<\/td>\n<td>L57<\/td>\n<\/tr>\n<tr>\n<td>044<\/td>\n<td>Baumwollschwanzkaninchen-Baby 2<\/td>\n<td>L64<\/td>\n<\/tr>\n<tr>\n<td>045<\/td>\n<td>Erwachsenes Baumwollschwanzkaninchen<\/td>\n<td>L55<\/td>\n<\/tr>\n<tr>\n<td>046<\/td>\n<td>Vorsichtiges Baumwollschwanzkaninchen<\/td>\n<td>L58<\/td>\n<\/tr>\n<tr>\n<td>047<\/td>\n<td>Kleines Kaninchen<\/td>\n<td>L53<\/td>\n<\/tr>\n<tr>\n<td>048<\/td>\n<td>CF Baumwollschwanzkaninchen<\/td>\n<td>L56<\/td>\n<\/tr>\n<tr>\n<td>049<\/td>\n<td>Kleine Baumwollschwanzkaninchen<\/td>\n<td>L59<\/td>\n<\/tr>\n<tr>\n<td>050<\/td>\n<td>Schneehase Hoher Ton<\/td>\n<td>L06<\/td>\n<\/tr>\n<tr>\n<td>051<\/td>\n<td>Schneehase 1<\/td>\n<td>L03<\/td>\n<\/tr>\n<tr>\n<td>052<\/td>\n<td>Heiserer Specht<\/td>\n<td>B00<\/td>\n<\/tr>\n<tr>\n<td>053<\/td>\n<td>Weinender Specht<\/td>\n<td>B01<\/td>\n<\/tr>\n<tr>\n<td>054<\/td>\n<td>Specht<\/td>\n<td>B09<\/td>\n<\/tr>\n<tr>\n<td>055<\/td>\n<td>Haarspecht 2<\/td>\n<td>B06<\/td>\n<\/tr>\n<tr>\n<td>056<\/td>\n<td>Fink in Not<\/td>\n<td>B70<\/td>\n<\/tr>\n<tr>\n<td>057<\/td>\n<td>Brautenten-K\u00fcken<\/td>\n<td>B78<\/td>\n<\/tr>\n<tr>\n<td>058<\/td>\n<td>M\u00fcrrischer m\u00e4nnlicher Kardinal<\/td>\n<td>B84<\/td>\n<\/tr>\n<tr>\n<td>059<\/td>\n<td>Blauh\u00e4her in Not<\/td>\n<td>B75<\/td>\n<\/tr>\n<tr>\n<td>060<\/td>\n<td>Wutanfall der Meise<\/td>\n<td>B85<\/td>\n<\/tr>\n<tr>\n<td>061<\/td>\n<td>Verr\u00fcckter Kleiber<\/td>\n<td>B86<\/td>\n<\/tr>\n<tr>\n<td>062<\/td>\n<td>Schimpfender Rotvogel<\/td>\n<td>B87<\/td>\n<\/tr>\n<tr>\n<td>063<\/td>\n<td>Gl\u00fccksvogel<\/td>\n<td>290<\/td>\n<\/tr>\n<tr>\n<td>064<\/td>\n<td>Gleith\u00f6rnchen in Not<\/td>\n<td>R02<\/td>\n<\/tr>\n<tr>\n<td>065<\/td>\n<td>W\u00fchlmausquieken<\/td>\n<td>R07<\/td>\n<\/tr>\n<tr>\n<td>066<\/td>\n<td>Feldmaus in Not<\/td>\n<td>R10<\/td>\n<\/tr>\n<tr>\n<td>067<\/td>\n<td>Nagetier in Bedr\u00e4ngnis<\/td>\n<td>249<\/td>\n<\/tr>\n<tr>\n<td>068<\/td>\n<td>Pr\u00e4riehund in Not<\/td>\n<td>247<\/td>\n<\/tr>\n<tr>\n<td>069<\/td>\n<td>Murmeltier in Bedr\u00e4ngnis<\/td>\n<td>242<\/td>\n<\/tr>\n<tr>\n<td>070<\/td>\n<td>Meerschweinchen 2<\/td>\n<td>R01<\/td>\n<\/tr>\n<tr>\n<td>071<\/td>\n<td>Junges Stachelschwein<\/td>\n<td>N50<\/td>\n<\/tr>\n<tr>\n<td>072<\/td>\n<td>Kalb in Not<\/td>\n<td>M07<\/td>\n<\/tr>\n<tr>\n<td>073<\/td>\n<td>Verirrtes Schaf<\/td>\n<td>258<\/td>\n<\/tr>\n<tr>\n<td>074<\/td>\n<td>Ferkel in Not<\/td>\n<td>H03<\/td>\n<\/tr>\n<tr>\n<td>075<\/td>\n<td>Junges Schwein in Bedr\u00e4ngnis<\/td>\n<td>H04<\/td>\n<\/tr>\n<tr>\n<td>076<\/td>\n<td>Kleines Schweinchen<\/td>\n<td>H20<\/td>\n<\/tr>\n<tr>\n<td>077<\/td>\n<td>Zickleinsrufe 2<\/td>\n<td>M00<\/td>\n<\/tr>\n<tr>\n<td>078<\/td>\n<td>Junger Wei\u00dfwedelhirsch in Not<\/td>\n<td>D06<\/td>\n<\/tr>\n<tr>\n<td>079<\/td>\n<td>Wei\u00dfwedelhirsch Bockkitz 2<\/td>\n<td>D02<\/td>\n<\/tr>\n<tr>\n<td>080<\/td>\n<td>Antilopenkitz Rufe<\/td>\n<td>D55<\/td>\n<\/tr>\n<tr>\n<td>081<\/td>\n<td>Elchkalb in Not<\/td>\n<td>D30<\/td>\n<\/tr>\n<tr>\n<td>082<\/td>\n<td>B\u00e4renjunges in Not 1<\/td>\n<td>253<\/td>\n<\/tr>\n<tr>\n<td>083<\/td>\n<td>Kr\u00e4henkampf<\/td>\n<td>270<\/td>\n<\/tr>\n<tr>\n<td>084<\/td>\n<td>Sterbende Kr\u00e4he<\/td>\n<td>275<\/td>\n<\/tr>\n<tr>\n<td>085<\/td>\n<td>Kr\u00e4hen-  Falkenkampf<\/td>\n<td>276<\/td>\n<\/tr>\n<tr>\n<td>086<\/td>\n<td>Kr\u00e4hen<\/td>\n<td>280<\/td>\n<\/tr>\n<tr>\n<td>087<\/td>\n<td>Kr\u00e4hen 2<\/td>\n<td>B52<\/td>\n<\/tr>\n<tr>\n<td>088<\/td>\n<td>Elstern<\/td>\n<td>B50<\/td>\n<\/tr>\n<tr>\n<td>089<\/td>\n<td>Rabenschwarm<\/td>\n<td>533<\/td>\n<\/tr>\n<tr>\n<td>090<\/td>\n<td>Waschb\u00e4renkampf<\/td>\n<td>N02<\/td>\n<\/tr>\n<tr>\n<td>091<\/td>\n<td>Zwitschernder Waschb\u00e4r<\/td>\n<td>N03<\/td>\n<\/tr>\n<tr>\n<td>092<\/td>\n<td>Junger Waschb\u00e4r in Not<\/td>\n<td>N04<\/td>\n<\/tr>\n<tr>\n<td>093<\/td>\n<td>Waschb\u00e4rjunges<\/td>\n<td>N07<\/td>\n<\/tr>\n<tr>\n<td>094<\/td>\n<td>Waschb\u00e4rwelpen<\/td>\n<td>N08<\/td>\n<\/tr>\n<tr>\n<td>095<\/td>\n<td>Elch-Glucksen<\/td>\n<td>D31<\/td>\n<\/tr>\n<tr>\n<td>096<\/td>\n<td>Elchk\u00e4lber<\/td>\n<td>404<\/td>\n<\/tr>\n<tr>\n<td>097<\/td>\n<td>R\u00f6hren-M-In<\/td>\n<td>D32<\/td>\n<\/tr>\n<tr>\n<td>098<\/td>\n<td>Balzr\u00f6hren<\/td>\n<td>D34<\/td>\n<\/tr>\n<tr>\n<td>099<\/td>\n<td>Elchgrunzen<\/td>\n<td>D45<\/td>\n<\/tr>\n<tr>\n<td>100<\/td>\n<td>F_Cals Fed Sirene<\/td>\n<td>160<\/td>\n<\/tr>\n<tr>\n<td>101<\/td>\n<td>F_Sirene 2<\/td>\n<td>161<\/td>\n<\/tr>\n<tr>\n<td>102<\/td>\n<td>AM Kojoten-Jaulen und -Wimmern<\/td>\n<td>659<\/td>\n<\/tr>\n<tr>\n<td>103<\/td>\n<td>F_Kojote Einsames Heulen<\/td>\n<td>189<\/td>\n<\/tr>\n<tr>\n<td>104<\/td>\n<td>F_Weibliche Einladung 2<\/td>\n<td>188<\/td>\n<\/tr>\n<tr>\n<td>105<\/td>\n<td>F_Kojote Verletztes Jungtier<\/td>\n<td>179<\/td>\n<\/tr>\n<tr>\n<td>106<\/td>\n<td>F_Fragendes Heulen<\/td>\n<td>187<\/td>\n<\/tr>\n<tr>\n<td>107<\/td>\n<td>F_Kojote KIYI<\/td>\n<td>218<\/td>\n<\/tr>\n<tr>\n<td>108<\/td>\n<td>F_Kojote M\u00e4nnliche Herausforderung<\/td>\n<td>212<\/td>\n<\/tr>\n<tr>\n<td>109<\/td>\n<td>F_Kojoten-Welpe in Not 1<\/td>\n<td>209<\/td>\n<\/tr>\n<tr>\n<td>110<\/td>\n<td>F_Weibliche Einladung 2<\/td>\n<td>188<\/td>\n<\/tr>\n<tr>\n<td>111<\/td>\n<td>F_Fragendes Heulen<\/td>\n<td>187<\/td>\n<\/tr>\n<tr>\n<td>112<\/td>\n<td>F_Einsames Heulen<\/td>\n<td>186<\/td>\n<\/tr>\n<tr>\n<td>113<\/td>\n<td>F_MM Erwachsener KiYi<\/td>\n<td>560<\/td>\n<\/tr>\n<tr>\n<td>114<\/td>\n<td>F_MM Kojoten-Bellen und -Knurren<\/td>\n<td>553<\/td>\n<\/tr>\n<tr>\n<td>115<\/td>\n<td>F_MM Kojoten-Bellen<\/td>\n<td>554<\/td>\n<\/tr>\n<tr>\n<td>116<\/td>\n<td>F_MM Coyote Challenge<\/td>\n<td>555<\/td>\n<\/tr>\n<tr>\n<td>117<\/td>\n<td>F_MM Coyote Challenge Heulen<\/td>\n<td>556<\/td>\n<\/tr>\n<tr>\n<td>118<\/td>\n<td>F_MM Coyote Knurren<\/td>\n<td>557<\/td>\n<\/tr>\n<tr>\n<td>119<\/td>\n<td>F_MM Coyote Welpen Heulen<\/td>\n<td>552<\/td>\n<\/tr>\n<tr>\n<td>120<\/td>\n<td>F_MM Hundegebell<\/td>\n<td>558<\/td>\n<\/tr>\n<tr>\n<td>121<\/td>\n<td>F_MM Passives Coyote Heulen<\/td>\n<td>551<\/td>\n<\/tr>\n<tr>\n<td>122<\/td>\n<td>F_MM Junges KiYi<\/td>\n<td>559<\/td>\n<\/tr>\n<tr>\n<td>123<\/td>\n<td>MM Coyote Schreie<\/td>\n<td>584<\/td>\n<\/tr>\n<tr>\n<td>124<\/td>\n<td>MM Coyote Welpen Dist<\/td>\n<td>585<\/td>\n<\/tr>\n<tr>\n<td>125<\/td>\n<td>MM Coyote Welpen Heulen 2<\/td>\n<td>586<\/td>\n<\/tr>\n<tr>\n<td>126<\/td>\n<td>MM Coyote Wimmern 2<\/td>\n<td>588<\/td>\n<\/tr>\n<tr>\n<td>127<\/td>\n<td>MM Coyote Wimmern<\/td>\n<td>587<\/td>\n<\/tr>\n<tr>\n<td>128<\/td>\n<td>MM Rotfuchs Bellen<\/td>\n<td>591<\/td>\n<\/tr>\n<tr>\n<td>129<\/td>\n<td>MM Rotfuchs Gekkern<\/td>\n<td>592<\/td>\n<\/tr>\n<tr>\n<td>130<\/td>\n<td>MM Rotfuchs Heulen<\/td>\n<td>593<\/td>\n<\/tr>\n<tr>\n<td>131<\/td>\n<td>MM Rotfuchs Kreischen<\/td>\n<td>594<\/td>\n<\/tr>\n<tr>\n<td>132<\/td>\n<td>MM F\u00e4he Paarung<\/td>\n<td>595<\/td>\n<\/tr>\n<tr>\n<td>133<\/td>\n<td>MM F\u00e4he<\/td>\n<td>596<\/td>\n<\/tr>\n<tr>\n<td>134<\/td>\n<td>F_Rotluchs in Hitze<\/td>\n<td>230<\/td>\n<\/tr>\n<tr>\n<td>135<\/td>\n<td>F_MM Wildkaninchen in Not<\/td>\n<td>565<\/td>\n<\/tr>\n<tr>\n<td>136<\/td>\n<td>F_MM Jackrabbit in Not<\/td>\n<td>566<\/td>\n<\/tr>\n<tr>\n<td>137<\/td>\n<td>F_MM Helmspecht<\/td>\n<td>569<\/td>\n<\/tr>\n<tr>\n<td>138<\/td>\n<td>F_Zirpender Lockvogel<\/td>\n<td>515<\/td>\n<\/tr>\n<tr>\n<td>139<\/td>\n<td>F_Verr\u00fccktes Getier<\/td>\n<td>120<\/td>\n<\/tr>\n<tr>\n<td>140<\/td>\n<td>F_Fuchspfeife<\/td>\n<td>519<\/td>\n<\/tr>\n<tr>\n<td>141<\/td>\n<td>F_Unheimliches Quieken<\/td>\n<td>518<\/td>\n<\/tr>\n<tr>\n<td>142<\/td>\n<td>F_Hochfrequentes Quieken<\/td>\n<td>517<\/td>\n<\/tr>\n<tr>\n<td>143<\/td>\n<td>F_Untergang der Pekaris<\/td>\n<td>121<\/td>\n<\/tr>\n<tr>\n<td>144<\/td>\n<td>F_Todeskuss<\/td>\n<td>250<\/td>\n<\/tr>\n<tr>\n<td>145<\/td>\n<td>F_Verf\u00fchrerische Lippen<\/td>\n<td>516<\/td>\n<\/tr>\n<tr>\n<td>146<\/td>\n<td>F_M\u00e4usepfeife<\/td>\n<td>514<\/td>\n<\/tr>\n<tr>\n<td>147<\/td>\n<td>F_Eichh\u00f6rnchen Bellen<\/td>\n<td>501<\/td>\n<\/tr>\n<tr>\n<td>148<\/td>\n<td>F_MM Scheunenkatze in Not<\/td>\n<td>564<\/td>\n<\/tr>\n<tr>\n<td>149<\/td>\n<td>F_MM Verletztes Wildschwein<\/td>\n<td>568<\/td>\n<\/tr>\n<tr>\n<td>150<\/td>\n<td>F_MM Katzenjunge<\/td>\n<td>563<\/td>\n<\/tr>\n<tr>\n<td>151<\/td>\n<td>F_MM Lamm in Not<\/td>\n<td>567<\/td>\n<\/tr>\n<tr>\n<td>152<\/td>\n<td>MM Lamm und Schaf<\/td>\n<td>589<\/td>\n<\/tr>\n<tr>\n<td>153<\/td>\n<td>MM Lamm in Not 2<\/td>\n<td>590<\/td>\n<\/tr>\n<tr>\n<td>154<\/td>\n<td>AM R\u00f6hren<\/td>\n<td>658<\/td>\n<\/tr>\n<tr>\n<td>155<\/td>\n<td>AM Kuh Kalb 2<\/td>\n<td>651<\/td>\n<\/tr>\n<tr>\n<td>156<\/td>\n<td>F_MM Waschb\u00e4ren Kampf<\/td>\n<td>562<\/td>\n<\/tr>\n<tr>\n<td>157<\/td>\n<td>AM Kuh Kalb<\/td>\n<td>650<\/td>\n<\/tr>\n<tr>\n<td>158<\/td>\n<td>AM Brunftige Kuh Kalb<\/td>\n<td>653<\/td>\n<\/tr>\n<tr>\n<td>159<\/td>\n<td>AM Langstrecken Ortung<\/td>\n<td>654<\/td>\n<\/tr>\n<tr>\n<td>160<\/td>\n<td>AM Kleiner Bulle mit Gro\u00dfem Bullen<\/td>\n<td>657<\/td>\n<\/tr>\n<tr>\n<td>161<\/td>\n<td>AM Spie\u00dfer mit brunftiger Kuh<\/td>\n<td>656<\/td>\n<\/tr>\n<tr>\n<td>162<\/td>\n<td>AM Spie\u00dfer mit brunftiger Kuh<\/td>\n<td>656<\/td>\n<\/tr>\n<tr>\n<td>163<\/td>\n<td>F_Geweihklappern<\/td>\n<td>201<\/td>\n<\/tr>\n<tr>\n<td>164<\/td>\n<td>F_Bockkampf<\/td>\n<td>200<\/td>\n<\/tr>\n<tr>\n<td>165<\/td>\n<td>F_Bockgrunzen<\/td>\n<td>202<\/td>\n<\/tr>\n<tr>\n<td>166<\/td>\n<td>F_Buck Snort Whz<\/td>\n<td>205<\/td>\n<\/tr>\n<tr>\n<td>167<\/td>\n<td>F_Doe Estrous Bleat<\/td>\n<td>203<\/td>\n<\/tr>\n<tr>\n<td>168<\/td>\n<td>F_Doe Estrus Bleats<\/td>\n<td>415<\/td>\n<\/tr>\n<tr>\n<td>169<\/td>\n<td>F_Elk Calf<\/td>\n<td>402<\/td>\n<\/tr>\n<tr>\n<td>170<\/td>\n<td>F_Elk Estrous<\/td>\n<td>401<\/td>\n<\/tr>\n<tr>\n<td>171<\/td>\n<td>F_Hyper Moose Cow<\/td>\n<td>196<\/td>\n<\/tr>\n<tr>\n<td>172<\/td>\n<td>F_Light Sparring<\/td>\n<td>199<\/td>\n<\/tr>\n<tr>\n<td>173<\/td>\n<td>Mature Buck Grunts<\/td>\n<td>416<\/td>\n<\/tr>\n<tr>\n<td>174<\/td>\n<td>F_MM Buck Roar<\/td>\n<td>578<\/td>\n<\/tr>\n<tr>\n<td>175<\/td>\n<td>F_MM Mature Buck Grunt<\/td>\n<td>577<\/td>\n<\/tr>\n<tr>\n<td>176<\/td>\n<td>F_MM Moose Calf 1<\/td>\n<td>570<\/td>\n<\/tr>\n<tr>\n<td>177<\/td>\n<td>F_MM Moose Calf 2<\/td>\n<td>571<\/td>\n<\/tr>\n<tr>\n<td>178<\/td>\n<td>F_MM Tending Grunt Finish<\/td>\n<td>576<\/td>\n<\/tr>\n<tr>\n<td>179<\/td>\n<td>F_MM Tending Grunt<\/td>\n<td>575<\/td>\n<\/tr>\n<tr>\n<td>180<\/td>\n<td>F_MM Young Buck Grunt<\/td>\n<td>574<\/td>\n<\/tr>\n<tr>\n<td>181<\/td>\n<td>F_Moose Bull<\/td>\n<td>191<\/td>\n<\/tr>\n<tr>\n<td>182<\/td>\n<td>F_Moose Cow 3<\/td>\n<td>194<\/td>\n<\/tr>\n<tr>\n<td>183<\/td>\n<td>F_Moose Cow 1<\/td>\n<td>263<\/td>\n<\/tr>\n<tr>\n<td>184<\/td>\n<td>F_Moose OOH-WAH<\/td>\n<td>262<\/td>\n<\/tr>\n<tr>\n<td>185<\/td>\n<td>F_Moose Rattling<\/td>\n<td>264<\/td>\n<\/tr>\n<tr>\n<td>186<\/td>\n<td>F_Moose Thrashing<\/td>\n<td>190<\/td>\n<\/tr>\n<tr>\n<td>187<\/td>\n<td>F_Moose Urinating<\/td>\n<td>192<\/td>\n<\/tr>\n<tr>\n<td>188<\/td>\n<td>Rattle<\/td>\n<td>421<\/td>\n<\/tr>\n<tr>\n<td>189<\/td>\n<td>Rutting Buck<\/td>\n<td>418<\/td>\n<\/tr>\n<tr>\n<td>190<\/td>\n<td>Snort Wheeze 2<\/td>\n<td>420<\/td>\n<\/tr>\n<tr>\n<td>191<\/td>\n<td>Snort Wheeze<\/td>\n<td>419<\/td>\n<\/tr>\n<tr>\n<td>192<\/td>\n<td>F_Tending Grunt<\/td>\n<td>204<\/td>\n<\/tr>\n<tr>\n<td>193<\/td>\n<td>The Chase<\/td>\n<td>422<\/td>\n<\/tr>\n<tr>\n<td>194<\/td>\n<td>Young Buck Grunts<\/td>\n<td>417<\/td>\n<\/tr>\n<tr>\n<td>195<\/td>\n<td>MM Breeding Sequence<\/td>\n<td>579<\/td>\n<\/tr>\n<tr>\n<td>196<\/td>\n<td>MM Buck Grunting<\/td>\n<td>580<\/td>\n<\/tr>\n<tr>\n<td>197<\/td>\n<td>MM Doe Bleats<\/td>\n<td>581<\/td>\n<\/tr>\n<tr>\n<td>198<\/td>\n<td>MM Frustrated Buck<\/td>\n<td>582<\/td>\n<\/tr>\n<tr>\n<td>199<\/td>\n<td>MM Mat Buck Grunts<\/td>\n<td>583<\/td>\n<\/tr>\n<tr>\n<td>200<\/td>\n<td>F_MM Baby Raccoon Distress<\/td>\n<td>561<\/td>\n<\/tr>\n<tr>\n<td>201<\/td>\n<td>F_MM Raccoon Fight<\/td>\n<td>562<\/td>\n<\/tr>\n<tr>\n<td>202<\/td>\n<td>F_MM Lone Wolf<\/td>\n<td>550<\/td>\n<\/tr>\n<tr>\n<td>203<\/td>\n<td>F_Crow+Owl Fight<\/td>\n<td>277<\/td>\n<\/tr>\n<tr>\n<td>204<\/td>\n<td>F_MM Crow Distress<\/td>\n<td>572<\/td>\n<\/tr>\n<tr>\n<td>205<\/td>\n<td>F_MM Crows<\/td>\n<td>573<\/td>\n<\/tr>\n<tr>\n<td>206<\/td>\n<td>F_Ugly Crow<\/td>\n<td>273<\/td>\n<\/tr>\n<tr>\n<td>207<\/td>\n<td>F_Barred Owl<\/td>\n<td>282<\/td>\n<\/tr>\n<tr>\n<td>208<\/td>\n<td>F_Excited Hen Yelps<\/td>\n<td>450<\/td>\n<\/tr>\n<tr>\n<td>209<\/td>\n<td>F_Fighting Purrs<\/td>\n<td>455<\/td>\n<\/tr>\n<tr>\n<td>210<\/td>\n<td>F_Flydown Cackle<\/td>\n<td>288<\/td>\n<\/tr>\n<tr>\n<td>211<\/td>\n<td>F_KEE KEE<\/td>\n<td>287<\/td>\n<\/tr>\n<tr>\n<td>212<\/td>\n<td>F_Lost Hen<\/td>\n<td>286<\/td>\n<\/tr>\n<tr>\n<td>213<\/td>\n<td>F_Raspy Hen Yelps<\/td>\n<td>452<\/td>\n<\/tr>\n<tr>\n<td>214<\/td>\n<td>F_Tree Yelps<\/td>\n<td>453<\/td>\n<\/tr>\n<tr>\n<td>215<\/td>\n<td>F_Turkey Cuts<\/td>\n<td>454<\/td>\n<\/tr>\n<tr>\n<td>216<\/td>\n<td>F_Turkey Purrs<\/td>\n<td>289<\/td>\n<\/tr>\n<tr>\n<td>217<\/td>\n<td>F_Young Hen Yelps<\/td>\n<td>451<\/td>\n<\/tr>\n<tr>\n<td>218<\/td>\n<td>F_Blue Winged Teal<\/td>\n<td>140<\/td>\n<\/tr>\n<tr>\n<td>219<\/td>\n<td>F_Canada Geese Large Flock<\/td>\n<td>132<\/td>\n<\/tr>\n<tr>\n<td>220<\/td>\n<td>F_Can Gse Cmbck 1<\/td>\n<td>304<\/td>\n<\/tr>\n<tr>\n<td>221<\/td>\n<td>F_Can Gse Cmbck 2<\/td>\n<td>305<\/td>\n<\/tr>\n<tr>\n<td>222<\/td>\n<td>F_Can Gse Cmbck 3<\/td>\n<td>306<\/td>\n<\/tr>\n<tr>\n<td>223<\/td>\n<td>F_Can Gse Lydwn 1<\/td>\n<td>309<\/td>\n<\/tr>\n<tr>\n<td>224<\/td>\n<td>F_Can Gse Lydwn 2<\/td>\n<td>310<\/td>\n<\/tr>\n<tr>\n<td>225<\/td>\n<td>F_Can Gse Lydwn 3<\/td>\n<td>312<\/td>\n<\/tr>\n<tr>\n<td>226<\/td>\n<td>F_Can Gse Lydwn 4<\/td>\n<td>313<\/td>\n<\/tr>\n<tr>\n<td>227<\/td>\n<td>F_Gadwall<\/td>\n<td>141<\/td>\n<\/tr>\n<tr>\n<td>228<\/td>\n<td>F_Green Wing Teal<\/td>\n<td>315<\/td>\n<\/tr>\n<tr>\n<td>229<\/td>\n<td>F_Mallard Chatter<\/td>\n<td>142<\/td>\n<\/tr>\n<tr>\n<td>230<\/td>\n<td>F_Mallard Comeback<\/td>\n<td>143<\/td>\n<\/tr>\n<tr>\n<td>231<\/td>\n<td>F_Mallard Drake<\/td>\n<td>144<\/td>\n<\/tr>\n<tr>\n<td>232<\/td>\n<td>F_Mallard Feed Call<\/td>\n<td>145<\/td>\n<\/tr>\n<tr>\n<td>233<\/td>\n<td>F_Mallard Greeting<\/td>\n<td>146<\/td>\n<\/tr>\n<tr>\n<td>234<\/td>\n<td>F_Pinteal Whistle<\/td>\n<td>314<\/td>\n<\/tr>\n<tr>\n<td>235<\/td>\n<td>F_Snow Goose Dbl<\/td>\n<td>303<\/td>\n<\/tr>\n<tr>\n<td>236<\/td>\n<td>F_Snow Goose Hail<\/td>\n<td>302<\/td>\n<\/tr>\n<tr>\n<td>237<\/td>\n<td>F_Snow Goose Single<\/td>\n<td>299<\/td>\n<\/tr>\n<tr>\n<td>238<\/td>\n<td>F_Snow Gs Lrg Flock<\/td>\n<td>301<\/td>\n<\/tr>\n<tr>\n<td>239<\/td>\n<td>F_Snw Goose Sml Flk<\/td>\n<td>147<\/td>\n<\/tr>\n<tr>\n<td>240<\/td>\n<td>F_Spckl Belly Clkng<\/td>\n<td>148<\/td>\n<\/tr>\n<tr>\n<td>241<\/td>\n<td>F_Spckle Bel Cmbck<\/td>\n<td>317<\/td>\n<\/tr>\n<tr>\n<td>242<\/td>\n<td>F_Spckle Bel Greet<\/td>\n<td>318<\/td>\n<\/tr>\n<tr>\n<td>243<\/td>\n<td>F_Widgeon<\/td>\n<td>316<\/td>\n<\/tr>\n<tr>\n<td>244<\/td>\n<td>F_Wood Duck Squeal<\/td>\n<td>149<\/td>\n<\/tr>\n<tr>\n<td>245<\/td>\n<td>F_Wood Duck Whine<\/td>\n<td>150<\/td>\n<\/tr>\n<tr>\n<td>246<\/td>\n<td>Hilfe<\/td>\n<td>PS1<\/td>\n<\/tr>\n<\/tbody>\n<\/table>\n","protected":false},"excerpt":{"rendered":"<p>Das FOXPRO X24 ist ein leistungsstarkes und kompaktes Ger\u00e4t, das \u00fcber einen positionierbaren Xtreme High Definition (XHD) Lautsprecher verf\u00fcgt. Der XHD-Lautsprecher ist ein Hornlautsprecher mit einem zus\u00e4tzlichen Hocht\u00f6ner f\u00fcr verbesserte Frequenzwiedergabe. Das XHD-Lautsprechersystem erm\u00f6glicht extreme Lautst\u00e4rkekapazit\u00e4ten und realistische Klangklarheit. Der Griff des X24 l\u00e4sst sich zu einem positionierbaren St\u00e4nder ausklappen, um Erh\u00f6hung \u00fcber verschiedene Terrains [&#8230;]\n","protected":false},"featured_media":264762,"comment_status":"open","ping_status":"closed","template":"","meta":[],"product_brand":[],"product_cat":[2855,1401],"product_tag":[],"class_list":{"0":"post-280716","1":"product","2":"type-product","3":"status-publish","4":"has-post-thumbnail","6":"product_cat-elektroniska-lockjakter","7":"product_cat-elektronische-locker","8":"product_shipping_class-medium-de","10":"first","11":"onbackorder","12":"taxable","13":"shipping-taxable","14":"purchasable","15":"product-type-simple"},"composite_virtual":false,"composite_layout":"","composite_add_to_cart_form_location":"","composite_editable_in_cart":false,"composite_sold_individually_context":"","composite_shop_price_calc":"","composite_components":[],"composite_scenarios":[],"group_of_quantity":0,"min_quantity":0,"max_quantity":"","exclude_order_quantity_value_rules":"no","exclude_category_quantity_rules":"no","combine_variations":"no","exclude_global_add_ons":[],"addons":[],"_links":{"self":[{"href":"https:\/\/www.huntersfriend.eu\/de\/wp-json\/wp\/v2\/product\/280716","targetHints":{"allow":["GET"]}}],"collection":[{"href":"https:\/\/www.huntersfriend.eu\/de\/wp-json\/wp\/v2\/product"}],"about":[{"href":"https:\/\/www.huntersfriend.eu\/de\/wp-json\/wp\/v2\/types\/product"}],"replies":[{"embeddable":true,"href":"https:\/\/www.huntersfriend.eu\/de\/wp-json\/wp\/v2\/comments?post=280716"}],"wp:featuredmedia":[{"embeddable":true,"href":"https:\/\/www.huntersfriend.eu\/de\/wp-json\/wp\/v2\/media\/264762"}],"wp:attachment":[{"href":"https:\/\/www.huntersfriend.eu\/de\/wp-json\/wp\/v2\/media?parent=280716"}],"wp:term":[{"taxonomy":"product_brand","embeddable":true,"href":"https:\/\/www.huntersfriend.eu\/de\/wp-json\/wp\/v2\/product_brand?post=280716"},{"taxonomy":"product_cat","embeddable":true,"href":"https:\/\/www.huntersfriend.eu\/de\/wp-json\/wp\/v2\/product_cat?post=280716"},{"taxonomy":"product_tag","embeddable":true,"href":"https:\/\/www.huntersfriend.eu\/de\/wp-json\/wp\/v2\/product_tag?post=280716"}],"curies":[{"name":"wp","href":"https:\/\/api.w.org\/{rel}","templated":true}]}}