{"id":280714,"date":"2024-02-05T13:43:48","date_gmt":"2024-02-05T11:43:48","guid":{"rendered":"https:\/\/www.huntersfriend.eu\/product\/hha-tetra-ryz-x3-visier\/"},"modified":"2025-10-30T11:53:19","modified_gmt":"2025-10-30T09:53:19","slug":"hha-tetra-ryz-x3-visier","status":"publish","type":"product","link":"https:\/\/www.huntersfriend.eu\/de\/produkt\/hha-tetra-ryz-x3-visier\/","title":{"rendered":"HHA Tetra RYZ X3 Visier"},"content":{"rendered":"<p>Aufbauend auf unserem meistverkauften Visier, dem Tetra RYZ, verf\u00fcgt das X3 \u00fcber unsere fortschrittlichste Mehrfachpin-Technologie bis dato. Triple Point\u2122 erm\u00f6glicht Ihnen<br \/>\nh\u00f6chste Flexibilit\u00e4t bei der Einstellung aller 3 Pins und Indikatoren genau dort, wo Sie sie haben m\u00f6chten. Triple Point\u2122 bietet Ihnen ultimative Vielseitigkeit bei der Einstellung<br \/>\nsowohl Ihrer Pins als auch Indikatoren exakt an der gew\u00fcnschten Position und erm\u00f6glicht es Ihnen, stets \u00fcber 3 bewegliche Pins zu verf\u00fcgen.  <\/p>\n<ul class=\"acf-repeater-list\">\n<li class=\"acf-repeater-list__item\">Mechanisches Rheostat zur Helligkeitsregelung der Glasfaser<\/li>\n<li class=\"acf-repeater-list__item\">Triple Point\u2122 Technologie ordnet jedem Pin seinen eigenen Indikator zu<\/li>\n<li class=\"acf-repeater-list__item\">Visierring mit integrierter Wasserwaage<\/li>\n<li class=\"acf-repeater-list__item\">Yardgenaue Pr\u00e4zision mit einer schnellen Drehung des Rads. Jetzt mit den l\u00e4ngsten Messb\u00e4ndern, die wir je entwickelt haben <\/li>\n<li class=\"acf-repeater-list__item\">Stufenloses H\u00f6henverstellungssystem<\/li>\n<li class=\"acf-repeater-list__item\">Alle Visiere der Tetra-Serie verf\u00fcgen \u00fcber eine Infinite Adjust Platte, die eine unabh\u00e4ngige H\u00f6hen- und 2. Achseneinstellung erm\u00f6glicht<\/li>\n<\/ul>\n<div class=\"elementor-element elementor-element-8bf1893 elementor-widget elementor-widget-heading\" data-id=\"8bf1893\" data-element_type=\"widget\" data-widget_type=\"heading.default\">\n<div class=\"elementor-widget-container\">\n<h2 class=\"elementor-heading-title elementor-size-default\">IM LIEFERUMFANG ENTHALTEN<\/h2>\n<\/div>\n<\/div>\n<div class=\"elementor-element elementor-element-6f11581 elementor-widget__width-auto elementor-widget elementor-widget-acf-repeater-list\" data-id=\"6f11581\" data-element_type=\"widget\" data-widget_type=\"acf-repeater-list.default\">\n<div class=\"elementor-widget-container\">\n<div class=\"acf-repeater-list-grid\">\n<ul class=\"acf-repeater-list\">\n<li class=\"acf-repeater-list__item\">Tetra RYZ X3 Visier<\/li>\n<li class=\"acf-repeater-list__item\">Montagematerial<\/li>\n<li class=\"acf-repeater-list__item\">Anweisungen<\/li>\n<li class=\"acf-repeater-list__item\">HHA Aufkleber<\/li>\n<\/ul>\n<\/div>\n<\/div>\n<\/div>\n","protected":false},"excerpt":{"rendered":"<p>Aufbauend auf unserem meistverkauften Visier, dem Tetra RYZ, verf\u00fcgt das X3 \u00fcber unsere fortschrittlichste Mehrfachpin-Technologie bis dato. Triple Point\u2122 erm\u00f6glicht Ihnen h\u00f6chste Flexibilit\u00e4t bei der Einstellung aller 3 Pins und Indikatoren genau dort, wo Sie sie haben m\u00f6chten. Triple Point\u2122 bietet Ihnen ultimative Vielseitigkeit bei der Einstellung sowohl Ihrer Pins als auch Indikatoren exakt an [&#8230;]\n","protected":false},"featured_media":263413,"comment_status":"open","ping_status":"closed","template":"","meta":[],"product_brand":[],"product_cat":[1145],"product_tag":[],"class_list":{"0":"post-280714","1":"product","2":"type-product","3":"status-publish","4":"has-post-thumbnail","6":"product_cat-sonstiges","8":"first","9":"outofstock","10":"taxable","11":"shipping-taxable","12":"product-type-simple"},"composite_virtual":false,"composite_layout":"","composite_add_to_cart_form_location":"","composite_editable_in_cart":false,"composite_sold_individually_context":"","composite_shop_price_calc":"","composite_components":[],"composite_scenarios":[],"group_of_quantity":0,"min_quantity":0,"max_quantity":"","exclude_order_quantity_value_rules":"no","exclude_category_quantity_rules":"no","combine_variations":"no","exclude_global_add_ons":[],"addons":[],"_links":{"self":[{"href":"https:\/\/www.huntersfriend.eu\/de\/wp-json\/wp\/v2\/product\/280714","targetHints":{"allow":["GET"]}}],"collection":[{"href":"https:\/\/www.huntersfriend.eu\/de\/wp-json\/wp\/v2\/product"}],"about":[{"href":"https:\/\/www.huntersfriend.eu\/de\/wp-json\/wp\/v2\/types\/product"}],"replies":[{"embeddable":true,"href":"https:\/\/www.huntersfriend.eu\/de\/wp-json\/wp\/v2\/comments?post=280714"}],"wp:featuredmedia":[{"embeddable":true,"href":"https:\/\/www.huntersfriend.eu\/de\/wp-json\/wp\/v2\/media\/263413"}],"wp:attachment":[{"href":"https:\/\/www.huntersfriend.eu\/de\/wp-json\/wp\/v2\/media?parent=280714"}],"wp:term":[{"taxonomy":"product_brand","embeddable":true,"href":"https:\/\/www.huntersfriend.eu\/de\/wp-json\/wp\/v2\/product_brand?post=280714"},{"taxonomy":"product_cat","embeddable":true,"href":"https:\/\/www.huntersfriend.eu\/de\/wp-json\/wp\/v2\/product_cat?post=280714"},{"taxonomy":"product_tag","embeddable":true,"href":"https:\/\/www.huntersfriend.eu\/de\/wp-json\/wp\/v2\/product_tag?post=280714"}],"curies":[{"name":"wp","href":"https:\/\/api.w.org\/{rel}","templated":true}]}}