{"id":280708,"date":"2024-02-01T11:43:12","date_gmt":"2025-06-23T07:56:14","guid":{"rendered":"https:\/\/www.huntersfriend.eu\/product\/diamond-edge-xt-kit-massgeschneiderter-bogen\/"},"modified":"2025-06-23T09:56:14","modified_gmt":"2025-06-23T07:56:14","slug":"diamond-edge-xt-kit-massgeschneiderter-bogen","status":"publish","type":"product","link":"https:\/\/www.huntersfriend.eu\/de\/produkt\/diamond-edge-xt-kit-massgeschneiderter-bogen\/","title":{"rendered":"Diamond Edge XT-Kit Ma\u00dfgeschneiderter Bogen"},"content":{"rendered":"<p style=\"text-align: left;\" align=\"center\"><span data-text-color=\"alert\"><strong>Bitte \u00fcberpr\u00fcfen Sie unsere Diamond Edge XT Lagerbestandsseite, um zu sehen, ob wir den Bogen vorr\u00e4tig haben, bevor Sie hier bestellen. Sie k\u00f6nnen uns auch direkt kontaktieren, um weitere Informationen \u00fcber Verf\u00fcgbarkeit und Lieferzeiten zu erhalten. <\/strong><\/span><\/p>\n<h3>Wir pr\u00e4sentieren den Edge XT, echte Premium-Leistung ohne den Premium-Preis. Modernste Innovationen finden sich in jedem von uns produzierten Bogen, und dieser beeindruckend aussehende Bogen macht da keine Ausnahme. Mit 50 Pfund Zuggewicht und 23 Zoll Zugl\u00e4ngenverstellbarkeit kann nahezu jeder Bogensch\u00fctze von den Vorteilen profitieren, die nur der Edge XT bietet. Das strategisch konstruierte K\u00e4figriser und das Quad-Limb-Design sorgen f\u00fcr ultimative Stabilit\u00e4t und erstklassige Pr\u00e4zision, die kein anderer Bogen in dieser Preisklasse bieten kann. Zudem ist er vollst\u00e4ndig ausgestattet, damit Sie in wenigen Minuten schie\u00dfbereit sind.    <\/h3>\n<h3>Das RAK-Paket beinhaltet<\/h3>\n<ul>\n<li>Bogen<\/li>\n<li data-title=\"Octane Furnace 4-Arrow Quiver\" data-desc=\"An ultra-durable, quick-detachable quiver. This quiver locks in nearly any size arrow and broadhead combination.\" data-price=\"19.99\" data-thumbnail=\"https:\/\/diamondarchery.com\/app\/uploads\/2021\/01\/Furnace-quiver-500.png\">Octane furnace 4-Pfeil-K\u00f6cher<\/li>\n<li data-title=\"3 Pin Sight\" data-desc=\"A durable and lightweight 3 pin sight.\" data-price=\"\" data-thumbnail=\"https:\/\/diamondarchery.com\/app\/uploads\/2020\/06\/Stryker-3Pin-sight-1000.png\"><i class=\"fas fa-info-circle\" aria-hidden=\"true\"><\/i>3-Pin-Visier<\/li>\n<li data-title=\"5 Inch Stabilizer\" data-desc=\"A 5 in. stabilizer that reduces sound and vibration while increasing accuracy.\" data-price=\"\" data-thumbnail=\"https:\/\/diamondarchery.com\/app\/uploads\/2020\/06\/Boost-stabilizer-1000.png\"><i class=\"fas fa-info-circle\" aria-hidden=\"true\"><\/i>5-Zoll-Stabilisator<\/li>\n<li data-title=\"Brush Rest\" data-desc=\"A full capture arrow rest that features easy arrow loading and allows for any size or type of arrow.\" data-price=\"\" data-thumbnail=\"https:\/\/diamondarchery.com\/app\/uploads\/2020\/06\/Octagon-rest-1000.png\"><i class=\"fas fa-info-circle\" aria-hidden=\"true\"><\/i>Auflageb\u00fcrste<\/li>\n<li data-title=\"Diamond Wrist Strap\" data-desc=\"A durable nylon sling that prohibits dropping the bow while shooting.\" data-price=\"\" data-thumbnail=\"https:\/\/diamondarchery.com\/app\/uploads\/2020\/06\/wrist-strap-1000.png\"><i class=\"fas fa-info-circle\" aria-hidden=\"true\"><\/i>Diamond Handschlaufe<\/li>\n<li data-title=\"3 Strand Peep\" data-desc=\"Keeps peep centered no matter string position.\" data-price=\"8.99\" data-thumbnail=\"https:\/\/diamondarchery.com\/app\/uploads\/2021\/01\/Peep-3Groove-500B.png\"><i class=\"fas fa-info-circle\" aria-hidden=\"true\"><\/i>Peep-Sight<\/li>\n<\/ul>\n<p><em>Bitte beachten Sie, dass Werkspakete, unabh\u00e4ngig vom Hersteller, weder eingestellt noch schussbereit aus der Verpackung kommen.<\/em><\/p>\n<div>\n<h6>BEEINDRUCKENDES AUSSEHEN, BEEINDRUCKENDE VIELSEITIGKEIT, BEEINDRUCKENDER PREIS<\/h6>\n<ul>\n<li>Ein strategisch konzipiertes, verkapseltes Mittelteil erh\u00f6ht die Stabilit\u00e4t und Genauigkeit.<\/li>\n<li>Das Quad-Limb-Design erh\u00f6ht die Stabilit\u00e4t bei vollem Auszug f\u00fcr eine konsistente Schuss-zu-Schuss-Genauigkeit.<\/li>\n<li>Keine separaten Module oder Nocken erforderlich, DIY Zugl\u00e4ngeneinstellungen in Minuten.<\/li>\n<li>50 Pfund Zuggewicht und 12,5 Zoll Zugl\u00e4ngenverstellung.<\/li>\n<li>Eingeschr\u00e4nkte lebenslange Garantie.<\/li>\n<\/ul>\n<\/div>\n<div>\n<ul class=\"grid-x\">\n<li class=\"spec-wrapper small-12 medium-6\">\n<div class=\"spec__content\"><span class=\"spec__title\">GESAMTGEWICHT <\/span><span class=\"spec__value\">3,7 LBS<\/span><\/div>\n<p>Leichtere B\u00f6gen k\u00f6nnen hervorragend f\u00fcr die Mobilit\u00e4t sein, w\u00e4hrend das Hinzuf\u00fcgen von Gewicht oder D\u00e4mpfern Vibrationen praktisch eliminieren kann.<\/li>\n<li class=\"spec-wrapper small-12 medium-6\">\n<div class=\"spec__content\"><span class=\"spec__title\">ZUGL\u00c4NGE <\/span><span class=\"spec__value\">19 \u201e- 31\u201c<\/span><\/div>\n<p>Compoundb\u00f6gen verf\u00fcgen \u00fcber einen einstellbaren Auszugsl\u00e4ngenbereich und sollten auf Ihre individuelle K\u00f6rpergr\u00f6\u00dfe und -form eingestellt werden.<\/li>\n<li class=\"spec-wrapper small-12 medium-6\">\n<div class=\"spec__content\"><span class=\"spec__title\">ZUGGEWICHT <\/span><span class=\"spec__value\">20 &#8211; 70 LBS<\/span><\/div>\n<p>Maximale Zuggewichte k\u00f6nnen in der Regel um 10 Pfund reduziert werden. Dies erm\u00f6glicht komfortable Auszugszyklen f\u00fcr jeden bei gleichzeitiger Maximierung der Energie. <\/li>\n<li class=\"spec-wrapper small-12 medium-6\">\n<div class=\"spec__content\"><span class=\"spec__title\">GESCHWINDIGKEIT <\/span><span class=\"spec__value\">300 FPS<\/span><\/div>\n<p>Die durchschnittlichen Bogengeschwindigkeiten von heute bieten mehr Vergebung beim Schuss als je zuvor. Schnellere B\u00f6gen k\u00f6nnen mehr Energie auf gro\u00dfe Entfernungen liefern. <\/li>\n<li class=\"spec-wrapper small-12 medium-6\">\n<div class=\"spec__content\"><span class=\"spec__title\">ACHSABSTAND <\/span><span class=\"spec__value\">31&#8243;<\/span><\/div>\n<p>L\u00e4ngere B\u00f6gen k\u00f6nnen die Stabilit\u00e4t erh\u00f6hen, w\u00e4hrend k\u00fcrzere B\u00f6gen besser f\u00fcr Man\u00f6vrierf\u00e4higkeit und enge R\u00e4ume geeignet sein k\u00f6nnen.<\/li>\n<li class=\"spec-wrapper small-12 medium-6\">\n<div class=\"spec__content\"><span class=\"spec__title\">STANDH\u00d6HE <\/span><span class=\"spec__value\">6,75&#8243;<\/span><\/div>\n<p>Eine gr\u00f6\u00dfere Standh\u00f6he kann mehr Vergebung beim Schuss bieten, w\u00e4hrend eine k\u00fcrzere Standh\u00f6he einen schnellen Bogen noch schneller machen kann.<\/li>\n<\/ul>\n<\/div>\n<div><\/div>\n","protected":false},"excerpt":{"rendered":"<p>Bitte \u00fcberpr\u00fcfen Sie unsere Diamond Edge XT Lagerbestandsseite, um zu sehen, ob wir den Bogen vorr\u00e4tig haben, bevor Sie hier bestellen. Sie k\u00f6nnen uns auch direkt kontaktieren, um weitere Informationen \u00fcber Verf\u00fcgbarkeit und Lieferzeiten zu erhalten. Wir pr\u00e4sentieren den Edge XT, echte Premium-Leistung ohne den Premium-Preis. Modernste Innovationen finden sich in jedem von uns produzierten [&#8230;]\n","protected":false},"featured_media":263145,"comment_status":"open","ping_status":"closed","template":"","meta":[],"product_brand":[],"product_cat":[1238],"product_tag":[],"class_list":{"0":"post-280708","1":"product","2":"type-product","3":"status-publish","4":"has-post-thumbnail","6":"product_cat-compound-sets","7":"product_shipping_class-big-de","9":"first","10":"onbackorder","11":"taxable","12":"shipping-taxable","13":"purchasable","14":"product-type-simple"},"composite_virtual":false,"composite_layout":"","composite_add_to_cart_form_location":"","composite_editable_in_cart":false,"composite_sold_individually_context":"","composite_shop_price_calc":"","composite_components":[],"composite_scenarios":[],"group_of_quantity":0,"min_quantity":0,"max_quantity":"","exclude_order_quantity_value_rules":"no","exclude_category_quantity_rules":"no","combine_variations":"no","exclude_global_add_ons":false,"addons":[{"name":"Bogenhand","type":"multiple_choice","position":0,"required":true,"title_format":"label","default":"","description_enable":false,"description":null,"placeholder_enable":false,"placeholder":null,"display":"select","restrictions_type":"any_text","adjust_price":false,"price":"","price_type":"flat_fee","restrictions":false,"min":"0","max":"0","options":[{"label":"Rechte Hand","price":"","price_type":"flat_fee","image":0,"visibility":true},{"label":"Linke Hand","price":"","price_type":"flat_fee","image":0,"visibility":true}]},{"name":"Farbe","type":"multiple_choice","position":1,"required":true,"title_format":"label","default":"","description_enable":false,"description":null,"placeholder_enable":false,"placeholder":null,"display":"select","restrictions_type":"any_text","adjust_price":false,"price":"","price_type":"flat_fee","restrictions":false,"min":"0","max":"0","options":[{"label":"Schwarz","price":"","price_type":"flat_fee","image":0,"visibility":true},{"label":"Breakup Country Camouflage","price":"","price_type":"flat_fee","image":0,"visibility":true},{"label":"Gr\u00fcne Landwurzeln","price":"","price_type":"flat_fee","image":0,"visibility":true},{"label":"T\u00fcrkisfarbene Landwurzeln","price":"","price_type":"flat_fee","image":0,"visibility":true}]}],"_links":{"self":[{"href":"https:\/\/www.huntersfriend.eu\/de\/wp-json\/wp\/v2\/product\/280708","targetHints":{"allow":["GET"]}}],"collection":[{"href":"https:\/\/www.huntersfriend.eu\/de\/wp-json\/wp\/v2\/product"}],"about":[{"href":"https:\/\/www.huntersfriend.eu\/de\/wp-json\/wp\/v2\/types\/product"}],"replies":[{"embeddable":true,"href":"https:\/\/www.huntersfriend.eu\/de\/wp-json\/wp\/v2\/comments?post=280708"}],"wp:featuredmedia":[{"embeddable":true,"href":"https:\/\/www.huntersfriend.eu\/de\/wp-json\/wp\/v2\/media\/263145"}],"wp:attachment":[{"href":"https:\/\/www.huntersfriend.eu\/de\/wp-json\/wp\/v2\/media?parent=280708"}],"wp:term":[{"taxonomy":"product_brand","embeddable":true,"href":"https:\/\/www.huntersfriend.eu\/de\/wp-json\/wp\/v2\/product_brand?post=280708"},{"taxonomy":"product_cat","embeddable":true,"href":"https:\/\/www.huntersfriend.eu\/de\/wp-json\/wp\/v2\/product_cat?post=280708"},{"taxonomy":"product_tag","embeddable":true,"href":"https:\/\/www.huntersfriend.eu\/de\/wp-json\/wp\/v2\/product_tag?post=280708"}],"curies":[{"name":"wp","href":"https:\/\/api.w.org\/{rel}","templated":true}]}}