{"id":280707,"date":"2024-02-01T11:03:06","date_gmt":"2024-02-01T09:03:06","guid":{"rendered":"https:\/\/www.huntersfriend.eu\/product\/diamond-infinite-305-werkspaket-massgefertigter-bogen\/"},"modified":"2025-06-23T09:56:13","modified_gmt":"2025-06-23T07:56:13","slug":"diamond-infinite-305-werkspaket-massgefertigter-bogen","status":"publish","type":"product","link":"https:\/\/www.huntersfriend.eu\/de\/produkt\/diamond-infinite-305-werkspaket-massgefertigter-bogen\/","title":{"rendered":"Diamond Infinite 305 Werkspaket &#8211; Ma\u00dfgefertigter Bogen"},"content":{"rendered":"<p style=\"text-align: left;\" align=\"center\"><span data-text-color=\"alert\"><strong>Bitte \u00fcberpr\u00fcfen Sie unsere Diamond Infinite 305 Lagerbestandsseite, um zu sehen, ob wir den Bogen vorr\u00e4tig haben, bevor Sie hier bestellen. Sie k\u00f6nnen uns auch direkt kontaktieren, um weitere Informationen \u00fcber Verf\u00fcgbarkeit und Lieferzeiten zu erhalten. <\/strong><\/span><\/p>\n<h3>Das RAK-Paket beinhaltet<\/h3>\n<ul>\n<li>Bogen<\/li>\n<li>Octagon Brush Pfeilauflage<\/li>\n<li>Stryker3 Drei-Pin-Visier<\/li>\n<li>Boost-Stabilisator<\/li>\n<li>Furnace Bogenk\u00f6cher<\/li>\n<li>Peep-Visier und Handschlaufe.<\/li>\n<\/ul>\n<p><em>Bitte beachten Sie, dass Werkspakete, unabh\u00e4ngig vom Hersteller, weder eingestellt noch schussbereit aus der Verpackung kommen.<\/em><\/p>\n<div>\n<p>Beeindruckend! Sie haben den meistverkauften Infinite Edge Pro Bogen noch verbessert!! Maximale Leistung und einfache Verstellbarkeit, ganz zu schweigen von der beeindruckenden Optik. All das bietet der neue Infinite 305 zu einem unerwarteten Preisniveau. Konzipiert f\u00fcr jede Jagdsituation, in jeder Umgebung oder f\u00fcr den Freizeitgebrauch im Garten. Der enorme Auszugsl\u00e4ngenbereich von 30,48 cm und 28,58 kg Zuggewicht l\u00e4sst sich schnell und einfach ohne Bogenpresse einstellen. Mit dem Infinite 305 sind die M\u00f6glichkeiten grenzenlos.      <\/p>\n<h3>Spezifikationen<\/h3>\n<\/div>\n<div>\n<table style=\"height: 55px;\" width=\"1100\" align=\"\">\n<tbody>\n<tr>\n<td><strong>IBO-GESCHWINDIGKEIT<\/strong><br \/>\n305 fps<\/td>\n<td><strong>ACHSABSTAND<\/strong><br \/>\n81,28 cm<\/td>\n<td><strong>STANDH\u00d6HE<\/strong><br \/>\n18,42 cm<\/td>\n<td><strong>ZUGGEWICHTE<\/strong><br \/>\n3,18-31,75 kg<\/td>\n<td><strong>AUSZUGSL\u00c4NGEN<\/strong><br \/>\n48,26 \u201ebis 78,74 cm\u201c<\/td>\n<td><strong>LET-OFF<\/strong><br \/>\n77%<\/td>\n<td><strong>BOGENGEWICHT<\/strong><br \/>\n1,5 kg<\/td>\n<td><strong>OBERFL\u00c4CHE<\/strong><br \/>\nBreak-up Country, Schwarz oder Pink<\/td>\n<\/tr>\n<\/tbody>\n<\/table>\n<\/div>\n<div>Dieser Bogen ist durch die lebenslange Garantie von Diamond abgedeckt.<\/div>\n<div><\/div>\n","protected":false},"excerpt":{"rendered":"<p>Bitte \u00fcberpr\u00fcfen Sie unsere Diamond Infinite 305 Lagerbestandsseite, um zu sehen, ob wir den Bogen vorr\u00e4tig haben, bevor Sie hier bestellen. Sie k\u00f6nnen uns auch direkt kontaktieren, um weitere Informationen \u00fcber Verf\u00fcgbarkeit und Lieferzeiten zu erhalten. Das RAK-Paket beinhaltet Bogen Octagon Brush Pfeilauflage Stryker3 Drei-Pin-Visier Boost-Stabilisator Furnace Bogenk\u00f6cher Peep-Visier und Handschlaufe. Bitte beachten Sie, dass [&#8230;]\n","protected":false},"featured_media":250191,"comment_status":"open","ping_status":"closed","template":"","meta":[],"product_brand":[],"product_cat":[1145],"product_tag":[],"class_list":{"0":"post-280707","1":"product","2":"type-product","3":"status-publish","4":"has-post-thumbnail","6":"product_cat-sonstiges","7":"product_shipping_class-big-de","9":"first","10":"outofstock","11":"taxable","12":"shipping-taxable","13":"purchasable","14":"product-type-simple"},"composite_virtual":false,"composite_layout":"","composite_add_to_cart_form_location":"","composite_editable_in_cart":false,"composite_sold_individually_context":"","composite_shop_price_calc":"","composite_components":[],"composite_scenarios":[],"group_of_quantity":0,"min_quantity":0,"max_quantity":"","exclude_order_quantity_value_rules":"no","exclude_category_quantity_rules":"no","combine_variations":"no","exclude_global_add_ons":false,"addons":[{"name":"Bogenhand","type":"multiple_choice","position":0,"required":true,"title_format":"label","default":"","description_enable":false,"description":null,"placeholder_enable":false,"placeholder":null,"display":"select","restrictions_type":"any_text","adjust_price":false,"price":"","price_type":"flat_fee","restrictions":false,"min":"0","max":"0","options":[{"label":"Rechte Hand","price":"","price_type":"flat_fee","image":0,"visibility":true}],"id":1718015126},{"name":"Farbe","type":"multiple_choice","position":1,"required":true,"title_format":"label","default":"","description_enable":false,"description":null,"placeholder_enable":false,"placeholder":null,"display":"select","restrictions_type":"any_text","adjust_price":false,"price":"","price_type":"flat_fee","restrictions":false,"min":"0","max":"0","options":[{"label":"Schwarz","price":"","price_type":"flat_fee","image":0,"visibility":true},{"label":"Breakup Country Camouflage","price":"","price_type":"flat_fee","image":0,"visibility":true},{"label":"Gr\u00fcne Landwurzeln","price":"","price_type":"flat_fee","image":0,"visibility":true},{"label":"T\u00fcrkisfarbene Landwurzeln","price":"","price_type":"flat_fee","image":0,"visibility":true}],"id":1718015127}],"_links":{"self":[{"href":"https:\/\/www.huntersfriend.eu\/de\/wp-json\/wp\/v2\/product\/280707","targetHints":{"allow":["GET"]}}],"collection":[{"href":"https:\/\/www.huntersfriend.eu\/de\/wp-json\/wp\/v2\/product"}],"about":[{"href":"https:\/\/www.huntersfriend.eu\/de\/wp-json\/wp\/v2\/types\/product"}],"replies":[{"embeddable":true,"href":"https:\/\/www.huntersfriend.eu\/de\/wp-json\/wp\/v2\/comments?post=280707"}],"wp:featuredmedia":[{"embeddable":true,"href":"https:\/\/www.huntersfriend.eu\/de\/wp-json\/wp\/v2\/media\/250191"}],"wp:attachment":[{"href":"https:\/\/www.huntersfriend.eu\/de\/wp-json\/wp\/v2\/media?parent=280707"}],"wp:term":[{"taxonomy":"product_brand","embeddable":true,"href":"https:\/\/www.huntersfriend.eu\/de\/wp-json\/wp\/v2\/product_brand?post=280707"},{"taxonomy":"product_cat","embeddable":true,"href":"https:\/\/www.huntersfriend.eu\/de\/wp-json\/wp\/v2\/product_cat?post=280707"},{"taxonomy":"product_tag","embeddable":true,"href":"https:\/\/www.huntersfriend.eu\/de\/wp-json\/wp\/v2\/product_tag?post=280707"}],"curies":[{"name":"wp","href":"https:\/\/api.w.org\/{rel}","templated":true}]}}