{"id":280703,"date":"2024-02-05T14:11:19","date_gmt":"2025-06-23T07:55:37","guid":{"rendered":"https:\/\/www.huntersfriend.eu\/product\/vilu-heizunterlage-fuer-hunde\/"},"modified":"2026-03-26T13:44:24","modified_gmt":"2026-03-26T11:44:24","slug":"vilu-heizunterlage-fuer-hunde","status":"publish","type":"product","link":"https:\/\/www.huntersfriend.eu\/de\/produkt\/vilu-heizunterlage-fuer-hunde\/","title":{"rendered":"Vilu Heizunterlage f\u00fcr Hunde"},"content":{"rendered":"<p><span class=\"jCAhz ChMk0b\"><span class=\"ryNqvb\">Bieten Sie Ihrem Hund nach einem anstrengenden Arbeitstag einen angenehm warmen und komfortablen Ruheplatz.<\/span><\/span><\/p>\n<p><span class=\"jCAhz ChMk0b\"><span class=\"ryNqvb\">Die Vilu Heizunterlage ist ein vielseitiges Produkt finnischer Herstellung.<\/span><\/span> <span class=\"jCAhz ChMk0b\"><span class=\"ryNqvb\">In der Basis befinden sich drei Heizelemente, die eine gleichm\u00e4\u00dfige W\u00e4rmeverteilung \u00fcber die gesamte Fl\u00e4che gew\u00e4hrleisten.<\/span><\/span> <span class=\"jCAhz ChMk0b\"><span class=\"ryNqvb\">Die Plattform verf\u00fcgt \u00fcber einen USB-Anschluss, \u00fcber den sie mit einer Reservestromquelle oder einer anderen mit USB-Anschluss ausgestatteten Stromquelle verbunden werden kann.<\/span><\/span><\/p>\n<p><span class=\"jCAhz ChMk0b\"><span class=\"ryNqvb\">Die empfohlene Kapazit\u00e4t der Reservestromquelle betr\u00e4gt 10.000 mAh.<\/span><\/span> <span class=\"jCAhz ChMk0b\"><span class=\"ryNqvb\">Die Basis verf\u00fcgt \u00fcber 3 verschiedene Heizstufen und eine Zeitschaltuhr.<\/span><\/span> <span class=\"jCAhz ChMk0b\"><span class=\"ryNqvb\">Bei aktivierter Zeitschaltuhrfunktion heizt das Ger\u00e4t 30 Minuten lang, schaltet sich danach ab und beginnt nach weiteren 30 Minuten erneut.<\/span><\/span><\/p>\n<p><span class=\"jCAhz ChMk0b\"><span class=\"ryNqvb\">Mit einer 10.000 mAh Reservestromquelle kann je nach Heizleistung eine Heizzeit von ca. 6 Stunden erreicht werden. <\/span><\/span><\/p>\n<p><span class=\"jCAhz ChMk0b\"><span class=\"ryNqvb\">Vilu Heizunterlagen sind in drei verschiedenen Gr\u00f6\u00dfen erh\u00e4ltlich.<\/span><\/span> <span class=\"jCAhz ChMk0b\"><span class=\"ryNqvb\">S, M und L.<\/span><\/span><br \/>\n<span class=\"jCAhz ChMk0b\"><span class=\"ryNqvb\">Abmessungen:<\/span><\/span> <span class=\"jCAhz ChMk0b\"><span class=\"ryNqvb\">S: 55 x 45 cm<\/span><\/span> <span class=\"jCAhz ChMk0b\"><span class=\"ryNqvb\">M: 70 x 50 cm<\/span><\/span> <span class=\"jCAhz ChMk0b\"><span class=\"ryNqvb\">L: 90 x 65 cm<\/span><\/span><\/p>\n<p><span class=\"jCAhz ChMk0b\"><span class=\"ryNqvb\">Die Heizunterlage ist grau gef\u00e4rbt.<\/span><\/span> <span class=\"jCAhz ChMk0b\"><span class=\"ryNqvb\">Die Unterseite der Plattform besteht aus verschlei\u00dffestem und rutschsicherem Kunstleder, wodurch sie perfekt an Ort und Stelle bleibt.<\/span><\/span> <span class=\"jCAhz ChMk0b\"><span class=\"ryNqvb\">Der Au\u00dfenstoff ist hochwertiger und strapazierf\u00e4higer Teddystoff.<\/span><\/span> <span class=\"jCAhz ChMk0b\"><span class=\"ryNqvb\">Der Bezug der Unterlage ist abnehmbar und maschinenwaschbar.<\/span><\/span> <span class=\"jCAhz ChMk0b\"><span class=\"ryNqvb\">Der Lieferumfang umfasst eine Basis, ein Heizelement und einen Schutzschalter.<\/span><\/span><\/p>\n<p><span class=\"jCAhz ChMk0b\"><span class=\"ryNqvb\">Ein Reserveakku ist nicht im Lieferumfang enthalten.<\/span><\/span><\/p>\n","protected":false},"excerpt":{"rendered":"<p>Bieten Sie Ihrem Hund nach einem anstrengenden Arbeitstag einen angenehm warmen und komfortablen Ruheplatz. Die Vilu Heizunterlage ist ein vielseitiges Produkt finnischer Herstellung. In der Basis befinden sich drei Heizelemente, die eine gleichm\u00e4\u00dfige W\u00e4rmeverteilung \u00fcber die gesamte Fl\u00e4che gew\u00e4hrleisten. Die Plattform verf\u00fcgt \u00fcber einen USB-Anschluss, \u00fcber den sie mit einer Reservestromquelle oder einer anderen mit [&#8230;]\n","protected":false},"featured_media":263432,"comment_status":"open","ping_status":"closed","template":"","meta":[],"product_brand":[],"product_cat":[2050,1389,1171],"product_tag":[],"class_list":{"0":"post-280703","1":"product","2":"type-product","3":"status-publish","4":"has-post-thumbnail","6":"product_cat-campingzubehor","7":"product_cat-tarnschirme-fur-hunde","8":"product_cat-sitz-und-schirm-zubehoer","10":"first","11":"outofstock","12":"taxable","13":"shipping-taxable","14":"purchasable","15":"product-type-variable"},"composite_virtual":false,"composite_layout":"","composite_add_to_cart_form_location":"","composite_editable_in_cart":false,"composite_sold_individually_context":"","composite_shop_price_calc":"","composite_components":[],"composite_scenarios":[],"group_of_quantity":0,"min_quantity":0,"max_quantity":"","exclude_order_quantity_value_rules":"no","exclude_category_quantity_rules":"no","combine_variations":"no","exclude_global_add_ons":[],"addons":[],"_links":{"self":[{"href":"https:\/\/www.huntersfriend.eu\/de\/wp-json\/wp\/v2\/product\/280703","targetHints":{"allow":["GET"]}}],"collection":[{"href":"https:\/\/www.huntersfriend.eu\/de\/wp-json\/wp\/v2\/product"}],"about":[{"href":"https:\/\/www.huntersfriend.eu\/de\/wp-json\/wp\/v2\/types\/product"}],"replies":[{"embeddable":true,"href":"https:\/\/www.huntersfriend.eu\/de\/wp-json\/wp\/v2\/comments?post=280703"}],"wp:featuredmedia":[{"embeddable":true,"href":"https:\/\/www.huntersfriend.eu\/de\/wp-json\/wp\/v2\/media\/263432"}],"wp:attachment":[{"href":"https:\/\/www.huntersfriend.eu\/de\/wp-json\/wp\/v2\/media?parent=280703"}],"wp:term":[{"taxonomy":"product_brand","embeddable":true,"href":"https:\/\/www.huntersfriend.eu\/de\/wp-json\/wp\/v2\/product_brand?post=280703"},{"taxonomy":"product_cat","embeddable":true,"href":"https:\/\/www.huntersfriend.eu\/de\/wp-json\/wp\/v2\/product_cat?post=280703"},{"taxonomy":"product_tag","embeddable":true,"href":"https:\/\/www.huntersfriend.eu\/de\/wp-json\/wp\/v2\/product_tag?post=280703"}],"curies":[{"name":"wp","href":"https:\/\/api.w.org\/{rel}","templated":true}]}}