{"id":280702,"date":"2024-02-05T13:44:45","date_gmt":"2025-06-23T07:55:36","guid":{"rendered":"https:\/\/www.huntersfriend.eu\/product\/mausefalle-mit-wippmechanismus\/"},"modified":"2025-06-23T09:55:36","modified_gmt":"2025-06-23T07:55:36","slug":"mausefalle-mit-wippmechanismus","status":"publish","type":"product","link":"https:\/\/www.huntersfriend.eu\/de\/produkt\/mausefalle-mit-wippmechanismus\/","title":{"rendered":"Mausefalle mit Wippmechanismus"},"content":{"rendered":"<p>Die Lebendfangmausefalle ist eine bidirektionale Falle, was sie zu einem effektiven Ger\u00e4t f\u00fcr den Einsatz in Haus oder Feriendomizil macht. Ihr besonderes Merkmal ist die Funktionsweise, die durch einen wippen\u00e4hnlichen Mechanismus verhindert, dass vergiftete M\u00e4use aus der Falle entkommen k\u00f6nnen. Dies verhindert, dass das Gift von den M\u00e4usen in die Natur getragen wird.  <\/p>\n<p>Die Verwendung der Wippenmausefalle ist einfach und m\u00fchelos. Hier einige Hinweise zur Anwendung und Platzierung der Falle: <\/p>\n<ol>\n<li>Positionieren Sie die Falle nahe der Laufwege und Eintrittspunkte der M\u00e4use. Vermeiden Sie es, die Falle direktem Sonnenlicht auszusetzen. <\/li>\n<li>Platzieren Sie die Falle so, dass sie leicht zu \u00fcberpr\u00fcfen ist.<\/li>\n<li>Einfache Inspektion dank der transparenten Abdeckung.<\/li>\n<li>K\u00f6der und\/oder Gift werden im Inneren der Falle platziert.<\/li>\n<li>K\u00f6der-Tipp: Schokolade und Lakritze locken M\u00e4use an!<\/li>\n<\/ol>\n","protected":false},"excerpt":{"rendered":"<p>Die Lebendfangmausefalle ist eine bidirektionale Falle, was sie zu einem effektiven Ger\u00e4t f\u00fcr den Einsatz in Haus oder Feriendomizil macht. Ihr besonderes Merkmal ist die Funktionsweise, die durch einen wippen\u00e4hnlichen Mechanismus verhindert, dass vergiftete M\u00e4use aus der Falle entkommen k\u00f6nnen. Dies verhindert, dass das Gift von den M\u00e4usen in die Natur getragen wird. Die Verwendung [&#8230;]\n","protected":false},"featured_media":264638,"comment_status":"open","ping_status":"closed","template":"","meta":[],"product_brand":[],"product_cat":[1410],"product_tag":[],"class_list":{"0":"post-280702","1":"product","2":"type-product","3":"status-publish","4":"has-post-thumbnail","6":"product_cat-fallen-und-fallenzubehor","8":"first","9":"outofstock","10":"taxable","11":"shipping-taxable","12":"purchasable","13":"product-type-simple"},"composite_virtual":false,"composite_layout":"","composite_add_to_cart_form_location":"","composite_editable_in_cart":false,"composite_sold_individually_context":"","composite_shop_price_calc":"","composite_components":[],"composite_scenarios":[],"group_of_quantity":0,"min_quantity":0,"max_quantity":"","exclude_order_quantity_value_rules":"no","exclude_category_quantity_rules":"no","combine_variations":"no","exclude_global_add_ons":[],"addons":[],"_links":{"self":[{"href":"https:\/\/www.huntersfriend.eu\/de\/wp-json\/wp\/v2\/product\/280702","targetHints":{"allow":["GET"]}}],"collection":[{"href":"https:\/\/www.huntersfriend.eu\/de\/wp-json\/wp\/v2\/product"}],"about":[{"href":"https:\/\/www.huntersfriend.eu\/de\/wp-json\/wp\/v2\/types\/product"}],"replies":[{"embeddable":true,"href":"https:\/\/www.huntersfriend.eu\/de\/wp-json\/wp\/v2\/comments?post=280702"}],"wp:featuredmedia":[{"embeddable":true,"href":"https:\/\/www.huntersfriend.eu\/de\/wp-json\/wp\/v2\/media\/264638"}],"wp:attachment":[{"href":"https:\/\/www.huntersfriend.eu\/de\/wp-json\/wp\/v2\/media?parent=280702"}],"wp:term":[{"taxonomy":"product_brand","embeddable":true,"href":"https:\/\/www.huntersfriend.eu\/de\/wp-json\/wp\/v2\/product_brand?post=280702"},{"taxonomy":"product_cat","embeddable":true,"href":"https:\/\/www.huntersfriend.eu\/de\/wp-json\/wp\/v2\/product_cat?post=280702"},{"taxonomy":"product_tag","embeddable":true,"href":"https:\/\/www.huntersfriend.eu\/de\/wp-json\/wp\/v2\/product_tag?post=280702"}],"curies":[{"name":"wp","href":"https:\/\/api.w.org\/{rel}","templated":true}]}}